{"id":7227,"date":"2023-11-23T10:49:31","date_gmt":"2023-11-23T08:49:31","guid":{"rendered":"https:\/\/www.combiworks.com\/yritys\/digitaalinen-harppaus\/"},"modified":"2023-11-24T14:19:53","modified_gmt":"2023-11-24T12:19:53","slug":"digitaalinen-harppaus","status":"publish","type":"page","link":"https:\/\/www.combiworks.com\/fi\/yritys\/digitaalinen-harppaus\/","title":{"rendered":"Digitaalinen edell\u00e4k\u00e4vijyys"},"content":{"rendered":"<div class=\"gb-container gb-container-f71cc2eb\">\n<div class=\"gb-container gb-container-6ab5a7a1\">\n<div class=\"gb-container gb-container-72b2a8f0\">\n\n<div class=\"gb-headline gb-headline-1bb9b4d4 gb-headline-text\">Combi Works<\/div>\n\n\n\n<h1 class=\"gb-headline gb-headline-b55ed74e gb-headline-text\">Digitaalinen edell\u00e4k\u00e4vijyys<\/h1>\n\n<\/div>\n<\/div>\n<\/div><div class=\"gb-container gb-container-9f81318c\">\n<div class=\"gb-container gb-container-c5939ec5\"><\/div>\n\n<div class=\"gb-container gb-container-4683e319\"><\/div>\n\n<div class=\"gb-container gb-container-4d9371c4\"><\/div>\n<\/div><div class=\"gb-container gb-container-e67c6fcb\">\n<div class=\"gb-container gb-container-0fca720e\"><\/div>\n\n<div class=\"gb-container gb-container-9b4ebb97\"><\/div>\n\n<div class=\"gb-container gb-container-d250e16d\"><\/div>\n<\/div><div class=\"gb-container gb-container-aaf28159 alignfull\">\n<div class=\"gb-container gb-container-8004ae77\">\n\n<h2 class=\"gb-headline gb-headline-93081b9b gb-headline-text\">Airfaas-j\u00e4rjestelm\u00e4n hy\u00f6dynt\u00e4minen parannettujen valmistusratkaisujen kehitt\u00e4miseksi<\/h2>\n\n\n\n<p>Combi Worksissa otamme valmistuksen tulevaisuuden vastaan digitaalisen kumppanimme <a href=\"http:\/\/www.airfaas.com\">Airfaasin<\/a> kanssa. T\u00e4m\u00e4 tehokas j\u00e4rjestelm\u00e4 on palveluidemme ytimess\u00e4, ja se mullistaa tapamme hallita, skaalata ja j\u00e4ljitt\u00e4\u00e4 kaikkia valmistusprosessin osa-alueita. Vuodesta 2005 l\u00e4htien Combi Works on selviytynyt erilaisten asiakasvaatimusten ja tuotteiden monimutkaisuudesta. Matkamme johti meid\u00e4t ratkaisevaan oivallukseen: tarvitsimme toiminnassamme edistyksellist\u00e4 skaalautuvuutta ja j\u00e4ljitett\u00e4vyytt\u00e4.<\/p>\n\n\n\n<p>Skaalautuvuus ei ole meid\u00e4n n\u00e4k\u00f6kulmastamme vain useiden projektien k\u00e4sittely\u00e4, vaan my\u00f6s niiss\u00e4 loistamista. Airfaasin avulla voimme hallinnoida useiden asiakkaiden tuotantoa useissa tehtaissa tehokkaasti ja alhaisemmin kiintein kustannuksin. J\u00e4ljitett\u00e4vyydess\u00e4 taas on kyse tarkkuudesta ja luotettavuudesta. Airfaasin avulla l\u00f6yd\u00e4mme oikeat piirustukset, revisiot, tuoterakenteet ja tekniset tiedot ja varmistamme, ett\u00e4 kriittiset tiedot eiv\u00e4t katoa s\u00e4hk\u00f6postien tai henkil\u00f6kohtaisten tiedostojen sokkeloihin.<\/p>\n\n\n\n<p>T\u00e4m\u00e4 digitaalinen muutos varmistaa, ett\u00e4 emme vain s\u00e4ilyt\u00e4 tietoa, vaan teemme siit\u00e4 el\u00e4v\u00e4\u00e4 ja helposti l\u00f6ydett\u00e4v\u00e4\u00e4. Airfaas mahdollistaa luotettavuutemme ja tehokkuutemme, olipa kyse sitten BOM:ien tarkasta hallinnasta, kustannusten tehokkaasta vertailusta, laatuasioiden hallinnasta tai poikkeamien k\u00e4sittelyst\u00e4. Sen intuitiivinen k\u00e4ytt\u00f6liittym\u00e4 ja \u00e4lykk\u00e4\u00e4t toiminnot ovat olennainen osa missiotamme tehd\u00e4 valmistuksesta helppoa.<\/p>\n\n\n\n<p>Kun valitset Combi Worksin, et valitse vain palveluntarjoajaa vaan kumppanin, joka on digitaalisen valmistuksen huippuosaamisen eturintamassa. Sitoutumisemme digitaaliseen osaamiseen Airfaasin kautta tarkoittaa parempaa laatua, tarkempia toimitusaikoja ja palvelutasoa, joka asettaa alalle uudet standardit. Tervetuloa maailmaan, jossa valmistus kohtaa digitaalisen innovaation &#8211; tervetuloa Combi Worksiin.<\/p>\n\n\n\n<p>Combi Worksin projekti-insin\u00f6\u00f6risi ja -tiimisi on aina k\u00e4ytett\u00e4viss\u00e4si, jos tarvitset apua <a href=\"https:\/\/next.airfaas.com\/login?show=register\">ilmaisen k\u00e4ytt\u00e4j\u00e4tunnuksen<\/a> luomisessa ja p\u00e4\u00e4syn hakemisessa yritystilillesi Airfaasissa. <\/p>\n\n\n\n<p>Aloita yhteisty\u00f6 Combi Worksin kanssa jo t\u00e4n\u00e4\u00e4n. L\u00f6yd\u00e4t <a href=\"https:\/\/www.combiworks.com\/fi\/yritys\/yhteystiedot\/\">yhteystietomme t\u00e4\u00e4lt\u00e4<\/a>.<\/p>\n\n\n\n<p><strong>Tehdasyhteisty\u00f6kumppaneidemme yhteisty\u00f6n ja tehokkuuden parantamiseksi<\/strong><\/p>\n\n\n\n<p>T\u00e4rkeille tehtaillemme Airfaas on enemm\u00e4n kuin digitaalinen ty\u00f6kalu; se on portti parempaan yhteisty\u00f6h\u00f6n ja parempiin liiketoimintamahdollisuuksiin. T\u00e4m\u00e4n kehittyneen j\u00e4rjestelm\u00e4n avulla voimme kategorioida ja sovittaa tarjouspyynn\u00f6t ja tehtaat yhteen ja varmistaa, ett\u00e4 jokainen toimittaja saa kyselyit\u00e4, jotka vastaavat h\u00e4nen kykyj\u00e4\u00e4n ja vahvuuksiaan. Airfaasin avulla voimme kohdentaa sopivia tarjouspyynt\u00f6j\u00e4 toimittajillemme ja virtaviivaistaa projektien k\u00e4sittelyprosessia. T\u00e4m\u00e4 l\u00e4hestymistapa ei ainoastaan s\u00e4\u00e4st\u00e4 aikaa vaan my\u00f6s lis\u00e4\u00e4 hankkeiden onnistumisen mahdollisuuksia. J\u00e4rjestelm\u00e4n tiedonhallinnan ja selkeiden viestint\u00e4kanavien ansiosta toimittajat ovat aina ajan tasalla ja saavat helposti k\u00e4ytt\u00f6\u00f6ns\u00e4 piirustukset, spesifikaatiot ja projektivaatimukset. T\u00e4m\u00e4 johtaa tehokkaampaan tuotantosuunnitteluun, resurssien parempaan kohdentamiseen ja lopulta hedelm\u00e4llisemp\u00e4\u00e4n kumppanuuteen. Ottamalle k\u00e4ytt\u00f6\u00f6n Airfaasin, Combi Works vahvistaa sitoutumisensa vahvojen suhteiden luomiseen kumppaneidensa kanssa, mik\u00e4 takaa molemminpuolisen kasvun ja menestyksen valmistusmaailmassa.<\/p>\n\n<\/div>\n<\/div>","protected":false},"excerpt":{"rendered":"<p>Combi Works Digitaalinen edell\u00e4k\u00e4vijyys Airfaas-j\u00e4rjestelm\u00e4n hy\u00f6dynt\u00e4minen parannettujen valmistusratkaisujen kehitt\u00e4miseksi Combi Worksissa otamme valmistuksen tulevaisuuden vastaan digitaalisen kumppanimme Airfaasin kanssa. T\u00e4m\u00e4 tehokas j\u00e4rjestelm\u00e4 on palveluidemme ytimess\u00e4, ja se mullistaa tapamme hallita, skaalata ja j\u00e4ljitt\u00e4\u00e4 kaikkia valmistusprosessin osa-alueita. Vuodesta 2005 l\u00e4htien Combi Works on selviytynyt erilaisten asiakasvaatimusten ja tuotteiden monimutkaisuudesta. Matkamme johti meid\u00e4t ratkaisevaan oivallukseen: tarvitsimme toiminnassamme &#8230; <a title=\"Digitaalinen edell\u00e4k\u00e4vijyys\" class=\"read-more\" href=\"https:\/\/www.combiworks.com\/fi\/yritys\/digitaalinen-harppaus\/\" aria-label=\"Lue lis\u00e4\u00e4 aiheesta Digitaalinen edell\u00e4k\u00e4vijyys\">Lue lis\u00e4\u00e4<\/a><\/p>\n","protected":false},"author":4,"featured_media":4758,"parent":6065,"menu_order":84,"comment_status":"closed","ping_status":"closed","template":"","meta":{"_acf_changed":false,"inline_featured_image":false,"_kad_blocks_custom_css":"","_kad_blocks_head_custom_js":"","_kad_blocks_body_custom_js":"","_kad_blocks_footer_custom_js":"","footnotes":""},"categories":[],"class_list":["post-7227","page","type-page","status-publish","format-standard","has-post-thumbnail"],"acf":[],"yoast_head":"<!-- This site is optimized with the Yoast SEO plugin v25.5 - https:\/\/yoast.com\/wordpress\/plugins\/seo\/ -->\n<title>Digitaalinen edell\u00e4k\u00e4vijyys - Combi Works<\/title>\n<meta name=\"description\" content=\"Digitaalinen edell\u00e4k\u00e4vij\u00e4: Combi Worksissa otamme valmistuksen tulevaisuuden vastaan digitaalisen kumppanimme Airfaasin kanssa.\" \/>\n<meta name=\"robots\" content=\"index, follow, max-snippet:-1, max-image-preview:large, max-video-preview:-1\" \/>\n<link rel=\"canonical\" href=\"https:\/\/www.combiworks.com\/fi\/yritys\/digitaalinen-harppaus\/\" \/>\n<meta property=\"og:locale\" content=\"fi_FI\" \/>\n<meta property=\"og:type\" content=\"article\" \/>\n<meta property=\"og:title\" content=\"Digitaalinen edell\u00e4k\u00e4vijyys - Combi Works\" \/>\n<meta property=\"og:description\" content=\"Digitaalinen edell\u00e4k\u00e4vij\u00e4: Combi Worksissa otamme valmistuksen tulevaisuuden vastaan digitaalisen kumppanimme Airfaasin kanssa.\" \/>\n<meta property=\"og:url\" content=\"https:\/\/www.combiworks.com\/fi\/yritys\/digitaalinen-harppaus\/\" \/>\n<meta property=\"og:site_name\" content=\"Combi Works\" \/>\n<meta property=\"article:publisher\" content=\"https:\/\/www.facebook.com\/people\/Combi-Works\/100057440740208\/\" \/>\n<meta property=\"article:modified_time\" content=\"2023-11-24T12:19:53+00:00\" \/>\n<meta property=\"og:image\" content=\"https:\/\/www.combiworks.com\/wp-content\/uploads\/2023\/06\/Factory_01.jpg\" \/>\n\t<meta property=\"og:image:width\" content=\"1400\" \/>\n\t<meta property=\"og:image:height\" content=\"788\" \/>\n\t<meta property=\"og:image:type\" content=\"image\/jpeg\" \/>\n<meta name=\"twitter:card\" content=\"summary_large_image\" \/>\n<meta name=\"twitter:label1\" content=\"Arvioitu lukuaika\" \/>\n\t<meta name=\"twitter:data1\" content=\"2 minuuttia\" \/>\n<script type=\"application\/ld+json\" class=\"yoast-schema-graph\">{\"@context\":\"https:\/\/schema.org\",\"@graph\":[{\"@type\":\"WebPage\",\"@id\":\"https:\/\/www.combiworks.com\/fi\/yritys\/digitaalinen-harppaus\/\",\"url\":\"https:\/\/www.combiworks.com\/fi\/yritys\/digitaalinen-harppaus\/\",\"name\":\"Digitaalinen edell\u00e4k\u00e4vijyys - Combi Works\",\"isPartOf\":{\"@id\":\"https:\/\/www.combiworks.com\/fi\/#website\"},\"primaryImageOfPage\":{\"@id\":\"https:\/\/www.combiworks.com\/fi\/yritys\/digitaalinen-harppaus\/#primaryimage\"},\"image\":{\"@id\":\"https:\/\/www.combiworks.com\/fi\/yritys\/digitaalinen-harppaus\/#primaryimage\"},\"thumbnailUrl\":\"https:\/\/www.combiworks.com\/wp-content\/uploads\/2023\/06\/Factory_01.jpg\",\"datePublished\":\"2023-11-23T08:49:31+00:00\",\"dateModified\":\"2023-11-24T12:19:53+00:00\",\"description\":\"Digitaalinen edell\u00e4k\u00e4vij\u00e4: Combi Worksissa otamme valmistuksen tulevaisuuden vastaan digitaalisen kumppanimme Airfaasin kanssa.\",\"breadcrumb\":{\"@id\":\"https:\/\/www.combiworks.com\/fi\/yritys\/digitaalinen-harppaus\/#breadcrumb\"},\"inLanguage\":\"fi\",\"potentialAction\":[{\"@type\":\"ReadAction\",\"target\":[\"https:\/\/www.combiworks.com\/fi\/yritys\/digitaalinen-harppaus\/\"]}]},{\"@type\":\"ImageObject\",\"inLanguage\":\"fi\",\"@id\":\"https:\/\/www.combiworks.com\/fi\/yritys\/digitaalinen-harppaus\/#primaryimage\",\"url\":\"https:\/\/www.combiworks.com\/wp-content\/uploads\/2023\/06\/Factory_01.jpg\",\"contentUrl\":\"https:\/\/www.combiworks.com\/wp-content\/uploads\/2023\/06\/Factory_01.jpg\",\"width\":1400,\"height\":788,\"caption\":\"Industrial Engineer in Hard Hat Wearing Safety Jacket Walks Through Heavy Industry Manufacturing Factory with Various Metalworking Processes.\"},{\"@type\":\"BreadcrumbList\",\"@id\":\"https:\/\/www.combiworks.com\/fi\/yritys\/digitaalinen-harppaus\/#breadcrumb\",\"itemListElement\":[{\"@type\":\"ListItem\",\"position\":1,\"name\":\"Home\",\"item\":\"https:\/\/www.combiworks.com\/fi\/\"},{\"@type\":\"ListItem\",\"position\":2,\"name\":\"Yritys\",\"item\":\"https:\/\/www.combiworks.com\/fi\/yritys\/\"},{\"@type\":\"ListItem\",\"position\":3,\"name\":\"Digitaalinen edell\u00e4k\u00e4vijyys\"}]},{\"@type\":\"WebSite\",\"@id\":\"https:\/\/www.combiworks.com\/fi\/#website\",\"url\":\"https:\/\/www.combiworks.com\/fi\/\",\"name\":\"Combi Works\",\"description\":\"The industrial manufacturing company - working in machine building and infra sectors\",\"publisher\":{\"@id\":\"https:\/\/www.combiworks.com\/fi\/#organization\"},\"potentialAction\":[{\"@type\":\"SearchAction\",\"target\":{\"@type\":\"EntryPoint\",\"urlTemplate\":\"https:\/\/www.combiworks.com\/fi\/?s={search_term_string}\"},\"query-input\":{\"@type\":\"PropertyValueSpecification\",\"valueRequired\":true,\"valueName\":\"search_term_string\"}}],\"inLanguage\":\"fi\"},{\"@type\":\"Organization\",\"@id\":\"https:\/\/www.combiworks.com\/fi\/#organization\",\"name\":\"Combi Works\",\"url\":\"https:\/\/www.combiworks.com\/fi\/\",\"logo\":{\"@type\":\"ImageObject\",\"inLanguage\":\"fi\",\"@id\":\"https:\/\/www.combiworks.com\/fi\/#\/schema\/logo\/image\/\",\"url\":\"https:\/\/www.combiworks.com\/wp-content\/uploads\/2023\/09\/combi_works_logo_color-1.png\",\"contentUrl\":\"https:\/\/www.combiworks.com\/wp-content\/uploads\/2023\/09\/combi_works_logo_color-1.png\",\"width\":500,\"height\":500,\"caption\":\"Combi Works\"},\"image\":{\"@id\":\"https:\/\/www.combiworks.com\/fi\/#\/schema\/logo\/image\/\"},\"sameAs\":[\"https:\/\/www.facebook.com\/people\/Combi-Works\/100057440740208\/\",\"https:\/\/www.linkedin.com\/company\/nordic-cast-sourcing-ltd\"]}]}<\/script>\n<!-- \/ Yoast SEO plugin. -->","yoast_head_json":{"title":"Digitaalinen edell\u00e4k\u00e4vijyys - Combi Works","description":"Digitaalinen edell\u00e4k\u00e4vij\u00e4: Combi Worksissa otamme valmistuksen tulevaisuuden vastaan digitaalisen kumppanimme Airfaasin kanssa.","robots":{"index":"index","follow":"follow","max-snippet":"max-snippet:-1","max-image-preview":"max-image-preview:large","max-video-preview":"max-video-preview:-1"},"canonical":"https:\/\/www.combiworks.com\/fi\/yritys\/digitaalinen-harppaus\/","og_locale":"fi_FI","og_type":"article","og_title":"Digitaalinen edell\u00e4k\u00e4vijyys - Combi Works","og_description":"Digitaalinen edell\u00e4k\u00e4vij\u00e4: Combi Worksissa otamme valmistuksen tulevaisuuden vastaan digitaalisen kumppanimme Airfaasin kanssa.","og_url":"https:\/\/www.combiworks.com\/fi\/yritys\/digitaalinen-harppaus\/","og_site_name":"Combi Works","article_publisher":"https:\/\/www.facebook.com\/people\/Combi-Works\/100057440740208\/","article_modified_time":"2023-11-24T12:19:53+00:00","og_image":[{"width":1400,"height":788,"url":"https:\/\/www.combiworks.com\/wp-content\/uploads\/2023\/06\/Factory_01.jpg","type":"image\/jpeg"}],"twitter_card":"summary_large_image","twitter_misc":{"Arvioitu lukuaika":"2 minuuttia"},"schema":{"@context":"https:\/\/schema.org","@graph":[{"@type":"WebPage","@id":"https:\/\/www.combiworks.com\/fi\/yritys\/digitaalinen-harppaus\/","url":"https:\/\/www.combiworks.com\/fi\/yritys\/digitaalinen-harppaus\/","name":"Digitaalinen edell\u00e4k\u00e4vijyys - Combi Works","isPartOf":{"@id":"https:\/\/www.combiworks.com\/fi\/#website"},"primaryImageOfPage":{"@id":"https:\/\/www.combiworks.com\/fi\/yritys\/digitaalinen-harppaus\/#primaryimage"},"image":{"@id":"https:\/\/www.combiworks.com\/fi\/yritys\/digitaalinen-harppaus\/#primaryimage"},"thumbnailUrl":"https:\/\/www.combiworks.com\/wp-content\/uploads\/2023\/06\/Factory_01.jpg","datePublished":"2023-11-23T08:49:31+00:00","dateModified":"2023-11-24T12:19:53+00:00","description":"Digitaalinen edell\u00e4k\u00e4vij\u00e4: Combi Worksissa otamme valmistuksen tulevaisuuden vastaan digitaalisen kumppanimme Airfaasin kanssa.","breadcrumb":{"@id":"https:\/\/www.combiworks.com\/fi\/yritys\/digitaalinen-harppaus\/#breadcrumb"},"inLanguage":"fi","potentialAction":[{"@type":"ReadAction","target":["https:\/\/www.combiworks.com\/fi\/yritys\/digitaalinen-harppaus\/"]}]},{"@type":"ImageObject","inLanguage":"fi","@id":"https:\/\/www.combiworks.com\/fi\/yritys\/digitaalinen-harppaus\/#primaryimage","url":"https:\/\/www.combiworks.com\/wp-content\/uploads\/2023\/06\/Factory_01.jpg","contentUrl":"https:\/\/www.combiworks.com\/wp-content\/uploads\/2023\/06\/Factory_01.jpg","width":1400,"height":788,"caption":"Industrial Engineer in Hard Hat Wearing Safety Jacket Walks Through Heavy Industry Manufacturing Factory with Various Metalworking Processes."},{"@type":"BreadcrumbList","@id":"https:\/\/www.combiworks.com\/fi\/yritys\/digitaalinen-harppaus\/#breadcrumb","itemListElement":[{"@type":"ListItem","position":1,"name":"Home","item":"https:\/\/www.combiworks.com\/fi\/"},{"@type":"ListItem","position":2,"name":"Yritys","item":"https:\/\/www.combiworks.com\/fi\/yritys\/"},{"@type":"ListItem","position":3,"name":"Digitaalinen edell\u00e4k\u00e4vijyys"}]},{"@type":"WebSite","@id":"https:\/\/www.combiworks.com\/fi\/#website","url":"https:\/\/www.combiworks.com\/fi\/","name":"Combi Works","description":"The industrial manufacturing company - working in machine building and infra sectors","publisher":{"@id":"https:\/\/www.combiworks.com\/fi\/#organization"},"potentialAction":[{"@type":"SearchAction","target":{"@type":"EntryPoint","urlTemplate":"https:\/\/www.combiworks.com\/fi\/?s={search_term_string}"},"query-input":{"@type":"PropertyValueSpecification","valueRequired":true,"valueName":"search_term_string"}}],"inLanguage":"fi"},{"@type":"Organization","@id":"https:\/\/www.combiworks.com\/fi\/#organization","name":"Combi Works","url":"https:\/\/www.combiworks.com\/fi\/","logo":{"@type":"ImageObject","inLanguage":"fi","@id":"https:\/\/www.combiworks.com\/fi\/#\/schema\/logo\/image\/","url":"https:\/\/www.combiworks.com\/wp-content\/uploads\/2023\/09\/combi_works_logo_color-1.png","contentUrl":"https:\/\/www.combiworks.com\/wp-content\/uploads\/2023\/09\/combi_works_logo_color-1.png","width":500,"height":500,"caption":"Combi Works"},"image":{"@id":"https:\/\/www.combiworks.com\/fi\/#\/schema\/logo\/image\/"},"sameAs":["https:\/\/www.facebook.com\/people\/Combi-Works\/100057440740208\/","https:\/\/www.linkedin.com\/company\/nordic-cast-sourcing-ltd"]}]}},"taxonomy_info":[],"featured_image_src_large":["https:\/\/www.combiworks.com\/wp-content\/uploads\/2023\/06\/Factory_01-1024x576.jpg",1024,576,true],"author_info":{"display_name":"Edward Blomstedt","author_link":"https:\/\/www.combiworks.com\/fi\/author\/edward\/"},"comment_info":"","_links":{"self":[{"href":"https:\/\/www.combiworks.com\/fi\/wp-json\/wp\/v2\/pages\/7227","targetHints":{"allow":["GET"]}}],"collection":[{"href":"https:\/\/www.combiworks.com\/fi\/wp-json\/wp\/v2\/pages"}],"about":[{"href":"https:\/\/www.combiworks.com\/fi\/wp-json\/wp\/v2\/types\/page"}],"author":[{"embeddable":true,"href":"https:\/\/www.combiworks.com\/fi\/wp-json\/wp\/v2\/users\/4"}],"replies":[{"embeddable":true,"href":"https:\/\/www.combiworks.com\/fi\/wp-json\/wp\/v2\/comments?post=7227"}],"version-history":[{"count":0,"href":"https:\/\/www.combiworks.com\/fi\/wp-json\/wp\/v2\/pages\/7227\/revisions"}],"up":[{"embeddable":true,"href":"https:\/\/www.combiworks.com\/fi\/wp-json\/wp\/v2\/pages\/6065"}],"wp:featuredmedia":[{"embeddable":true,"href":"https:\/\/www.combiworks.com\/fi\/wp-json\/wp\/v2\/media\/4758"}],"wp:attachment":[{"href":"https:\/\/www.combiworks.com\/fi\/wp-json\/wp\/v2\/media?parent=7227"}],"wp:term":[{"taxonomy":"category","embeddable":true,"href":"https:\/\/www.combiworks.com\/fi\/wp-json\/wp\/v2\/categories?post=7227"}],"curies":[{"name":"wp","href":"https:\/\/api.w.org\/{rel}","templated":true}]}}