{"id":6288,"date":"2023-06-12T11:58:21","date_gmt":"2023-06-12T08:58:21","guid":{"rendered":"https:\/\/www.combiworks.com\/yritys\/hallitus\/"},"modified":"2023-09-20T10:51:31","modified_gmt":"2023-09-20T07:51:31","slug":"hallitus","status":"publish","type":"page","link":"https:\/\/www.combiworks.com\/fi\/yritys\/hallitus\/","title":{"rendered":"Hallitus"},"content":{"rendered":"<div class=\"gb-container gb-container-d6474ef4\">\n<div class=\"gb-container gb-container-2fa58fe5\">\n<div class=\"gb-container gb-container-a2c369cb\">\n\n<div class=\"gb-headline gb-headline-a978a0b7 gb-headline-text\">Combi Works<\/div>\n\n\n\n<h1 class=\"gb-headline gb-headline-d4eaef4e gb-headline-text\">Hallitus<\/h1>\n\n<\/div>\n<\/div>\n<\/div><div class=\"gb-container gb-container-e67c6fcb\">\n<div class=\"gb-container gb-container-0fca720e\"><\/div>\n\n<div class=\"gb-container gb-container-9b4ebb97\"><\/div>\n\n<div class=\"gb-container gb-container-d250e16d\"><\/div>\n<\/div><div class=\"gb-container gb-container-aaf28159 alignfull\">\n<div class=\"gb-container gb-container-8004ae77\">\n\n<p class=\"gb-headline gb-headline-a05c920e gb-headline-text\">Yhti\u00f6mme hallitus on keskeinen toimija Combi Worksin laajentumisessa ja kehittymisess\u00e4. Useimmiten hallitusj\u00e4senet ovat tietoisia teht\u00e4vist\u00e4\u00e4n ja vastuustaan. On my\u00f6s erityisi\u00e4 hallituksen j\u00e4seni\u00e4, jotka tekev\u00e4t paljon enemm\u00e4n. Heid\u00e4n toimensa ylitt\u00e4v\u00e4t tavanomaiset odotukset hallituksen toiminnassa. T\u00e4llaisia ovat Combi Worksin hallitusihmiset.  <\/p>\n\n<\/div>\n<\/div><div class=\"gb-container gb-container-b8046a44 alignfull\">\n<div class=\"gb-container gb-container-587ea9b7\">\n\n<div class=\"gb-grid-wrapper gb-grid-wrapper-b9c15c07 gb-query-loop-wrapper\">\n<div class=\"gb-grid-column gb-grid-column-bbaf1c78 gb-query-loop-item post-6280 cw-board-of-director type-cw-board-of-director status-publish format-standard has-post-thumbnail hentry\"><div class=\"gb-container gb-container-bbaf1c78\">\n<div class=\"gb-container gb-container-8bcfa15f\">\n<h3 class=\"gb-headline gb-headline-4fced65d gb-headline-text\">Kalle Reponen<\/h3>\n\n<p class=\"gb-headline gb-headline-d3b3cd3f gb-headline-text\"><p>Puheenjohtaja &#8211; on monien yritysten aktiivinen hallitusammattilainen. H\u00e4n on ollut SVP ja johtoryhm\u00e4n j\u00e4sen Metso Oy:ss\u00e4, MCF Corporate Finance:n partneri, Nordea Corporate Finance:n johtaja ja varatoimitusjohtaja Metra (W\u00e4rtsil\u00e4) Oy:ss\u00e4.<\/p>\n<\/p>\n<\/div>\n\n<div class=\"gb-container gb-container-bbeaf6a2\" style=\"background-image: url(https:\/\/www.combiworks.com\/wp-content\/uploads\/2023\/06\/Combi-Works-Kalle-Reponen_02.jpg);\"><\/div>\n<\/div><\/div>\n\n<div class=\"gb-grid-column gb-grid-column-bbaf1c78 gb-query-loop-item post-6284 cw-board-of-director type-cw-board-of-director status-publish format-standard has-post-thumbnail hentry\"><div class=\"gb-container gb-container-bbaf1c78\">\n<div class=\"gb-container gb-container-8bcfa15f\">\n<h3 class=\"gb-headline gb-headline-4fced65d gb-headline-text\">Edward Blomstedt<\/h3>\n\n<p class=\"gb-headline gb-headline-d3b3cd3f gb-headline-text\"><p>Edward on Combi Worksin CEO ja my\u00f6skin AirFaasin perustaja. H\u00e4n on digioppinut johtaja ja kansainv\u00e4lisesti tunnustettu key-note puhuja. H\u00e4nell\u00e4 on TKK:lta (nyk. Aalto yliopisto) diplomi-insin\u00f6\u00f6rin-loppututkinto tuotantotaloudesta ja konetekniikasta. H\u00e4nen innostuksensa on teollisen valmistuksen vallankumous vihre\u00e4mm\u00e4n tulevaisuuden turvaamiseksi.     <\/p>\n<\/p>\n<\/div>\n\n<div class=\"gb-container gb-container-bbeaf6a2\" style=\"background-image: url(https:\/\/www.combiworks.com\/wp-content\/uploads\/2023\/06\/edward_blomstedt-1.jpg);\"><\/div>\n<\/div><\/div>\n\n<div class=\"gb-grid-column gb-grid-column-bbaf1c78 gb-query-loop-item post-6286 cw-board-of-director type-cw-board-of-director status-publish format-standard has-post-thumbnail hentry\"><div class=\"gb-container gb-container-bbaf1c78\">\n<div class=\"gb-container gb-container-8bcfa15f\">\n<h3 class=\"gb-headline gb-headline-4fced65d gb-headline-text\">Robert Blomstedt<\/h3>\n\n<p class=\"gb-headline gb-headline-d3b3cd3f gb-headline-text\"><p>Robert on Combi Worksin ja AirFaasin perustajaj\u00e4sen ja etev\u00e4 systeemiajattelija. H\u00e4nen ajattelunsa on Combi Worksin ja AirFaasin ainutlaatuisten j\u00e4rjestelmien takana. H\u00e4n on valmistunut Helsingin Arcadan amk:sta p\u00e4\u00e4aineinaan Logistiikka ja liiketoiminta. Robertin erityisosaaminen on logistikassa ja SCM -ratkaisuissa.  <\/p>\n<\/p>\n<\/div>\n\n<div class=\"gb-container gb-container-bbeaf6a2\" style=\"background-image: url(https:\/\/www.combiworks.com\/wp-content\/uploads\/2023\/06\/Robert_Blomstedt-1.jpg);\"><\/div>\n<\/div><\/div>\n\n<div class=\"gb-grid-column gb-grid-column-bbaf1c78 gb-query-loop-item post-8875 cw-board-of-director type-cw-board-of-director status-publish format-standard has-post-thumbnail hentry\"><div class=\"gb-container gb-container-bbaf1c78\">\n<div class=\"gb-container gb-container-8bcfa15f\">\n<h3 class=\"gb-headline gb-headline-4fced65d gb-headline-text\">Kimmo Kedonp\u00e4\u00e4<\/h3>\n\n<p class=\"gb-headline gb-headline-d3b3cd3f gb-headline-text\"><p><span data-olk-copy-source=\"MessageBody\">Kimmo Kedonp\u00e4\u00e4 on infra-alan ammattilainen, jolla on laaja ja pitk\u00e4 kokemus markkinoista. H\u00e4n toimi Pipelife Groupin toimitusjohtajana Suomessa vuosina 2001\u20132023 ja vastasi yhti\u00f6n Baltian toiminnoista vuosina 2016\u20132024. T\u00e4m\u00e4 h\u00e4nen kautensa oli poikkeuksellinen. Haastajasta h\u00e4n rakensi Pipelifest\u00e4 markkinajohtajan, jonka yrityskulttuuri on palkittu ja jonka ty\u00f6ilmapiiri sek\u00e4 ty\u00f6ntekij\u00e4tyytyv\u00e4isyys ovat poikkeuksellisen korkealla tasolla. Kimmo tunnetaan motivoivana liiketoimintajohtajana, jolla on syv\u00e4llinen osaaminen infrastruktuuri- ja rakennusalasta.     <\/span><\/p>\n<\/p>\n<\/div>\n\n<div class=\"gb-container gb-container-bbeaf6a2\" style=\"background-image: url(https:\/\/www.combiworks.com\/wp-content\/uploads\/2025\/05\/Combi-Works-Kimmo-Kedonpaa-scaled-e1746711009482.jpg);\"><\/div>\n<\/div><\/div>\n<\/div>\n\n<\/div>\n<\/div>","protected":false},"excerpt":{"rendered":"<p>Combi Works Hallitus Yhti\u00f6mme hallitus on keskeinen toimija Combi Worksin laajentumisessa ja kehittymisess\u00e4. Useimmiten hallitusj\u00e4senet ovat tietoisia teht\u00e4vist\u00e4\u00e4n ja vastuustaan. On my\u00f6s erityisi\u00e4 hallituksen j\u00e4seni\u00e4, jotka tekev\u00e4t paljon enemm\u00e4n. Heid\u00e4n toimensa ylitt\u00e4v\u00e4t tavanomaiset odotukset hallituksen toiminnassa. T\u00e4llaisia ovat Combi Worksin hallitusihmiset.<\/p>\n","protected":false},"author":1,"featured_media":0,"parent":6065,"menu_order":89,"comment_status":"closed","ping_status":"closed","template":"","meta":{"_acf_changed":false,"inline_featured_image":false,"_kad_blocks_custom_css":"","_kad_blocks_head_custom_js":"","_kad_blocks_body_custom_js":"","_kad_blocks_footer_custom_js":"","footnotes":""},"categories":[],"class_list":["post-6288","page","type-page","status-publish","format-standard"],"acf":[],"yoast_head":"<!-- This site is optimized with the Yoast SEO plugin v25.5 - https:\/\/yoast.com\/wordpress\/plugins\/seo\/ -->\n<title>Hallitus - Combi Works<\/title>\n<meta name=\"robots\" content=\"index, follow, max-snippet:-1, max-image-preview:large, max-video-preview:-1\" \/>\n<link rel=\"canonical\" href=\"https:\/\/www.combiworks.com\/fi\/yritys\/hallitus\/\" \/>\n<meta property=\"og:locale\" content=\"fi_FI\" \/>\n<meta property=\"og:type\" content=\"article\" \/>\n<meta property=\"og:title\" content=\"Hallitus - Combi Works\" \/>\n<meta property=\"og:description\" content=\"Combi Works Hallitus Yhti\u00f6mme hallitus on keskeinen toimija Combi Worksin laajentumisessa ja kehittymisess\u00e4. Useimmiten hallitusj\u00e4senet ovat tietoisia teht\u00e4vist\u00e4\u00e4n ja vastuustaan. On my\u00f6s erityisi\u00e4 hallituksen j\u00e4seni\u00e4, jotka tekev\u00e4t paljon enemm\u00e4n. Heid\u00e4n toimensa ylitt\u00e4v\u00e4t tavanomaiset odotukset hallituksen toiminnassa. T\u00e4llaisia ovat Combi Worksin hallitusihmiset.\" \/>\n<meta property=\"og:url\" content=\"https:\/\/www.combiworks.com\/fi\/yritys\/hallitus\/\" \/>\n<meta property=\"og:site_name\" content=\"Combi Works\" \/>\n<meta property=\"article:publisher\" content=\"https:\/\/www.facebook.com\/people\/Combi-Works\/100057440740208\/\" \/>\n<meta property=\"article:modified_time\" content=\"2023-09-20T07:51:31+00:00\" \/>\n<meta property=\"og:image\" content=\"https:\/\/www.combiworks.com\/wp-content\/uploads\/2023\/06\/shutterstock_1473734858.jpg\" \/>\n\t<meta property=\"og:image:width\" content=\"1400\" \/>\n\t<meta property=\"og:image:height\" content=\"957\" \/>\n\t<meta property=\"og:image:type\" content=\"image\/jpeg\" \/>\n<meta name=\"twitter:card\" content=\"summary_large_image\" \/>\n<script type=\"application\/ld+json\" class=\"yoast-schema-graph\">{\"@context\":\"https:\/\/schema.org\",\"@graph\":[{\"@type\":\"WebPage\",\"@id\":\"https:\/\/www.combiworks.com\/fi\/yritys\/hallitus\/\",\"url\":\"https:\/\/www.combiworks.com\/fi\/yritys\/hallitus\/\",\"name\":\"Hallitus - Combi Works\",\"isPartOf\":{\"@id\":\"https:\/\/www.combiworks.com\/fi\/#website\"},\"datePublished\":\"2023-06-12T08:58:21+00:00\",\"dateModified\":\"2023-09-20T07:51:31+00:00\",\"breadcrumb\":{\"@id\":\"https:\/\/www.combiworks.com\/fi\/yritys\/hallitus\/#breadcrumb\"},\"inLanguage\":\"fi\",\"potentialAction\":[{\"@type\":\"ReadAction\",\"target\":[\"https:\/\/www.combiworks.com\/fi\/yritys\/hallitus\/\"]}]},{\"@type\":\"BreadcrumbList\",\"@id\":\"https:\/\/www.combiworks.com\/fi\/yritys\/hallitus\/#breadcrumb\",\"itemListElement\":[{\"@type\":\"ListItem\",\"position\":1,\"name\":\"Home\",\"item\":\"https:\/\/www.combiworks.com\/fi\/\"},{\"@type\":\"ListItem\",\"position\":2,\"name\":\"Yritys\",\"item\":\"https:\/\/www.combiworks.com\/fi\/yritys\/\"},{\"@type\":\"ListItem\",\"position\":3,\"name\":\"Hallitus\"}]},{\"@type\":\"WebSite\",\"@id\":\"https:\/\/www.combiworks.com\/fi\/#website\",\"url\":\"https:\/\/www.combiworks.com\/fi\/\",\"name\":\"Combi Works\",\"description\":\"The industrial manufacturing company - working in machine building and infra sectors\",\"publisher\":{\"@id\":\"https:\/\/www.combiworks.com\/fi\/#organization\"},\"potentialAction\":[{\"@type\":\"SearchAction\",\"target\":{\"@type\":\"EntryPoint\",\"urlTemplate\":\"https:\/\/www.combiworks.com\/fi\/?s={search_term_string}\"},\"query-input\":{\"@type\":\"PropertyValueSpecification\",\"valueRequired\":true,\"valueName\":\"search_term_string\"}}],\"inLanguage\":\"fi\"},{\"@type\":\"Organization\",\"@id\":\"https:\/\/www.combiworks.com\/fi\/#organization\",\"name\":\"Combi Works\",\"url\":\"https:\/\/www.combiworks.com\/fi\/\",\"logo\":{\"@type\":\"ImageObject\",\"inLanguage\":\"fi\",\"@id\":\"https:\/\/www.combiworks.com\/fi\/#\/schema\/logo\/image\/\",\"url\":\"https:\/\/www.combiworks.com\/wp-content\/uploads\/2023\/09\/combi_works_logo_color-1.png\",\"contentUrl\":\"https:\/\/www.combiworks.com\/wp-content\/uploads\/2023\/09\/combi_works_logo_color-1.png\",\"width\":500,\"height\":500,\"caption\":\"Combi Works\"},\"image\":{\"@id\":\"https:\/\/www.combiworks.com\/fi\/#\/schema\/logo\/image\/\"},\"sameAs\":[\"https:\/\/www.facebook.com\/people\/Combi-Works\/100057440740208\/\",\"https:\/\/www.linkedin.com\/company\/nordic-cast-sourcing-ltd\"]}]}<\/script>\n<!-- \/ Yoast SEO plugin. -->","yoast_head_json":{"title":"Hallitus - Combi Works","robots":{"index":"index","follow":"follow","max-snippet":"max-snippet:-1","max-image-preview":"max-image-preview:large","max-video-preview":"max-video-preview:-1"},"canonical":"https:\/\/www.combiworks.com\/fi\/yritys\/hallitus\/","og_locale":"fi_FI","og_type":"article","og_title":"Hallitus - Combi Works","og_description":"Combi Works Hallitus Yhti\u00f6mme hallitus on keskeinen toimija Combi Worksin laajentumisessa ja kehittymisess\u00e4. Useimmiten hallitusj\u00e4senet ovat tietoisia teht\u00e4vist\u00e4\u00e4n ja vastuustaan. On my\u00f6s erityisi\u00e4 hallituksen j\u00e4seni\u00e4, jotka tekev\u00e4t paljon enemm\u00e4n. Heid\u00e4n toimensa ylitt\u00e4v\u00e4t tavanomaiset odotukset hallituksen toiminnassa. T\u00e4llaisia ovat Combi Worksin hallitusihmiset.","og_url":"https:\/\/www.combiworks.com\/fi\/yritys\/hallitus\/","og_site_name":"Combi Works","article_publisher":"https:\/\/www.facebook.com\/people\/Combi-Works\/100057440740208\/","article_modified_time":"2023-09-20T07:51:31+00:00","og_image":[{"width":1400,"height":957,"url":"https:\/\/www.combiworks.com\/wp-content\/uploads\/2023\/06\/shutterstock_1473734858.jpg","type":"image\/jpeg"}],"twitter_card":"summary_large_image","schema":{"@context":"https:\/\/schema.org","@graph":[{"@type":"WebPage","@id":"https:\/\/www.combiworks.com\/fi\/yritys\/hallitus\/","url":"https:\/\/www.combiworks.com\/fi\/yritys\/hallitus\/","name":"Hallitus - Combi Works","isPartOf":{"@id":"https:\/\/www.combiworks.com\/fi\/#website"},"datePublished":"2023-06-12T08:58:21+00:00","dateModified":"2023-09-20T07:51:31+00:00","breadcrumb":{"@id":"https:\/\/www.combiworks.com\/fi\/yritys\/hallitus\/#breadcrumb"},"inLanguage":"fi","potentialAction":[{"@type":"ReadAction","target":["https:\/\/www.combiworks.com\/fi\/yritys\/hallitus\/"]}]},{"@type":"BreadcrumbList","@id":"https:\/\/www.combiworks.com\/fi\/yritys\/hallitus\/#breadcrumb","itemListElement":[{"@type":"ListItem","position":1,"name":"Home","item":"https:\/\/www.combiworks.com\/fi\/"},{"@type":"ListItem","position":2,"name":"Yritys","item":"https:\/\/www.combiworks.com\/fi\/yritys\/"},{"@type":"ListItem","position":3,"name":"Hallitus"}]},{"@type":"WebSite","@id":"https:\/\/www.combiworks.com\/fi\/#website","url":"https:\/\/www.combiworks.com\/fi\/","name":"Combi Works","description":"The industrial manufacturing company - working in machine building and infra sectors","publisher":{"@id":"https:\/\/www.combiworks.com\/fi\/#organization"},"potentialAction":[{"@type":"SearchAction","target":{"@type":"EntryPoint","urlTemplate":"https:\/\/www.combiworks.com\/fi\/?s={search_term_string}"},"query-input":{"@type":"PropertyValueSpecification","valueRequired":true,"valueName":"search_term_string"}}],"inLanguage":"fi"},{"@type":"Organization","@id":"https:\/\/www.combiworks.com\/fi\/#organization","name":"Combi Works","url":"https:\/\/www.combiworks.com\/fi\/","logo":{"@type":"ImageObject","inLanguage":"fi","@id":"https:\/\/www.combiworks.com\/fi\/#\/schema\/logo\/image\/","url":"https:\/\/www.combiworks.com\/wp-content\/uploads\/2023\/09\/combi_works_logo_color-1.png","contentUrl":"https:\/\/www.combiworks.com\/wp-content\/uploads\/2023\/09\/combi_works_logo_color-1.png","width":500,"height":500,"caption":"Combi Works"},"image":{"@id":"https:\/\/www.combiworks.com\/fi\/#\/schema\/logo\/image\/"},"sameAs":["https:\/\/www.facebook.com\/people\/Combi-Works\/100057440740208\/","https:\/\/www.linkedin.com\/company\/nordic-cast-sourcing-ltd"]}]}},"taxonomy_info":[],"featured_image_src_large":false,"author_info":{"display_name":"KimTakala","author_link":"https:\/\/www.combiworks.com\/fi\/author\/kimtakala\/"},"comment_info":"","_links":{"self":[{"href":"https:\/\/www.combiworks.com\/fi\/wp-json\/wp\/v2\/pages\/6288","targetHints":{"allow":["GET"]}}],"collection":[{"href":"https:\/\/www.combiworks.com\/fi\/wp-json\/wp\/v2\/pages"}],"about":[{"href":"https:\/\/www.combiworks.com\/fi\/wp-json\/wp\/v2\/types\/page"}],"author":[{"embeddable":true,"href":"https:\/\/www.combiworks.com\/fi\/wp-json\/wp\/v2\/users\/1"}],"replies":[{"embeddable":true,"href":"https:\/\/www.combiworks.com\/fi\/wp-json\/wp\/v2\/comments?post=6288"}],"version-history":[{"count":0,"href":"https:\/\/www.combiworks.com\/fi\/wp-json\/wp\/v2\/pages\/6288\/revisions"}],"up":[{"embeddable":true,"href":"https:\/\/www.combiworks.com\/fi\/wp-json\/wp\/v2\/pages\/6065"}],"wp:attachment":[{"href":"https:\/\/www.combiworks.com\/fi\/wp-json\/wp\/v2\/media?parent=6288"}],"wp:term":[{"taxonomy":"category","embeddable":true,"href":"https:\/\/www.combiworks.com\/fi\/wp-json\/wp\/v2\/categories?post=6288"}],"curies":[{"name":"wp","href":"https:\/\/api.w.org\/{rel}","templated":true}]}}