{"id":6096,"date":"2023-07-04T20:34:35","date_gmt":"2023-07-04T17:34:35","guid":{"rendered":"https:\/\/www.combiworks.com\/infra\/infra-referenssit\/"},"modified":"2026-03-03T15:14:55","modified_gmt":"2026-03-03T13:14:55","slug":"infra-referenssit","status":"publish","type":"page","link":"https:\/\/www.combiworks.com\/fi\/infra\/infra-referenssit\/","title":{"rendered":"Infra referenssit"},"content":{"rendered":"\n<div class=\"gb-element-f1ee2c80\"><div class=\"gb-container gb-container-2fa58fe5\">\n<div class=\"gb-container gb-container-a2c369cb\">\n\n<div class=\"gb-headline gb-headline-a978a0b7 gb-headline-text\">Combi Works Infra<\/div>\n\n\n\n<h1 class=\"gb-headline gb-headline-d4eaef4e gb-headline-text\">Referenssit<\/h1>\n\n<\/div>\n<\/div><\/div>\n\n\n<div class=\"gb-container gb-container-aaf28159\">\n<div class=\"gb-container gb-container-ce7e3052\">\n\n<div class=\"gb-grid-wrapper gb-grid-wrapper-ea5670fa  wpgb-query wpgb-content-1 gb-query-loop-wrapper\">\n<div class=\"gb-grid-column gb-grid-column-552e8adb gb-query-loop-item post-7190 infra-reference type-infra-reference status-publish format-standard has-post-thumbnail hentry\"><div class=\"gb-container gb-container-552e8adb\">\n\n<div class=\"gb-element-77c22677\">\n<div class=\"gb-element-10ad5f34\" style=\"--inline-bg-image: url(https:\/\/www.combiworks.com\/wp-content\/uploads\/2023\/10\/Combi-Works-manhole-cover-E600-Rauma-port-scaled.jpg)\"><\/div>\n\n\n\n<div class=\"gb-element-1e0a471b\">\n<div><p class=\"gb-headline gb-headline-45c4d2a5 tree-dots gb-headline-text\">Rauman satama E600 heavy duty kaivonkannet<\/p>\n\n\n<p class=\"gb-text gb-text-b38a213c\">Rauman satamassa on monia tuotteitamme alueilla, joilla tapahtuu lastausta ja purkua&#8230;<\/p>\n<\/div>\n\n\n<a class=\"gb-button gb-button-2c2cb0e6 gb-button-text\" href=\"https:\/\/www.combiworks.com\/fi\/infra-reference\/rauman-satama-e600-heavy-duty-kaivonkannet\/\">Lue lis\u00e4\u00e4<\/a><\/div>\n<\/div>\n\n<\/div><\/div>\n\n<div class=\"gb-grid-column gb-grid-column-552e8adb gb-query-loop-item post-6333 infra-reference type-infra-reference status-publish format-standard has-post-thumbnail hentry\"><div class=\"gb-container gb-container-552e8adb\">\n\n<div class=\"gb-element-77c22677\">\n<div class=\"gb-element-10ad5f34\" style=\"--inline-bg-image: url(https:\/\/www.combiworks.com\/wp-content\/uploads\/2023\/09\/IMG_1007-scaled.jpg)\"><\/div>\n\n\n\n<div class=\"gb-element-1e0a471b\">\n<div><p class=\"gb-headline gb-headline-45c4d2a5 tree-dots gb-headline-text\">Helsinki J\u00e4tk\u00e4saari<\/p>\n\n\n<p class=\"gb-text gb-text-b38a213c\">Tuotteemme kattavat alueen l\u00e4pi kulkevan pitk\u00e4n puiston ja alueen maamerkiksi muodostuneen oranssin&#8230;<\/p>\n<\/div>\n\n\n<a class=\"gb-button gb-button-2c2cb0e6 gb-button-text\" href=\"https:\/\/www.combiworks.com\/fi\/infra-reference\/helsinki-jatkasaari\/\">Lue lis\u00e4\u00e4<\/a><\/div>\n<\/div>\n\n<\/div><\/div>\n\n<div class=\"gb-grid-column gb-grid-column-552e8adb gb-query-loop-item post-6334 infra-reference type-infra-reference status-publish format-standard has-post-thumbnail hentry\"><div class=\"gb-container gb-container-552e8adb\">\n\n<div class=\"gb-element-77c22677\">\n<div class=\"gb-element-10ad5f34\" style=\"--inline-bg-image: url(https:\/\/www.combiworks.com\/wp-content\/uploads\/2023\/09\/Vana-Kalamaja-4-Author-Taavi-Sepp.jpg)\"><\/div>\n\n\n\n<div class=\"gb-element-1e0a471b\">\n<div><p class=\"gb-headline gb-headline-45c4d2a5 tree-dots gb-headline-text\">Vana-Kalamaja katu<\/p>\n\n\n<p class=\"gb-text gb-text-b38a213c\">Historiallisen Vana-Kalamaja kadun uudelleenrakentaminen on monella tapaa&#8230;<\/p>\n<\/div>\n\n\n<a class=\"gb-button gb-button-2c2cb0e6 gb-button-text\" href=\"https:\/\/www.combiworks.com\/fi\/infra-reference\/vana-kalamaja-katu\/\">Lue lis\u00e4\u00e4<\/a><\/div>\n<\/div>\n\n<\/div><\/div>\n\n<div class=\"gb-grid-column gb-grid-column-552e8adb gb-query-loop-item post-6335 infra-reference type-infra-reference status-publish format-standard has-post-thumbnail hentry\"><div class=\"gb-container gb-container-552e8adb\">\n\n<div class=\"gb-element-77c22677\">\n<div class=\"gb-element-10ad5f34\" style=\"--inline-bg-image: url(https:\/\/www.combiworks.com\/wp-content\/uploads\/2023\/09\/Tallinn-Old-town-prof-photo-Author-Andres-Tarto.jpg)\"><\/div>\n\n\n\n<div class=\"gb-element-1e0a471b\">\n<div><p class=\"gb-headline gb-headline-45c4d2a5 tree-dots gb-headline-text\">Tallinnan vanhakaupunki<\/p>\n\n\n<p class=\"gb-text gb-text-b38a213c\">Combi Worksin tuotevalikoima on laaja, ja l\u00f6yd\u00e4mme sopivat tuotteet jokaiseen ymp\u00e4rist\u00f6\u00f6n&#8230;<\/p>\n<\/div>\n\n\n<a class=\"gb-button gb-button-2c2cb0e6 gb-button-text\" href=\"https:\/\/www.combiworks.com\/fi\/infra-reference\/tallinnan-vanhakaupunki\/\">Lue lis\u00e4\u00e4<\/a><\/div>\n<\/div>\n\n<\/div><\/div>\n\n<div class=\"gb-grid-column gb-grid-column-552e8adb gb-query-loop-item post-6344 infra-reference type-infra-reference status-publish format-standard has-post-thumbnail hentry\"><div class=\"gb-container gb-container-552e8adb\">\n\n<div class=\"gb-element-77c22677\">\n<div class=\"gb-element-10ad5f34\" style=\"--inline-bg-image: url(https:\/\/www.combiworks.com\/wp-content\/uploads\/2023\/09\/Noblessner-prof-photo-Author-Martin-Dremljuga-16-scaled.jpg)\"><\/div>\n\n\n\n<div class=\"gb-element-1e0a471b\">\n<div><p class=\"gb-headline gb-headline-45c4d2a5 tree-dots gb-headline-text\">Noblessnerin erikoiskannet<\/p>\n\n\n<p class=\"gb-text gb-text-b38a213c\">Combi Works t\u00e4ytti Noblessnerin toiveet, suunnitteli ja valmisti ainutlaatuiset kaivonkannet&#8230;<\/p>\n<\/div>\n\n\n<a class=\"gb-button gb-button-2c2cb0e6 gb-button-text\" href=\"https:\/\/www.combiworks.com\/fi\/infra-reference\/noblessnerin-erikoiskannet\/\">Lue lis\u00e4\u00e4<\/a><\/div>\n<\/div>\n\n<\/div><\/div>\n<\/div>\n\n<\/div>\n<\/div>","protected":false},"excerpt":{"rendered":"<p>Combi Works Infra Referenssit<\/p>\n","protected":false},"author":1,"featured_media":4632,"parent":5937,"menu_order":58,"comment_status":"closed","ping_status":"closed","template":"","meta":{"_acf_changed":false,"inline_featured_image":false,"_kad_blocks_custom_css":"","_kad_blocks_head_custom_js":"","_kad_blocks_body_custom_js":"","_kad_blocks_footer_custom_js":"","footnotes":""},"categories":[],"class_list":["post-6096","page","type-page","status-publish","format-standard","has-post-thumbnail"],"acf":[],"yoast_head":"<!-- This site is optimized with the Yoast SEO plugin v25.5 - https:\/\/yoast.com\/wordpress\/plugins\/seo\/ -->\n<title>Infra referenssit - Combi Works<\/title>\n<meta name=\"robots\" content=\"index, follow, max-snippet:-1, max-image-preview:large, max-video-preview:-1\" \/>\n<link rel=\"canonical\" href=\"https:\/\/www.combiworks.com\/fi\/infra\/infra-referenssit\/\" \/>\n<meta property=\"og:locale\" content=\"fi_FI\" \/>\n<meta property=\"og:type\" content=\"article\" \/>\n<meta property=\"og:title\" content=\"Infra referenssit - Combi Works\" \/>\n<meta property=\"og:description\" content=\"Combi Works Infra Referenssit\" \/>\n<meta property=\"og:url\" content=\"https:\/\/www.combiworks.com\/fi\/infra\/infra-referenssit\/\" \/>\n<meta property=\"og:site_name\" content=\"Combi Works\" \/>\n<meta property=\"article:publisher\" content=\"https:\/\/www.facebook.com\/people\/Combi-Works\/100057440740208\/\" \/>\n<meta property=\"article:modified_time\" content=\"2026-03-03T13:14:55+00:00\" \/>\n<meta property=\"og:image\" content=\"https:\/\/www.combiworks.com\/wp-content\/uploads\/2023\/06\/DSC_0168-Enhanced-SR.jpg\" \/>\n\t<meta property=\"og:image:width\" content=\"2100\" \/>\n\t<meta property=\"og:image:height\" content=\"1046\" \/>\n\t<meta property=\"og:image:type\" content=\"image\/jpeg\" \/>\n<meta name=\"twitter:card\" content=\"summary_large_image\" \/>\n<meta name=\"twitter:label1\" content=\"Arvioitu lukuaika\" \/>\n\t<meta name=\"twitter:data1\" content=\"1 minuutti\" \/>\n<script type=\"application\/ld+json\" class=\"yoast-schema-graph\">{\"@context\":\"https:\/\/schema.org\",\"@graph\":[{\"@type\":\"WebPage\",\"@id\":\"https:\/\/www.combiworks.com\/fi\/infra\/infra-referenssit\/\",\"url\":\"https:\/\/www.combiworks.com\/fi\/infra\/infra-referenssit\/\",\"name\":\"Infra referenssit - Combi Works\",\"isPartOf\":{\"@id\":\"https:\/\/www.combiworks.com\/fi\/#website\"},\"primaryImageOfPage\":{\"@id\":\"https:\/\/www.combiworks.com\/fi\/infra\/infra-referenssit\/#primaryimage\"},\"image\":{\"@id\":\"https:\/\/www.combiworks.com\/fi\/infra\/infra-referenssit\/#primaryimage\"},\"thumbnailUrl\":\"https:\/\/www.combiworks.com\/wp-content\/uploads\/2023\/06\/DSC_0168-Enhanced-SR.jpg\",\"datePublished\":\"2023-07-04T17:34:35+00:00\",\"dateModified\":\"2026-03-03T13:14:55+00:00\",\"breadcrumb\":{\"@id\":\"https:\/\/www.combiworks.com\/fi\/infra\/infra-referenssit\/#breadcrumb\"},\"inLanguage\":\"fi\",\"potentialAction\":[{\"@type\":\"ReadAction\",\"target\":[\"https:\/\/www.combiworks.com\/fi\/infra\/infra-referenssit\/\"]}]},{\"@type\":\"ImageObject\",\"inLanguage\":\"fi\",\"@id\":\"https:\/\/www.combiworks.com\/fi\/infra\/infra-referenssit\/#primaryimage\",\"url\":\"https:\/\/www.combiworks.com\/wp-content\/uploads\/2023\/06\/DSC_0168-Enhanced-SR.jpg\",\"contentUrl\":\"https:\/\/www.combiworks.com\/wp-content\/uploads\/2023\/06\/DSC_0168-Enhanced-SR.jpg\",\"width\":2100,\"height\":1046},{\"@type\":\"BreadcrumbList\",\"@id\":\"https:\/\/www.combiworks.com\/fi\/infra\/infra-referenssit\/#breadcrumb\",\"itemListElement\":[{\"@type\":\"ListItem\",\"position\":1,\"name\":\"Home\",\"item\":\"https:\/\/www.combiworks.com\/fi\/\"},{\"@type\":\"ListItem\",\"position\":2,\"name\":\"Infra\",\"item\":\"https:\/\/www.combiworks.com\/fi\/infra\/\"},{\"@type\":\"ListItem\",\"position\":3,\"name\":\"Infra referenssit\"}]},{\"@type\":\"WebSite\",\"@id\":\"https:\/\/www.combiworks.com\/fi\/#website\",\"url\":\"https:\/\/www.combiworks.com\/fi\/\",\"name\":\"Combi Works\",\"description\":\"The industrial manufacturing company - working in machine building and infra sectors\",\"publisher\":{\"@id\":\"https:\/\/www.combiworks.com\/fi\/#organization\"},\"potentialAction\":[{\"@type\":\"SearchAction\",\"target\":{\"@type\":\"EntryPoint\",\"urlTemplate\":\"https:\/\/www.combiworks.com\/fi\/?s={search_term_string}\"},\"query-input\":{\"@type\":\"PropertyValueSpecification\",\"valueRequired\":true,\"valueName\":\"search_term_string\"}}],\"inLanguage\":\"fi\"},{\"@type\":\"Organization\",\"@id\":\"https:\/\/www.combiworks.com\/fi\/#organization\",\"name\":\"Combi Works\",\"url\":\"https:\/\/www.combiworks.com\/fi\/\",\"logo\":{\"@type\":\"ImageObject\",\"inLanguage\":\"fi\",\"@id\":\"https:\/\/www.combiworks.com\/fi\/#\/schema\/logo\/image\/\",\"url\":\"https:\/\/www.combiworks.com\/wp-content\/uploads\/2023\/09\/combi_works_logo_color-1.png\",\"contentUrl\":\"https:\/\/www.combiworks.com\/wp-content\/uploads\/2023\/09\/combi_works_logo_color-1.png\",\"width\":500,\"height\":500,\"caption\":\"Combi Works\"},\"image\":{\"@id\":\"https:\/\/www.combiworks.com\/fi\/#\/schema\/logo\/image\/\"},\"sameAs\":[\"https:\/\/www.facebook.com\/people\/Combi-Works\/100057440740208\/\",\"https:\/\/www.linkedin.com\/company\/nordic-cast-sourcing-ltd\"]}]}<\/script>\n<!-- \/ Yoast SEO plugin. -->","yoast_head_json":{"title":"Infra referenssit - Combi Works","robots":{"index":"index","follow":"follow","max-snippet":"max-snippet:-1","max-image-preview":"max-image-preview:large","max-video-preview":"max-video-preview:-1"},"canonical":"https:\/\/www.combiworks.com\/fi\/infra\/infra-referenssit\/","og_locale":"fi_FI","og_type":"article","og_title":"Infra referenssit - Combi Works","og_description":"Combi Works Infra Referenssit","og_url":"https:\/\/www.combiworks.com\/fi\/infra\/infra-referenssit\/","og_site_name":"Combi Works","article_publisher":"https:\/\/www.facebook.com\/people\/Combi-Works\/100057440740208\/","article_modified_time":"2026-03-03T13:14:55+00:00","og_image":[{"width":2100,"height":1046,"url":"https:\/\/www.combiworks.com\/wp-content\/uploads\/2023\/06\/DSC_0168-Enhanced-SR.jpg","type":"image\/jpeg"}],"twitter_card":"summary_large_image","twitter_misc":{"Arvioitu lukuaika":"1 minuutti"},"schema":{"@context":"https:\/\/schema.org","@graph":[{"@type":"WebPage","@id":"https:\/\/www.combiworks.com\/fi\/infra\/infra-referenssit\/","url":"https:\/\/www.combiworks.com\/fi\/infra\/infra-referenssit\/","name":"Infra referenssit - Combi Works","isPartOf":{"@id":"https:\/\/www.combiworks.com\/fi\/#website"},"primaryImageOfPage":{"@id":"https:\/\/www.combiworks.com\/fi\/infra\/infra-referenssit\/#primaryimage"},"image":{"@id":"https:\/\/www.combiworks.com\/fi\/infra\/infra-referenssit\/#primaryimage"},"thumbnailUrl":"https:\/\/www.combiworks.com\/wp-content\/uploads\/2023\/06\/DSC_0168-Enhanced-SR.jpg","datePublished":"2023-07-04T17:34:35+00:00","dateModified":"2026-03-03T13:14:55+00:00","breadcrumb":{"@id":"https:\/\/www.combiworks.com\/fi\/infra\/infra-referenssit\/#breadcrumb"},"inLanguage":"fi","potentialAction":[{"@type":"ReadAction","target":["https:\/\/www.combiworks.com\/fi\/infra\/infra-referenssit\/"]}]},{"@type":"ImageObject","inLanguage":"fi","@id":"https:\/\/www.combiworks.com\/fi\/infra\/infra-referenssit\/#primaryimage","url":"https:\/\/www.combiworks.com\/wp-content\/uploads\/2023\/06\/DSC_0168-Enhanced-SR.jpg","contentUrl":"https:\/\/www.combiworks.com\/wp-content\/uploads\/2023\/06\/DSC_0168-Enhanced-SR.jpg","width":2100,"height":1046},{"@type":"BreadcrumbList","@id":"https:\/\/www.combiworks.com\/fi\/infra\/infra-referenssit\/#breadcrumb","itemListElement":[{"@type":"ListItem","position":1,"name":"Home","item":"https:\/\/www.combiworks.com\/fi\/"},{"@type":"ListItem","position":2,"name":"Infra","item":"https:\/\/www.combiworks.com\/fi\/infra\/"},{"@type":"ListItem","position":3,"name":"Infra referenssit"}]},{"@type":"WebSite","@id":"https:\/\/www.combiworks.com\/fi\/#website","url":"https:\/\/www.combiworks.com\/fi\/","name":"Combi Works","description":"The industrial manufacturing company - working in machine building and infra sectors","publisher":{"@id":"https:\/\/www.combiworks.com\/fi\/#organization"},"potentialAction":[{"@type":"SearchAction","target":{"@type":"EntryPoint","urlTemplate":"https:\/\/www.combiworks.com\/fi\/?s={search_term_string}"},"query-input":{"@type":"PropertyValueSpecification","valueRequired":true,"valueName":"search_term_string"}}],"inLanguage":"fi"},{"@type":"Organization","@id":"https:\/\/www.combiworks.com\/fi\/#organization","name":"Combi Works","url":"https:\/\/www.combiworks.com\/fi\/","logo":{"@type":"ImageObject","inLanguage":"fi","@id":"https:\/\/www.combiworks.com\/fi\/#\/schema\/logo\/image\/","url":"https:\/\/www.combiworks.com\/wp-content\/uploads\/2023\/09\/combi_works_logo_color-1.png","contentUrl":"https:\/\/www.combiworks.com\/wp-content\/uploads\/2023\/09\/combi_works_logo_color-1.png","width":500,"height":500,"caption":"Combi Works"},"image":{"@id":"https:\/\/www.combiworks.com\/fi\/#\/schema\/logo\/image\/"},"sameAs":["https:\/\/www.facebook.com\/people\/Combi-Works\/100057440740208\/","https:\/\/www.linkedin.com\/company\/nordic-cast-sourcing-ltd"]}]}},"taxonomy_info":[],"featured_image_src_large":["https:\/\/www.combiworks.com\/wp-content\/uploads\/2023\/06\/DSC_0168-Enhanced-SR-1024x510.jpg",1024,510,true],"author_info":{"display_name":"KimTakala","author_link":"https:\/\/www.combiworks.com\/fi\/author\/kimtakala\/"},"comment_info":"","_links":{"self":[{"href":"https:\/\/www.combiworks.com\/fi\/wp-json\/wp\/v2\/pages\/6096","targetHints":{"allow":["GET"]}}],"collection":[{"href":"https:\/\/www.combiworks.com\/fi\/wp-json\/wp\/v2\/pages"}],"about":[{"href":"https:\/\/www.combiworks.com\/fi\/wp-json\/wp\/v2\/types\/page"}],"author":[{"embeddable":true,"href":"https:\/\/www.combiworks.com\/fi\/wp-json\/wp\/v2\/users\/1"}],"replies":[{"embeddable":true,"href":"https:\/\/www.combiworks.com\/fi\/wp-json\/wp\/v2\/comments?post=6096"}],"version-history":[{"count":3,"href":"https:\/\/www.combiworks.com\/fi\/wp-json\/wp\/v2\/pages\/6096\/revisions"}],"predecessor-version":[{"id":12700,"href":"https:\/\/www.combiworks.com\/fi\/wp-json\/wp\/v2\/pages\/6096\/revisions\/12700"}],"up":[{"embeddable":true,"href":"https:\/\/www.combiworks.com\/fi\/wp-json\/wp\/v2\/pages\/5937"}],"wp:featuredmedia":[{"embeddable":true,"href":"https:\/\/www.combiworks.com\/fi\/wp-json\/wp\/v2\/media\/4632"}],"wp:attachment":[{"href":"https:\/\/www.combiworks.com\/fi\/wp-json\/wp\/v2\/media?parent=6096"}],"wp:term":[{"taxonomy":"category","embeddable":true,"href":"https:\/\/www.combiworks.com\/fi\/wp-json\/wp\/v2\/categories?post=6096"}],"curies":[{"name":"wp","href":"https:\/\/api.w.org\/{rel}","templated":true}]}}