{"id":6065,"date":"2023-06-09T10:47:04","date_gmt":"2023-06-09T07:47:04","guid":{"rendered":"https:\/\/www.combiworks.com\/yritys\/"},"modified":"2023-09-19T14:37:34","modified_gmt":"2023-09-19T11:37:34","slug":"yritys","status":"publish","type":"page","link":"https:\/\/www.combiworks.com\/fi\/yritys\/","title":{"rendered":"Yritys"},"content":{"rendered":"<div class=\"gb-container gb-container-d6474ef4\">\n<div class=\"gb-container gb-container-2fa58fe5\">\n<div class=\"gb-container gb-container-a2c369cb\">\n\n<div class=\"gb-headline gb-headline-a978a0b7 gb-headline-text\">Combi Works<\/div>\n\n\n\n<h1 class=\"gb-headline gb-headline-d4eaef4e gb-headline-text\">Tietoa yrityksest\u00e4<\/h1>\n\n<\/div>\n<\/div>\n<\/div><div class=\"gb-container gb-container-e67c6fcb\">\n<div class=\"gb-container gb-container-0fca720e\"><\/div>\n\n<div class=\"gb-container gb-container-9b4ebb97\"><\/div>\n\n<div class=\"gb-container gb-container-d250e16d\"><\/div>\n<\/div><div class=\"gb-container gb-container-711ca853 alignfull\">\n<div class=\"gb-container gb-container-1bae513a\">\n<div class=\"gb-container gb-container-34b37584\">\n\n<h2 class=\"gb-headline gb-headline-571f8433 gb-headline-text\">Combi Works lukuina<\/h2>\n\n\n<div class=\"gb-container gb-container-18047df1\">\n<div class=\"gb-grid-wrapper gb-grid-wrapper-85ad9576\">\n<div class=\"gb-grid-column gb-grid-column-6a312667\"><div class=\"gb-container gb-container-6a312667\">\n\n<div class=\"gb-headline gb-headline-cd0e7cb2 gb-headline-text\">Perustettu<\/div>\n\n<\/div><\/div>\n\n<div class=\"gb-grid-column gb-grid-column-f779ed8d\"><div class=\"gb-container gb-container-f779ed8d\">\n\n<p class=\"gb-headline gb-headline-33dc5d12 gb-headline-text\">2005<\/p>\n\n<\/div><\/div>\n\n<div class=\"gb-grid-column gb-grid-column-9d94c7d9\"><div class=\"gb-container gb-container-9d94c7d9\">\n\n<div class=\"gb-headline gb-headline-ed9eb4b4 gb-headline-text\">Liikevaihto<\/div>\n\n<\/div><\/div>\n\n<div class=\"gb-grid-column gb-grid-column-32c3b3d5\"><div class=\"gb-container gb-container-32c3b3d5\">\n\n<p class=\"gb-headline gb-headline-969b2119 gb-headline-text\">16 MEUR<\/p>\n\n<\/div><\/div>\n\n<div class=\"gb-grid-column gb-grid-column-78870858\"><div class=\"gb-container gb-container-78870858\">\n\n<div class=\"gb-headline gb-headline-72efdfb2 gb-headline-text\">Henkil\u00f6st\u00f6<\/div>\n\n<\/div><\/div>\n\n<div class=\"gb-grid-column gb-grid-column-08037d89\"><div class=\"gb-container gb-container-08037d89\">\n\n<p class=\"gb-headline gb-headline-62b14b9c gb-headline-text\">25 + 5 people<\/p>\n\n<\/div><\/div>\n\n<div class=\"gb-grid-column gb-grid-column-cfe756a5\"><div class=\"gb-container gb-container-cfe756a5\">\n\n<div class=\"gb-headline gb-headline-67a00856 gb-headline-text\">MIST\u00c4 TUNNETAAN&nbsp;<\/div>\n\n<\/div><\/div>\n\n<div class=\"gb-grid-column gb-grid-column-e5bb98fe\"><div class=\"gb-container gb-container-e5bb98fe\">\n\n<p class=\"gb-headline gb-headline-d7b6633b gb-headline-text\">Factory as a Service, skaalautuva digitaalinen valmistuspalvelu. Markkinajohtaja kaivonkansissa.<\/p>\n\n<\/div><\/div>\n<\/div>\n<\/div>\n<\/div>\n\n<div class=\"gb-container gb-container-51e4a659\">\n\n<h2 class=\"gb-headline gb-headline-b08ec1db\"><span class=\"gb-icon\"><svg xmlns=\"https:\/\/www.w3.org\/2000\/svg\" viewbox=\"0 0 20 20\" id=\"a\"><path d=\"m13.5,9c-1.38,0-2.5-1.12-2.5-2.5s1.12-2.5,2.5-2.5,2.5,1.12,2.5,2.5-1.12,2.5-2.5,2.5Zm0-4c-.83,0-1.5.67-1.5,1.5s.67,1.5,1.5,1.5,1.5-.67,1.5-1.5-.67-1.5-1.5-1.5Z\"><\/path><path d=\"m.5,20c-.13,0-.26-.05-.35-.15-.14-.14-.18-.34-.12-.52,1.54-4.23,3.16-6.38,4.81-6.38.55,0,1.05.23,1.52.69.73.73.75,1.45.65,1.93-.33,1.51-2.46,2.98-6.33,4.39-.06.02-.11.03-.17.03h0Zm4.34-6.05c-.5,0-1.08.43-1.68,1.25-.6.81-1.2,1.96-1.79,3.43,1.33-.54,2.41-1.08,3.2-1.62,1.07-.73,1.38-1.3,1.46-1.65.08-.35-.05-.68-.38-1.01-.27-.27-.54-.4-.81-.4h0Z\"><\/path><path d=\"m19.5,0C16.91,0,14.59.44,12.63,1.31c-1.62.72-3.01,1.72-4.13,2.99-.21.24-.4.48-.58.71-.86.06-1.74.4-2.62,1.02-.75.52-1.49,1.25-2.23,2.16-1.23,1.52-1.99,3.03-2.02,3.09-.11.22-.04.48.15.63.09.06.19.09.29.09.13,0,.26-.05.35-.15,0,0,.48-.47,1.3-.94.67-.38,1.71-.83,2.96-.91.32.81,1.22,1.78,1.66,2.22.43.43,1.4,1.34,2.21,1.66-.08,1.25-.53,2.29-.91,2.96-.46.82-.93,1.29-.93,1.3-.17.17-.2.45-.05.65.1.13.25.21.41.21.08,0,.15-.02.22-.05.06-.03,1.57-.79,3.09-2.02.91-.73,1.63-1.48,2.16-2.22.62-.88.96-1.76,1.02-2.62.24-.18.48-.37.71-.58,1.27-1.12,2.27-2.5,2.99-4.13.87-1.97,1.31-4.28,1.31-6.87v-.5h-.5,0ZM3.11,9.81c.95-1.38,2.41-3.1,4.05-3.64-.65,1.14-.99,2.18-1.11,2.84-1.16.07-2.16.41-2.95.79Zm7.09,7.08c.39-.79.72-1.79.79-2.94.66-.12,1.71-.46,2.84-1.11-.54,1.64-2.25,3.1-3.64,4.05h0Zm4.85-6.14c-2.08,1.83-4.23,2.25-4.54,2.25,0,0-.21,0-.76-.39-.39-.27-.83-.66-1.26-1.09s-.81-.88-1.08-1.26c-.39-.55-.39-.76-.39-.76,0-.31.42-2.46,2.25-4.54,2.2-2.49,5.56-3.85,9.74-3.95-.1,4.19-1.46,7.55-3.95,9.74h0Z\"><\/path><\/svg><\/span><span class=\"gb-headline-text\">Missio<\/span><\/h2>\n\n\n\n<p class=\"gb-headline gb-headline-767bc68b gb-headline-text\">Helpotamme maailman siirtymist\u00e4 kohti helppoa ja kest\u00e4v\u00e4\u00e4 valmistusta.<\/p>\n\n\n\n<h2 class=\"gb-headline gb-headline-246527cc\"><span class=\"gb-icon\"><svg xmlns=\"https:\/\/www.w3.org\/2000\/svg\" viewbox=\"0 0 12 20\" id=\"a\"><path d=\"m6.5,20h-1c-.28,0-.5-.22-.5-.5s.22-.5.5-.5h1c.28,0,.5.22.5.5s-.22.5-.5.5Z\"><\/path><path d=\"m6,0C2.69,0,0,2.69,0,6c0,2.11,1.01,3.83,1.06,3.9.27.44.65,1.23.83,1.71l.8,2.13c.12.32.35.61.64.83-.2.25-.32.58-.32.93,0,.38.14.73.38,1-.24.27-.38.62-.38,1,0,.83.67,1.5,1.5,1.5h3c.83,0,1.5-.67,1.5-1.5,0-.38-.14-.73-.38-1,.24-.27.38-.62.38-1,0-.35-.12-.67-.32-.93.29-.22.52-.51.64-.83l.8-2.13c.18-.48.56-1.27.83-1.71.04-.07,1.06-1.79,1.06-3.9,0-3.31-2.69-6-6-6Zm1.5,18h-3c-.28,0-.5-.22-.5-.5s.22-.5.5-.5h3c.28,0,.5.22.5.5s-.22.5-.5.5Zm.5-2.5c0,.28-.22.5-.5.5h-3c-.28,0-.5-.22-.5-.5s.22-.5.5-.5h3c.28,0,.5.22.5.5Zm2.08-6.12c-.3.49-.7,1.34-.91,1.88l-.8,2.13c-.12.32-.54.61-.88.61h-3c-.34,0-.76-.29-.88-.61l-.8-2.13c-.2-.54-.61-1.38-.91-1.88,0-.01-.91-1.54-.91-3.38C1,3.24,3.24,1,6,1s5,2.24,5,5c0,1.83-.91,3.37-.92,3.38Z\"><\/path><\/svg><\/span><span class=\"gb-headline-text\">USP<\/span><\/h2>\n\n\n\n<p class=\"gb-headline gb-headline-2291969f gb-headline-text\">Making manufacturing easy<\/p>\n\n<\/div>\n<\/div>\n<\/div><div class=\"gb-container gb-container-aaf28159 alignfull\">\n<div class=\"gb-container gb-container-8004ae77\">\n\n<p>Combi Works on valmistusyritys, joka tekee asiat toisin. Strategiamme on, ett\u00e4 emme omista seini\u00e4 tai koneita vaan optimoimme olemassa olevan kapasiteetin k\u00e4yt\u00f6n ja annamme yrityksille mahdollisuuden ostaa tilauksesta ja tehtaiden omistajille mahdollisuuden myyd\u00e4 ylim\u00e4\u00e4r\u00e4ist\u00e4 kapasiteettiaan. T\u00e4ss\u00e4 luotamme yhteisty\u00f6h\u00f6n liikekumppaniemme kanssa.<\/p>\n\n\n\n<h3 class=\"gb-headline gb-headline-93081b9b gb-headline-text\">Digitaalinen<\/h3>\n\n\n\n<p class=\"gb-headline gb-headline-609a3b3e gb-headline-text\">Combi Works toimii AirFaas-hankintaj\u00e4rjestelm\u00e4ss\u00e4. Kaikki yhteisty\u00f6kumppanit voivat kirjautua sis\u00e4\u00e4n ja n\u00e4hd\u00e4 tilaukset, l\u00e4hetykset sek\u00e4 kaikki projektiin ja valmistukseen liittyv\u00e4t tiedot yksinkertaisilla n\u00e4kymill\u00e4, jotka helpottavat n\u00e4kyvyytt\u00e4 ja j\u00e4ljitett\u00e4vyytt\u00e4. Aina saatavilla keskitetyss\u00e4 paikassa, jossa voi yhdess\u00e4 vied\u00e4 eteenp\u00e4in ja tehd\u00e4 yhteisty\u00f6t\u00e4. Tiimimme auttaa sinua mielell\u00e4\u00e4n k\u00e4ytt\u00e4j\u00e4n luomisessa <a rel=\"noreferrer noopener\" href=\"https:\/\/next.airfaas.com\/login?show=register\" target=\"_blank\">t\u00e4\u00e4ll\u00e4<\/a>.<\/p>\n\n\n\n<h3 class=\"wp-block-heading\">Kest\u00e4v\u00e4 kehitys<\/h3>\n\n\n\n<p class=\"gb-headline gb-headline-a05c920e gb-headline-text\">Kest\u00e4v\u00e4 kehitys on kirjava kokonaisuus. Pyrimme parantamaan tuotantop\u00e4\u00e4t\u00f6ksi\u00e4, jotta kest\u00e4v\u00e4 kehitys olisi luonnollinen ja syvempi osa toimitusketjun p\u00e4\u00e4t\u00f6ksentekoa. Koska Combi Works ty\u00f6skentelee sek\u00e4 Aasiassa ett\u00e4 Euroopassa ja hallitsee hyvin laajoja toimitusketjuja, se on keskeisess\u00e4 asemassa vaikuttamassa toimitusketjun valintoihin ja tuoda kiertotalouden periaatteet monien eturivin laitevalmistajien tuotantoon.<\/p>\n\n\n\n<p class=\"gb-headline gb-headline-5d5279f8 gb-headline-text\">Lue lis\u00e4\u00e4 <a href=\"https:\/\/www.combiworks.com\/fi\/kestava-kehitys\/\" data-type=\"page\" data-id=\"4307\">kest\u00e4v\u00e4n kehityksen strategiastamme t\u00e4\u00e4lt\u00e4<\/a>. <br><br><\/p>\n\n<\/div>\n<\/div>","protected":false},"excerpt":{"rendered":"<p>Combi Works Tietoa yrityksest\u00e4 Combi Works lukuina Missio Helpotamme maailman siirtymist\u00e4 kohti helppoa ja kest\u00e4v\u00e4\u00e4 valmistusta. USP Making manufacturing easy Combi Works on valmistusyritys, joka tekee asiat toisin. Strategiamme on, ett\u00e4 emme omista seini\u00e4 tai koneita vaan optimoimme olemassa olevan kapasiteetin k\u00e4yt\u00f6n ja annamme yrityksille mahdollisuuden ostaa tilauksesta ja tehtaiden omistajille mahdollisuuden myyd\u00e4 ylim\u00e4\u00e4r\u00e4ist\u00e4 kapasiteettiaan. &#8230; <a title=\"Yritys\" class=\"read-more\" href=\"https:\/\/www.combiworks.com\/fi\/yritys\/\" aria-label=\"Lue lis\u00e4\u00e4 aiheesta Yritys\">Lue lis\u00e4\u00e4<\/a><\/p>\n","protected":false},"author":1,"featured_media":0,"parent":0,"menu_order":73,"comment_status":"closed","ping_status":"closed","template":"","meta":{"_acf_changed":false,"inline_featured_image":false,"_kad_blocks_custom_css":"","_kad_blocks_head_custom_js":"","_kad_blocks_body_custom_js":"","_kad_blocks_footer_custom_js":"","footnotes":""},"categories":[],"class_list":["post-6065","page","type-page","status-publish","format-standard"],"acf":[],"yoast_head":"<!-- This site is optimized with the Yoast SEO plugin v25.5 - https:\/\/yoast.com\/wordpress\/plugins\/seo\/ -->\n<title>Yritys - Combi Works<\/title>\n<meta name=\"robots\" content=\"index, follow, max-snippet:-1, max-image-preview:large, max-video-preview:-1\" \/>\n<link rel=\"canonical\" href=\"https:\/\/www.combiworks.com\/fi\/yritys\/\" \/>\n<meta property=\"og:locale\" content=\"fi_FI\" \/>\n<meta property=\"og:type\" content=\"article\" \/>\n<meta property=\"og:title\" content=\"Yritys - Combi Works\" \/>\n<meta property=\"og:description\" content=\"Combi Works Tietoa yrityksest\u00e4 Combi Works lukuina Missio Helpotamme maailman siirtymist\u00e4 kohti helppoa ja kest\u00e4v\u00e4\u00e4 valmistusta. USP Making manufacturing easy Combi Works on valmistusyritys, joka tekee asiat toisin. Strategiamme on, ett\u00e4 emme omista seini\u00e4 tai koneita vaan optimoimme olemassa olevan kapasiteetin k\u00e4yt\u00f6n ja annamme yrityksille mahdollisuuden ostaa tilauksesta ja tehtaiden omistajille mahdollisuuden myyd\u00e4 ylim\u00e4\u00e4r\u00e4ist\u00e4 kapasiteettiaan. ... Lue lis\u00e4\u00e4\" \/>\n<meta property=\"og:url\" content=\"https:\/\/www.combiworks.com\/fi\/yritys\/\" \/>\n<meta property=\"og:site_name\" content=\"Combi Works\" \/>\n<meta property=\"article:publisher\" content=\"https:\/\/www.facebook.com\/people\/Combi-Works\/100057440740208\/\" \/>\n<meta property=\"article:modified_time\" content=\"2023-09-19T11:37:34+00:00\" \/>\n<meta property=\"og:image\" content=\"https:\/\/www.combiworks.com\/wp-content\/uploads\/2023\/06\/shutterstock_1473734858.jpg\" \/>\n\t<meta property=\"og:image:width\" content=\"1400\" \/>\n\t<meta property=\"og:image:height\" content=\"957\" \/>\n\t<meta property=\"og:image:type\" content=\"image\/jpeg\" \/>\n<meta name=\"twitter:card\" content=\"summary_large_image\" \/>\n<meta name=\"twitter:label1\" content=\"Arvioitu lukuaika\" \/>\n\t<meta name=\"twitter:data1\" content=\"1 minuutti\" \/>\n<script type=\"application\/ld+json\" class=\"yoast-schema-graph\">{\"@context\":\"https:\/\/schema.org\",\"@graph\":[{\"@type\":\"WebPage\",\"@id\":\"https:\/\/www.combiworks.com\/fi\/yritys\/\",\"url\":\"https:\/\/www.combiworks.com\/fi\/yritys\/\",\"name\":\"Yritys - Combi Works\",\"isPartOf\":{\"@id\":\"https:\/\/www.combiworks.com\/fi\/#website\"},\"datePublished\":\"2023-06-09T07:47:04+00:00\",\"dateModified\":\"2023-09-19T11:37:34+00:00\",\"breadcrumb\":{\"@id\":\"https:\/\/www.combiworks.com\/fi\/yritys\/#breadcrumb\"},\"inLanguage\":\"fi\",\"potentialAction\":[{\"@type\":\"ReadAction\",\"target\":[\"https:\/\/www.combiworks.com\/fi\/yritys\/\"]}]},{\"@type\":\"BreadcrumbList\",\"@id\":\"https:\/\/www.combiworks.com\/fi\/yritys\/#breadcrumb\",\"itemListElement\":[{\"@type\":\"ListItem\",\"position\":1,\"name\":\"Home\",\"item\":\"https:\/\/www.combiworks.com\/fi\/\"},{\"@type\":\"ListItem\",\"position\":2,\"name\":\"Yritys\"}]},{\"@type\":\"WebSite\",\"@id\":\"https:\/\/www.combiworks.com\/fi\/#website\",\"url\":\"https:\/\/www.combiworks.com\/fi\/\",\"name\":\"Combi Works\",\"description\":\"The industrial manufacturing company - working in machine building and infra sectors\",\"publisher\":{\"@id\":\"https:\/\/www.combiworks.com\/fi\/#organization\"},\"potentialAction\":[{\"@type\":\"SearchAction\",\"target\":{\"@type\":\"EntryPoint\",\"urlTemplate\":\"https:\/\/www.combiworks.com\/fi\/?s={search_term_string}\"},\"query-input\":{\"@type\":\"PropertyValueSpecification\",\"valueRequired\":true,\"valueName\":\"search_term_string\"}}],\"inLanguage\":\"fi\"},{\"@type\":\"Organization\",\"@id\":\"https:\/\/www.combiworks.com\/fi\/#organization\",\"name\":\"Combi Works\",\"url\":\"https:\/\/www.combiworks.com\/fi\/\",\"logo\":{\"@type\":\"ImageObject\",\"inLanguage\":\"fi\",\"@id\":\"https:\/\/www.combiworks.com\/fi\/#\/schema\/logo\/image\/\",\"url\":\"https:\/\/www.combiworks.com\/wp-content\/uploads\/2023\/09\/combi_works_logo_color-1.png\",\"contentUrl\":\"https:\/\/www.combiworks.com\/wp-content\/uploads\/2023\/09\/combi_works_logo_color-1.png\",\"width\":500,\"height\":500,\"caption\":\"Combi Works\"},\"image\":{\"@id\":\"https:\/\/www.combiworks.com\/fi\/#\/schema\/logo\/image\/\"},\"sameAs\":[\"https:\/\/www.facebook.com\/people\/Combi-Works\/100057440740208\/\",\"https:\/\/www.linkedin.com\/company\/nordic-cast-sourcing-ltd\"]}]}<\/script>\n<!-- \/ Yoast SEO plugin. -->","yoast_head_json":{"title":"Yritys - Combi Works","robots":{"index":"index","follow":"follow","max-snippet":"max-snippet:-1","max-image-preview":"max-image-preview:large","max-video-preview":"max-video-preview:-1"},"canonical":"https:\/\/www.combiworks.com\/fi\/yritys\/","og_locale":"fi_FI","og_type":"article","og_title":"Yritys - Combi Works","og_description":"Combi Works Tietoa yrityksest\u00e4 Combi Works lukuina Missio Helpotamme maailman siirtymist\u00e4 kohti helppoa ja kest\u00e4v\u00e4\u00e4 valmistusta. USP Making manufacturing easy Combi Works on valmistusyritys, joka tekee asiat toisin. Strategiamme on, ett\u00e4 emme omista seini\u00e4 tai koneita vaan optimoimme olemassa olevan kapasiteetin k\u00e4yt\u00f6n ja annamme yrityksille mahdollisuuden ostaa tilauksesta ja tehtaiden omistajille mahdollisuuden myyd\u00e4 ylim\u00e4\u00e4r\u00e4ist\u00e4 kapasiteettiaan. ... Lue lis\u00e4\u00e4","og_url":"https:\/\/www.combiworks.com\/fi\/yritys\/","og_site_name":"Combi Works","article_publisher":"https:\/\/www.facebook.com\/people\/Combi-Works\/100057440740208\/","article_modified_time":"2023-09-19T11:37:34+00:00","og_image":[{"width":1400,"height":957,"url":"https:\/\/www.combiworks.com\/wp-content\/uploads\/2023\/06\/shutterstock_1473734858.jpg","type":"image\/jpeg"}],"twitter_card":"summary_large_image","twitter_misc":{"Arvioitu lukuaika":"1 minuutti"},"schema":{"@context":"https:\/\/schema.org","@graph":[{"@type":"WebPage","@id":"https:\/\/www.combiworks.com\/fi\/yritys\/","url":"https:\/\/www.combiworks.com\/fi\/yritys\/","name":"Yritys - Combi Works","isPartOf":{"@id":"https:\/\/www.combiworks.com\/fi\/#website"},"datePublished":"2023-06-09T07:47:04+00:00","dateModified":"2023-09-19T11:37:34+00:00","breadcrumb":{"@id":"https:\/\/www.combiworks.com\/fi\/yritys\/#breadcrumb"},"inLanguage":"fi","potentialAction":[{"@type":"ReadAction","target":["https:\/\/www.combiworks.com\/fi\/yritys\/"]}]},{"@type":"BreadcrumbList","@id":"https:\/\/www.combiworks.com\/fi\/yritys\/#breadcrumb","itemListElement":[{"@type":"ListItem","position":1,"name":"Home","item":"https:\/\/www.combiworks.com\/fi\/"},{"@type":"ListItem","position":2,"name":"Yritys"}]},{"@type":"WebSite","@id":"https:\/\/www.combiworks.com\/fi\/#website","url":"https:\/\/www.combiworks.com\/fi\/","name":"Combi Works","description":"The industrial manufacturing company - working in machine building and infra sectors","publisher":{"@id":"https:\/\/www.combiworks.com\/fi\/#organization"},"potentialAction":[{"@type":"SearchAction","target":{"@type":"EntryPoint","urlTemplate":"https:\/\/www.combiworks.com\/fi\/?s={search_term_string}"},"query-input":{"@type":"PropertyValueSpecification","valueRequired":true,"valueName":"search_term_string"}}],"inLanguage":"fi"},{"@type":"Organization","@id":"https:\/\/www.combiworks.com\/fi\/#organization","name":"Combi Works","url":"https:\/\/www.combiworks.com\/fi\/","logo":{"@type":"ImageObject","inLanguage":"fi","@id":"https:\/\/www.combiworks.com\/fi\/#\/schema\/logo\/image\/","url":"https:\/\/www.combiworks.com\/wp-content\/uploads\/2023\/09\/combi_works_logo_color-1.png","contentUrl":"https:\/\/www.combiworks.com\/wp-content\/uploads\/2023\/09\/combi_works_logo_color-1.png","width":500,"height":500,"caption":"Combi Works"},"image":{"@id":"https:\/\/www.combiworks.com\/fi\/#\/schema\/logo\/image\/"},"sameAs":["https:\/\/www.facebook.com\/people\/Combi-Works\/100057440740208\/","https:\/\/www.linkedin.com\/company\/nordic-cast-sourcing-ltd"]}]}},"taxonomy_info":[],"featured_image_src_large":false,"author_info":{"display_name":"KimTakala","author_link":"https:\/\/www.combiworks.com\/fi\/author\/kimtakala\/"},"comment_info":"","_links":{"self":[{"href":"https:\/\/www.combiworks.com\/fi\/wp-json\/wp\/v2\/pages\/6065","targetHints":{"allow":["GET"]}}],"collection":[{"href":"https:\/\/www.combiworks.com\/fi\/wp-json\/wp\/v2\/pages"}],"about":[{"href":"https:\/\/www.combiworks.com\/fi\/wp-json\/wp\/v2\/types\/page"}],"author":[{"embeddable":true,"href":"https:\/\/www.combiworks.com\/fi\/wp-json\/wp\/v2\/users\/1"}],"replies":[{"embeddable":true,"href":"https:\/\/www.combiworks.com\/fi\/wp-json\/wp\/v2\/comments?post=6065"}],"version-history":[{"count":0,"href":"https:\/\/www.combiworks.com\/fi\/wp-json\/wp\/v2\/pages\/6065\/revisions"}],"wp:attachment":[{"href":"https:\/\/www.combiworks.com\/fi\/wp-json\/wp\/v2\/media?parent=6065"}],"wp:term":[{"taxonomy":"category","embeddable":true,"href":"https:\/\/www.combiworks.com\/fi\/wp-json\/wp\/v2\/categories?post=6065"}],"curies":[{"name":"wp","href":"https:\/\/api.w.org\/{rel}","templated":true}]}}