{"id":5943,"date":"2023-08-21T14:23:58","date_gmt":"2023-08-21T11:23:58","guid":{"rendered":"https:\/\/www.combiworks.com\/infra\/kuntasektori\/"},"modified":"2023-09-18T19:59:57","modified_gmt":"2023-09-18T16:59:57","slug":"kuntasektori","status":"publish","type":"page","link":"https:\/\/www.combiworks.com\/fi\/infra\/kuntasektori\/","title":{"rendered":"Kuntasektori"},"content":{"rendered":"<div class=\"gb-container gb-container-d6474ef4\" style=\"background-image: url(https:\/\/www.combiworks.com\/wp-content\/uploads\/2023\/06\/shutterstock_1139682737.jpg);\">\n<div class=\"gb-container gb-container-2fa58fe5\">\n<div class=\"gb-container gb-container-a2c369cb\">\n\n<div class=\"gb-headline gb-headline-a978a0b7 gb-headline-text\">Tietoa<\/div>\n\n\n\n<h1 class=\"gb-headline gb-headline-d4eaef4e gb-headline-text\">kunnille ja kaupungeille infra-tuotteista<\/h1>\n\n<\/div>\n<\/div>\n<\/div><div class=\"gb-container gb-container-e67c6fcb\">\n<div class=\"gb-container gb-container-0fca720e\"><\/div>\n\n<div class=\"gb-container gb-container-d250e16d\"><\/div>\n<\/div><div class=\"gb-container gb-container-aaf28159 alignfull\">\n<div class=\"gb-container gb-container-8004ae77\">\n\n<h2 class=\"gb-headline gb-headline-edcf5c2c gb-headline-text\">Tervetuloa Combi Worksille:<br>Kuinka Combi Works ja tuotteemme tukevat kuntien toimintaa:<\/h2>\n\n\n\n<p class=\"gb-headline gb-headline-a05c920e gb-headline-text\">Ymm\u00e4rr\u00e4mme, kuinka t\u00e4rke\u00e4\u00e4 on valita luotettava kaivonkansien, puunsuojaritil\u00f6iden ja linjakuivatuskourujen toimittaja kunnallesi. Combi Works, markkinajohtaja Suomessa ja Virossa, sitoutuu tarjoamaan kattavan ratkaisun, joka yhdist\u00e4\u00e4 insin\u00f6\u00f6ritaidon huippuluokan palveluprosessiin.<\/p>\n\n\n\n<h3 class=\"gb-headline gb-headline-59ab859e gb-headline-text\">Kuntien tukeminen asiantuntemuksella:<\/h3>\n\n\n\n<p class=\"gb-headline gb-headline-662b3916 gb-headline-text\">Kunnille on kriittisen t\u00e4rke\u00e4\u00e4 tehd\u00e4 perusteltuja ja pitk\u00e4j\u00e4nteisi\u00e4 p\u00e4\u00e4t\u00f6ksi\u00e4. Olemme t\u00e4ysin suomalainen perheyhti\u00f6, joka on sitoutunut alan kehitt\u00e4miseen. Combi Works on rakentanut asiantuntijatiimin, joka on syv\u00e4llisesti perehtynyt alaan, varmistaen, ett\u00e4 p\u00e4\u00e4t\u00f6ksesi perustuvat asiantuntemukseen. Sitoutumisemme innovaatioihin takaa, ett\u00e4 sinulla on p\u00e4\u00e4sy uusiinkin tuotteisiin ja varmistat, ett\u00e4 kuntasi infra pysyy ajan hermolla.<\/p>\n\n\n\n<h3 class=\"gb-headline gb-headline-865b0a12 gb-headline-text\">Suunniteltu kest\u00e4m\u00e4\u00e4n:<\/h3>\n\n\n\n<p>Ymm\u00e4rr\u00e4mme kuinka t\u00e4rke\u00e4 on infrasi kest\u00e4vyys, niinp\u00e4 Combi Works tarjoaa tuotevalikoiman, joka vastaa kuntaprojektien vaatimuksia. Voimme my\u00f6s toteuttaa kaupunkien logoja, tekstej\u00e4 tai vaakunoita. Olemme kehitt\u00e4neet ratkaisuja yhdess\u00e4 kuntien ja vesiyhti\u00f6iden asiantuntijoiden kanssa vastaamaan projektiesi vaatimuksia ja varmistaaksemme infrasi pitk\u00e4ik\u00e4isyyden.<\/p>\n\n\n\n<h3 class=\"gb-headline gb-headline-b66d74ee gb-headline-text\">Laaja mahdollisuuksien kirjo:<\/h3>\n\n\n\n<p>Aina kaivonkansista puunsuojaritil\u00f6ihin ja poistovesikouruihin, laaja tuotevalikoimamme palvelee kuntasi tarpeita. Olitpa sitten perinteisten ratkaisujen per\u00e4\u00e4n tai tarvitset r\u00e4\u00e4t\u00e4l\u00f6ityj\u00e4 ratkaisuja, Combi Worksilla on vastaus. K\u00e4ytt\u00e4j\u00e4yst\u00e4v\u00e4llinen katalogimme helpottaa etsint\u00e4\u00e4si sopivan ratkaisun l\u00f6yt\u00e4miseksi.<\/p>\n\n\n\n<h3 class=\"gb-headline gb-headline-0cafebde gb-headline-text\">Laadunvarmistus:<\/h3>\n\n\n\n<p>Laatuosastomme ty\u00f6skentelee varmistaakseen tuotteiden laadun. Valmistusprosessimme ja testausprotokollamme varmistavat, ett\u00e4 tuotteemme t\u00e4ytt\u00e4v\u00e4t alan standardit. Combi Works -tuotteiden kest\u00e4vyys ja lujuus ovat kunnossa.<\/p>\n\n\n\n<h3 class=\"gb-headline gb-headline-24ff0f56 gb-headline-text\">Varastomme kautta voimme t\u00e4ytt\u00e4\u00e4 yll\u00e4tt\u00e4v\u00e4tkin tarpeesi:<\/h3>\n\n\n\n<p>Kuntien toiminta ja vastuut ovat suuria, ja varastomme voikin olla ratkaisu sinun yll\u00e4tt\u00e4viss\u00e4 tarpeissasi. Kaivonkannet saapuvat aikataulussa ja voivat ratkaista yll\u00e4tt\u00e4viss\u00e4 ongelmatilanteissa.<\/p>\n\n\n\n<h3 class=\"gb-headline gb-headline-bd7d80c2 gb-headline-text\">Alan johtavien tahojen suosittelema:<\/h3>\n\n\n\n<p>Sitoutumistamme laadukkaaseen toimintaan korostavat vahvat referenssit pohjoismaisilta kunnilta ja kunnallisilta vesiyhti\u00f6ilt\u00e4. Yhteisty\u00f6 n\u00e4iden tahojen kanssa on laajentanut tarjontaamme ja vahvistanut asemamme luotettavana kumppanina kuntaprojekteissa.<\/p>\n\n\n\n<h3 class=\"gb-headline gb-headline-8757b964 gb-headline-text\">Yhdess\u00e4 edistyksen tiell\u00e4:<\/h3>\n\n\n\n<p>Ottamalle Combi Worksin kumppaniksesi saat partnerin, joka aktiivisesti muokkaa kaivonkansien tulevaisuutta Euroopassa. Osallistumisemme Euroopan EN124-standardin kehitt\u00e4miseen on todiste sitoutumisestamme tuotteiden turvallisuuden parantamiseen ja alan edist\u00e4miseen.<\/p>\n\n\n\n<p><strong>Yhteenvetona:<\/strong><\/p>\n\n\n\n<ul class=\"wp-block-list\">\n<li>Palvelemme kuntia asiantuntijaosaamisella <\/li>\n\n\n\n<li> Suunnittelemme tuotteita vaativiinkin olosuhteisiin<\/li>\n\n\n\n<li> Laatutarkastukset, jotka takaavat luotettavuuden <\/li>\n\n\n\n<li>Nopea tilausten t\u00e4ytt\u00e4minen sujuvan toiminnan tueksi <\/li>\n\n\n\n<li>Pohjoisten kuntien ja vesiyhti\u00f6iden vahvat referenssit<\/li>\n\n\n\n<li>Mukana alan standardien muokkaamisessa<\/li>\n<\/ul>\n\n\n\n<p><a href=\"https:\/\/www.combiworks.com\/en\/contact\/\" data-type=\"page\" data-id=\"1215\">Ota meihin yhteytt\u00e4 t\u00e4n\u00e4\u00e4n<\/a> aloittaaksesi matkasi erinomaisten infratuotteiden pariin.<\/p>\n\n<\/div>\n<\/div>","protected":false},"excerpt":{"rendered":"<p>Tietoa kunnille ja kaupungeille infra-tuotteista Tervetuloa Combi Worksille:Kuinka Combi Works ja tuotteemme tukevat kuntien toimintaa: Ymm\u00e4rr\u00e4mme, kuinka t\u00e4rke\u00e4\u00e4 on valita luotettava kaivonkansien, puunsuojaritil\u00f6iden ja linjakuivatuskourujen toimittaja kunnallesi. Combi Works, markkinajohtaja Suomessa ja Virossa, sitoutuu tarjoamaan kattavan ratkaisun, joka yhdist\u00e4\u00e4 insin\u00f6\u00f6ritaidon huippuluokan palveluprosessiin. Kuntien tukeminen asiantuntemuksella: Kunnille on kriittisen t\u00e4rke\u00e4\u00e4 tehd\u00e4 perusteltuja ja pitk\u00e4j\u00e4nteisi\u00e4 p\u00e4\u00e4t\u00f6ksi\u00e4. Olemme &#8230; <a title=\"Kuntasektori\" class=\"read-more\" href=\"https:\/\/www.combiworks.com\/fi\/infra\/kuntasektori\/\" aria-label=\"Lue lis\u00e4\u00e4 aiheesta Kuntasektori\">Lue lis\u00e4\u00e4<\/a><\/p>\n","protected":false},"author":1,"featured_media":4626,"parent":5937,"menu_order":44,"comment_status":"closed","ping_status":"closed","template":"","meta":{"_acf_changed":false,"inline_featured_image":false,"_kad_blocks_custom_css":"","_kad_blocks_head_custom_js":"","_kad_blocks_body_custom_js":"","_kad_blocks_footer_custom_js":"","footnotes":""},"categories":[],"class_list":["post-5943","page","type-page","status-publish","format-standard","has-post-thumbnail"],"acf":[],"yoast_head":"<!-- This site is optimized with the Yoast SEO plugin v25.5 - https:\/\/yoast.com\/wordpress\/plugins\/seo\/ -->\n<title>Kuntasektori - Combi Works<\/title>\n<meta name=\"robots\" content=\"index, follow, max-snippet:-1, max-image-preview:large, max-video-preview:-1\" \/>\n<link rel=\"canonical\" href=\"https:\/\/www.combiworks.com\/fi\/infra\/kuntasektori\/\" \/>\n<meta property=\"og:locale\" content=\"fi_FI\" \/>\n<meta property=\"og:type\" content=\"article\" \/>\n<meta property=\"og:title\" content=\"Kuntasektori - Combi Works\" \/>\n<meta property=\"og:description\" content=\"Tietoa kunnille ja kaupungeille infra-tuotteista Tervetuloa Combi Worksille:Kuinka Combi Works ja tuotteemme tukevat kuntien toimintaa: Ymm\u00e4rr\u00e4mme, kuinka t\u00e4rke\u00e4\u00e4 on valita luotettava kaivonkansien, puunsuojaritil\u00f6iden ja linjakuivatuskourujen toimittaja kunnallesi. Combi Works, markkinajohtaja Suomessa ja Virossa, sitoutuu tarjoamaan kattavan ratkaisun, joka yhdist\u00e4\u00e4 insin\u00f6\u00f6ritaidon huippuluokan palveluprosessiin. Kuntien tukeminen asiantuntemuksella: Kunnille on kriittisen t\u00e4rke\u00e4\u00e4 tehd\u00e4 perusteltuja ja pitk\u00e4j\u00e4nteisi\u00e4 p\u00e4\u00e4t\u00f6ksi\u00e4. Olemme ... Lue lis\u00e4\u00e4\" \/>\n<meta property=\"og:url\" content=\"https:\/\/www.combiworks.com\/fi\/infra\/kuntasektori\/\" \/>\n<meta property=\"og:site_name\" content=\"Combi Works\" \/>\n<meta property=\"article:publisher\" content=\"https:\/\/www.facebook.com\/people\/Combi-Works\/100057440740208\/\" \/>\n<meta property=\"article:modified_time\" content=\"2023-09-18T16:59:57+00:00\" \/>\n<meta property=\"og:image\" content=\"https:\/\/www.combiworks.com\/wp-content\/uploads\/2023\/06\/shutterstock_1139682737.jpg\" \/>\n\t<meta property=\"og:image:width\" content=\"1400\" \/>\n\t<meta property=\"og:image:height\" content=\"1050\" \/>\n\t<meta property=\"og:image:type\" content=\"image\/jpeg\" \/>\n<meta name=\"twitter:card\" content=\"summary_large_image\" \/>\n<meta name=\"twitter:label1\" content=\"Arvioitu lukuaika\" \/>\n\t<meta name=\"twitter:data1\" content=\"2 minuuttia\" \/>\n<script type=\"application\/ld+json\" class=\"yoast-schema-graph\">{\"@context\":\"https:\/\/schema.org\",\"@graph\":[{\"@type\":\"WebPage\",\"@id\":\"https:\/\/www.combiworks.com\/fi\/infra\/kuntasektori\/\",\"url\":\"https:\/\/www.combiworks.com\/fi\/infra\/kuntasektori\/\",\"name\":\"Kuntasektori - Combi Works\",\"isPartOf\":{\"@id\":\"https:\/\/www.combiworks.com\/fi\/#website\"},\"primaryImageOfPage\":{\"@id\":\"https:\/\/www.combiworks.com\/fi\/infra\/kuntasektori\/#primaryimage\"},\"image\":{\"@id\":\"https:\/\/www.combiworks.com\/fi\/infra\/kuntasektori\/#primaryimage\"},\"thumbnailUrl\":\"https:\/\/www.combiworks.com\/wp-content\/uploads\/2023\/06\/shutterstock_1139682737.jpg\",\"datePublished\":\"2023-08-21T11:23:58+00:00\",\"dateModified\":\"2023-09-18T16:59:57+00:00\",\"breadcrumb\":{\"@id\":\"https:\/\/www.combiworks.com\/fi\/infra\/kuntasektori\/#breadcrumb\"},\"inLanguage\":\"fi\",\"potentialAction\":[{\"@type\":\"ReadAction\",\"target\":[\"https:\/\/www.combiworks.com\/fi\/infra\/kuntasektori\/\"]}]},{\"@type\":\"ImageObject\",\"inLanguage\":\"fi\",\"@id\":\"https:\/\/www.combiworks.com\/fi\/infra\/kuntasektori\/#primaryimage\",\"url\":\"https:\/\/www.combiworks.com\/wp-content\/uploads\/2023\/06\/shutterstock_1139682737.jpg\",\"contentUrl\":\"https:\/\/www.combiworks.com\/wp-content\/uploads\/2023\/06\/shutterstock_1139682737.jpg\",\"width\":1400,\"height\":1050,\"caption\":\"Worker in uniform stand over the open sewer hatch. Repair of sewage or underground utilities, nightman cleans drains, cable laying\"},{\"@type\":\"BreadcrumbList\",\"@id\":\"https:\/\/www.combiworks.com\/fi\/infra\/kuntasektori\/#breadcrumb\",\"itemListElement\":[{\"@type\":\"ListItem\",\"position\":1,\"name\":\"Home\",\"item\":\"https:\/\/www.combiworks.com\/fi\/\"},{\"@type\":\"ListItem\",\"position\":2,\"name\":\"Infra\",\"item\":\"https:\/\/www.combiworks.com\/fi\/infra\/\"},{\"@type\":\"ListItem\",\"position\":3,\"name\":\"Kuntasektori\"}]},{\"@type\":\"WebSite\",\"@id\":\"https:\/\/www.combiworks.com\/fi\/#website\",\"url\":\"https:\/\/www.combiworks.com\/fi\/\",\"name\":\"Combi Works\",\"description\":\"The industrial manufacturing company - working in machine building and infra sectors\",\"publisher\":{\"@id\":\"https:\/\/www.combiworks.com\/fi\/#organization\"},\"potentialAction\":[{\"@type\":\"SearchAction\",\"target\":{\"@type\":\"EntryPoint\",\"urlTemplate\":\"https:\/\/www.combiworks.com\/fi\/?s={search_term_string}\"},\"query-input\":{\"@type\":\"PropertyValueSpecification\",\"valueRequired\":true,\"valueName\":\"search_term_string\"}}],\"inLanguage\":\"fi\"},{\"@type\":\"Organization\",\"@id\":\"https:\/\/www.combiworks.com\/fi\/#organization\",\"name\":\"Combi Works\",\"url\":\"https:\/\/www.combiworks.com\/fi\/\",\"logo\":{\"@type\":\"ImageObject\",\"inLanguage\":\"fi\",\"@id\":\"https:\/\/www.combiworks.com\/fi\/#\/schema\/logo\/image\/\",\"url\":\"https:\/\/www.combiworks.com\/wp-content\/uploads\/2023\/09\/combi_works_logo_color-1.png\",\"contentUrl\":\"https:\/\/www.combiworks.com\/wp-content\/uploads\/2023\/09\/combi_works_logo_color-1.png\",\"width\":500,\"height\":500,\"caption\":\"Combi Works\"},\"image\":{\"@id\":\"https:\/\/www.combiworks.com\/fi\/#\/schema\/logo\/image\/\"},\"sameAs\":[\"https:\/\/www.facebook.com\/people\/Combi-Works\/100057440740208\/\",\"https:\/\/www.linkedin.com\/company\/nordic-cast-sourcing-ltd\"]}]}<\/script>\n<!-- \/ Yoast SEO plugin. -->","yoast_head_json":{"title":"Kuntasektori - Combi Works","robots":{"index":"index","follow":"follow","max-snippet":"max-snippet:-1","max-image-preview":"max-image-preview:large","max-video-preview":"max-video-preview:-1"},"canonical":"https:\/\/www.combiworks.com\/fi\/infra\/kuntasektori\/","og_locale":"fi_FI","og_type":"article","og_title":"Kuntasektori - Combi Works","og_description":"Tietoa kunnille ja kaupungeille infra-tuotteista Tervetuloa Combi Worksille:Kuinka Combi Works ja tuotteemme tukevat kuntien toimintaa: Ymm\u00e4rr\u00e4mme, kuinka t\u00e4rke\u00e4\u00e4 on valita luotettava kaivonkansien, puunsuojaritil\u00f6iden ja linjakuivatuskourujen toimittaja kunnallesi. Combi Works, markkinajohtaja Suomessa ja Virossa, sitoutuu tarjoamaan kattavan ratkaisun, joka yhdist\u00e4\u00e4 insin\u00f6\u00f6ritaidon huippuluokan palveluprosessiin. Kuntien tukeminen asiantuntemuksella: Kunnille on kriittisen t\u00e4rke\u00e4\u00e4 tehd\u00e4 perusteltuja ja pitk\u00e4j\u00e4nteisi\u00e4 p\u00e4\u00e4t\u00f6ksi\u00e4. Olemme ... Lue lis\u00e4\u00e4","og_url":"https:\/\/www.combiworks.com\/fi\/infra\/kuntasektori\/","og_site_name":"Combi Works","article_publisher":"https:\/\/www.facebook.com\/people\/Combi-Works\/100057440740208\/","article_modified_time":"2023-09-18T16:59:57+00:00","og_image":[{"width":1400,"height":1050,"url":"https:\/\/www.combiworks.com\/wp-content\/uploads\/2023\/06\/shutterstock_1139682737.jpg","type":"image\/jpeg"}],"twitter_card":"summary_large_image","twitter_misc":{"Arvioitu lukuaika":"2 minuuttia"},"schema":{"@context":"https:\/\/schema.org","@graph":[{"@type":"WebPage","@id":"https:\/\/www.combiworks.com\/fi\/infra\/kuntasektori\/","url":"https:\/\/www.combiworks.com\/fi\/infra\/kuntasektori\/","name":"Kuntasektori - Combi Works","isPartOf":{"@id":"https:\/\/www.combiworks.com\/fi\/#website"},"primaryImageOfPage":{"@id":"https:\/\/www.combiworks.com\/fi\/infra\/kuntasektori\/#primaryimage"},"image":{"@id":"https:\/\/www.combiworks.com\/fi\/infra\/kuntasektori\/#primaryimage"},"thumbnailUrl":"https:\/\/www.combiworks.com\/wp-content\/uploads\/2023\/06\/shutterstock_1139682737.jpg","datePublished":"2023-08-21T11:23:58+00:00","dateModified":"2023-09-18T16:59:57+00:00","breadcrumb":{"@id":"https:\/\/www.combiworks.com\/fi\/infra\/kuntasektori\/#breadcrumb"},"inLanguage":"fi","potentialAction":[{"@type":"ReadAction","target":["https:\/\/www.combiworks.com\/fi\/infra\/kuntasektori\/"]}]},{"@type":"ImageObject","inLanguage":"fi","@id":"https:\/\/www.combiworks.com\/fi\/infra\/kuntasektori\/#primaryimage","url":"https:\/\/www.combiworks.com\/wp-content\/uploads\/2023\/06\/shutterstock_1139682737.jpg","contentUrl":"https:\/\/www.combiworks.com\/wp-content\/uploads\/2023\/06\/shutterstock_1139682737.jpg","width":1400,"height":1050,"caption":"Worker in uniform stand over the open sewer hatch. Repair of sewage or underground utilities, nightman cleans drains, cable laying"},{"@type":"BreadcrumbList","@id":"https:\/\/www.combiworks.com\/fi\/infra\/kuntasektori\/#breadcrumb","itemListElement":[{"@type":"ListItem","position":1,"name":"Home","item":"https:\/\/www.combiworks.com\/fi\/"},{"@type":"ListItem","position":2,"name":"Infra","item":"https:\/\/www.combiworks.com\/fi\/infra\/"},{"@type":"ListItem","position":3,"name":"Kuntasektori"}]},{"@type":"WebSite","@id":"https:\/\/www.combiworks.com\/fi\/#website","url":"https:\/\/www.combiworks.com\/fi\/","name":"Combi Works","description":"The industrial manufacturing company - working in machine building and infra sectors","publisher":{"@id":"https:\/\/www.combiworks.com\/fi\/#organization"},"potentialAction":[{"@type":"SearchAction","target":{"@type":"EntryPoint","urlTemplate":"https:\/\/www.combiworks.com\/fi\/?s={search_term_string}"},"query-input":{"@type":"PropertyValueSpecification","valueRequired":true,"valueName":"search_term_string"}}],"inLanguage":"fi"},{"@type":"Organization","@id":"https:\/\/www.combiworks.com\/fi\/#organization","name":"Combi Works","url":"https:\/\/www.combiworks.com\/fi\/","logo":{"@type":"ImageObject","inLanguage":"fi","@id":"https:\/\/www.combiworks.com\/fi\/#\/schema\/logo\/image\/","url":"https:\/\/www.combiworks.com\/wp-content\/uploads\/2023\/09\/combi_works_logo_color-1.png","contentUrl":"https:\/\/www.combiworks.com\/wp-content\/uploads\/2023\/09\/combi_works_logo_color-1.png","width":500,"height":500,"caption":"Combi Works"},"image":{"@id":"https:\/\/www.combiworks.com\/fi\/#\/schema\/logo\/image\/"},"sameAs":["https:\/\/www.facebook.com\/people\/Combi-Works\/100057440740208\/","https:\/\/www.linkedin.com\/company\/nordic-cast-sourcing-ltd"]}]}},"taxonomy_info":[],"featured_image_src_large":["https:\/\/www.combiworks.com\/wp-content\/uploads\/2023\/06\/shutterstock_1139682737-1024x768.jpg",1024,768,true],"author_info":{"display_name":"KimTakala","author_link":"https:\/\/www.combiworks.com\/fi\/author\/kimtakala\/"},"comment_info":"","_links":{"self":[{"href":"https:\/\/www.combiworks.com\/fi\/wp-json\/wp\/v2\/pages\/5943","targetHints":{"allow":["GET"]}}],"collection":[{"href":"https:\/\/www.combiworks.com\/fi\/wp-json\/wp\/v2\/pages"}],"about":[{"href":"https:\/\/www.combiworks.com\/fi\/wp-json\/wp\/v2\/types\/page"}],"author":[{"embeddable":true,"href":"https:\/\/www.combiworks.com\/fi\/wp-json\/wp\/v2\/users\/1"}],"replies":[{"embeddable":true,"href":"https:\/\/www.combiworks.com\/fi\/wp-json\/wp\/v2\/comments?post=5943"}],"version-history":[{"count":0,"href":"https:\/\/www.combiworks.com\/fi\/wp-json\/wp\/v2\/pages\/5943\/revisions"}],"up":[{"embeddable":true,"href":"https:\/\/www.combiworks.com\/fi\/wp-json\/wp\/v2\/pages\/5937"}],"wp:featuredmedia":[{"embeddable":true,"href":"https:\/\/www.combiworks.com\/fi\/wp-json\/wp\/v2\/media\/4626"}],"wp:attachment":[{"href":"https:\/\/www.combiworks.com\/fi\/wp-json\/wp\/v2\/media?parent=5943"}],"wp:term":[{"taxonomy":"category","embeddable":true,"href":"https:\/\/www.combiworks.com\/fi\/wp-json\/wp\/v2\/categories?post=5943"}],"curies":[{"name":"wp","href":"https:\/\/api.w.org\/{rel}","templated":true}]}}