{"id":5939,"date":"2023-06-11T15:00:37","date_gmt":"2023-06-11T12:00:37","guid":{"rendered":"https:\/\/www.combiworks.com\/infra\/tuotteet\/"},"modified":"2026-03-12T14:40:15","modified_gmt":"2026-03-12T12:40:15","slug":"tuotteet","status":"publish","type":"page","link":"https:\/\/www.combiworks.com\/fi\/infra\/tuotteet\/","title":{"rendered":"Tuotteet"},"content":{"rendered":"\n<div class=\"gb-element-75492139\">\n<div class=\"gb-element-28955189\">\n<div class=\"gb-element-9bdb88e8\">\n<img decoding=\"async\" class=\"gb-media-83f23c6e\" alt=\"\" src=\"https:\/\/www.combiworks.com\/wp-content\/uploads\/2023\/05\/Design-from-finland-merkki.svg\" title=\"Design-from-finland-merkki\"\/>\n\n\n\n<div class=\"gb-element-ff504b24\">\n<h5 class=\"gb-text gb-text-89ae9db5\">COMBI WORKS<\/h5>\n\n\n\n<h1 class=\"gb-text gb-text-def51854\">Infra-tuotteet<\/h1>\n<\/div>\n<\/div>\n\n\n\n<div class=\"gb-element-5cb9a5b6\">\n<div class=\"gb-element-491a7dc1\">\n<p>Combi Works Infra tarjoaa kest\u00e4vi\u00e4 infratuotteita kaduille, julkisiin tiloihin ja rakennushankkeisiin. Suomessa vaativiin pohjoismaisiin olosuhteisiin suunnitellut ratkaisumme tukevat kuntien, urakoitsijoiden ja rakennusalan ammattilaisten turvallista ja pitk\u00e4ik\u00e4ist\u00e4 kaupunki-infran rakentamista.<br><br>Tuotevalikoimaamme kuuluvat kaivonkannet, linjakuivatuskourut, maaritil\u00e4t ja AluFix\u00ae-turvakaiteet, jotka on suunniteltu luotettaviksi, helposti asennettaviksi ja pitk\u00e4ik\u00e4isiksi nykyaikaisissa infraymp\u00e4rist\u00f6iss\u00e4.<\/p>\n<\/div>\n<\/div>\n<\/div>\n\n\n\n<div>\n<div class=\"gb-element-6ffca2f4\">\n<a class=\"gb-element-00cd33f0\" href=\"https:\/\/www.combiworks.com\/en\/infra\/manhole-covers\/\">\n<div class=\"gb-element-e8f18878\">\n<p class=\"gb-text-65b8313d\"><span class=\"gb-text\"><strong>Kaivonkannet<\/strong><\/span><span class=\"gb-shape\"><svg id=\"uuid-b3e85615-3222-44c2-a41c-b71bc563f9a0\" xmlns=\"http:\/\/www.w3.org\/2000\/svg\" viewBox=\"0 0 171.73 120.65\"><path d=\"M170.36,63.6l-55.69,55.69c-1.8,1.81-4.75,1.81-6.55,0-1.81-1.8-1.81-4.75,0-6.56l47.76-47.76H4.64c-2.56,0-4.64-2.08-4.64-4.64s2.08-4.64,4.64-4.64h151.23L108.11,7.92c-1.81-1.81-1.81-4.76,0-6.56.91-.92,2.09-1.36,3.28-1.36s2.38.45,3.29,1.36l55.69,55.69c1.8,1.8,1.8,4.75,0,6.56l-.02-.02Z\" style=\"fill:current color\"><\/path><\/svg><\/span><\/p>\n<\/div>\n\n\n\n<div class=\"gb-element-a5d99146\">\n<span class=\"gb-shape gb-shape-76949d34\"><svg xmlns=\"http:\/\/www.w3.org\/2000\/svg\" viewBox=\"0 0 256 512\" width=\"1em\" height=\"1em\" aria-hidden=\"true\"><path d=\"M224.3 273l-136 136c-9.4 9.4-24.6 9.4-33.9 0l-22.6-22.6c-9.4-9.4-9.4-24.6 0-33.9l96.4-96.4-96.4-96.4c-9.4-9.4-9.4-24.6 0-33.9L54.3 103c9.4-9.4 24.6-9.4 33.9 0l136 136c9.5 9.4 9.5 24.6.1 34z\" fill=\"currentColor\"><\/path><\/svg><\/span>\n<\/div>\n<\/a>\n\n\n\n<a class=\"gb-element-0da90d64\" href=\"https:\/\/www.combiworks.com\/en\/infra\/alufix-safety-guardrails\/\">\n<div class=\"gb-element-8ca2507d\">\n<p class=\"gb-text-ac50e029\"><span class=\"gb-text\"><strong>AluFix\u00ae-turvakaiteet<\/strong><\/span><span class=\"gb-shape\"><svg id=\"uuid-b3e85615-3222-44c2-a41c-b71bc563f9a0\" xmlns=\"http:\/\/www.w3.org\/2000\/svg\" viewBox=\"0 0 171.73 120.65\"><path d=\"M170.36,63.6l-55.69,55.69c-1.8,1.81-4.75,1.81-6.55,0-1.81-1.8-1.81-4.75,0-6.56l47.76-47.76H4.64c-2.56,0-4.64-2.08-4.64-4.64s2.08-4.64,4.64-4.64h151.23L108.11,7.92c-1.81-1.81-1.81-4.76,0-6.56.91-.92,2.09-1.36,3.28-1.36s2.38.45,3.29,1.36l55.69,55.69c1.8,1.8,1.8,4.75,0,6.56l-.02-.02Z\" style=\"fill:current color\"><\/path><\/svg><\/span><\/p>\n<\/div>\n\n\n\n<div class=\"gb-element-9f1c4d33\">\n<span class=\"gb-shape gb-shape-439b5e54\"><svg xmlns=\"http:\/\/www.w3.org\/2000\/svg\" viewBox=\"0 0 256 512\" width=\"1em\" height=\"1em\" aria-hidden=\"true\"><path d=\"M224.3 273l-136 136c-9.4 9.4-24.6 9.4-33.9 0l-22.6-22.6c-9.4-9.4-9.4-24.6 0-33.9l96.4-96.4-96.4-96.4c-9.4-9.4-9.4-24.6 0-33.9L54.3 103c9.4-9.4 24.6-9.4 33.9 0l136 136c9.5 9.4 9.5 24.6.1 34z\" fill=\"currentColor\"><\/path><\/svg><\/span>\n<\/div>\n<\/a>\n\n\n\n<a class=\"gb-element-1b2992e7\" href=\"https:\/\/www.combiworks.com\/en\/infra\/channel-gratings\/\">\n<div class=\"gb-element-80998f21\">\n<p class=\"gb-text-64b848ac\"><span class=\"gb-text\"><strong>Linjakuivatuskourut<\/strong><\/span><span class=\"gb-shape\"><svg id=\"uuid-b3e85615-3222-44c2-a41c-b71bc563f9a0\" xmlns=\"http:\/\/www.w3.org\/2000\/svg\" viewBox=\"0 0 171.73 120.65\"><path d=\"M170.36,63.6l-55.69,55.69c-1.8,1.81-4.75,1.81-6.55,0-1.81-1.8-1.81-4.75,0-6.56l47.76-47.76H4.64c-2.56,0-4.64-2.08-4.64-4.64s2.08-4.64,4.64-4.64h151.23L108.11,7.92c-1.81-1.81-1.81-4.76,0-6.56.91-.92,2.09-1.36,3.28-1.36s2.38.45,3.29,1.36l55.69,55.69c1.8,1.8,1.8,4.75,0,6.56l-.02-.02Z\" style=\"fill:current color\"><\/path><\/svg><\/span><\/p>\n<\/div>\n\n\n\n<div class=\"gb-element-3320f6e2\">\n<span class=\"gb-shape gb-shape-ff8774f4\"><svg xmlns=\"http:\/\/www.w3.org\/2000\/svg\" viewBox=\"0 0 256 512\" width=\"1em\" height=\"1em\" aria-hidden=\"true\"><path d=\"M224.3 273l-136 136c-9.4 9.4-24.6 9.4-33.9 0l-22.6-22.6c-9.4-9.4-9.4-24.6 0-33.9l96.4-96.4-96.4-96.4c-9.4-9.4-9.4-24.6 0-33.9L54.3 103c9.4-9.4 24.6-9.4 33.9 0l136 136c9.5 9.4 9.5 24.6.1 34z\" fill=\"currentColor\"><\/path><\/svg><\/span>\n<\/div>\n<\/a>\n\n\n\n<a class=\"gb-element-97fe3a82\" href=\"https:\/\/www.combiworks.com\/en\/infra\/tree-gratings\/\">\n<div class=\"gb-element-d0e51a64\">\n<p class=\"gb-text-912d5179\"><span class=\"gb-text\"><strong>Maaritil\u00e4t<\/strong><\/span><span class=\"gb-shape\"><svg id=\"uuid-b3e85615-3222-44c2-a41c-b71bc563f9a0\" xmlns=\"http:\/\/www.w3.org\/2000\/svg\" viewBox=\"0 0 171.73 120.65\"><path d=\"M170.36,63.6l-55.69,55.69c-1.8,1.81-4.75,1.81-6.55,0-1.81-1.8-1.81-4.75,0-6.56l47.76-47.76H4.64c-2.56,0-4.64-2.08-4.64-4.64s2.08-4.64,4.64-4.64h151.23L108.11,7.92c-1.81-1.81-1.81-4.76,0-6.56.91-.92,2.09-1.36,3.28-1.36s2.38.45,3.29,1.36l55.69,55.69c1.8,1.8,1.8,4.75,0,6.56l-.02-.02Z\" style=\"fill:current color;\"><\/path><\/svg><\/span><\/p>\n<\/div>\n\n\n\n<div class=\"gb-element-1e5c586e\">\n<span class=\"gb-shape gb-shape-c0c7ca41\"><svg xmlns=\"http:\/\/www.w3.org\/2000\/svg\" viewBox=\"0 0 256 512\" width=\"1em\" height=\"1em\" aria-hidden=\"true\"><path d=\"M224.3 273l-136 136c-9.4 9.4-24.6 9.4-33.9 0l-22.6-22.6c-9.4-9.4-9.4-24.6 0-33.9l96.4-96.4-96.4-96.4c-9.4-9.4-9.4-24.6 0-33.9L54.3 103c9.4-9.4 24.6-9.4 33.9 0l136 136c9.5 9.4 9.5 24.6.1 34z\" fill=\"currentColor\"><\/path><\/svg><\/span>\n<\/div>\n<\/a>\n<\/div>\n<\/div>\n<\/div>\n","protected":false},"excerpt":{"rendered":"<p>COMBI WORKS Infra-tuotteet Combi Works Infra tarjoaa kest\u00e4vi\u00e4 infratuotteita kaduille, julkisiin tiloihin ja rakennushankkeisiin. Suomessa vaativiin pohjoismaisiin olosuhteisiin suunnitellut ratkaisumme tukevat kuntien, urakoitsijoiden ja rakennusalan ammattilaisten turvallista ja pitk\u00e4ik\u00e4ist\u00e4 kaupunki-infran rakentamista. Tuotevalikoimaamme kuuluvat kaivonkannet, linjakuivatuskourut, maaritil\u00e4t ja AluFix\u00ae-turvakaiteet, jotka on suunniteltu luotettaviksi, helposti asennettaviksi ja pitk\u00e4ik\u00e4isiksi nykyaikaisissa infraymp\u00e4rist\u00f6iss\u00e4.<\/p>\n","protected":false},"author":1,"featured_media":8902,"parent":5937,"menu_order":7,"comment_status":"closed","ping_status":"closed","template":"","meta":{"_acf_changed":false,"inline_featured_image":false,"_kad_blocks_custom_css":"","_kad_blocks_head_custom_js":"","_kad_blocks_body_custom_js":"","_kad_blocks_footer_custom_js":"","footnotes":""},"categories":[],"class_list":["post-5939","page","type-page","status-publish","format-standard","has-post-thumbnail"],"acf":[],"yoast_head":"<!-- This site is optimized with the Yoast SEO plugin v25.5 - https:\/\/yoast.com\/wordpress\/plugins\/seo\/ -->\n<title>Tuotteet - Combi Works<\/title>\n<meta name=\"robots\" content=\"index, follow, max-snippet:-1, max-image-preview:large, max-video-preview:-1\" \/>\n<link rel=\"canonical\" href=\"https:\/\/www.combiworks.com\/fi\/infra\/tuotteet\/\" \/>\n<meta property=\"og:locale\" content=\"fi_FI\" \/>\n<meta property=\"og:type\" content=\"article\" \/>\n<meta property=\"og:title\" content=\"Tuotteet - Combi Works\" \/>\n<meta property=\"og:description\" content=\"COMBI WORKS Infra-tuotteet Combi Works Infra tarjoaa kest\u00e4vi\u00e4 infratuotteita kaduille, julkisiin tiloihin ja rakennushankkeisiin. Suomessa vaativiin pohjoismaisiin olosuhteisiin suunnitellut ratkaisumme tukevat kuntien, urakoitsijoiden ja rakennusalan ammattilaisten turvallista ja pitk\u00e4ik\u00e4ist\u00e4 kaupunki-infran rakentamista. Tuotevalikoimaamme kuuluvat kaivonkannet, linjakuivatuskourut, maaritil\u00e4t ja AluFix\u00ae-turvakaiteet, jotka on suunniteltu luotettaviksi, helposti asennettaviksi ja pitk\u00e4ik\u00e4isiksi nykyaikaisissa infraymp\u00e4rist\u00f6iss\u00e4.\" \/>\n<meta property=\"og:url\" content=\"https:\/\/www.combiworks.com\/fi\/infra\/tuotteet\/\" \/>\n<meta property=\"og:site_name\" content=\"Combi Works\" \/>\n<meta property=\"article:publisher\" content=\"https:\/\/www.facebook.com\/people\/Combi-Works\/100057440740208\/\" \/>\n<meta property=\"article:modified_time\" content=\"2026-03-12T12:40:15+00:00\" \/>\n<meta property=\"og:image\" content=\"https:\/\/www.combiworks.com\/wp-content\/uploads\/2025\/05\/products-hero-03.jpg\" \/>\n\t<meta property=\"og:image:width\" content=\"1980\" \/>\n\t<meta property=\"og:image:height\" content=\"726\" \/>\n\t<meta property=\"og:image:type\" content=\"image\/jpeg\" \/>\n<meta name=\"twitter:card\" content=\"summary_large_image\" \/>\n<meta name=\"twitter:label1\" content=\"Arvioitu lukuaika\" \/>\n\t<meta name=\"twitter:data1\" content=\"2 minuuttia\" \/>\n<script type=\"application\/ld+json\" class=\"yoast-schema-graph\">{\"@context\":\"https:\/\/schema.org\",\"@graph\":[{\"@type\":\"WebPage\",\"@id\":\"https:\/\/www.combiworks.com\/fi\/infra\/tuotteet\/\",\"url\":\"https:\/\/www.combiworks.com\/fi\/infra\/tuotteet\/\",\"name\":\"Tuotteet - Combi Works\",\"isPartOf\":{\"@id\":\"https:\/\/www.combiworks.com\/fi\/#website\"},\"primaryImageOfPage\":{\"@id\":\"https:\/\/www.combiworks.com\/fi\/infra\/tuotteet\/#primaryimage\"},\"image\":{\"@id\":\"https:\/\/www.combiworks.com\/fi\/infra\/tuotteet\/#primaryimage\"},\"thumbnailUrl\":\"https:\/\/www.combiworks.com\/wp-content\/uploads\/2025\/05\/products-hero-03.jpg\",\"datePublished\":\"2023-06-11T12:00:37+00:00\",\"dateModified\":\"2026-03-12T12:40:15+00:00\",\"breadcrumb\":{\"@id\":\"https:\/\/www.combiworks.com\/fi\/infra\/tuotteet\/#breadcrumb\"},\"inLanguage\":\"fi\",\"potentialAction\":[{\"@type\":\"ReadAction\",\"target\":[\"https:\/\/www.combiworks.com\/fi\/infra\/tuotteet\/\"]}]},{\"@type\":\"ImageObject\",\"inLanguage\":\"fi\",\"@id\":\"https:\/\/www.combiworks.com\/fi\/infra\/tuotteet\/#primaryimage\",\"url\":\"https:\/\/www.combiworks.com\/wp-content\/uploads\/2025\/05\/products-hero-03.jpg\",\"contentUrl\":\"https:\/\/www.combiworks.com\/wp-content\/uploads\/2025\/05\/products-hero-03.jpg\",\"width\":1980,\"height\":726},{\"@type\":\"BreadcrumbList\",\"@id\":\"https:\/\/www.combiworks.com\/fi\/infra\/tuotteet\/#breadcrumb\",\"itemListElement\":[{\"@type\":\"ListItem\",\"position\":1,\"name\":\"Home\",\"item\":\"https:\/\/www.combiworks.com\/fi\/\"},{\"@type\":\"ListItem\",\"position\":2,\"name\":\"Infra\",\"item\":\"https:\/\/www.combiworks.com\/fi\/infra\/\"},{\"@type\":\"ListItem\",\"position\":3,\"name\":\"Tuotteet\"}]},{\"@type\":\"WebSite\",\"@id\":\"https:\/\/www.combiworks.com\/fi\/#website\",\"url\":\"https:\/\/www.combiworks.com\/fi\/\",\"name\":\"Combi Works\",\"description\":\"The industrial manufacturing company - working in machine building and infra sectors\",\"publisher\":{\"@id\":\"https:\/\/www.combiworks.com\/fi\/#organization\"},\"potentialAction\":[{\"@type\":\"SearchAction\",\"target\":{\"@type\":\"EntryPoint\",\"urlTemplate\":\"https:\/\/www.combiworks.com\/fi\/?s={search_term_string}\"},\"query-input\":{\"@type\":\"PropertyValueSpecification\",\"valueRequired\":true,\"valueName\":\"search_term_string\"}}],\"inLanguage\":\"fi\"},{\"@type\":\"Organization\",\"@id\":\"https:\/\/www.combiworks.com\/fi\/#organization\",\"name\":\"Combi Works\",\"url\":\"https:\/\/www.combiworks.com\/fi\/\",\"logo\":{\"@type\":\"ImageObject\",\"inLanguage\":\"fi\",\"@id\":\"https:\/\/www.combiworks.com\/fi\/#\/schema\/logo\/image\/\",\"url\":\"https:\/\/www.combiworks.com\/wp-content\/uploads\/2023\/09\/combi_works_logo_color-1.png\",\"contentUrl\":\"https:\/\/www.combiworks.com\/wp-content\/uploads\/2023\/09\/combi_works_logo_color-1.png\",\"width\":500,\"height\":500,\"caption\":\"Combi Works\"},\"image\":{\"@id\":\"https:\/\/www.combiworks.com\/fi\/#\/schema\/logo\/image\/\"},\"sameAs\":[\"https:\/\/www.facebook.com\/people\/Combi-Works\/100057440740208\/\",\"https:\/\/www.linkedin.com\/company\/nordic-cast-sourcing-ltd\"]}]}<\/script>\n<!-- \/ Yoast SEO plugin. -->","yoast_head_json":{"title":"Tuotteet - Combi Works","robots":{"index":"index","follow":"follow","max-snippet":"max-snippet:-1","max-image-preview":"max-image-preview:large","max-video-preview":"max-video-preview:-1"},"canonical":"https:\/\/www.combiworks.com\/fi\/infra\/tuotteet\/","og_locale":"fi_FI","og_type":"article","og_title":"Tuotteet - Combi Works","og_description":"COMBI WORKS Infra-tuotteet Combi Works Infra tarjoaa kest\u00e4vi\u00e4 infratuotteita kaduille, julkisiin tiloihin ja rakennushankkeisiin. Suomessa vaativiin pohjoismaisiin olosuhteisiin suunnitellut ratkaisumme tukevat kuntien, urakoitsijoiden ja rakennusalan ammattilaisten turvallista ja pitk\u00e4ik\u00e4ist\u00e4 kaupunki-infran rakentamista. Tuotevalikoimaamme kuuluvat kaivonkannet, linjakuivatuskourut, maaritil\u00e4t ja AluFix\u00ae-turvakaiteet, jotka on suunniteltu luotettaviksi, helposti asennettaviksi ja pitk\u00e4ik\u00e4isiksi nykyaikaisissa infraymp\u00e4rist\u00f6iss\u00e4.","og_url":"https:\/\/www.combiworks.com\/fi\/infra\/tuotteet\/","og_site_name":"Combi Works","article_publisher":"https:\/\/www.facebook.com\/people\/Combi-Works\/100057440740208\/","article_modified_time":"2026-03-12T12:40:15+00:00","og_image":[{"width":1980,"height":726,"url":"https:\/\/www.combiworks.com\/wp-content\/uploads\/2025\/05\/products-hero-03.jpg","type":"image\/jpeg"}],"twitter_card":"summary_large_image","twitter_misc":{"Arvioitu lukuaika":"2 minuuttia"},"schema":{"@context":"https:\/\/schema.org","@graph":[{"@type":"WebPage","@id":"https:\/\/www.combiworks.com\/fi\/infra\/tuotteet\/","url":"https:\/\/www.combiworks.com\/fi\/infra\/tuotteet\/","name":"Tuotteet - Combi Works","isPartOf":{"@id":"https:\/\/www.combiworks.com\/fi\/#website"},"primaryImageOfPage":{"@id":"https:\/\/www.combiworks.com\/fi\/infra\/tuotteet\/#primaryimage"},"image":{"@id":"https:\/\/www.combiworks.com\/fi\/infra\/tuotteet\/#primaryimage"},"thumbnailUrl":"https:\/\/www.combiworks.com\/wp-content\/uploads\/2025\/05\/products-hero-03.jpg","datePublished":"2023-06-11T12:00:37+00:00","dateModified":"2026-03-12T12:40:15+00:00","breadcrumb":{"@id":"https:\/\/www.combiworks.com\/fi\/infra\/tuotteet\/#breadcrumb"},"inLanguage":"fi","potentialAction":[{"@type":"ReadAction","target":["https:\/\/www.combiworks.com\/fi\/infra\/tuotteet\/"]}]},{"@type":"ImageObject","inLanguage":"fi","@id":"https:\/\/www.combiworks.com\/fi\/infra\/tuotteet\/#primaryimage","url":"https:\/\/www.combiworks.com\/wp-content\/uploads\/2025\/05\/products-hero-03.jpg","contentUrl":"https:\/\/www.combiworks.com\/wp-content\/uploads\/2025\/05\/products-hero-03.jpg","width":1980,"height":726},{"@type":"BreadcrumbList","@id":"https:\/\/www.combiworks.com\/fi\/infra\/tuotteet\/#breadcrumb","itemListElement":[{"@type":"ListItem","position":1,"name":"Home","item":"https:\/\/www.combiworks.com\/fi\/"},{"@type":"ListItem","position":2,"name":"Infra","item":"https:\/\/www.combiworks.com\/fi\/infra\/"},{"@type":"ListItem","position":3,"name":"Tuotteet"}]},{"@type":"WebSite","@id":"https:\/\/www.combiworks.com\/fi\/#website","url":"https:\/\/www.combiworks.com\/fi\/","name":"Combi Works","description":"The industrial manufacturing company - working in machine building and infra sectors","publisher":{"@id":"https:\/\/www.combiworks.com\/fi\/#organization"},"potentialAction":[{"@type":"SearchAction","target":{"@type":"EntryPoint","urlTemplate":"https:\/\/www.combiworks.com\/fi\/?s={search_term_string}"},"query-input":{"@type":"PropertyValueSpecification","valueRequired":true,"valueName":"search_term_string"}}],"inLanguage":"fi"},{"@type":"Organization","@id":"https:\/\/www.combiworks.com\/fi\/#organization","name":"Combi Works","url":"https:\/\/www.combiworks.com\/fi\/","logo":{"@type":"ImageObject","inLanguage":"fi","@id":"https:\/\/www.combiworks.com\/fi\/#\/schema\/logo\/image\/","url":"https:\/\/www.combiworks.com\/wp-content\/uploads\/2023\/09\/combi_works_logo_color-1.png","contentUrl":"https:\/\/www.combiworks.com\/wp-content\/uploads\/2023\/09\/combi_works_logo_color-1.png","width":500,"height":500,"caption":"Combi Works"},"image":{"@id":"https:\/\/www.combiworks.com\/fi\/#\/schema\/logo\/image\/"},"sameAs":["https:\/\/www.facebook.com\/people\/Combi-Works\/100057440740208\/","https:\/\/www.linkedin.com\/company\/nordic-cast-sourcing-ltd"]}]}},"taxonomy_info":[],"featured_image_src_large":["https:\/\/www.combiworks.com\/wp-content\/uploads\/2025\/05\/products-hero-03-1024x375.jpg",1024,375,true],"author_info":{"display_name":"KimTakala","author_link":"https:\/\/www.combiworks.com\/fi\/author\/kimtakala\/"},"comment_info":"","_links":{"self":[{"href":"https:\/\/www.combiworks.com\/fi\/wp-json\/wp\/v2\/pages\/5939","targetHints":{"allow":["GET"]}}],"collection":[{"href":"https:\/\/www.combiworks.com\/fi\/wp-json\/wp\/v2\/pages"}],"about":[{"href":"https:\/\/www.combiworks.com\/fi\/wp-json\/wp\/v2\/types\/page"}],"author":[{"embeddable":true,"href":"https:\/\/www.combiworks.com\/fi\/wp-json\/wp\/v2\/users\/1"}],"replies":[{"embeddable":true,"href":"https:\/\/www.combiworks.com\/fi\/wp-json\/wp\/v2\/comments?post=5939"}],"version-history":[{"count":10,"href":"https:\/\/www.combiworks.com\/fi\/wp-json\/wp\/v2\/pages\/5939\/revisions"}],"predecessor-version":[{"id":13102,"href":"https:\/\/www.combiworks.com\/fi\/wp-json\/wp\/v2\/pages\/5939\/revisions\/13102"}],"up":[{"embeddable":true,"href":"https:\/\/www.combiworks.com\/fi\/wp-json\/wp\/v2\/pages\/5937"}],"wp:featuredmedia":[{"embeddable":true,"href":"https:\/\/www.combiworks.com\/fi\/wp-json\/wp\/v2\/media\/8902"}],"wp:attachment":[{"href":"https:\/\/www.combiworks.com\/fi\/wp-json\/wp\/v2\/media?parent=5939"}],"wp:term":[{"taxonomy":"category","embeddable":true,"href":"https:\/\/www.combiworks.com\/fi\/wp-json\/wp\/v2\/categories?post=5939"}],"curies":[{"name":"wp","href":"https:\/\/api.w.org\/{rel}","templated":true}]}}