{"id":5918,"date":"2023-07-02T21:57:12","date_gmt":"2023-07-02T18:57:12","guid":{"rendered":"https:\/\/www.combiworks.com\/en124-standardi\/"},"modified":"2023-09-20T20:58:17","modified_gmt":"2023-09-20T17:58:17","slug":"en124-standardi","status":"publish","type":"page","link":"https:\/\/www.combiworks.com\/fi\/infra\/en124-standardi\/","title":{"rendered":"EN124-standardi"},"content":{"rendered":"<div class=\"gb-container gb-container-d6474ef4\">\n<div class=\"gb-container gb-container-2fa58fe5\">\n<div class=\"gb-container gb-container-a2c369cb\">\n\n<h1 class=\"gb-headline gb-headline-d4eaef4e gb-headline-text\">EN124-standardi<\/h1>\n\n\n\n<div class=\"gb-headline gb-headline-a978a0b7 gb-headline-text\">Selitetty<\/div>\n\n<\/div>\n<\/div>\n<\/div><div class=\"gb-container gb-container-e67c6fcb\">\n<div class=\"gb-container gb-container-0fca720e\"><\/div>\n\n<div class=\"gb-container gb-container-9b4ebb97\"><\/div>\n\n<div class=\"gb-container gb-container-d250e16d\"><\/div>\n<\/div><div class=\"gb-container gb-container-aaf28159 alignfull\">\n<div class=\"gb-container gb-container-8004ae77\">\n\n<h2 class=\"gb-headline gb-headline-93081b9b gb-headline-text\">Eurooppalainen standardi<\/h2>\n\n\n\n<p class=\"gb-headline gb-headline-a05c920e gb-headline-text\">EN124-standardi on eurooppalainen standardi, jossa m\u00e4\u00e4ritet\u00e4\u00e4n kaivonkansien ja ritil\u00f6iden vaatimukset ja luokitukset. Sill\u00e4 varmistetaan, ett\u00e4 n\u00e4m\u00e4 tuotteet t\u00e4ytt\u00e4v\u00e4t erityiset laatu-, kest\u00e4vyys- ja suorituskykyvaatimukset niiden k\u00e4ytt\u00f6tarkoitusta varten.<\/p>\n\n<\/div>\n\n<div class=\"gb-container gb-container-680a2cd2\">\n<div class=\"gb-container gb-container-315808f5\">\n<div class=\"gb-container gb-container-a4d39796\">\n\n<h4 class=\"gb-headline gb-headline-99e5910d gb-headline-text\">EN124-2 ja CEN<\/h4>\n\n<\/div>\n\n\n<p class=\"gb-headline gb-headline-4eda89bb gb-headline-text\">Eurooppalainen standardi EN124 koskee kaikkia k\u00e4ytt\u00f6kohteita, kaupungissa, maanteill\u00e4 &#8211; ja niiden ulkopuolella sek\u00e4 kaikkia materiaaleja. EN 124 -standardin mukaisesti suunnitellut tuotteet ryhmitell\u00e4\u00e4n ja luokitellaan asennuspaikan mukaan.<\/p>\n\n\n<div class=\"gb-grid-wrapper gb-grid-wrapper-3ddbcfb4\">\n<div class=\"gb-grid-column gb-grid-column-89a62f84\"><div class=\"gb-container gb-container-89a62f84\">\n<div class=\"gb-container gb-container-9431819c\">\n\n<figure class=\"gb-block-image gb-block-image-f4af9e58\"><img loading=\"lazy\" decoding=\"async\" width=\"500\" height=\"325\" class=\"gb-image gb-image-f4af9e58\" src=\"https:\/\/www.combiworks.com\/wp-content\/uploads\/2023\/09\/new_class_a15_icon.png\" alt=\"\" title=\"new_class_a15_icon\" srcset=\"https:\/\/www.combiworks.com\/wp-content\/uploads\/2023\/09\/new_class_a15_icon.png 500w, https:\/\/www.combiworks.com\/wp-content\/uploads\/2023\/09\/new_class_a15_icon-300x195.png 300w\" sizes=\"auto, (max-width: 500px) 100vw, 500px\" \/><\/figure>\n\n<\/div>\n\n<div class=\"gb-container gb-container-c5a57b85\">\n\n<h5 class=\"gb-headline gb-headline-2f008431 gb-headline-text\">Luokka A15<\/h5>\n\n\n\n<p class=\"gb-headline gb-headline-44324966 gb-headline-text\">P\u00e4\u00e4asiallisesti jalankulkualueet, joilla moottoriajoneuvojen kulku on rajattu<\/p>\n\n<\/div>\n<\/div><\/div>\n\n<div class=\"gb-grid-column gb-grid-column-d1da57a0\"><div class=\"gb-container gb-container-d1da57a0\">\n<div class=\"gb-container gb-container-01113a39\">\n\n<figure class=\"gb-block-image gb-block-image-bd7c0fa7\"><img loading=\"lazy\" decoding=\"async\" width=\"486\" height=\"196\" class=\"gb-image gb-image-bd7c0fa7\" src=\"https:\/\/www.combiworks.com\/wp-content\/uploads\/2023\/09\/B125.png\" alt=\"\" title=\"B125\" srcset=\"https:\/\/www.combiworks.com\/wp-content\/uploads\/2023\/09\/B125.png 486w, https:\/\/www.combiworks.com\/wp-content\/uploads\/2023\/09\/B125-300x121.png 300w\" sizes=\"auto, (max-width: 486px) 100vw, 486px\" \/><\/figure>\n\n<\/div>\n\n<div class=\"gb-container gb-container-3372303c\">\n\n<h5 class=\"gb-headline gb-headline-eba5f5fd gb-headline-text\">Luokka&nbsp; B125<\/h5>\n\n\n\n<p class=\"gb-headline gb-headline-77afcf56 gb-headline-text\">Jalkak\u00e4yt\u00e4v\u00e4t, jalankulkualueet jne.<\/p>\n\n<\/div>\n<\/div><\/div>\n\n<div class=\"gb-grid-column gb-grid-column-4119dd67\"><div class=\"gb-container gb-container-4119dd67\">\n<div class=\"gb-container gb-container-c560f4da\">\n\n<figure class=\"gb-block-image gb-block-image-473e8e41\"><img loading=\"lazy\" decoding=\"async\" width=\"500\" height=\"325\" class=\"gb-image gb-image-473e8e41\" src=\"https:\/\/www.combiworks.com\/wp-content\/uploads\/2023\/09\/new_class_c250_icon.png\" alt=\"\" title=\"new_class_c250_icon\" srcset=\"https:\/\/www.combiworks.com\/wp-content\/uploads\/2023\/09\/new_class_c250_icon.png 500w, https:\/\/www.combiworks.com\/wp-content\/uploads\/2023\/09\/new_class_c250_icon-300x195.png 300w\" sizes=\"auto, (max-width: 500px) 100vw, 500px\" \/><\/figure>\n\n<\/div>\n\n<div class=\"gb-container gb-container-da97013d\">\n\n<h5 class=\"gb-headline gb-headline-5d8d6349 gb-headline-text\">Luokka&nbsp; C250<\/h5>\n\n\n\n<p class=\"gb-headline gb-headline-1ecdac03 gb-headline-text\">Linjakuivatuskourut moottoriliikenneteiden reunoilla, 0,5m kivetyksest\u00e4.<\/p>\n\n<\/div>\n<\/div><\/div>\n\n<div class=\"gb-grid-column gb-grid-column-e9edfe0d\"><div class=\"gb-container gb-container-e9edfe0d\">\n<div class=\"gb-container gb-container-5d4783fa\">\n\n<figure class=\"gb-block-image gb-block-image-d44f99ff\"><img loading=\"lazy\" decoding=\"async\" width=\"500\" height=\"221\" class=\"gb-image gb-image-d44f99ff\" src=\"https:\/\/www.combiworks.com\/wp-content\/uploads\/2023\/09\/d400.png\" alt=\"\" title=\"d400\" srcset=\"https:\/\/www.combiworks.com\/wp-content\/uploads\/2023\/09\/d400.png 500w, https:\/\/www.combiworks.com\/wp-content\/uploads\/2023\/09\/d400-300x133.png 300w\" sizes=\"auto, (max-width: 500px) 100vw, 500px\" \/><\/figure>\n\n<\/div>\n\n<div class=\"gb-container gb-container-5cc16ca8\">\n\n<h5 class=\"gb-headline gb-headline-22ed74e3 gb-headline-text\">Luokka&nbsp; D400<\/h5>\n\n\n\n<p class=\"gb-headline gb-headline-9a07c123 gb-headline-text\">Moottoriliikenneteiden ajoradat (raskas liikenne)<\/p>\n\n<\/div>\n<\/div><\/div>\n\n<div class=\"gb-grid-column gb-grid-column-a842c5d2\"><div class=\"gb-container gb-container-a842c5d2\">\n<div class=\"gb-container gb-container-c06be04e\">\n\n<figure class=\"gb-block-image gb-block-image-8b2f9bec\"><img loading=\"lazy\" decoding=\"async\" width=\"500\" height=\"325\" class=\"gb-image gb-image-8b2f9bec\" src=\"https:\/\/www.combiworks.com\/wp-content\/uploads\/2023\/09\/new_class_E600_icon.png\" alt=\"\" title=\"new_class_E600_icon\" srcset=\"https:\/\/www.combiworks.com\/wp-content\/uploads\/2023\/09\/new_class_E600_icon.png 500w, https:\/\/www.combiworks.com\/wp-content\/uploads\/2023\/09\/new_class_E600_icon-300x195.png 300w\" sizes=\"auto, (max-width: 500px) 100vw, 500px\" \/><\/figure>\n\n<\/div>\n\n<div class=\"gb-container gb-container-4803006d\">\n\n<h5 class=\"gb-headline gb-headline-4c85a655 gb-headline-text\">Luokka&nbsp; E600<\/h5>\n\n\n\n<p class=\"gb-headline gb-headline-d9d97f81 gb-headline-text\">Alueet, joilla py\u00f6r\u00e4kuorma on suuri<\/p>\n\n<\/div>\n<\/div><\/div>\n\n<div class=\"gb-grid-column gb-grid-column-c71193c7\"><div class=\"gb-container gb-container-c71193c7\">\n<div class=\"gb-container gb-container-d46530e0\">\n\n<figure class=\"gb-block-image gb-block-image-edc22cf8\"><img loading=\"lazy\" decoding=\"async\" width=\"500\" height=\"325\" class=\"gb-image gb-image-edc22cf8\" src=\"https:\/\/www.combiworks.com\/wp-content\/uploads\/2023\/09\/New_class_f900_icon.png\" alt=\"\" title=\"New_class_f900_icon\" srcset=\"https:\/\/www.combiworks.com\/wp-content\/uploads\/2023\/09\/New_class_f900_icon.png 500w, https:\/\/www.combiworks.com\/wp-content\/uploads\/2023\/09\/New_class_f900_icon-300x195.png 300w\" sizes=\"auto, (max-width: 500px) 100vw, 500px\" \/><\/figure>\n\n<\/div>\n\n<div class=\"gb-container gb-container-59bb9cb4\">\n\n<h5 class=\"gb-headline gb-headline-1b5cc967 gb-headline-text\">Luokka&nbsp; F900<\/h5>\n\n\n\n<p class=\"gb-headline gb-headline-a3ad0896 gb-headline-text\">Alueet, joilla py\u00f6r\u00e4kuorma on erityisen suuri<\/p>\n\n<\/div>\n<\/div><\/div>\n<\/div>\n\n\n<p class=\"gb-headline gb-headline-5bd4f1fc gb-headline-text\">CEN eli Euroopan standardointikomitea on julkinen standardointij\u00e4rjest\u00f6, jonka teht\u00e4v\u00e4n\u00e4 on edist\u00e4\u00e4 Euroopan yhten\u00e4ismarkkinoiden taloutta ja Euroopan mantereen talouskasvua maailmanlaajuisessa kaupank\u00e4ynniss\u00e4, Euroopan kansalaisten hyvinvointia ja ymp\u00e4rist\u00f6nsuojelua tarjoamalla sidosryhmille tehokkaan kehyksen yhten\u00e4isten standardien ja m\u00e4\u00e4ritelmien kehitt\u00e4mist\u00e4, yll\u00e4pitoa ja jakelua varten.<br><br><strong>Combi Works on CENin WG4-ty\u00f6ryhm\u00e4n j\u00e4sen.<\/strong><\/p>\n\n<\/div>\n<\/div>\n<\/div>","protected":false},"excerpt":{"rendered":"<p>EN124-standardi Selitetty Eurooppalainen standardi EN124-standardi on eurooppalainen standardi, jossa m\u00e4\u00e4ritet\u00e4\u00e4n kaivonkansien ja ritil\u00f6iden vaatimukset ja luokitukset. Sill\u00e4 varmistetaan, ett\u00e4 n\u00e4m\u00e4 tuotteet t\u00e4ytt\u00e4v\u00e4t erityiset laatu-, kest\u00e4vyys- ja suorituskykyvaatimukset niiden k\u00e4ytt\u00f6tarkoitusta varten. EN124-2 ja CEN Eurooppalainen standardi EN124 koskee kaikkia k\u00e4ytt\u00f6kohteita, kaupungissa, maanteill\u00e4 &#8211; ja niiden ulkopuolella sek\u00e4 kaikkia materiaaleja. EN 124 -standardin mukaisesti suunnitellut tuotteet ryhmitell\u00e4\u00e4n &#8230; <a title=\"EN124-standardi\" class=\"read-more\" href=\"https:\/\/www.combiworks.com\/fi\/infra\/en124-standardi\/\" aria-label=\"Lue lis\u00e4\u00e4 aiheesta EN124-standardi\">Lue lis\u00e4\u00e4<\/a><\/p>\n","protected":false},"author":1,"featured_media":0,"parent":5937,"menu_order":60,"comment_status":"closed","ping_status":"closed","template":"","meta":{"_acf_changed":false,"inline_featured_image":false,"_kad_blocks_custom_css":"","_kad_blocks_head_custom_js":"","_kad_blocks_body_custom_js":"","_kad_blocks_footer_custom_js":"","footnotes":""},"categories":[],"class_list":["post-5918","page","type-page","status-publish","format-standard"],"acf":[],"yoast_head":"<!-- This site is optimized with the Yoast SEO plugin v25.5 - https:\/\/yoast.com\/wordpress\/plugins\/seo\/ -->\n<title>EN124-standardi - Combi Works<\/title>\n<meta name=\"robots\" content=\"index, follow, max-snippet:-1, max-image-preview:large, max-video-preview:-1\" \/>\n<link rel=\"canonical\" href=\"https:\/\/www.combiworks.com\/fi\/infra\/en124-standardi\/\" \/>\n<meta property=\"og:locale\" content=\"fi_FI\" \/>\n<meta property=\"og:type\" content=\"article\" \/>\n<meta property=\"og:title\" content=\"EN124-standardi - Combi Works\" \/>\n<meta property=\"og:description\" content=\"EN124-standardi Selitetty Eurooppalainen standardi EN124-standardi on eurooppalainen standardi, jossa m\u00e4\u00e4ritet\u00e4\u00e4n kaivonkansien ja ritil\u00f6iden vaatimukset ja luokitukset. Sill\u00e4 varmistetaan, ett\u00e4 n\u00e4m\u00e4 tuotteet t\u00e4ytt\u00e4v\u00e4t erityiset laatu-, kest\u00e4vyys- ja suorituskykyvaatimukset niiden k\u00e4ytt\u00f6tarkoitusta varten. EN124-2 ja CEN Eurooppalainen standardi EN124 koskee kaikkia k\u00e4ytt\u00f6kohteita, kaupungissa, maanteill\u00e4 &#8211; ja niiden ulkopuolella sek\u00e4 kaikkia materiaaleja. EN 124 -standardin mukaisesti suunnitellut tuotteet ryhmitell\u00e4\u00e4n ... Lue lis\u00e4\u00e4\" \/>\n<meta property=\"og:url\" content=\"https:\/\/www.combiworks.com\/fi\/infra\/en124-standardi\/\" \/>\n<meta property=\"og:site_name\" content=\"Combi Works\" \/>\n<meta property=\"article:publisher\" content=\"https:\/\/www.facebook.com\/people\/Combi-Works\/100057440740208\/\" \/>\n<meta property=\"article:modified_time\" content=\"2023-09-20T17:58:17+00:00\" \/>\n<meta property=\"og:image\" content=\"https:\/\/www.combiworks.com\/wp-content\/uploads\/2023\/09\/new_class_a15_icon.png\" \/>\n<meta name=\"twitter:card\" content=\"summary_large_image\" \/>\n<meta name=\"twitter:label1\" content=\"Arvioitu lukuaika\" \/>\n\t<meta name=\"twitter:data1\" content=\"1 minuutti\" \/>\n<script type=\"application\/ld+json\" class=\"yoast-schema-graph\">{\"@context\":\"https:\/\/schema.org\",\"@graph\":[{\"@type\":\"WebPage\",\"@id\":\"https:\/\/www.combiworks.com\/fi\/infra\/en124-standardi\/\",\"url\":\"https:\/\/www.combiworks.com\/fi\/infra\/en124-standardi\/\",\"name\":\"EN124-standardi - Combi Works\",\"isPartOf\":{\"@id\":\"https:\/\/www.combiworks.com\/fi\/#website\"},\"primaryImageOfPage\":{\"@id\":\"https:\/\/www.combiworks.com\/fi\/infra\/en124-standardi\/#primaryimage\"},\"image\":{\"@id\":\"https:\/\/www.combiworks.com\/fi\/infra\/en124-standardi\/#primaryimage\"},\"thumbnailUrl\":\"https:\/\/www.combiworks.com\/wp-content\/uploads\/2023\/09\/new_class_a15_icon.png\",\"datePublished\":\"2023-07-02T18:57:12+00:00\",\"dateModified\":\"2023-09-20T17:58:17+00:00\",\"breadcrumb\":{\"@id\":\"https:\/\/www.combiworks.com\/fi\/infra\/en124-standardi\/#breadcrumb\"},\"inLanguage\":\"fi\",\"potentialAction\":[{\"@type\":\"ReadAction\",\"target\":[\"https:\/\/www.combiworks.com\/fi\/infra\/en124-standardi\/\"]}]},{\"@type\":\"ImageObject\",\"inLanguage\":\"fi\",\"@id\":\"https:\/\/www.combiworks.com\/fi\/infra\/en124-standardi\/#primaryimage\",\"url\":\"https:\/\/www.combiworks.com\/wp-content\/uploads\/2023\/09\/new_class_a15_icon.png\",\"contentUrl\":\"https:\/\/www.combiworks.com\/wp-content\/uploads\/2023\/09\/new_class_a15_icon.png\"},{\"@type\":\"BreadcrumbList\",\"@id\":\"https:\/\/www.combiworks.com\/fi\/infra\/en124-standardi\/#breadcrumb\",\"itemListElement\":[{\"@type\":\"ListItem\",\"position\":1,\"name\":\"Home\",\"item\":\"https:\/\/www.combiworks.com\/fi\/\"},{\"@type\":\"ListItem\",\"position\":2,\"name\":\"Infra\",\"item\":\"https:\/\/www.combiworks.com\/fi\/infra\/\"},{\"@type\":\"ListItem\",\"position\":3,\"name\":\"EN124-standardi\"}]},{\"@type\":\"WebSite\",\"@id\":\"https:\/\/www.combiworks.com\/fi\/#website\",\"url\":\"https:\/\/www.combiworks.com\/fi\/\",\"name\":\"Combi Works\",\"description\":\"The industrial manufacturing company - working in machine building and infra sectors\",\"publisher\":{\"@id\":\"https:\/\/www.combiworks.com\/fi\/#organization\"},\"potentialAction\":[{\"@type\":\"SearchAction\",\"target\":{\"@type\":\"EntryPoint\",\"urlTemplate\":\"https:\/\/www.combiworks.com\/fi\/?s={search_term_string}\"},\"query-input\":{\"@type\":\"PropertyValueSpecification\",\"valueRequired\":true,\"valueName\":\"search_term_string\"}}],\"inLanguage\":\"fi\"},{\"@type\":\"Organization\",\"@id\":\"https:\/\/www.combiworks.com\/fi\/#organization\",\"name\":\"Combi Works\",\"url\":\"https:\/\/www.combiworks.com\/fi\/\",\"logo\":{\"@type\":\"ImageObject\",\"inLanguage\":\"fi\",\"@id\":\"https:\/\/www.combiworks.com\/fi\/#\/schema\/logo\/image\/\",\"url\":\"https:\/\/www.combiworks.com\/wp-content\/uploads\/2023\/09\/combi_works_logo_color-1.png\",\"contentUrl\":\"https:\/\/www.combiworks.com\/wp-content\/uploads\/2023\/09\/combi_works_logo_color-1.png\",\"width\":500,\"height\":500,\"caption\":\"Combi Works\"},\"image\":{\"@id\":\"https:\/\/www.combiworks.com\/fi\/#\/schema\/logo\/image\/\"},\"sameAs\":[\"https:\/\/www.facebook.com\/people\/Combi-Works\/100057440740208\/\",\"https:\/\/www.linkedin.com\/company\/nordic-cast-sourcing-ltd\"]}]}<\/script>\n<!-- \/ Yoast SEO plugin. -->","yoast_head_json":{"title":"EN124-standardi - Combi Works","robots":{"index":"index","follow":"follow","max-snippet":"max-snippet:-1","max-image-preview":"max-image-preview:large","max-video-preview":"max-video-preview:-1"},"canonical":"https:\/\/www.combiworks.com\/fi\/infra\/en124-standardi\/","og_locale":"fi_FI","og_type":"article","og_title":"EN124-standardi - Combi Works","og_description":"EN124-standardi Selitetty Eurooppalainen standardi EN124-standardi on eurooppalainen standardi, jossa m\u00e4\u00e4ritet\u00e4\u00e4n kaivonkansien ja ritil\u00f6iden vaatimukset ja luokitukset. Sill\u00e4 varmistetaan, ett\u00e4 n\u00e4m\u00e4 tuotteet t\u00e4ytt\u00e4v\u00e4t erityiset laatu-, kest\u00e4vyys- ja suorituskykyvaatimukset niiden k\u00e4ytt\u00f6tarkoitusta varten. EN124-2 ja CEN Eurooppalainen standardi EN124 koskee kaikkia k\u00e4ytt\u00f6kohteita, kaupungissa, maanteill\u00e4 &#8211; ja niiden ulkopuolella sek\u00e4 kaikkia materiaaleja. EN 124 -standardin mukaisesti suunnitellut tuotteet ryhmitell\u00e4\u00e4n ... Lue lis\u00e4\u00e4","og_url":"https:\/\/www.combiworks.com\/fi\/infra\/en124-standardi\/","og_site_name":"Combi Works","article_publisher":"https:\/\/www.facebook.com\/people\/Combi-Works\/100057440740208\/","article_modified_time":"2023-09-20T17:58:17+00:00","og_image":[{"url":"https:\/\/www.combiworks.com\/wp-content\/uploads\/2023\/09\/new_class_a15_icon.png","type":"","width":"","height":""}],"twitter_card":"summary_large_image","twitter_misc":{"Arvioitu lukuaika":"1 minuutti"},"schema":{"@context":"https:\/\/schema.org","@graph":[{"@type":"WebPage","@id":"https:\/\/www.combiworks.com\/fi\/infra\/en124-standardi\/","url":"https:\/\/www.combiworks.com\/fi\/infra\/en124-standardi\/","name":"EN124-standardi - Combi Works","isPartOf":{"@id":"https:\/\/www.combiworks.com\/fi\/#website"},"primaryImageOfPage":{"@id":"https:\/\/www.combiworks.com\/fi\/infra\/en124-standardi\/#primaryimage"},"image":{"@id":"https:\/\/www.combiworks.com\/fi\/infra\/en124-standardi\/#primaryimage"},"thumbnailUrl":"https:\/\/www.combiworks.com\/wp-content\/uploads\/2023\/09\/new_class_a15_icon.png","datePublished":"2023-07-02T18:57:12+00:00","dateModified":"2023-09-20T17:58:17+00:00","breadcrumb":{"@id":"https:\/\/www.combiworks.com\/fi\/infra\/en124-standardi\/#breadcrumb"},"inLanguage":"fi","potentialAction":[{"@type":"ReadAction","target":["https:\/\/www.combiworks.com\/fi\/infra\/en124-standardi\/"]}]},{"@type":"ImageObject","inLanguage":"fi","@id":"https:\/\/www.combiworks.com\/fi\/infra\/en124-standardi\/#primaryimage","url":"https:\/\/www.combiworks.com\/wp-content\/uploads\/2023\/09\/new_class_a15_icon.png","contentUrl":"https:\/\/www.combiworks.com\/wp-content\/uploads\/2023\/09\/new_class_a15_icon.png"},{"@type":"BreadcrumbList","@id":"https:\/\/www.combiworks.com\/fi\/infra\/en124-standardi\/#breadcrumb","itemListElement":[{"@type":"ListItem","position":1,"name":"Home","item":"https:\/\/www.combiworks.com\/fi\/"},{"@type":"ListItem","position":2,"name":"Infra","item":"https:\/\/www.combiworks.com\/fi\/infra\/"},{"@type":"ListItem","position":3,"name":"EN124-standardi"}]},{"@type":"WebSite","@id":"https:\/\/www.combiworks.com\/fi\/#website","url":"https:\/\/www.combiworks.com\/fi\/","name":"Combi Works","description":"The industrial manufacturing company - working in machine building and infra sectors","publisher":{"@id":"https:\/\/www.combiworks.com\/fi\/#organization"},"potentialAction":[{"@type":"SearchAction","target":{"@type":"EntryPoint","urlTemplate":"https:\/\/www.combiworks.com\/fi\/?s={search_term_string}"},"query-input":{"@type":"PropertyValueSpecification","valueRequired":true,"valueName":"search_term_string"}}],"inLanguage":"fi"},{"@type":"Organization","@id":"https:\/\/www.combiworks.com\/fi\/#organization","name":"Combi Works","url":"https:\/\/www.combiworks.com\/fi\/","logo":{"@type":"ImageObject","inLanguage":"fi","@id":"https:\/\/www.combiworks.com\/fi\/#\/schema\/logo\/image\/","url":"https:\/\/www.combiworks.com\/wp-content\/uploads\/2023\/09\/combi_works_logo_color-1.png","contentUrl":"https:\/\/www.combiworks.com\/wp-content\/uploads\/2023\/09\/combi_works_logo_color-1.png","width":500,"height":500,"caption":"Combi Works"},"image":{"@id":"https:\/\/www.combiworks.com\/fi\/#\/schema\/logo\/image\/"},"sameAs":["https:\/\/www.facebook.com\/people\/Combi-Works\/100057440740208\/","https:\/\/www.linkedin.com\/company\/nordic-cast-sourcing-ltd"]}]}},"taxonomy_info":[],"featured_image_src_large":false,"author_info":{"display_name":"KimTakala","author_link":"https:\/\/www.combiworks.com\/fi\/author\/kimtakala\/"},"comment_info":"","_links":{"self":[{"href":"https:\/\/www.combiworks.com\/fi\/wp-json\/wp\/v2\/pages\/5918","targetHints":{"allow":["GET"]}}],"collection":[{"href":"https:\/\/www.combiworks.com\/fi\/wp-json\/wp\/v2\/pages"}],"about":[{"href":"https:\/\/www.combiworks.com\/fi\/wp-json\/wp\/v2\/types\/page"}],"author":[{"embeddable":true,"href":"https:\/\/www.combiworks.com\/fi\/wp-json\/wp\/v2\/users\/1"}],"replies":[{"embeddable":true,"href":"https:\/\/www.combiworks.com\/fi\/wp-json\/wp\/v2\/comments?post=5918"}],"version-history":[{"count":0,"href":"https:\/\/www.combiworks.com\/fi\/wp-json\/wp\/v2\/pages\/5918\/revisions"}],"up":[{"embeddable":true,"href":"https:\/\/www.combiworks.com\/fi\/wp-json\/wp\/v2\/pages\/5937"}],"wp:attachment":[{"href":"https:\/\/www.combiworks.com\/fi\/wp-json\/wp\/v2\/media?parent=5918"}],"wp:term":[{"taxonomy":"category","embeddable":true,"href":"https:\/\/www.combiworks.com\/fi\/wp-json\/wp\/v2\/categories?post=5918"}],"curies":[{"name":"wp","href":"https:\/\/api.w.org\/{rel}","templated":true}]}}