{"id":5544,"date":"2023-08-25T09:48:00","date_gmt":"2023-08-25T06:48:00","guid":{"rendered":"https:\/\/www.combiworks.com\/kestava-kehitys\/"},"modified":"2023-09-20T16:23:13","modified_gmt":"2023-09-20T13:23:13","slug":"kestava-kehitys","status":"publish","type":"page","link":"https:\/\/www.combiworks.com\/fi\/yritys\/kestava-kehitys\/","title":{"rendered":"Kest\u00e4v\u00e4 kehitys"},"content":{"rendered":"<div class=\"gb-container gb-container-d6474ef4\" style=\"background-image: url(https:\/\/www.combiworks.com\/wp-content\/uploads\/2023\/08\/sustainability_01.jpg);\">\n<div class=\"gb-container gb-container-2fa58fe5\">\n<div class=\"gb-container gb-container-a2c369cb\">\n\n<div class=\"gb-headline gb-headline-a978a0b7 gb-headline-text\">Combi Works<\/div>\n\n\n\n<h1 class=\"gb-headline gb-headline-d4eaef4e gb-headline-text\">Kest\u00e4v\u00e4n kehityksen strategiamme<\/h1>\n\n<\/div>\n<\/div>\n<\/div>\n\n<div class=\"gb-container gb-container-e67c6fcb\">\n<div class=\"gb-container gb-container-0fca720e\"><\/div>\n\n<div class=\"gb-container gb-container-9b4ebb97\"><\/div>\n\n<div class=\"gb-container gb-container-d250e16d\"><\/div>\n<\/div>\n\n<div class=\"gb-container gb-container-aaf28159 alignfull\">\n<div class=\"gb-container gb-container-8004ae77\">\n\n<h2 class=\"gb-headline gb-headline-93081b9b gb-headline-text\">L\u00e4hde kanssamme kest\u00e4v\u00e4lle matkalle<\/h2>\n\n\n\n<p>Combi Works on omistautunut rakentamaan kest\u00e4v\u00e4\u00e4 tulevaisuutta Factory-as-a-Service -konseptimme avulla. Vaikka tiedostamme olevamme vasta kest\u00e4vyysmatkamme alussa, haluamme ottaa merkityksellisi\u00e4 askeleita kohti ymp\u00e4rist\u00f6vastuuta. Strategiamme kattaa sek\u00e4 lyhyen ett\u00e4 pitk\u00e4n aikav\u00e4lin tavoitteet, ottaen huomioon roolimme valmistusprosessien helpottajana tehtaiden omistamisen sijaan. Vaikka tiedostamme olevamme vasta kest\u00e4vyysmatkamme alussa, haluamme ottaa merkityksellisi\u00e4 askeleita kohti ymp\u00e4rist\u00f6vastuuta. T\u00e4ss\u00e4 on yleiskatsaus l\u00e4hestymistapaamme:<\/p>\n\n\n\n<h2 class=\"gb-headline gb-headline-2cf68377 gb-headline-text\">Lyhyen aikav\u00e4lin askeleet:<\/h2>\n\n\n\n<p>1. Toimittajayhteisty\u00f6: Teemme tiivist\u00e4 yhteisty\u00f6t\u00e4 tehdasverkostomme kanssa edist\u00e4\u00e4ksemme ymp\u00e4rist\u00f6tietoisia k\u00e4yt\u00e4nt\u00f6j\u00e4. Keskustelemme toimittajiemme kanssa kannustaen heit\u00e4 ottamaan k\u00e4ytt\u00f6\u00f6n kest\u00e4vi\u00e4 toimenpiteit\u00e4, kuten energiatehokkuuden parantamista ja j\u00e4tteen v\u00e4hent\u00e4mistoimia.<\/p>\n\n\n\n<p>2. Materiaalinvalinta: Haluamme ty\u00f6skennell\u00e4 asiakkaidemme kanssa tunnistaaksemme kest\u00e4vi\u00e4 materiaalivaihtoehtoja heid\u00e4n tuotteilleen. Tarjoamalla ohjausta ja hankintaosaamista pyrimme helpottamaan ymp\u00e4rist\u00f6yst\u00e4v\u00e4llisten materiaalien k\u00e4ytt\u00f6\u00e4, jotka t\u00e4ytt\u00e4v\u00e4t laatuvaatimukset ja minimoivat ymp\u00e4rist\u00f6vaikutuksen.<\/p>\n\n\n\n<p>3. Avoin viestint\u00e4: Tavoitteenamme on avoin ja rehellinen viestint\u00e4 asiakkaidemme kanssa kest\u00e4vyyspyrkimyksist\u00e4mme. Jaamme tietoa edistyksest\u00e4mme, haasteistamme ja parannuskohteistamme, edist\u00e4en l\u00e4pin\u00e4kyvyytt\u00e4 ja kannustaen yhteisty\u00f6h\u00f6n perustuvia kest\u00e4vyysaloitteita.<\/p>\n\n\n\n<h2 class=\"gb-headline gb-headline-9921957c gb-headline-text\">Pitk\u00e4n aikav\u00e4lin askeleet:<\/h2>\n\n\n\n<p>1. Kest\u00e4v\u00e4n toimittajakriteerist\u00f6n luominen: Pitk\u00e4ll\u00e4 aikav\u00e4lill\u00e4 suunnittelemme luovamme kest\u00e4vyyskriteerit toimittajillemme. Sis\u00e4llytt\u00e4m\u00e4ll\u00e4 ymp\u00e4rist\u00f6tekij\u00e4t toimittaja-arviointiprosessiimme voimme kannustaa kest\u00e4vien k\u00e4yt\u00e4nt\u00f6jen k\u00e4ytt\u00f6\u00f6n koko toimitusketjussa.<\/p>\n\n\n\n<p>2. Ymp\u00e4rist\u00f6vaikutusten arviointi: Tavoitteenamme on tehd\u00e4 ymp\u00e4rist\u00f6vaikutusten arviointeja toiminnastamme ja prosesseistamme. T\u00e4m\u00e4 arviointi auttaa meit\u00e4 tunnistamaan alueet, joilla voimme edelleen v\u00e4hent\u00e4\u00e4 energiankulutusta, minimoida j\u00e4tteiden muodostumista ja parantaa kokonaistaloudellisuutta.<\/p>\n\n\n\n<p>3. Yhteisty\u00f6 innovaatioiden edist\u00e4miseksi: Tulemme keskittym\u00e4\u00e4n aktiiviseen yhteisty\u00f6h\u00f6n kumppaneidemme, asiantuntijoiden ja tutkimuslaitosten kanssa l\u00f6yt\u00e4\u00e4ksemme innovatiivisia ratkaisuja kest\u00e4v\u00e4n valmistuksen edist\u00e4miseksi. Omaksumalla uusia teknologioita ja parhaita k\u00e4yt\u00e4nt\u00f6j\u00e4 voimme yhdess\u00e4 ty\u00f6skennell\u00e4 ymp\u00e4rist\u00f6vaikutustemme v\u00e4hent\u00e4miseksi.<\/p>\n\n\n\n<p>Vaikka tiedostamme voivamme vaikuttaa p\u00e4\u00e4asiassa valintojen ohjaamisessa omistamisen sijaan, pysymme sitoutuneina keskeiseen rooliimme kest\u00e4vien k\u00e4yt\u00e4nt\u00f6jen edist\u00e4j\u00e4n\u00e4 valmistusteollisuudessa. Ymm\u00e4rr\u00e4mme, ett\u00e4 t\u00e4m\u00e4 matka vaatii jatkuvaa oppimista, sopeutumista ja yhteisty\u00f6t\u00e4 kaikkien sidosryhmien kanssa.<\/p>\n\n\n\n<p>L\u00e4htiess\u00e4mme t\u00e4lle vihre\u00e4lle matkalle yhdess\u00e4, kutsumme asiakkaamme liittym\u00e4\u00e4n meihin asettamalla kest\u00e4vyyden etusijalle. Factory-as-a-Service -konseptimme avulla voimme yhdess\u00e4 vaikuttaa my\u00f6nteisesti ymp\u00e4rist\u00f6\u00f6n, vaikuttaa valintoihin ja edist\u00e4\u00e4 kest\u00e4v\u00e4\u00e4 muutosta valmistusteollisuudessa. Rakennetaan yhdess\u00e4 vihre\u00e4mpi ja kest\u00e4v\u00e4mpi tulevaisuus.<\/p>\n\n\n\n<p class=\"gb-headline gb-headline-a05c920e gb-headline-text\"><br><\/p>\n\n<\/div>\n<\/div>","protected":false},"excerpt":{"rendered":"<p>Combi Works Kest\u00e4v\u00e4n kehityksen strategiamme L\u00e4hde kanssamme kest\u00e4v\u00e4lle matkalle Combi Works on omistautunut rakentamaan kest\u00e4v\u00e4\u00e4 tulevaisuutta Factory-as-a-Service -konseptimme avulla. Vaikka tiedostamme olevamme vasta kest\u00e4vyysmatkamme alussa, haluamme ottaa merkityksellisi\u00e4 askeleita kohti ymp\u00e4rist\u00f6vastuuta. Strategiamme kattaa sek\u00e4 lyhyen ett\u00e4 pitk\u00e4n aikav\u00e4lin tavoitteet, ottaen huomioon roolimme valmistusprosessien helpottajana tehtaiden omistamisen sijaan. Vaikka tiedostamme olevamme vasta kest\u00e4vyysmatkamme alussa, haluamme ottaa &#8230; <a title=\"Kest\u00e4v\u00e4 kehitys\" class=\"read-more\" href=\"https:\/\/www.combiworks.com\/fi\/yritys\/kestava-kehitys\/\" aria-label=\"Lue lis\u00e4\u00e4 aiheesta Kest\u00e4v\u00e4 kehitys\">Lue lis\u00e4\u00e4<\/a><\/p>\n","protected":false},"author":2,"featured_media":5380,"parent":6065,"menu_order":76,"comment_status":"closed","ping_status":"closed","template":"","meta":{"_acf_changed":false,"inline_featured_image":false,"_kad_blocks_custom_css":"","_kad_blocks_head_custom_js":"","_kad_blocks_body_custom_js":"","_kad_blocks_footer_custom_js":"","footnotes":""},"categories":[],"class_list":["post-5544","page","type-page","status-publish","format-standard","has-post-thumbnail"],"acf":[],"yoast_head":"<!-- This site is optimized with the Yoast SEO plugin v25.5 - https:\/\/yoast.com\/wordpress\/plugins\/seo\/ -->\n<title>Kest\u00e4v\u00e4 kehitys - Combi Works<\/title>\n<meta name=\"robots\" content=\"index, follow, max-snippet:-1, max-image-preview:large, max-video-preview:-1\" \/>\n<link rel=\"canonical\" href=\"https:\/\/www.combiworks.com\/fi\/yritys\/kestava-kehitys\/\" \/>\n<meta property=\"og:locale\" content=\"fi_FI\" \/>\n<meta property=\"og:type\" content=\"article\" \/>\n<meta property=\"og:title\" content=\"Kest\u00e4v\u00e4 kehitys - Combi Works\" \/>\n<meta property=\"og:description\" content=\"Combi Works Kest\u00e4v\u00e4n kehityksen strategiamme L\u00e4hde kanssamme kest\u00e4v\u00e4lle matkalle Combi Works on omistautunut rakentamaan kest\u00e4v\u00e4\u00e4 tulevaisuutta Factory-as-a-Service -konseptimme avulla. Vaikka tiedostamme olevamme vasta kest\u00e4vyysmatkamme alussa, haluamme ottaa merkityksellisi\u00e4 askeleita kohti ymp\u00e4rist\u00f6vastuuta. Strategiamme kattaa sek\u00e4 lyhyen ett\u00e4 pitk\u00e4n aikav\u00e4lin tavoitteet, ottaen huomioon roolimme valmistusprosessien helpottajana tehtaiden omistamisen sijaan. Vaikka tiedostamme olevamme vasta kest\u00e4vyysmatkamme alussa, haluamme ottaa ... Lue lis\u00e4\u00e4\" \/>\n<meta property=\"og:url\" content=\"https:\/\/www.combiworks.com\/fi\/yritys\/kestava-kehitys\/\" \/>\n<meta property=\"og:site_name\" content=\"Combi Works\" \/>\n<meta property=\"article:publisher\" content=\"https:\/\/www.facebook.com\/people\/Combi-Works\/100057440740208\/\" \/>\n<meta property=\"article:modified_time\" content=\"2023-09-20T13:23:13+00:00\" \/>\n<meta property=\"og:image\" content=\"https:\/\/www.combiworks.com\/wp-content\/uploads\/2023\/08\/sustainability_01.jpg\" \/>\n\t<meta property=\"og:image:width\" content=\"1601\" \/>\n\t<meta property=\"og:image:height\" content=\"1068\" \/>\n\t<meta property=\"og:image:type\" content=\"image\/jpeg\" \/>\n<meta name=\"twitter:card\" content=\"summary_large_image\" \/>\n<meta name=\"twitter:label1\" content=\"Arvioitu lukuaika\" \/>\n\t<meta name=\"twitter:data1\" content=\"2 minuuttia\" \/>\n<script type=\"application\/ld+json\" class=\"yoast-schema-graph\">{\"@context\":\"https:\/\/schema.org\",\"@graph\":[{\"@type\":\"WebPage\",\"@id\":\"https:\/\/www.combiworks.com\/fi\/yritys\/kestava-kehitys\/\",\"url\":\"https:\/\/www.combiworks.com\/fi\/yritys\/kestava-kehitys\/\",\"name\":\"Kest\u00e4v\u00e4 kehitys - Combi Works\",\"isPartOf\":{\"@id\":\"https:\/\/www.combiworks.com\/fi\/#website\"},\"primaryImageOfPage\":{\"@id\":\"https:\/\/www.combiworks.com\/fi\/yritys\/kestava-kehitys\/#primaryimage\"},\"image\":{\"@id\":\"https:\/\/www.combiworks.com\/fi\/yritys\/kestava-kehitys\/#primaryimage\"},\"thumbnailUrl\":\"https:\/\/www.combiworks.com\/wp-content\/uploads\/2023\/08\/sustainability_01.jpg\",\"datePublished\":\"2023-08-25T06:48:00+00:00\",\"dateModified\":\"2023-09-20T13:23:13+00:00\",\"breadcrumb\":{\"@id\":\"https:\/\/www.combiworks.com\/fi\/yritys\/kestava-kehitys\/#breadcrumb\"},\"inLanguage\":\"fi\",\"potentialAction\":[{\"@type\":\"ReadAction\",\"target\":[\"https:\/\/www.combiworks.com\/fi\/yritys\/kestava-kehitys\/\"]}]},{\"@type\":\"ImageObject\",\"inLanguage\":\"fi\",\"@id\":\"https:\/\/www.combiworks.com\/fi\/yritys\/kestava-kehitys\/#primaryimage\",\"url\":\"https:\/\/www.combiworks.com\/wp-content\/uploads\/2023\/08\/sustainability_01.jpg\",\"contentUrl\":\"https:\/\/www.combiworks.com\/wp-content\/uploads\/2023\/08\/sustainability_01.jpg\",\"width\":1601,\"height\":1068},{\"@type\":\"BreadcrumbList\",\"@id\":\"https:\/\/www.combiworks.com\/fi\/yritys\/kestava-kehitys\/#breadcrumb\",\"itemListElement\":[{\"@type\":\"ListItem\",\"position\":1,\"name\":\"Home\",\"item\":\"https:\/\/www.combiworks.com\/fi\/\"},{\"@type\":\"ListItem\",\"position\":2,\"name\":\"Yritys\",\"item\":\"https:\/\/www.combiworks.com\/fi\/yritys\/\"},{\"@type\":\"ListItem\",\"position\":3,\"name\":\"Kest\u00e4v\u00e4 kehitys\"}]},{\"@type\":\"WebSite\",\"@id\":\"https:\/\/www.combiworks.com\/fi\/#website\",\"url\":\"https:\/\/www.combiworks.com\/fi\/\",\"name\":\"Combi Works\",\"description\":\"The industrial manufacturing company - working in machine building and infra sectors\",\"publisher\":{\"@id\":\"https:\/\/www.combiworks.com\/fi\/#organization\"},\"potentialAction\":[{\"@type\":\"SearchAction\",\"target\":{\"@type\":\"EntryPoint\",\"urlTemplate\":\"https:\/\/www.combiworks.com\/fi\/?s={search_term_string}\"},\"query-input\":{\"@type\":\"PropertyValueSpecification\",\"valueRequired\":true,\"valueName\":\"search_term_string\"}}],\"inLanguage\":\"fi\"},{\"@type\":\"Organization\",\"@id\":\"https:\/\/www.combiworks.com\/fi\/#organization\",\"name\":\"Combi Works\",\"url\":\"https:\/\/www.combiworks.com\/fi\/\",\"logo\":{\"@type\":\"ImageObject\",\"inLanguage\":\"fi\",\"@id\":\"https:\/\/www.combiworks.com\/fi\/#\/schema\/logo\/image\/\",\"url\":\"https:\/\/www.combiworks.com\/wp-content\/uploads\/2023\/09\/combi_works_logo_color-1.png\",\"contentUrl\":\"https:\/\/www.combiworks.com\/wp-content\/uploads\/2023\/09\/combi_works_logo_color-1.png\",\"width\":500,\"height\":500,\"caption\":\"Combi Works\"},\"image\":{\"@id\":\"https:\/\/www.combiworks.com\/fi\/#\/schema\/logo\/image\/\"},\"sameAs\":[\"https:\/\/www.facebook.com\/people\/Combi-Works\/100057440740208\/\",\"https:\/\/www.linkedin.com\/company\/nordic-cast-sourcing-ltd\"]}]}<\/script>\n<!-- \/ Yoast SEO plugin. -->","yoast_head_json":{"title":"Kest\u00e4v\u00e4 kehitys - Combi Works","robots":{"index":"index","follow":"follow","max-snippet":"max-snippet:-1","max-image-preview":"max-image-preview:large","max-video-preview":"max-video-preview:-1"},"canonical":"https:\/\/www.combiworks.com\/fi\/yritys\/kestava-kehitys\/","og_locale":"fi_FI","og_type":"article","og_title":"Kest\u00e4v\u00e4 kehitys - Combi Works","og_description":"Combi Works Kest\u00e4v\u00e4n kehityksen strategiamme L\u00e4hde kanssamme kest\u00e4v\u00e4lle matkalle Combi Works on omistautunut rakentamaan kest\u00e4v\u00e4\u00e4 tulevaisuutta Factory-as-a-Service -konseptimme avulla. Vaikka tiedostamme olevamme vasta kest\u00e4vyysmatkamme alussa, haluamme ottaa merkityksellisi\u00e4 askeleita kohti ymp\u00e4rist\u00f6vastuuta. Strategiamme kattaa sek\u00e4 lyhyen ett\u00e4 pitk\u00e4n aikav\u00e4lin tavoitteet, ottaen huomioon roolimme valmistusprosessien helpottajana tehtaiden omistamisen sijaan. Vaikka tiedostamme olevamme vasta kest\u00e4vyysmatkamme alussa, haluamme ottaa ... Lue lis\u00e4\u00e4","og_url":"https:\/\/www.combiworks.com\/fi\/yritys\/kestava-kehitys\/","og_site_name":"Combi Works","article_publisher":"https:\/\/www.facebook.com\/people\/Combi-Works\/100057440740208\/","article_modified_time":"2023-09-20T13:23:13+00:00","og_image":[{"width":1601,"height":1068,"url":"https:\/\/www.combiworks.com\/wp-content\/uploads\/2023\/08\/sustainability_01.jpg","type":"image\/jpeg"}],"twitter_card":"summary_large_image","twitter_misc":{"Arvioitu lukuaika":"2 minuuttia"},"schema":{"@context":"https:\/\/schema.org","@graph":[{"@type":"WebPage","@id":"https:\/\/www.combiworks.com\/fi\/yritys\/kestava-kehitys\/","url":"https:\/\/www.combiworks.com\/fi\/yritys\/kestava-kehitys\/","name":"Kest\u00e4v\u00e4 kehitys - Combi Works","isPartOf":{"@id":"https:\/\/www.combiworks.com\/fi\/#website"},"primaryImageOfPage":{"@id":"https:\/\/www.combiworks.com\/fi\/yritys\/kestava-kehitys\/#primaryimage"},"image":{"@id":"https:\/\/www.combiworks.com\/fi\/yritys\/kestava-kehitys\/#primaryimage"},"thumbnailUrl":"https:\/\/www.combiworks.com\/wp-content\/uploads\/2023\/08\/sustainability_01.jpg","datePublished":"2023-08-25T06:48:00+00:00","dateModified":"2023-09-20T13:23:13+00:00","breadcrumb":{"@id":"https:\/\/www.combiworks.com\/fi\/yritys\/kestava-kehitys\/#breadcrumb"},"inLanguage":"fi","potentialAction":[{"@type":"ReadAction","target":["https:\/\/www.combiworks.com\/fi\/yritys\/kestava-kehitys\/"]}]},{"@type":"ImageObject","inLanguage":"fi","@id":"https:\/\/www.combiworks.com\/fi\/yritys\/kestava-kehitys\/#primaryimage","url":"https:\/\/www.combiworks.com\/wp-content\/uploads\/2023\/08\/sustainability_01.jpg","contentUrl":"https:\/\/www.combiworks.com\/wp-content\/uploads\/2023\/08\/sustainability_01.jpg","width":1601,"height":1068},{"@type":"BreadcrumbList","@id":"https:\/\/www.combiworks.com\/fi\/yritys\/kestava-kehitys\/#breadcrumb","itemListElement":[{"@type":"ListItem","position":1,"name":"Home","item":"https:\/\/www.combiworks.com\/fi\/"},{"@type":"ListItem","position":2,"name":"Yritys","item":"https:\/\/www.combiworks.com\/fi\/yritys\/"},{"@type":"ListItem","position":3,"name":"Kest\u00e4v\u00e4 kehitys"}]},{"@type":"WebSite","@id":"https:\/\/www.combiworks.com\/fi\/#website","url":"https:\/\/www.combiworks.com\/fi\/","name":"Combi Works","description":"The industrial manufacturing company - working in machine building and infra sectors","publisher":{"@id":"https:\/\/www.combiworks.com\/fi\/#organization"},"potentialAction":[{"@type":"SearchAction","target":{"@type":"EntryPoint","urlTemplate":"https:\/\/www.combiworks.com\/fi\/?s={search_term_string}"},"query-input":{"@type":"PropertyValueSpecification","valueRequired":true,"valueName":"search_term_string"}}],"inLanguage":"fi"},{"@type":"Organization","@id":"https:\/\/www.combiworks.com\/fi\/#organization","name":"Combi Works","url":"https:\/\/www.combiworks.com\/fi\/","logo":{"@type":"ImageObject","inLanguage":"fi","@id":"https:\/\/www.combiworks.com\/fi\/#\/schema\/logo\/image\/","url":"https:\/\/www.combiworks.com\/wp-content\/uploads\/2023\/09\/combi_works_logo_color-1.png","contentUrl":"https:\/\/www.combiworks.com\/wp-content\/uploads\/2023\/09\/combi_works_logo_color-1.png","width":500,"height":500,"caption":"Combi Works"},"image":{"@id":"https:\/\/www.combiworks.com\/fi\/#\/schema\/logo\/image\/"},"sameAs":["https:\/\/www.facebook.com\/people\/Combi-Works\/100057440740208\/","https:\/\/www.linkedin.com\/company\/nordic-cast-sourcing-ltd"]}]}},"taxonomy_info":[],"featured_image_src_large":["https:\/\/www.combiworks.com\/wp-content\/uploads\/2023\/08\/sustainability_01-1024x683.jpg",1024,683,true],"author_info":{"display_name":"Kim T","author_link":"https:\/\/www.combiworks.com\/fi\/author\/kim-editor\/"},"comment_info":"","_links":{"self":[{"href":"https:\/\/www.combiworks.com\/fi\/wp-json\/wp\/v2\/pages\/5544","targetHints":{"allow":["GET"]}}],"collection":[{"href":"https:\/\/www.combiworks.com\/fi\/wp-json\/wp\/v2\/pages"}],"about":[{"href":"https:\/\/www.combiworks.com\/fi\/wp-json\/wp\/v2\/types\/page"}],"author":[{"embeddable":true,"href":"https:\/\/www.combiworks.com\/fi\/wp-json\/wp\/v2\/users\/2"}],"replies":[{"embeddable":true,"href":"https:\/\/www.combiworks.com\/fi\/wp-json\/wp\/v2\/comments?post=5544"}],"version-history":[{"count":0,"href":"https:\/\/www.combiworks.com\/fi\/wp-json\/wp\/v2\/pages\/5544\/revisions"}],"up":[{"embeddable":true,"href":"https:\/\/www.combiworks.com\/fi\/wp-json\/wp\/v2\/pages\/6065"}],"wp:featuredmedia":[{"embeddable":true,"href":"https:\/\/www.combiworks.com\/fi\/wp-json\/wp\/v2\/media\/5380"}],"wp:attachment":[{"href":"https:\/\/www.combiworks.com\/fi\/wp-json\/wp\/v2\/media?parent=5544"}],"wp:term":[{"taxonomy":"category","embeddable":true,"href":"https:\/\/www.combiworks.com\/fi\/wp-json\/wp\/v2\/categories?post=5544"}],"curies":[{"name":"wp","href":"https:\/\/api.w.org\/{rel}","templated":true}]}}