{"id":13496,"date":"2026-04-13T14:25:02","date_gmt":"2026-04-13T11:25:02","guid":{"rendered":"https:\/\/www.combiworks.com\/infra\/kaivonkansien-materiaalivertailu\/"},"modified":"2026-04-13T14:34:24","modified_gmt":"2026-04-13T11:34:24","slug":"kaivonkansien-materiaalivertailu","status":"publish","type":"page","link":"https:\/\/www.combiworks.com\/fi\/infra\/kaivonkansien-materiaalivertailu\/","title":{"rendered":"Kaivonkansien materiaalivertailu"},"content":{"rendered":"\n<div class=\"gb-element-32d287c7\">\n<div class=\"gb-element-488abe0d\">\n<h1 class=\"gb-headline gb-headline-6f7a01da gb-headline-text\">Kaivonkansien materiaalivertailu<\/h1>\n<\/div>\n<\/div>\n<div class=\"gb-container gb-container-221727cf alignfull\">\n<div class=\"gb-container gb-container-ff24dc8f\">\n<div class=\"gb-grid-wrapper gb-grid-wrapper-9a568903\">\n<div class=\"gb-grid-column gb-grid-column-a19f9f8e\"><div class=\"gb-container gb-container-a19f9f8e\">\n<div class=\"gb-container gb-container-026fae3a\"><\/div>\n\n\n<p class=\"gb-headline gb-headline-a2b1aa38 gb-headline-text\">Pallografiittivalurauta on grafiittipitoista valurautaa, jonka murtolujuus ja v\u00e4symiskest\u00e4vyys on parempi, koska siin\u00e4 materiaalin grafiitti on muodostanut pallomaisia sulkeumia.<\/p>\n\n<\/div><\/div>\n\n<div class=\"gb-grid-column gb-grid-column-821cdd4b\"><div class=\"gb-container gb-container-821cdd4b\">\n<div class=\"gb-container gb-container-0f058461\"><\/div>\n\n\n<p class=\"gb-headline gb-headline-61308e44 gb-headline-text\">Harmaa, hiutalegrafiittivalurauta on valurautatyyppi, jossa on grafiittinen mikrorakenne.<\/p>\n\n<\/div><\/div>\n<\/div>\n\n<div class=\"gb-container gb-container-5323f4b1 .kt-scroll\">\n<div class=\"gb-grid-wrapper gb-grid-wrapper-844b7c28\">\n<div class=\"gb-grid-column gb-grid-column-57e71932\"><div class=\"gb-container gb-container-57e71932\">\n\n<div class=\"gb-headline gb-headline-59cb53ce gb-headline-text\">OMINAISUUDET<\/div>\n\n<\/div><\/div>\n\n<div class=\"gb-grid-column gb-grid-column-1261282d\"><div class=\"gb-container gb-container-1261282d\">\n\n<div class=\"gb-headline gb-headline-45ebf362 gb-headline-text\">PALLOGRAFIITTIRAUTA<\/div>\n\n<\/div><\/div>\n\n<div class=\"gb-grid-column gb-grid-column-191d7b6e\"><div class=\"gb-container gb-container-191d7b6e\">\n\n<div class=\"gb-headline gb-headline-bcb13eb1 gb-headline-text\">HARMAAVALURAUTA<\/div>\n\n<\/div><\/div>\n\n<div class=\"gb-grid-column gb-grid-column-654bfa47\"><div class=\"gb-container gb-container-654bfa47\">\n\n<p class=\"gb-headline gb-headline-510d91a5 gb-headline-text\">Valettavuus<\/p>\n\n<\/div><\/div>\n\n<div class=\"gb-grid-column gb-grid-column-aa1c5aff\"><div class=\"gb-container gb-container-aa1c5aff\">\n\n<p class=\"gb-headline gb-headline-4cb7a2de\"><span class=\"gb-icon\"><svg xmlns=\"https:\/\/www.w3.org\/2000\/svg\" aria-hidden=\"true\" role=\"img\" height=\"1em\" width=\"1em\" viewbox=\"0 0 512 512\"><path fill=\"currentColor\" d=\"M173.898 439.404l-166.4-166.4c-9.997-9.997-9.997-26.206 0-36.204l36.203-36.204c9.997-9.998 26.207-9.998 36.204 0L192 312.69 432.095 72.596c9.997-9.997 26.207-9.997 36.204 0l36.203 36.204c9.997 9.997 9.997 26.206 0 36.204l-294.4 294.401c-9.998 9.997-26.207 9.997-36.204-.001z\"><\/path><\/svg><\/span><\/p>\n\n<\/div><\/div>\n\n<div class=\"gb-grid-column gb-grid-column-46d89121\"><div class=\"gb-container gb-container-46d89121\">\n\n<p class=\"gb-headline gb-headline-88c31fc7\"><span class=\"gb-icon\"><svg xmlns=\"https:\/\/www.w3.org\/2000\/svg\" aria-hidden=\"true\" role=\"img\" height=\"1em\" width=\"1em\" viewbox=\"0 0 512 512\"><path fill=\"currentColor\" d=\"M173.898 439.404l-166.4-166.4c-9.997-9.997-9.997-26.206 0-36.204l36.203-36.204c9.997-9.998 26.207-9.998 36.204 0L192 312.69 432.095 72.596c9.997-9.997 26.207-9.997 36.204 0l36.203 36.204c9.997 9.997 9.997 26.206 0 36.204l-294.4 294.401c-9.998 9.997-26.207 9.997-36.204-.001z\"><\/path><\/svg><\/span><\/p>\n\n<\/div><\/div>\n\n<div class=\"gb-grid-column gb-grid-column-1b5cc24a\"><div class=\"gb-container gb-container-1b5cc24a\">\n\n<p class=\"gb-headline gb-headline-e1f5e8b0 gb-headline-text\">Koneistuksen helppous<\/p>\n\n<\/div><\/div>\n\n<div class=\"gb-grid-column gb-grid-column-64abf3ff\"><div class=\"gb-container gb-container-64abf3ff\">\n\n<p class=\"gb-headline gb-headline-d7abfd11\"><span class=\"gb-icon\"><svg xmlns=\"https:\/\/www.w3.org\/2000\/svg\" aria-hidden=\"true\" role=\"img\" height=\"1em\" width=\"1em\" viewbox=\"0 0 512 512\"><path fill=\"currentColor\" d=\"M173.898 439.404l-166.4-166.4c-9.997-9.997-9.997-26.206 0-36.204l36.203-36.204c9.997-9.998 26.207-9.998 36.204 0L192 312.69 432.095 72.596c9.997-9.997 26.207-9.997 36.204 0l36.203 36.204c9.997 9.997 9.997 26.206 0 36.204l-294.4 294.401c-9.998 9.997-26.207 9.997-36.204-.001z\"><\/path><\/svg><\/span><\/p>\n\n<\/div><\/div>\n\n<div class=\"gb-grid-column gb-grid-column-f02eb736\"><div class=\"gb-container gb-container-f02eb736\">\n\n<p class=\"gb-headline gb-headline-bb42df2a\"><span class=\"gb-icon\"><svg xmlns=\"https:\/\/www.w3.org\/2000\/svg\" aria-hidden=\"true\" role=\"img\" height=\"1em\" width=\"1em\" viewbox=\"0 0 512 512\"><path fill=\"currentColor\" d=\"M173.898 439.404l-166.4-166.4c-9.997-9.997-9.997-26.206 0-36.204l36.203-36.204c9.997-9.998 26.207-9.998 36.204 0L192 312.69 432.095 72.596c9.997-9.997 26.207-9.997 36.204 0l36.203 36.204c9.997 9.997 9.997 26.206 0 36.204l-294.4 294.401c-9.998 9.997-26.207 9.997-36.204-.001z\"><\/path><\/svg><\/span><\/p>\n\n<\/div><\/div>\n\n<div class=\"gb-grid-column gb-grid-column-d1e2ba85\"><div class=\"gb-container gb-container-d1e2ba85\">\n\n<p class=\"gb-headline gb-headline-0b661014 gb-headline-text\">T\u00e4rin\u00e4nvaimennus<\/p>\n\n<\/div><\/div>\n\n<div class=\"gb-grid-column gb-grid-column-5722fb3e\"><div class=\"gb-container gb-container-5722fb3e\"><\/div><\/div>\n\n<div class=\"gb-grid-column gb-grid-column-ffd05b14\"><div class=\"gb-container gb-container-ffd05b14\">\n\n<p class=\"gb-headline gb-headline-7e42d505\"><span class=\"gb-icon\"><svg xmlns=\"https:\/\/www.w3.org\/2000\/svg\" aria-hidden=\"true\" role=\"img\" height=\"1em\" width=\"1em\" viewbox=\"0 0 512 512\"><path fill=\"currentColor\" d=\"M173.898 439.404l-166.4-166.4c-9.997-9.997-9.997-26.206 0-36.204l36.203-36.204c9.997-9.998 26.207-9.998 36.204 0L192 312.69 432.095 72.596c9.997-9.997 26.207-9.997 36.204 0l36.203 36.204c9.997 9.997 9.997 26.206 0 36.204l-294.4 294.401c-9.998 9.997-26.207 9.997-36.204-.001z\"><\/path><\/svg><\/span><\/p>\n\n<\/div><\/div>\n\n<div class=\"gb-grid-column gb-grid-column-e584db07\"><div class=\"gb-container gb-container-e584db07\">\n\n<p class=\"gb-headline gb-headline-b417bbc1 gb-headline-text\">Pinnan kovuus<\/p>\n\n<\/div><\/div>\n\n<div class=\"gb-grid-column gb-grid-column-0998177c\"><div class=\"gb-container gb-container-0998177c\">\n\n<p class=\"gb-headline gb-headline-f94f1330\"><span class=\"gb-icon\"><svg xmlns=\"https:\/\/www.w3.org\/2000\/svg\" aria-hidden=\"true\" role=\"img\" height=\"1em\" width=\"1em\" viewbox=\"0 0 512 512\"><path fill=\"currentColor\" d=\"M173.898 439.404l-166.4-166.4c-9.997-9.997-9.997-26.206 0-36.204l36.203-36.204c9.997-9.998 26.207-9.998 36.204 0L192 312.69 432.095 72.596c9.997-9.997 26.207-9.997 36.204 0l36.203 36.204c9.997 9.997 9.997 26.206 0 36.204l-294.4 294.401c-9.998 9.997-26.207 9.997-36.204-.001z\"><\/path><\/svg><\/span><\/p>\n\n<\/div><\/div>\n\n<div class=\"gb-grid-column gb-grid-column-1028a68e\"><div class=\"gb-container gb-container-1028a68e\">\n\n<p class=\"gb-headline gb-headline-293b438f\"><span class=\"gb-icon\"><svg xmlns=\"https:\/\/www.w3.org\/2000\/svg\" aria-hidden=\"true\" role=\"img\" height=\"1em\" width=\"1em\" viewbox=\"0 0 512 512\"><path fill=\"currentColor\" d=\"M173.898 439.404l-166.4-166.4c-9.997-9.997-9.997-26.206 0-36.204l36.203-36.204c9.997-9.998 26.207-9.998 36.204 0L192 312.69 432.095 72.596c9.997-9.997 26.207-9.997 36.204 0l36.203 36.204c9.997 9.997 9.997 26.206 0 36.204l-294.4 294.401c-9.998 9.997-26.207 9.997-36.204-.001z\"><\/path><\/svg><\/span><\/p>\n\n<\/div><\/div>\n\n<div class=\"gb-grid-column gb-grid-column-45685f48\"><div class=\"gb-container gb-container-45685f48\">\n\n<p class=\"gb-headline gb-headline-d9e6cf3a gb-headline-text\">Kimmokerroin<\/p>\n\n<\/div><\/div>\n\n<div class=\"gb-grid-column gb-grid-column-f66f56c1\"><div class=\"gb-container gb-container-f66f56c1\">\n\n<p class=\"gb-headline gb-headline-335c381f\"><span class=\"gb-icon\"><svg xmlns=\"https:\/\/www.w3.org\/2000\/svg\" aria-hidden=\"true\" role=\"img\" height=\"1em\" width=\"1em\" viewbox=\"0 0 512 512\"><path fill=\"currentColor\" d=\"M173.898 439.404l-166.4-166.4c-9.997-9.997-9.997-26.206 0-36.204l36.203-36.204c9.997-9.998 26.207-9.998 36.204 0L192 312.69 432.095 72.596c9.997-9.997 26.207-9.997 36.204 0l36.203 36.204c9.997 9.997 9.997 26.206 0 36.204l-294.4 294.401c-9.998 9.997-26.207 9.997-36.204-.001z\"><\/path><\/svg><\/span><\/p>\n\n<\/div><\/div>\n\n<div class=\"gb-grid-column gb-grid-column-3178ef05\"><div class=\"gb-container gb-container-3178ef05\"><\/div><\/div>\n\n<div class=\"gb-grid-column gb-grid-column-e8557e1e\"><div class=\"gb-container gb-container-e8557e1e\">\n\n<p class=\"gb-headline gb-headline-7f685601 gb-headline-text\">Iskunkest\u00e4vyys<\/p>\n\n<\/div><\/div>\n\n<div class=\"gb-grid-column gb-grid-column-b0d5f807\"><div class=\"gb-container gb-container-b0d5f807\">\n\n<p class=\"gb-headline gb-headline-96819940\"><span class=\"gb-icon\"><svg xmlns=\"https:\/\/www.w3.org\/2000\/svg\" aria-hidden=\"true\" role=\"img\" height=\"1em\" width=\"1em\" viewbox=\"0 0 512 512\"><path fill=\"currentColor\" d=\"M173.898 439.404l-166.4-166.4c-9.997-9.997-9.997-26.206 0-36.204l36.203-36.204c9.997-9.998 26.207-9.998 36.204 0L192 312.69 432.095 72.596c9.997-9.997 26.207-9.997 36.204 0l36.203 36.204c9.997 9.997 9.997 26.206 0 36.204l-294.4 294.401c-9.998 9.997-26.207 9.997-36.204-.001z\"><\/path><\/svg><\/span><\/p>\n\n<\/div><\/div>\n\n<div class=\"gb-grid-column gb-grid-column-36d3924d\"><div class=\"gb-container gb-container-36d3924d\"><\/div><\/div>\n\n<div class=\"gb-grid-column gb-grid-column-4eb5e8bd\"><div class=\"gb-container gb-container-4eb5e8bd\">\n\n<p class=\"gb-headline gb-headline-64355b8e gb-headline-text\">Korroosionkest\u00e4vyys<\/p>\n\n<\/div><\/div>\n\n<div class=\"gb-grid-column gb-grid-column-7f7abcb6\"><div class=\"gb-container gb-container-7f7abcb6\">\n\n<p class=\"gb-headline gb-headline-9f360d24\"><span class=\"gb-icon\"><svg xmlns=\"https:\/\/www.w3.org\/2000\/svg\" aria-hidden=\"true\" role=\"img\" height=\"1em\" width=\"1em\" viewbox=\"0 0 512 512\"><path fill=\"currentColor\" d=\"M173.898 439.404l-166.4-166.4c-9.997-9.997-9.997-26.206 0-36.204l36.203-36.204c9.997-9.998 26.207-9.998 36.204 0L192 312.69 432.095 72.596c9.997-9.997 26.207-9.997 36.204 0l36.203 36.204c9.997 9.997 9.997 26.206 0 36.204l-294.4 294.401c-9.998 9.997-26.207 9.997-36.204-.001z\"><\/path><\/svg><\/span><\/p>\n\n<\/div><\/div>\n\n<div class=\"gb-grid-column gb-grid-column-153ec19b\"><div class=\"gb-container gb-container-153ec19b\">\n\n<p class=\"gb-headline gb-headline-20753cf2\"><span class=\"gb-icon\"><svg xmlns=\"https:\/\/www.w3.org\/2000\/svg\" aria-hidden=\"true\" role=\"img\" height=\"1em\" width=\"1em\" viewbox=\"0 0 512 512\"><path fill=\"currentColor\" d=\"M173.898 439.404l-166.4-166.4c-9.997-9.997-9.997-26.206 0-36.204l36.203-36.204c9.997-9.998 26.207-9.998 36.204 0L192 312.69 432.095 72.596c9.997-9.997 26.207-9.997 36.204 0l36.203 36.204c9.997 9.997 9.997 26.206 0 36.204l-294.4 294.401c-9.998 9.997-26.207 9.997-36.204-.001z\"><\/path><\/svg><\/span><\/p>\n\n<\/div><\/div>\n\n<div class=\"gb-grid-column gb-grid-column-52e0a6f8\"><div class=\"gb-container gb-container-52e0a6f8\">\n\n<p class=\"gb-headline gb-headline-9ac77ad8 gb-headline-text\">Kest\u00e4vyys \/ paino<\/p>\n\n<\/div><\/div>\n\n<div class=\"gb-grid-column gb-grid-column-a4b64f70\"><div class=\"gb-container gb-container-a4b64f70\">\n\n<p class=\"gb-headline gb-headline-b51717f8\"><span class=\"gb-icon\"><svg xmlns=\"https:\/\/www.w3.org\/2000\/svg\" aria-hidden=\"true\" role=\"img\" height=\"1em\" width=\"1em\" viewbox=\"0 0 512 512\"><path fill=\"currentColor\" d=\"M173.898 439.404l-166.4-166.4c-9.997-9.997-9.997-26.206 0-36.204l36.203-36.204c9.997-9.998 26.207-9.998 36.204 0L192 312.69 432.095 72.596c9.997-9.997 26.207-9.997 36.204 0l36.203 36.204c9.997 9.997 9.997 26.206 0 36.204l-294.4 294.401c-9.998 9.997-26.207 9.997-36.204-.001z\"><\/path><\/svg><\/span><\/p>\n\n<\/div><\/div>\n\n<div class=\"gb-grid-column gb-grid-column-89ec038e\"><div class=\"gb-container gb-container-89ec038e\"><\/div><\/div>\n\n<div class=\"gb-grid-column gb-grid-column-a8d2fd7d\"><div class=\"gb-container gb-container-a8d2fd7d\">\n\n<p class=\"gb-headline gb-headline-b0cd8c34 gb-headline-text\">Kulutuskest\u00e4vyys<\/p>\n\n<\/div><\/div>\n\n<div class=\"gb-grid-column gb-grid-column-e7a47b63\"><div class=\"gb-container gb-container-e7a47b63\">\n\n<p class=\"gb-headline gb-headline-767479f0\"><span class=\"gb-icon\"><svg xmlns=\"https:\/\/www.w3.org\/2000\/svg\" aria-hidden=\"true\" role=\"img\" height=\"1em\" width=\"1em\" viewbox=\"0 0 512 512\"><path fill=\"currentColor\" d=\"M173.898 439.404l-166.4-166.4c-9.997-9.997-9.997-26.206 0-36.204l36.203-36.204c9.997-9.998 26.207-9.998 36.204 0L192 312.69 432.095 72.596c9.997-9.997 26.207-9.997 36.204 0l36.203 36.204c9.997 9.997 9.997 26.206 0 36.204l-294.4 294.401c-9.998 9.997-26.207 9.997-36.204-.001z\"><\/path><\/svg><\/span><\/p>\n\n<\/div><\/div>\n\n<div class=\"gb-grid-column gb-grid-column-fc084fac\"><div class=\"gb-container gb-container-fc084fac\">\n\n<p class=\"gb-headline gb-headline-0b537554\"><span class=\"gb-icon\"><svg xmlns=\"https:\/\/www.w3.org\/2000\/svg\" aria-hidden=\"true\" role=\"img\" height=\"1em\" width=\"1em\" viewbox=\"0 0 512 512\"><path fill=\"currentColor\" d=\"M173.898 439.404l-166.4-166.4c-9.997-9.997-9.997-26.206 0-36.204l36.203-36.204c9.997-9.998 26.207-9.998 36.204 0L192 312.69 432.095 72.596c9.997-9.997 26.207-9.997 36.204 0l36.203 36.204c9.997 9.997 9.997 26.206 0 36.204l-294.4 294.401c-9.998 9.997-26.207 9.997-36.204-.001z\"><\/path><\/svg><\/span><\/p>\n\n<\/div><\/div>\n\n<div class=\"gb-grid-column gb-grid-column-e0642a69\"><div class=\"gb-container gb-container-e0642a69\">\n\n<p class=\"gb-headline gb-headline-645e0867 gb-headline-text\">Valmistuskustannukset<\/p>\n\n<\/div><\/div>\n\n<div class=\"gb-grid-column gb-grid-column-13b2ad9f\"><div class=\"gb-container gb-container-13b2ad9f\"><\/div><\/div>\n\n<div class=\"gb-grid-column gb-grid-column-0754e065\"><div class=\"gb-container gb-container-0754e065\">\n\n<p class=\"gb-headline gb-headline-dc0680de\"><span class=\"gb-icon\"><svg xmlns=\"https:\/\/www.w3.org\/2000\/svg\" aria-hidden=\"true\" role=\"img\" height=\"1em\" width=\"1em\" viewbox=\"0 0 512 512\"><path fill=\"currentColor\" d=\"M173.898 439.404l-166.4-166.4c-9.997-9.997-9.997-26.206 0-36.204l36.203-36.204c9.997-9.998 26.207-9.998 36.204 0L192 312.69 432.095 72.596c9.997-9.997 26.207-9.997 36.204 0l36.203 36.204c9.997 9.997 9.997 26.206 0 36.204l-294.4 294.401c-9.998 9.997-26.207 9.997-36.204-.001z\"><\/path><\/svg><\/span><\/p>\n\n<\/div><\/div>\n<\/div>\n<\/div>\n<\/div>\n<\/div><div class=\"gb-container gb-container-f2125a15\">\n\n<div class=\"gb-element-220fb288\"><div class=\"gb-container gb-container-d6ae6a59\">\n\n<h5 class=\"gb-headline gb-headline-dfa066de gb-headline-text\">Lue lis\u00e4\u00e4 standardeista<\/h5>\n\n<\/div>\n\n<div class=\"gb-container gb-container-271c8eec\">\n\n<div class=\"gb-element-3a916c48\">\n<p class=\"gb-text gb-text-b3ad245c\"><a href=\"https:\/\/www.combiworks.com\/fi\/infra\/en124-standardi\/\">EN124-standardi<\/a><\/p>\n\n\n\n<p class=\"gb-text gb-text-8a07265f\"><a href=\"https:\/\/env-combiworks-staging01.kinsta.cloud\/fi\/infra\/en13374-standardi\/\">EN13374-standardi<\/a><\/p>\n<\/div>\n\n\n\n<div class=\"gb-element-aeb42c0d\">\n<p class=\"gb-text gb-text-d2e368ab\"><a href=\"https:\/\/env-combiworks-staging01.kinsta.cloud\/fi\/infra\/en-1433-standardi\/\">EN 1433-standardi<\/a><\/p>\n<\/div>\n\n<\/div><\/div>\n\n\n\n<div class=\"gb-element-0a21eb66\"><div class=\"gb-container gb-container-b61ba4e9\">\n\n<h5 class=\"gb-headline gb-headline-9d20f377 gb-headline-text\">K\u00e4ytt\u00f6tarkoitukset:<\/h5>\n\n<\/div>\n\n<div class=\"gb-container gb-container-6a0eefdc\">\n\n<div class=\"gb-element-848371ad\">\n<p class=\"gb-text gb-text-1ada2bf0\"><a href=\"https:\/\/www.combiworks.com\/fi\/infra\/infra-referenssit\/\">Referenssit<\/a><\/p>\n\n\n\n<p class=\"gb-text gb-text-344584a3\"><a href=\"https:\/\/www.combiworks.com\/fi\/infra\/suunnittelijat\/\">Suunnittelijoille<\/a><\/p>\n\n\n\n<p class=\"gb-text gb-text-f45d927c\"><a href=\"https:\/\/www.combiworks.com\/fi\/infra\/putki-ja-kaivovalmistajat\/\">Putki- ja kaivovalmistajat<\/a><\/p>\n<\/div>\n\n\n\n<div class=\"gb-element-e526e7c7\">\n<p class=\"gb-text gb-text-b56822da\"><a href=\"https:\/\/www.combiworks.com\/fi\/infra\/tukkukauppiaat\/\">Tukkukauppiaat<\/a><\/p>\n\n\n\n<p class=\"gb-text gb-text-88798b4b\"><a href=\"https:\/\/www.combiworks.com\/fi\/infra\/kuntasektori\/\">Kuntasektori<\/a><\/p>\n<\/div>\n\n<\/div><\/div>\n\n<\/div>","protected":false},"excerpt":{"rendered":"<p>Kaivonkansien materiaalivertailu Lue lis\u00e4\u00e4 standardeista EN124-standardi EN13374-standardi EN 1433-standardi K\u00e4ytt\u00f6tarkoitukset: Referenssit Suunnittelijoille Putki- ja kaivovalmistajat Tukkukauppiaat Kuntasektori<\/p>\n","protected":false},"author":1,"featured_media":0,"parent":5937,"menu_order":7,"comment_status":"closed","ping_status":"closed","template":"","meta":{"_acf_changed":false,"inline_featured_image":false,"_kad_blocks_custom_css":"","_kad_blocks_head_custom_js":"","_kad_blocks_body_custom_js":"","_kad_blocks_footer_custom_js":"","footnotes":""},"categories":[],"class_list":["post-13496","page","type-page","status-publish","format-standard"],"acf":[],"yoast_head":"<!-- This site is optimized with the Yoast SEO plugin v25.5 - https:\/\/yoast.com\/wordpress\/plugins\/seo\/ -->\n<title>Kaivonkansien materiaalivertailu - Combi Works<\/title>\n<meta name=\"robots\" content=\"index, follow, max-snippet:-1, max-image-preview:large, max-video-preview:-1\" \/>\n<link rel=\"canonical\" href=\"https:\/\/www.combiworks.com\/fi\/infra\/kaivonkansien-materiaalivertailu\/\" \/>\n<meta property=\"og:locale\" content=\"fi_FI\" \/>\n<meta property=\"og:type\" content=\"article\" \/>\n<meta property=\"og:title\" content=\"Kaivonkansien materiaalivertailu - Combi Works\" \/>\n<meta property=\"og:description\" content=\"Kaivonkansien materiaalivertailu Lue lis\u00e4\u00e4 standardeista EN124-standardi EN13374-standardi EN 1433-standardi K\u00e4ytt\u00f6tarkoitukset: Referenssit Suunnittelijoille Putki- ja kaivovalmistajat Tukkukauppiaat Kuntasektori\" \/>\n<meta property=\"og:url\" content=\"https:\/\/www.combiworks.com\/fi\/infra\/kaivonkansien-materiaalivertailu\/\" \/>\n<meta property=\"og:site_name\" content=\"Combi Works\" \/>\n<meta property=\"article:publisher\" content=\"https:\/\/www.facebook.com\/people\/Combi-Works\/100057440740208\/\" \/>\n<meta property=\"article:modified_time\" content=\"2026-04-13T11:34:24+00:00\" \/>\n<meta property=\"og:image\" content=\"https:\/\/www.combiworks.com\/wp-content\/uploads\/2023\/06\/shutterstock_1473734858.jpg\" \/>\n\t<meta property=\"og:image:width\" content=\"1400\" \/>\n\t<meta property=\"og:image:height\" content=\"957\" \/>\n\t<meta property=\"og:image:type\" content=\"image\/jpeg\" \/>\n<meta name=\"twitter:card\" content=\"summary_large_image\" \/>\n<meta name=\"twitter:label1\" content=\"Arvioitu lukuaika\" \/>\n\t<meta name=\"twitter:data1\" content=\"1 minuutti\" \/>\n<script type=\"application\/ld+json\" class=\"yoast-schema-graph\">{\"@context\":\"https:\/\/schema.org\",\"@graph\":[{\"@type\":\"WebPage\",\"@id\":\"https:\/\/www.combiworks.com\/fi\/infra\/kaivonkansien-materiaalivertailu\/\",\"url\":\"https:\/\/www.combiworks.com\/fi\/infra\/kaivonkansien-materiaalivertailu\/\",\"name\":\"Kaivonkansien materiaalivertailu - Combi Works\",\"isPartOf\":{\"@id\":\"https:\/\/www.combiworks.com\/fi\/#website\"},\"datePublished\":\"2026-04-13T11:25:02+00:00\",\"dateModified\":\"2026-04-13T11:34:24+00:00\",\"breadcrumb\":{\"@id\":\"https:\/\/www.combiworks.com\/fi\/infra\/kaivonkansien-materiaalivertailu\/#breadcrumb\"},\"inLanguage\":\"fi\",\"potentialAction\":[{\"@type\":\"ReadAction\",\"target\":[\"https:\/\/www.combiworks.com\/fi\/infra\/kaivonkansien-materiaalivertailu\/\"]}]},{\"@type\":\"BreadcrumbList\",\"@id\":\"https:\/\/www.combiworks.com\/fi\/infra\/kaivonkansien-materiaalivertailu\/#breadcrumb\",\"itemListElement\":[{\"@type\":\"ListItem\",\"position\":1,\"name\":\"Home\",\"item\":\"https:\/\/www.combiworks.com\/fi\/\"},{\"@type\":\"ListItem\",\"position\":2,\"name\":\"Infra\",\"item\":\"https:\/\/www.combiworks.com\/fi\/infra\/\"},{\"@type\":\"ListItem\",\"position\":3,\"name\":\"Kaivonkansien materiaalivertailu\"}]},{\"@type\":\"WebSite\",\"@id\":\"https:\/\/www.combiworks.com\/fi\/#website\",\"url\":\"https:\/\/www.combiworks.com\/fi\/\",\"name\":\"Combi Works\",\"description\":\"The industrial manufacturing company - working in machine building and infra sectors\",\"publisher\":{\"@id\":\"https:\/\/www.combiworks.com\/fi\/#organization\"},\"potentialAction\":[{\"@type\":\"SearchAction\",\"target\":{\"@type\":\"EntryPoint\",\"urlTemplate\":\"https:\/\/www.combiworks.com\/fi\/?s={search_term_string}\"},\"query-input\":{\"@type\":\"PropertyValueSpecification\",\"valueRequired\":true,\"valueName\":\"search_term_string\"}}],\"inLanguage\":\"fi\"},{\"@type\":\"Organization\",\"@id\":\"https:\/\/www.combiworks.com\/fi\/#organization\",\"name\":\"Combi Works\",\"url\":\"https:\/\/www.combiworks.com\/fi\/\",\"logo\":{\"@type\":\"ImageObject\",\"inLanguage\":\"fi\",\"@id\":\"https:\/\/www.combiworks.com\/fi\/#\/schema\/logo\/image\/\",\"url\":\"https:\/\/www.combiworks.com\/wp-content\/uploads\/2023\/09\/combi_works_logo_color-1.png\",\"contentUrl\":\"https:\/\/www.combiworks.com\/wp-content\/uploads\/2023\/09\/combi_works_logo_color-1.png\",\"width\":500,\"height\":500,\"caption\":\"Combi Works\"},\"image\":{\"@id\":\"https:\/\/www.combiworks.com\/fi\/#\/schema\/logo\/image\/\"},\"sameAs\":[\"https:\/\/www.facebook.com\/people\/Combi-Works\/100057440740208\/\",\"https:\/\/www.linkedin.com\/company\/nordic-cast-sourcing-ltd\"]}]}<\/script>\n<!-- \/ Yoast SEO plugin. -->","yoast_head_json":{"title":"Kaivonkansien materiaalivertailu - Combi Works","robots":{"index":"index","follow":"follow","max-snippet":"max-snippet:-1","max-image-preview":"max-image-preview:large","max-video-preview":"max-video-preview:-1"},"canonical":"https:\/\/www.combiworks.com\/fi\/infra\/kaivonkansien-materiaalivertailu\/","og_locale":"fi_FI","og_type":"article","og_title":"Kaivonkansien materiaalivertailu - Combi Works","og_description":"Kaivonkansien materiaalivertailu Lue lis\u00e4\u00e4 standardeista EN124-standardi EN13374-standardi EN 1433-standardi K\u00e4ytt\u00f6tarkoitukset: Referenssit Suunnittelijoille Putki- ja kaivovalmistajat Tukkukauppiaat Kuntasektori","og_url":"https:\/\/www.combiworks.com\/fi\/infra\/kaivonkansien-materiaalivertailu\/","og_site_name":"Combi Works","article_publisher":"https:\/\/www.facebook.com\/people\/Combi-Works\/100057440740208\/","article_modified_time":"2026-04-13T11:34:24+00:00","og_image":[{"width":1400,"height":957,"url":"https:\/\/www.combiworks.com\/wp-content\/uploads\/2023\/06\/shutterstock_1473734858.jpg","type":"image\/jpeg"}],"twitter_card":"summary_large_image","twitter_misc":{"Arvioitu lukuaika":"1 minuutti"},"schema":{"@context":"https:\/\/schema.org","@graph":[{"@type":"WebPage","@id":"https:\/\/www.combiworks.com\/fi\/infra\/kaivonkansien-materiaalivertailu\/","url":"https:\/\/www.combiworks.com\/fi\/infra\/kaivonkansien-materiaalivertailu\/","name":"Kaivonkansien materiaalivertailu - Combi Works","isPartOf":{"@id":"https:\/\/www.combiworks.com\/fi\/#website"},"datePublished":"2026-04-13T11:25:02+00:00","dateModified":"2026-04-13T11:34:24+00:00","breadcrumb":{"@id":"https:\/\/www.combiworks.com\/fi\/infra\/kaivonkansien-materiaalivertailu\/#breadcrumb"},"inLanguage":"fi","potentialAction":[{"@type":"ReadAction","target":["https:\/\/www.combiworks.com\/fi\/infra\/kaivonkansien-materiaalivertailu\/"]}]},{"@type":"BreadcrumbList","@id":"https:\/\/www.combiworks.com\/fi\/infra\/kaivonkansien-materiaalivertailu\/#breadcrumb","itemListElement":[{"@type":"ListItem","position":1,"name":"Home","item":"https:\/\/www.combiworks.com\/fi\/"},{"@type":"ListItem","position":2,"name":"Infra","item":"https:\/\/www.combiworks.com\/fi\/infra\/"},{"@type":"ListItem","position":3,"name":"Kaivonkansien materiaalivertailu"}]},{"@type":"WebSite","@id":"https:\/\/www.combiworks.com\/fi\/#website","url":"https:\/\/www.combiworks.com\/fi\/","name":"Combi Works","description":"The industrial manufacturing company - working in machine building and infra sectors","publisher":{"@id":"https:\/\/www.combiworks.com\/fi\/#organization"},"potentialAction":[{"@type":"SearchAction","target":{"@type":"EntryPoint","urlTemplate":"https:\/\/www.combiworks.com\/fi\/?s={search_term_string}"},"query-input":{"@type":"PropertyValueSpecification","valueRequired":true,"valueName":"search_term_string"}}],"inLanguage":"fi"},{"@type":"Organization","@id":"https:\/\/www.combiworks.com\/fi\/#organization","name":"Combi Works","url":"https:\/\/www.combiworks.com\/fi\/","logo":{"@type":"ImageObject","inLanguage":"fi","@id":"https:\/\/www.combiworks.com\/fi\/#\/schema\/logo\/image\/","url":"https:\/\/www.combiworks.com\/wp-content\/uploads\/2023\/09\/combi_works_logo_color-1.png","contentUrl":"https:\/\/www.combiworks.com\/wp-content\/uploads\/2023\/09\/combi_works_logo_color-1.png","width":500,"height":500,"caption":"Combi Works"},"image":{"@id":"https:\/\/www.combiworks.com\/fi\/#\/schema\/logo\/image\/"},"sameAs":["https:\/\/www.facebook.com\/people\/Combi-Works\/100057440740208\/","https:\/\/www.linkedin.com\/company\/nordic-cast-sourcing-ltd"]}]}},"taxonomy_info":[],"featured_image_src_large":false,"author_info":{"display_name":"KimTakala","author_link":"https:\/\/www.combiworks.com\/fi\/author\/kimtakala\/"},"comment_info":"","_links":{"self":[{"href":"https:\/\/www.combiworks.com\/fi\/wp-json\/wp\/v2\/pages\/13496","targetHints":{"allow":["GET"]}}],"collection":[{"href":"https:\/\/www.combiworks.com\/fi\/wp-json\/wp\/v2\/pages"}],"about":[{"href":"https:\/\/www.combiworks.com\/fi\/wp-json\/wp\/v2\/types\/page"}],"author":[{"embeddable":true,"href":"https:\/\/www.combiworks.com\/fi\/wp-json\/wp\/v2\/users\/1"}],"replies":[{"embeddable":true,"href":"https:\/\/www.combiworks.com\/fi\/wp-json\/wp\/v2\/comments?post=13496"}],"version-history":[{"count":2,"href":"https:\/\/www.combiworks.com\/fi\/wp-json\/wp\/v2\/pages\/13496\/revisions"}],"predecessor-version":[{"id":13498,"href":"https:\/\/www.combiworks.com\/fi\/wp-json\/wp\/v2\/pages\/13496\/revisions\/13498"}],"up":[{"embeddable":true,"href":"https:\/\/www.combiworks.com\/fi\/wp-json\/wp\/v2\/pages\/5937"}],"wp:attachment":[{"href":"https:\/\/www.combiworks.com\/fi\/wp-json\/wp\/v2\/media?parent=13496"}],"wp:term":[{"taxonomy":"category","embeddable":true,"href":"https:\/\/www.combiworks.com\/fi\/wp-json\/wp\/v2\/categories?post=13496"}],"curies":[{"name":"wp","href":"https:\/\/api.w.org\/{rel}","templated":true}]}}