{"id":12545,"date":"2026-02-01T16:31:03","date_gmt":"2026-02-01T14:31:03","guid":{"rendered":"https:\/\/www.combiworks.com\/videot\/"},"modified":"2026-03-03T14:51:43","modified_gmt":"2026-03-03T12:51:43","slug":"videot","status":"publish","type":"page","link":"https:\/\/www.combiworks.com\/fi\/videot\/","title":{"rendered":"Videot"},"content":{"rendered":"<div class=\"gb-container gb-container-5c5df740\">\n<div class=\"gb-container gb-container-ce7e3052\">\n\n<h1 class=\"gb-headline gb-headline-769aa696 gb-headline-text\"><mark style=\"background-color:rgba(0, 0, 0, 0)\" class=\"has-inline-color has-accent-2-color\">Combi Works <\/mark>videot<\/h1>\n\n\n\n<div class=\"gb-grid-wrapper gb-grid-wrapper-dd61e0d8 gb-query-loop-wrapper\">\n<div class=\"gb-grid-column gb-grid-column-4b8aa61e gb-query-loop-item post-12550 video type-video status-publish format-standard hentry\"><div class=\"gb-container gb-container-4b8aa61e\">\n\n<div class=\"gb-element-1c0d4301 cw-video-frame\">\t\t\t\t<video \r\n\t\t\t\t\tcontrols \r\n\t\t\t\t\tpreload=\"metadata\" \r\n\t\t\t\t\twidth=\"100%\" \r\n\t\t\t\t\tdisablepictureinpicture \r\n\t\t\t\t\tcontrolsList=\"nodownload noplaybackrate\"\r\n\t\t\t\t\tposter=\"https:\/\/www.combiworks.com\/wp-content\/uploads\/2026\/03\/Screenshot-2026-03-02-at-13.25.12-scaled.png\"\t\t\t\t>\r\n\t\t\t\t\t<source src=\"https:\/\/www.combiworks.com\/wp-content\/uploads\/2026\/03\/Combi-Works-AluFix-EVO-installation-video-light-version.mp4\" type=\"video\/mp4\">\r\n\t\t\t\t\tYour browser does not support the video tag.\r\n\t\t\t\t<\/video>\r\n\t\t\t\t<\/div>\n\n\n\n<div class=\"gb-element-aefb843d\"><h2 class=\"gb-headline gb-headline-2d6c3575 gb-headline-text\">AluFix\u00ae EVO:n asennus<\/h2>\n\n\n<p class=\"gb-text\">T\u00e4ll\u00e4 videolla n\u00e4ytet\u00e4\u00e4n Alufix\u00ae EVO -kaidej\u00e4rjestelm\u00e4n tyypilliset asennusvaiheet tasakatolle. T\u00e4m\u00e4 palkittu malli tarjoaa ratkaisuja kaikkiin tasakatotyyppeihin, joissa on erikorkuisia kaiteita tai joissa ei ole lainkaan kaidetta, mik\u00e4 tuodaan esiin t\u00e4ll\u00e4 videolla. <\/p>\n<\/div>\n\n<\/div><\/div>\n\n<div class=\"gb-grid-column gb-grid-column-4b8aa61e gb-query-loop-item post-12560 video type-video status-publish format-standard hentry\"><div class=\"gb-container gb-container-4b8aa61e\">\n\n<div class=\"gb-element-1c0d4301 cw-video-frame\">\t\t\t\t<video \r\n\t\t\t\t\tcontrols \r\n\t\t\t\t\tpreload=\"metadata\" \r\n\t\t\t\t\twidth=\"100%\" \r\n\t\t\t\t\tdisablepictureinpicture \r\n\t\t\t\t\tcontrolsList=\"nodownload noplaybackrate\"\r\n\t\t\t\t\tposter=\"https:\/\/www.combiworks.com\/wp-content\/uploads\/2026\/03\/Screenshot-2026-03-02-at-13.26.32-scaled.png\"\t\t\t\t>\r\n\t\t\t\t\t<source src=\"https:\/\/www.combiworks.com\/wp-content\/uploads\/2026\/03\/Combi-Works-AluFix-Classic-installation-video-light-version.mp4\" type=\"video\/mp4\">\r\n\t\t\t\t\tYour browser does not support the video tag.\r\n\t\t\t\t<\/video>\r\n\t\t\t\t<\/div>\n\n\n\n<div class=\"gb-element-aefb843d\"><h2 class=\"gb-headline gb-headline-2d6c3575 gb-headline-text\">AluFix\u00ae Classic Asennus<\/h2>\n\n\n<p class=\"gb-text\">T\u00e4ll\u00e4 videolla k\u00e4yd\u00e4\u00e4n l\u00e4pi Alufix\u00ae Classic -kaidej\u00e4rjestelm\u00e4n tyypilliset asennusvaiheet tasakatolle. T\u00e4m\u00e4 2 minuutin asennusvideo osoittaa t\u00e4ydellisesti, kuinka helppoa asennus on ilman ty\u00f6kaluja. T\u00e4m\u00e4 on kevyt mutta kest\u00e4v\u00e4 tuote toistuvaa tulevaa k\u00e4ytt\u00f6\u00e4 varten.   <\/p>\n<\/div>\n\n<\/div><\/div>\n\n<div class=\"gb-grid-column gb-grid-column-4b8aa61e gb-query-loop-item post-12585 video type-video status-publish format-standard hentry\"><div class=\"gb-container gb-container-4b8aa61e\">\n\n<div class=\"gb-element-1c0d4301 cw-video-frame\">\t\t\t\t<video \r\n\t\t\t\t\tcontrols \r\n\t\t\t\t\tpreload=\"metadata\" \r\n\t\t\t\t\twidth=\"100%\" \r\n\t\t\t\t\tdisablepictureinpicture \r\n\t\t\t\t\tcontrolsList=\"nodownload noplaybackrate\"\r\n\t\t\t\t\t\t\t\t\t>\r\n\t\t\t\t\t<source src=\"https:\/\/www.combiworks.com\/wp-content\/uploads\/2026\/03\/AluFix-Safety-Guardrails-Introduction.mp4\" type=\"video\/mp4\">\r\n\t\t\t\t\tYour browser does not support the video tag.\r\n\t\t\t\t<\/video>\r\n\t\t\t\t<\/div>\n\n\n\n<div class=\"gb-element-aefb843d\"><h2 class=\"gb-headline gb-headline-2d6c3575 gb-headline-text\">AluFix\u00ae-turvakaide esittely<\/h2>\n\n\n<p class=\"gb-text\">T\u00e4ss\u00e4 videossa esitell\u00e4\u00e4n AluFix\u00ae-turvakaiteen toiminnot ja ominaisuudet. Siin\u00e4 esitell\u00e4\u00e4n my\u00f6s, miten se voidaan asentaa katolle helposti ilman ty\u00f6kaluja. <\/p>\n<\/div>\n\n<\/div><\/div>\n\n<div class=\"gb-grid-column gb-grid-column-4b8aa61e gb-query-loop-item post-12392 video type-video status-publish format-standard hentry\"><div class=\"gb-container gb-container-4b8aa61e\">\n\n<div class=\"gb-element-1c0d4301 cw-video-frame\">\t\t\t\t<video \r\n\t\t\t\t\tcontrols \r\n\t\t\t\t\tpreload=\"metadata\" \r\n\t\t\t\t\twidth=\"100%\" \r\n\t\t\t\t\tdisablepictureinpicture \r\n\t\t\t\t\tcontrolsList=\"nodownload noplaybackrate\"\r\n\t\t\t\t\t\t\t\t\t>\r\n\t\t\t\t\t<source src=\"https:\/\/www.combiworks.com\/wp-content\/uploads\/2026\/02\/Mannerheimintie-Manhole-Cover-Combi-Works.mp4\" type=\"video\/mp4\">\r\n\t\t\t\t\tYour browser does not support the video tag.\r\n\t\t\t\t<\/video>\r\n\t\t\t\t<\/div>\n\n\n\n<div class=\"gb-element-aefb843d\"><h2 class=\"gb-headline gb-headline-2d6c3575 gb-headline-text\">Combi Worksin kaivonkansi Mannerheimintiell\u00e4, Helsingiss\u00e4<\/h2>\n\n\n<p class=\"gb-text\">T\u00e4m\u00e4 video kuvaa Combi Worksin kaivonkansia Mannerheimintien historiallisella kadulla Helsingiss\u00e4. Siin\u00e4 esitell\u00e4\u00e4n 315-sarjan tuotevalikoimaamme ja kitakehyksi\u00e4 k\u00e4velykadulla.  <\/p>\n<\/div>\n\n<\/div><\/div>\n\n<div class=\"gb-grid-column gb-grid-column-4b8aa61e gb-query-loop-item post-12532 video type-video status-publish format-standard hentry\"><div class=\"gb-container gb-container-4b8aa61e\">\n\n<div class=\"gb-element-1c0d4301 cw-video-frame\">\t\t\t\t<video \r\n\t\t\t\t\tcontrols \r\n\t\t\t\t\tpreload=\"metadata\" \r\n\t\t\t\t\twidth=\"100%\" \r\n\t\t\t\t\tdisablepictureinpicture \r\n\t\t\t\t\tcontrolsList=\"nodownload noplaybackrate\"\r\n\t\t\t\t\tposter=\"https:\/\/www.combiworks.com\/wp-content\/uploads\/2025\/11\/Video-cover-image-630-and-800-opening.jpg\"\t\t\t\t>\r\n\t\t\t\t\t<source src=\"https:\/\/www.combiworks.com\/wp-content\/uploads\/2025\/11\/Combi-Works-Tutorial_optimized.mp4\" type=\"video\/mp4\">\r\n\t\t\t\t\tYour browser does not support the video tag.\r\n\t\t\t\t<\/video>\r\n\t\t\t\t<\/div>\n\n\n\n<div class=\"gb-element-aefb843d\"><h2 class=\"gb-headline gb-headline-2d6c3575 gb-headline-text\">630- ja 800-sarjan kaivonkansien avaaminen.<\/h2>\n\n\n<p class=\"gb-text\">T\u00e4ll\u00e4 videolla n\u00e4ytet\u00e4\u00e4n, miten 630- ja 800-sarjan lukittava kaivonkansi avataan joko avausty\u00f6kalulla tai sorkkaraudalla. Siin\u00e4 n\u00e4ytet\u00e4\u00e4n my\u00f6s, miten kaivonkansi puhdistetaan ja suljetaan.   <\/p>\n<\/div>\n\n<\/div><\/div>\n\n<div class=\"gb-grid-column gb-grid-column-4b8aa61e gb-query-loop-item post-12391 video type-video status-publish format-standard hentry\"><div class=\"gb-container gb-container-4b8aa61e\">\n\n<div class=\"gb-element-1c0d4301 cw-video-frame\">\t\t\t\t<video \r\n\t\t\t\t\tcontrols \r\n\t\t\t\t\tpreload=\"metadata\" \r\n\t\t\t\t\twidth=\"100%\" \r\n\t\t\t\t\tdisablepictureinpicture \r\n\t\t\t\t\tcontrolsList=\"nodownload noplaybackrate\"\r\n\t\t\t\t\t\t\t\t\t>\r\n\t\t\t\t\t<source src=\"https:\/\/www.combiworks.com\/wp-content\/uploads\/2025\/09\/Combi-Works-Lockable-Manhole-Cover.mp4\" type=\"video\/mp4\">\r\n\t\t\t\t\tYour browser does not support the video tag.\r\n\t\t\t\t<\/video>\r\n\t\t\t\t<\/div>\n\n\n\n<div class=\"gb-element-aefb843d\"><h2 class=\"gb-headline gb-headline-2d6c3575 gb-headline-text\">Lukittavan kaivon kannen avaaminen<\/h2>\n\n\n<p class=\"gb-text\">T\u00e4ll\u00e4 videolla n\u00e4ytet\u00e4\u00e4n, miten kansi avataan sorkkaraudalla, puhdistetaan nopeasti ja suljetaan helposti. Siin\u00e4 esitell\u00e4\u00e4n 315-sarjan lukittavaa kaivonkansiamme, mutta sama menetelm\u00e4 p\u00e4tee kaikkiin muihin Combi Worksin lukittaviin kaivonkansiin. <\/p>\n<\/div>\n\n<\/div><\/div>\n<\/div>\n\n<\/div>\n<\/div>","protected":false},"excerpt":{"rendered":"<p>Combi Works videot<\/p>\n","protected":false},"author":1,"featured_media":0,"parent":0,"menu_order":19,"comment_status":"closed","ping_status":"closed","template":"","meta":{"_acf_changed":false,"inline_featured_image":false,"_kad_blocks_custom_css":"","_kad_blocks_head_custom_js":"","_kad_blocks_body_custom_js":"","_kad_blocks_footer_custom_js":"","footnotes":""},"categories":[],"class_list":["post-12545","page","type-page","status-publish","format-standard"],"acf":[],"yoast_head":"<!-- This site is optimized with the Yoast SEO plugin v25.5 - https:\/\/yoast.com\/wordpress\/plugins\/seo\/ -->\n<title>Videot - Combi Works<\/title>\n<meta name=\"robots\" content=\"index, follow, max-snippet:-1, max-image-preview:large, max-video-preview:-1\" \/>\n<link rel=\"canonical\" href=\"https:\/\/www.combiworks.com\/fi\/videot\/\" \/>\n<meta property=\"og:locale\" content=\"fi_FI\" \/>\n<meta property=\"og:type\" content=\"article\" \/>\n<meta property=\"og:title\" content=\"Videot - Combi Works\" \/>\n<meta property=\"og:description\" content=\"Combi Works videot\" \/>\n<meta property=\"og:url\" content=\"https:\/\/www.combiworks.com\/fi\/videot\/\" \/>\n<meta property=\"og:site_name\" content=\"Combi Works\" \/>\n<meta property=\"article:publisher\" content=\"https:\/\/www.facebook.com\/people\/Combi-Works\/100057440740208\/\" \/>\n<meta property=\"article:modified_time\" content=\"2026-03-03T12:51:43+00:00\" \/>\n<meta property=\"og:image\" content=\"https:\/\/www.combiworks.com\/wp-content\/uploads\/2023\/06\/shutterstock_1473734858.jpg\" \/>\n\t<meta property=\"og:image:width\" content=\"1400\" \/>\n\t<meta property=\"og:image:height\" content=\"957\" \/>\n\t<meta property=\"og:image:type\" content=\"image\/jpeg\" \/>\n<meta name=\"twitter:card\" content=\"summary_large_image\" \/>\n<meta name=\"twitter:label1\" content=\"Arvioitu lukuaika\" \/>\n\t<meta name=\"twitter:data1\" content=\"1 minuutti\" \/>\n<script type=\"application\/ld+json\" class=\"yoast-schema-graph\">{\"@context\":\"https:\/\/schema.org\",\"@graph\":[{\"@type\":\"WebPage\",\"@id\":\"https:\/\/www.combiworks.com\/fi\/videot\/\",\"url\":\"https:\/\/www.combiworks.com\/fi\/videot\/\",\"name\":\"Videot - Combi Works\",\"isPartOf\":{\"@id\":\"https:\/\/www.combiworks.com\/fi\/#website\"},\"datePublished\":\"2026-02-01T14:31:03+00:00\",\"dateModified\":\"2026-03-03T12:51:43+00:00\",\"breadcrumb\":{\"@id\":\"https:\/\/www.combiworks.com\/fi\/videot\/#breadcrumb\"},\"inLanguage\":\"fi\",\"potentialAction\":[{\"@type\":\"ReadAction\",\"target\":[\"https:\/\/www.combiworks.com\/fi\/videot\/\"]}]},{\"@type\":\"BreadcrumbList\",\"@id\":\"https:\/\/www.combiworks.com\/fi\/videot\/#breadcrumb\",\"itemListElement\":[{\"@type\":\"ListItem\",\"position\":1,\"name\":\"Home\",\"item\":\"https:\/\/www.combiworks.com\/fi\/\"},{\"@type\":\"ListItem\",\"position\":2,\"name\":\"Videot\"}]},{\"@type\":\"WebSite\",\"@id\":\"https:\/\/www.combiworks.com\/fi\/#website\",\"url\":\"https:\/\/www.combiworks.com\/fi\/\",\"name\":\"Combi Works\",\"description\":\"The industrial manufacturing company - working in machine building and infra sectors\",\"publisher\":{\"@id\":\"https:\/\/www.combiworks.com\/fi\/#organization\"},\"potentialAction\":[{\"@type\":\"SearchAction\",\"target\":{\"@type\":\"EntryPoint\",\"urlTemplate\":\"https:\/\/www.combiworks.com\/fi\/?s={search_term_string}\"},\"query-input\":{\"@type\":\"PropertyValueSpecification\",\"valueRequired\":true,\"valueName\":\"search_term_string\"}}],\"inLanguage\":\"fi\"},{\"@type\":\"Organization\",\"@id\":\"https:\/\/www.combiworks.com\/fi\/#organization\",\"name\":\"Combi Works\",\"url\":\"https:\/\/www.combiworks.com\/fi\/\",\"logo\":{\"@type\":\"ImageObject\",\"inLanguage\":\"fi\",\"@id\":\"https:\/\/www.combiworks.com\/fi\/#\/schema\/logo\/image\/\",\"url\":\"https:\/\/www.combiworks.com\/wp-content\/uploads\/2023\/09\/combi_works_logo_color-1.png\",\"contentUrl\":\"https:\/\/www.combiworks.com\/wp-content\/uploads\/2023\/09\/combi_works_logo_color-1.png\",\"width\":500,\"height\":500,\"caption\":\"Combi Works\"},\"image\":{\"@id\":\"https:\/\/www.combiworks.com\/fi\/#\/schema\/logo\/image\/\"},\"sameAs\":[\"https:\/\/www.facebook.com\/people\/Combi-Works\/100057440740208\/\",\"https:\/\/www.linkedin.com\/company\/nordic-cast-sourcing-ltd\"]}]}<\/script>\n<!-- \/ Yoast SEO plugin. -->","yoast_head_json":{"title":"Videot - Combi Works","robots":{"index":"index","follow":"follow","max-snippet":"max-snippet:-1","max-image-preview":"max-image-preview:large","max-video-preview":"max-video-preview:-1"},"canonical":"https:\/\/www.combiworks.com\/fi\/videot\/","og_locale":"fi_FI","og_type":"article","og_title":"Videot - Combi Works","og_description":"Combi Works videot","og_url":"https:\/\/www.combiworks.com\/fi\/videot\/","og_site_name":"Combi Works","article_publisher":"https:\/\/www.facebook.com\/people\/Combi-Works\/100057440740208\/","article_modified_time":"2026-03-03T12:51:43+00:00","og_image":[{"width":1400,"height":957,"url":"https:\/\/www.combiworks.com\/wp-content\/uploads\/2023\/06\/shutterstock_1473734858.jpg","type":"image\/jpeg"}],"twitter_card":"summary_large_image","twitter_misc":{"Arvioitu lukuaika":"1 minuutti"},"schema":{"@context":"https:\/\/schema.org","@graph":[{"@type":"WebPage","@id":"https:\/\/www.combiworks.com\/fi\/videot\/","url":"https:\/\/www.combiworks.com\/fi\/videot\/","name":"Videot - Combi Works","isPartOf":{"@id":"https:\/\/www.combiworks.com\/fi\/#website"},"datePublished":"2026-02-01T14:31:03+00:00","dateModified":"2026-03-03T12:51:43+00:00","breadcrumb":{"@id":"https:\/\/www.combiworks.com\/fi\/videot\/#breadcrumb"},"inLanguage":"fi","potentialAction":[{"@type":"ReadAction","target":["https:\/\/www.combiworks.com\/fi\/videot\/"]}]},{"@type":"BreadcrumbList","@id":"https:\/\/www.combiworks.com\/fi\/videot\/#breadcrumb","itemListElement":[{"@type":"ListItem","position":1,"name":"Home","item":"https:\/\/www.combiworks.com\/fi\/"},{"@type":"ListItem","position":2,"name":"Videot"}]},{"@type":"WebSite","@id":"https:\/\/www.combiworks.com\/fi\/#website","url":"https:\/\/www.combiworks.com\/fi\/","name":"Combi Works","description":"The industrial manufacturing company - working in machine building and infra sectors","publisher":{"@id":"https:\/\/www.combiworks.com\/fi\/#organization"},"potentialAction":[{"@type":"SearchAction","target":{"@type":"EntryPoint","urlTemplate":"https:\/\/www.combiworks.com\/fi\/?s={search_term_string}"},"query-input":{"@type":"PropertyValueSpecification","valueRequired":true,"valueName":"search_term_string"}}],"inLanguage":"fi"},{"@type":"Organization","@id":"https:\/\/www.combiworks.com\/fi\/#organization","name":"Combi Works","url":"https:\/\/www.combiworks.com\/fi\/","logo":{"@type":"ImageObject","inLanguage":"fi","@id":"https:\/\/www.combiworks.com\/fi\/#\/schema\/logo\/image\/","url":"https:\/\/www.combiworks.com\/wp-content\/uploads\/2023\/09\/combi_works_logo_color-1.png","contentUrl":"https:\/\/www.combiworks.com\/wp-content\/uploads\/2023\/09\/combi_works_logo_color-1.png","width":500,"height":500,"caption":"Combi Works"},"image":{"@id":"https:\/\/www.combiworks.com\/fi\/#\/schema\/logo\/image\/"},"sameAs":["https:\/\/www.facebook.com\/people\/Combi-Works\/100057440740208\/","https:\/\/www.linkedin.com\/company\/nordic-cast-sourcing-ltd"]}]}},"taxonomy_info":[],"featured_image_src_large":false,"author_info":{"display_name":"KimTakala","author_link":"https:\/\/www.combiworks.com\/fi\/author\/kimtakala\/"},"comment_info":"","_links":{"self":[{"href":"https:\/\/www.combiworks.com\/fi\/wp-json\/wp\/v2\/pages\/12545","targetHints":{"allow":["GET"]}}],"collection":[{"href":"https:\/\/www.combiworks.com\/fi\/wp-json\/wp\/v2\/pages"}],"about":[{"href":"https:\/\/www.combiworks.com\/fi\/wp-json\/wp\/v2\/types\/page"}],"author":[{"embeddable":true,"href":"https:\/\/www.combiworks.com\/fi\/wp-json\/wp\/v2\/users\/1"}],"replies":[{"embeddable":true,"href":"https:\/\/www.combiworks.com\/fi\/wp-json\/wp\/v2\/comments?post=12545"}],"version-history":[{"count":3,"href":"https:\/\/www.combiworks.com\/fi\/wp-json\/wp\/v2\/pages\/12545\/revisions"}],"predecessor-version":[{"id":12549,"href":"https:\/\/www.combiworks.com\/fi\/wp-json\/wp\/v2\/pages\/12545\/revisions\/12549"}],"wp:attachment":[{"href":"https:\/\/www.combiworks.com\/fi\/wp-json\/wp\/v2\/media?parent=12545"}],"wp:term":[{"taxonomy":"category","embeddable":true,"href":"https:\/\/www.combiworks.com\/fi\/wp-json\/wp\/v2\/categories?post=12545"}],"curies":[{"name":"wp","href":"https:\/\/api.w.org\/{rel}","templated":true}]}}