{"id":7359,"date":"2023-06-12T11:57:24","date_gmt":"2023-06-12T08:57:24","guid":{"rendered":"https:\/\/www.combiworks.com\/ettevote\/meie-lugu\/"},"modified":"2023-11-28T11:31:20","modified_gmt":"2023-11-28T09:31:20","slug":"meie-lugu","status":"publish","type":"page","link":"https:\/\/www.combiworks.com\/et\/ettevote\/meie-lugu\/","title":{"rendered":"Meie lugu"},"content":{"rendered":"<div class=\"gb-container gb-container-d6474ef4\">\n<div class=\"gb-container gb-container-2fa58fe5\">\n<div class=\"gb-container gb-container-a2c369cb\">\n\n<div class=\"gb-headline gb-headline-a978a0b7 gb-headline-text\">Combi Works<\/div>\n\n\n\n<h1 class=\"gb-headline gb-headline-d4eaef4e gb-headline-text\">Meie asutamislugu<\/h1>\n\n<\/div>\n<\/div>\n<\/div><div class=\"gb-container gb-container-e67c6fcb\">\n<div class=\"gb-container gb-container-0fca720e\"><\/div>\n\n<div class=\"gb-container gb-container-9b4ebb97\"><\/div>\n\n<div class=\"gb-container gb-container-d250e16d\"><\/div>\n<\/div><div class=\"gb-container gb-container-aaf28159 alignfull\">\n<div class=\"gb-container gb-container-8004ae77\">\n\n<h2 class=\"gb-headline gb-headline-93081b9b gb-headline-text\">N\u00e4rtsivate n\u00f5ukogude tankitehaste kasutamisest globaalsete tarneahelate \u00fcmberm\u00f5testamiseni<\/h2>\n\n\n\n<p class=\"gb-headline gb-headline-a05c920e gb-headline-text\">Combi Works sai alguse pereettev\u00f5ttena, mille asutasid ema ja poeg Veronika ning Edward, kellel on v\u00e4ga erinevad tugevused. Peagi liitus temaga vend Robert, et t\u00e4iendada meeskonda, mis ehitas ettev\u00f5tte selliseks, nagu see t\u00e4na on.<br><br>Meie lugu algab suurte globaalsete muutuste ajal 1980ndate l\u00f5pus. N\u00f5ukogude Liit on kaotamas majanduslikku v\u00f5idujooksu l\u00e4\u00e4ne demokraatiate vastu ja avab oma piirid. Rootsi ekstsentriline ettev\u00f5tja Stenb\u00e4ck uskus, et mobiilside ei t\u00e4henda mitte ainult majanduslikku revolutsiooni, vaid seda on h\u00e4dasti vaja ka idas, ja ta asutas selle elluviimiseks \u00fche oma ettev\u00f5tte Millicom International Cellular SA. Nad teadsid, et Soomel on oma rikkaliku ajalooga parim oskusteave selle elluviimiseks. Nii et nad palkasid ettev\u00f5tte \u00fclesehitamiseks \u00fche meie asutajatest, Veronika Braithwaite&#8217;i. Soomlastel on kogemus venelaste ja N\u00f5ukogude Liiduga \u00e4ri tegemisest ja sellega kaasnevate suhete haldamisest.<br><br>Ta reisis m\u00f6\u00f6da riiki, kolis oma perega m\u00f5neks aastaks Moskvasse, pidas l\u00e4bir\u00e4\u00e4kimisi litsentside \u00fcle ja ehitas \u00fcles mobiilsidev\u00f5rgud k\u00f5igis suuremates linnades ning tulemuseks oli esimene mobiilsideoperaator idas ning eluaegsed kogemused ja lood. Samal ajal varises N\u00f5ukogude Liit kokku ja avanes uus \u00e4riv\u00f5imaluste maailm. <br><br>Kiiresti edasi aastatuhande vahetusse. Meie teine asutaja Edward Blomstedt \u00f5ppis Helsingi Tehnika\u00fclikoolis masinaehitust. Meie ettev\u00f5tte asutamine sai alguse \u00fchest ideest ja v\u00f5imalusest, kui nendega v\u00f5ttis \u00fchendust endine n\u00f5ukogude tankitehas, mis oli muutunud traktoritehaseks, kuid oli h\u00e4das ilma tellimusteta. Tohutu tootmisv\u00f5imsus seisab t\u00fchjalt, masinad lagunevad. Oli v\u00f5imalus kasutada v\u00f5imsust ja konkurentsiv\u00f5imelist hinnakujundust. Tehas ise oli tohutu suur ja meenutas kauget minevikku. Combi Works alustas ja leidis turuni\u0161i Soome turul raskete vastupidavate kaevuvormide valdkonnas. Pika jutu lihtsustamiseks \u00fchendasime turu vajadused ja olemasoleva liigse tootmisv\u00f5imsuse. V\u00e4\u00e4rtuse loomine tarneahelates on algusest peale olnud osa meie DNAst.<br><br>Peagi sattusime j\u00e4rgmisesse otsustavasse olukorda, kui meie toonased partnerid Venemaal tahtsid ilma hoiatuseta muuta k\u00f5iki s\u00f5lmitud lepinguid. Meile anti v\u00f5imalus n\u00f5ustuda nende uute tingimustega v\u00f5i sulgeda.<br><br>Me leidsime kolmanda tee, et asendada tootmisv\u00f5imsus kiiresti, kujundada tooted \u00fcmber ja viia tootmine \u00fcle. Me asusime seda tegema ja 3 kuu jooksul olime tootmise \u00fcmber ehitanud kahes uues tegevuskohas kahes riigis. Ettev\u00f5tte sai p\u00e4\u00e4stetud ja me tagasime \u00f5igeaegsed tarned ja kvaliteedi ning suutsime pidada kinni k\u00f5igist kokkulepetest klientidega, mis on olnud meie \u00e4ri nurgakivi.<br><br>See asutamislugu pani aluse sellele, millest said Combi Worksi juhtp\u00f5him\u00f5tted &#8211; ootusi \u00fcletav teenindus, paindlik tootmisv\u00f5imsus, tootmise t\u00e4ielik tagamine ja klientidele tarneohutuse tagamine.<\/p>\n\n<\/div>\n<\/div>","protected":false},"excerpt":{"rendered":"<p>Combi Works Meie asutamislugu N\u00e4rtsivate n\u00f5ukogude tankitehaste kasutamisest globaalsete tarneahelate \u00fcmberm\u00f5testamiseni Combi Works sai alguse pereettev\u00f5ttena, mille asutasid ema ja poeg Veronika ning Edward, kellel on v\u00e4ga erinevad tugevused. Peagi liitus temaga vend Robert, et t\u00e4iendada meeskonda, mis ehitas ettev\u00f5tte selliseks, nagu see t\u00e4na on. Meie lugu algab suurte globaalsete muutuste ajal 1980ndate l\u00f5pus. N\u00f5ukogude &#8230; <a title=\"Meie lugu\" class=\"read-more\" href=\"https:\/\/www.combiworks.com\/et\/ettevote\/meie-lugu\/\" aria-label=\"Read more about Meie lugu\">Read more<\/a><\/p>\n","protected":false},"author":1,"featured_media":0,"parent":6315,"menu_order":85,"comment_status":"closed","ping_status":"closed","template":"","meta":{"_acf_changed":false,"inline_featured_image":false,"_kad_blocks_custom_css":"","_kad_blocks_head_custom_js":"","_kad_blocks_body_custom_js":"","_kad_blocks_footer_custom_js":"","footnotes":""},"categories":[],"class_list":["post-7359","page","type-page","status-publish","format-standard"],"acf":[],"yoast_head":"<!-- This site is optimized with the Yoast SEO plugin v25.5 - https:\/\/yoast.com\/wordpress\/plugins\/seo\/ -->\n<title>Meie lugu - Combi Works<\/title>\n<meta name=\"robots\" content=\"index, follow, max-snippet:-1, max-image-preview:large, max-video-preview:-1\" \/>\n<link rel=\"canonical\" href=\"https:\/\/www.combiworks.com\/et\/ettevote\/meie-lugu\/\" \/>\n<meta property=\"og:locale\" content=\"et_EE\" \/>\n<meta property=\"og:type\" content=\"article\" \/>\n<meta property=\"og:title\" content=\"Meie lugu - Combi Works\" \/>\n<meta property=\"og:description\" content=\"Combi Works Meie asutamislugu N\u00e4rtsivate n\u00f5ukogude tankitehaste kasutamisest globaalsete tarneahelate \u00fcmberm\u00f5testamiseni Combi Works sai alguse pereettev\u00f5ttena, mille asutasid ema ja poeg Veronika ning Edward, kellel on v\u00e4ga erinevad tugevused. Peagi liitus temaga vend Robert, et t\u00e4iendada meeskonda, mis ehitas ettev\u00f5tte selliseks, nagu see t\u00e4na on. Meie lugu algab suurte globaalsete muutuste ajal 1980ndate l\u00f5pus. N\u00f5ukogude ... Read more\" \/>\n<meta property=\"og:url\" content=\"https:\/\/www.combiworks.com\/et\/ettevote\/meie-lugu\/\" \/>\n<meta property=\"og:site_name\" content=\"Combi Works\" \/>\n<meta property=\"article:publisher\" content=\"https:\/\/www.facebook.com\/people\/Combi-Works\/100057440740208\/\" \/>\n<meta property=\"article:modified_time\" content=\"2023-11-28T09:31:20+00:00\" \/>\n<meta property=\"og:image\" content=\"https:\/\/www.combiworks.com\/wp-content\/uploads\/2023\/06\/shutterstock_1473734858.jpg\" \/>\n\t<meta property=\"og:image:width\" content=\"1400\" \/>\n\t<meta property=\"og:image:height\" content=\"957\" \/>\n\t<meta property=\"og:image:type\" content=\"image\/jpeg\" \/>\n<meta name=\"twitter:card\" content=\"summary_large_image\" \/>\n<meta name=\"twitter:label1\" content=\"Est. reading time\" \/>\n\t<meta name=\"twitter:data1\" content=\"2 minutit\" \/>\n<script type=\"application\/ld+json\" class=\"yoast-schema-graph\">{\"@context\":\"https:\/\/schema.org\",\"@graph\":[{\"@type\":\"WebPage\",\"@id\":\"https:\/\/www.combiworks.com\/et\/ettevote\/meie-lugu\/\",\"url\":\"https:\/\/www.combiworks.com\/et\/ettevote\/meie-lugu\/\",\"name\":\"Meie lugu - Combi Works\",\"isPartOf\":{\"@id\":\"https:\/\/www.combiworks.com\/et\/#website\"},\"datePublished\":\"2023-06-12T08:57:24+00:00\",\"dateModified\":\"2023-11-28T09:31:20+00:00\",\"breadcrumb\":{\"@id\":\"https:\/\/www.combiworks.com\/et\/ettevote\/meie-lugu\/#breadcrumb\"},\"inLanguage\":\"et\",\"potentialAction\":[{\"@type\":\"ReadAction\",\"target\":[\"https:\/\/www.combiworks.com\/et\/ettevote\/meie-lugu\/\"]}]},{\"@type\":\"BreadcrumbList\",\"@id\":\"https:\/\/www.combiworks.com\/et\/ettevote\/meie-lugu\/#breadcrumb\",\"itemListElement\":[{\"@type\":\"ListItem\",\"position\":1,\"name\":\"Home\",\"item\":\"https:\/\/www.combiworks.com\/et\/\"},{\"@type\":\"ListItem\",\"position\":2,\"name\":\"Ettev\u00f5te\",\"item\":\"https:\/\/www.combiworks.com\/et\/ettevote\/\"},{\"@type\":\"ListItem\",\"position\":3,\"name\":\"Meie lugu\"}]},{\"@type\":\"WebSite\",\"@id\":\"https:\/\/www.combiworks.com\/et\/#website\",\"url\":\"https:\/\/www.combiworks.com\/et\/\",\"name\":\"Combi Works\",\"description\":\"The industrial manufacturing company - working in machine building and infra sectors\",\"publisher\":{\"@id\":\"https:\/\/www.combiworks.com\/et\/#organization\"},\"potentialAction\":[{\"@type\":\"SearchAction\",\"target\":{\"@type\":\"EntryPoint\",\"urlTemplate\":\"https:\/\/www.combiworks.com\/et\/?s={search_term_string}\"},\"query-input\":{\"@type\":\"PropertyValueSpecification\",\"valueRequired\":true,\"valueName\":\"search_term_string\"}}],\"inLanguage\":\"et\"},{\"@type\":\"Organization\",\"@id\":\"https:\/\/www.combiworks.com\/et\/#organization\",\"name\":\"Combi Works\",\"url\":\"https:\/\/www.combiworks.com\/et\/\",\"logo\":{\"@type\":\"ImageObject\",\"inLanguage\":\"et\",\"@id\":\"https:\/\/www.combiworks.com\/et\/#\/schema\/logo\/image\/\",\"url\":\"https:\/\/www.combiworks.com\/wp-content\/uploads\/2023\/09\/combi_works_logo_color-1.png\",\"contentUrl\":\"https:\/\/www.combiworks.com\/wp-content\/uploads\/2023\/09\/combi_works_logo_color-1.png\",\"width\":500,\"height\":500,\"caption\":\"Combi Works\"},\"image\":{\"@id\":\"https:\/\/www.combiworks.com\/et\/#\/schema\/logo\/image\/\"},\"sameAs\":[\"https:\/\/www.facebook.com\/people\/Combi-Works\/100057440740208\/\",\"https:\/\/www.linkedin.com\/company\/nordic-cast-sourcing-ltd\"]}]}<\/script>\n<!-- \/ Yoast SEO plugin. -->","yoast_head_json":{"title":"Meie lugu - Combi Works","robots":{"index":"index","follow":"follow","max-snippet":"max-snippet:-1","max-image-preview":"max-image-preview:large","max-video-preview":"max-video-preview:-1"},"canonical":"https:\/\/www.combiworks.com\/et\/ettevote\/meie-lugu\/","og_locale":"et_EE","og_type":"article","og_title":"Meie lugu - Combi Works","og_description":"Combi Works Meie asutamislugu N\u00e4rtsivate n\u00f5ukogude tankitehaste kasutamisest globaalsete tarneahelate \u00fcmberm\u00f5testamiseni Combi Works sai alguse pereettev\u00f5ttena, mille asutasid ema ja poeg Veronika ning Edward, kellel on v\u00e4ga erinevad tugevused. Peagi liitus temaga vend Robert, et t\u00e4iendada meeskonda, mis ehitas ettev\u00f5tte selliseks, nagu see t\u00e4na on. Meie lugu algab suurte globaalsete muutuste ajal 1980ndate l\u00f5pus. N\u00f5ukogude ... Read more","og_url":"https:\/\/www.combiworks.com\/et\/ettevote\/meie-lugu\/","og_site_name":"Combi Works","article_publisher":"https:\/\/www.facebook.com\/people\/Combi-Works\/100057440740208\/","article_modified_time":"2023-11-28T09:31:20+00:00","og_image":[{"width":1400,"height":957,"url":"https:\/\/www.combiworks.com\/wp-content\/uploads\/2023\/06\/shutterstock_1473734858.jpg","type":"image\/jpeg"}],"twitter_card":"summary_large_image","twitter_misc":{"Est. reading time":"2 minutit"},"schema":{"@context":"https:\/\/schema.org","@graph":[{"@type":"WebPage","@id":"https:\/\/www.combiworks.com\/et\/ettevote\/meie-lugu\/","url":"https:\/\/www.combiworks.com\/et\/ettevote\/meie-lugu\/","name":"Meie lugu - Combi Works","isPartOf":{"@id":"https:\/\/www.combiworks.com\/et\/#website"},"datePublished":"2023-06-12T08:57:24+00:00","dateModified":"2023-11-28T09:31:20+00:00","breadcrumb":{"@id":"https:\/\/www.combiworks.com\/et\/ettevote\/meie-lugu\/#breadcrumb"},"inLanguage":"et","potentialAction":[{"@type":"ReadAction","target":["https:\/\/www.combiworks.com\/et\/ettevote\/meie-lugu\/"]}]},{"@type":"BreadcrumbList","@id":"https:\/\/www.combiworks.com\/et\/ettevote\/meie-lugu\/#breadcrumb","itemListElement":[{"@type":"ListItem","position":1,"name":"Home","item":"https:\/\/www.combiworks.com\/et\/"},{"@type":"ListItem","position":2,"name":"Ettev\u00f5te","item":"https:\/\/www.combiworks.com\/et\/ettevote\/"},{"@type":"ListItem","position":3,"name":"Meie lugu"}]},{"@type":"WebSite","@id":"https:\/\/www.combiworks.com\/et\/#website","url":"https:\/\/www.combiworks.com\/et\/","name":"Combi Works","description":"The industrial manufacturing company - working in machine building and infra sectors","publisher":{"@id":"https:\/\/www.combiworks.com\/et\/#organization"},"potentialAction":[{"@type":"SearchAction","target":{"@type":"EntryPoint","urlTemplate":"https:\/\/www.combiworks.com\/et\/?s={search_term_string}"},"query-input":{"@type":"PropertyValueSpecification","valueRequired":true,"valueName":"search_term_string"}}],"inLanguage":"et"},{"@type":"Organization","@id":"https:\/\/www.combiworks.com\/et\/#organization","name":"Combi Works","url":"https:\/\/www.combiworks.com\/et\/","logo":{"@type":"ImageObject","inLanguage":"et","@id":"https:\/\/www.combiworks.com\/et\/#\/schema\/logo\/image\/","url":"https:\/\/www.combiworks.com\/wp-content\/uploads\/2023\/09\/combi_works_logo_color-1.png","contentUrl":"https:\/\/www.combiworks.com\/wp-content\/uploads\/2023\/09\/combi_works_logo_color-1.png","width":500,"height":500,"caption":"Combi Works"},"image":{"@id":"https:\/\/www.combiworks.com\/et\/#\/schema\/logo\/image\/"},"sameAs":["https:\/\/www.facebook.com\/people\/Combi-Works\/100057440740208\/","https:\/\/www.linkedin.com\/company\/nordic-cast-sourcing-ltd"]}]}},"taxonomy_info":[],"featured_image_src_large":false,"author_info":{"display_name":"KimTakala","author_link":"https:\/\/www.combiworks.com\/et\/author\/kimtakala\/"},"comment_info":"","_links":{"self":[{"href":"https:\/\/www.combiworks.com\/et\/wp-json\/wp\/v2\/pages\/7359","targetHints":{"allow":["GET"]}}],"collection":[{"href":"https:\/\/www.combiworks.com\/et\/wp-json\/wp\/v2\/pages"}],"about":[{"href":"https:\/\/www.combiworks.com\/et\/wp-json\/wp\/v2\/types\/page"}],"author":[{"embeddable":true,"href":"https:\/\/www.combiworks.com\/et\/wp-json\/wp\/v2\/users\/1"}],"replies":[{"embeddable":true,"href":"https:\/\/www.combiworks.com\/et\/wp-json\/wp\/v2\/comments?post=7359"}],"version-history":[{"count":0,"href":"https:\/\/www.combiworks.com\/et\/wp-json\/wp\/v2\/pages\/7359\/revisions"}],"up":[{"embeddable":true,"href":"https:\/\/www.combiworks.com\/et\/wp-json\/wp\/v2\/pages\/6315"}],"wp:attachment":[{"href":"https:\/\/www.combiworks.com\/et\/wp-json\/wp\/v2\/media?parent=7359"}],"wp:term":[{"taxonomy":"category","embeddable":true,"href":"https:\/\/www.combiworks.com\/et\/wp-json\/wp\/v2\/categories?post=7359"}],"curies":[{"name":"wp","href":"https:\/\/api.w.org\/{rel}","templated":true}]}}