{"id":6318,"date":"2023-08-25T09:48:00","date_gmt":"2023-08-25T06:48:00","guid":{"rendered":"https:\/\/www.combiworks.com\/ettevote\/jatkusuutlikkus\/"},"modified":"2023-10-25T12:50:55","modified_gmt":"2023-10-25T09:50:55","slug":"jatkusuutlikkus","status":"publish","type":"page","link":"https:\/\/www.combiworks.com\/et\/ettevote\/jatkusuutlikkus\/","title":{"rendered":"J\u00e4tkusuutlikkus"},"content":{"rendered":"<div class=\"gb-container gb-container-d6474ef4\" style=\"background-image: url(https:\/\/www.combiworks.com\/wp-content\/uploads\/2023\/08\/sustainability_01.jpg);\">\n<div class=\"gb-container gb-container-2fa58fe5\">\n<div class=\"gb-container gb-container-a2c369cb\">\n\n<div class=\"gb-headline gb-headline-a978a0b7 gb-headline-text\">Combi Works<\/div>\n\n\n\n<h1 class=\"gb-headline gb-headline-d4eaef4e gb-headline-text\">J\u00e4tkusuutlikkuse strateegia<\/h1>\n\n<\/div>\n<\/div>\n<\/div><div class=\"gb-container gb-container-e67c6fcb\">\n<div class=\"gb-container gb-container-0fca720e\"><\/div>\n\n<div class=\"gb-container gb-container-9b4ebb97\"><\/div>\n\n<div class=\"gb-container gb-container-d250e16d\"><\/div>\n<\/div><div class=\"gb-container gb-container-aaf28159 alignfull\">\n<div class=\"gb-container gb-container-8004ae77\">\n\n<h2 class=\"gb-headline gb-headline-93081b9b gb-headline-text\">\u00dcheskoos rohelisele teekonnale asumine<\/h2>\n\n\n\n<p>Combi Works on p\u00fchendunud j\u00e4tkusuutliku tuleviku loomisele oma Factory-as-a-Service kontseptsiooni kaudu. Kuigi me tunnistame, et oleme oma j\u00e4tkusuutlikkuse teekonna alguses, oleme p\u00fchendunud sellele, et astuda olulisi samme keskkonnaalase vastutuse suunas. Meie strateegia h\u00f5lmab nii l\u00fchiajalisi kui ka pikaajalisi algatusi, arvestades meie rolli pigem tootmisprotsesside h\u00f5lbustajana kui tehaste omanikuna. Siin on \u00fclevaade meie l\u00e4henemisviisist:<\/p>\n\n\n\n<h2 class=\"gb-headline gb-headline-2cf68377 gb-headline-text\">L\u00fchiajalised algatused:<\/h2>\n\n\n\n<p>1. Tarnijate koost\u00f6\u00f6: Me teeme tihedat koost\u00f6\u00f6d oma v\u00e4liste tehaste v\u00f5rgustikuga, et soodustada keskkonnateadlikke tavasid. Me teeme koost\u00f6\u00f6d oma tarnijatega, julgustades neid v\u00f5tma kasutusele j\u00e4tkusuutlikke meetmeid, n\u00e4iteks energiat\u00f5hususe parandamine ja j\u00e4\u00e4tmetekke v\u00e4hendamise strateegiad.<\/p>\n\n\n\n<p>2. Materjali valik: Me teeme tihedat koost\u00f6\u00f6d oma klientidega, et leida nende toodete jaoks j\u00e4tkusuutlikud materjalivalikud. Pakkudes juhiseid ja hankimisalaseid teadmisi, p\u00fc\u00fcame h\u00f5lbustada selliste keskkonnas\u00f5bralike materjalide kasutamist, mis vastavad kvaliteedistandarditele ja v\u00e4hendavad keskkonnam\u00f5ju.<\/p>\n\n\n\n<p>3. L\u00e4bipaistev kommunikatsioon: P\u00fc\u00fcame suhelda oma klientidega avatult ja ausalt meie j\u00e4tkusuutlikkuse alaste j\u00f5upingutuste kohta. Me jagame teavet oma edusammude, probleemide ja parandamist vajavate valdkondade kohta, edendades l\u00e4bipaistvust ja julgustades j\u00e4tkusuutlikkuse algatusi koost\u00f6\u00f6s.<\/p>\n\n\n\n<h2 class=\"gb-headline gb-headline-9921957c gb-headline-text\">Pikaajalised algatused:<\/h2>\n\n\n\n<p>1. J\u00e4tkusuutliku tarnija kriteeriumid: Pikemas perspektiivis kavatseme kehtestada oma tarnijatele j\u00e4tkusuutlikkuse kriteeriumid. Keskkonnategurite kaasamisega meie tarnijate hindamisprotsessi saame julgustada s\u00e4\u00e4stvate tavade kasutuselev\u00f5ttu kogu tarneahelas.<\/p>\n\n\n\n<p>2. Keskkonnam\u00f5ju hindamine: Meie eesm\u00e4rk on viia l\u00e4bi p\u00f5hjalik keskkonnam\u00f5ju hindamine oma tegevuse ja protsesside kohta. See hindamine aitab meil kindlaks teha valdkonnad, kus saame veelgi v\u00e4hendada energiatarbimist, minimeerida j\u00e4\u00e4tmetekke ja suurendada \u00fcldist j\u00e4tkusuutlikkust.<\/p>\n\n\n\n<p>3. Koost\u00f6\u00f6 innovatsiooni nimel: Teeme aktiivselt koost\u00f6\u00f6d t\u00f6\u00f6stuspartnerite, ekspertide ja teadusasutustega, et uurida uuenduslikke lahendusi, mis edendavad s\u00e4\u00e4stvat tootmist. Uute tehnoloogiate ja parimate tavade kasutuselev\u00f5tuga saame \u00fchiselt tegutseda oma \u00f6koloogilise jalaj\u00e4lje v\u00e4hendamise nimel.<\/p>\n\n\n\n<p>Kuigi me tunnistame, et meie m\u00f5ju seisneb peamiselt valikute suunamises, mitte tehaste omamises, oleme j\u00e4tkuvalt p\u00fchendunud sellele, et m\u00e4ngida olulist rolli j\u00e4tkusuutlike tavade edendamisel t\u00f6\u00f6tlevas t\u00f6\u00f6stuses. Me m\u00f5istame, et see teekond n\u00f5uab pidevat \u00f5ppimist, kohanemist ja koost\u00f6\u00f6d k\u00f5igi asjaomaste sidusr\u00fchmadega.<\/p>\n\n\n\n<p>Kuna me astume \u00fcheskoos rohelisele teekonnale, kutsume oma kliente \u00fcles \u00fchinema meiega ja seadma j\u00e4tkusuutlikkust prioriteediks. Meie Factory-as-a-Service kontseptsiooni kaudu saame \u00fchiselt avaldada positiivset m\u00f5ju keskkonnale, m\u00f5jutada valikuid ja edendada j\u00e4tkusuutlikke muutusi tootmissektoris. Ehitame koos rohelisemat ja j\u00e4tkusuutlikumat tulevikku.<\/p>\n\n\n\n<p class=\"gb-headline gb-headline-a05c920e gb-headline-text\"><br><\/p>\n\n<\/div>\n<\/div>","protected":false},"excerpt":{"rendered":"<p>Combi Works J\u00e4tkusuutlikkuse strateegia \u00dcheskoos rohelisele teekonnale asumine Combi Works on p\u00fchendunud j\u00e4tkusuutliku tuleviku loomisele oma Factory-as-a-Service kontseptsiooni kaudu. Kuigi me tunnistame, et oleme oma j\u00e4tkusuutlikkuse teekonna alguses, oleme p\u00fchendunud sellele, et astuda olulisi samme keskkonnaalase vastutuse suunas. Meie strateegia h\u00f5lmab nii l\u00fchiajalisi kui ka pikaajalisi algatusi, arvestades meie rolli pigem tootmisprotsesside h\u00f5lbustajana kui tehaste &#8230; <a title=\"J\u00e4tkusuutlikkus\" class=\"read-more\" href=\"https:\/\/www.combiworks.com\/et\/ettevote\/jatkusuutlikkus\/\" aria-label=\"Read more about J\u00e4tkusuutlikkus\">Read more<\/a><\/p>\n","protected":false},"author":2,"featured_media":5379,"parent":6315,"menu_order":78,"comment_status":"closed","ping_status":"closed","template":"","meta":{"_acf_changed":false,"inline_featured_image":false,"_kad_blocks_custom_css":"","_kad_blocks_head_custom_js":"","_kad_blocks_body_custom_js":"","_kad_blocks_footer_custom_js":"","footnotes":""},"categories":[],"class_list":["post-6318","page","type-page","status-publish","format-standard","has-post-thumbnail"],"acf":[],"yoast_head":"<!-- This site is optimized with the Yoast SEO plugin v25.5 - https:\/\/yoast.com\/wordpress\/plugins\/seo\/ -->\n<title>J\u00e4tkusuutlikkus - Combi Works<\/title>\n<meta name=\"robots\" content=\"index, follow, max-snippet:-1, max-image-preview:large, max-video-preview:-1\" \/>\n<link rel=\"canonical\" href=\"https:\/\/www.combiworks.com\/et\/ettevote\/jatkusuutlikkus\/\" \/>\n<meta property=\"og:locale\" content=\"et_EE\" \/>\n<meta property=\"og:type\" content=\"article\" \/>\n<meta property=\"og:title\" content=\"J\u00e4tkusuutlikkus - Combi Works\" \/>\n<meta property=\"og:description\" content=\"Combi Works J\u00e4tkusuutlikkuse strateegia \u00dcheskoos rohelisele teekonnale asumine Combi Works on p\u00fchendunud j\u00e4tkusuutliku tuleviku loomisele oma Factory-as-a-Service kontseptsiooni kaudu. Kuigi me tunnistame, et oleme oma j\u00e4tkusuutlikkuse teekonna alguses, oleme p\u00fchendunud sellele, et astuda olulisi samme keskkonnaalase vastutuse suunas. Meie strateegia h\u00f5lmab nii l\u00fchiajalisi kui ka pikaajalisi algatusi, arvestades meie rolli pigem tootmisprotsesside h\u00f5lbustajana kui tehaste ... Read more\" \/>\n<meta property=\"og:url\" content=\"https:\/\/www.combiworks.com\/et\/ettevote\/jatkusuutlikkus\/\" \/>\n<meta property=\"og:site_name\" content=\"Combi Works\" \/>\n<meta property=\"article:publisher\" content=\"https:\/\/www.facebook.com\/people\/Combi-Works\/100057440740208\/\" \/>\n<meta property=\"article:modified_time\" content=\"2023-10-25T09:50:55+00:00\" \/>\n<meta property=\"og:image\" content=\"https:\/\/www.combiworks.com\/wp-content\/uploads\/2023\/08\/sustainability_01.jpg\" \/>\n\t<meta property=\"og:image:width\" content=\"1601\" \/>\n\t<meta property=\"og:image:height\" content=\"1068\" \/>\n\t<meta property=\"og:image:type\" content=\"image\/jpeg\" \/>\n<meta name=\"twitter:card\" content=\"summary_large_image\" \/>\n<meta name=\"twitter:label1\" content=\"Est. reading time\" \/>\n\t<meta name=\"twitter:data1\" content=\"2 minutit\" \/>\n<script type=\"application\/ld+json\" class=\"yoast-schema-graph\">{\"@context\":\"https:\/\/schema.org\",\"@graph\":[{\"@type\":\"WebPage\",\"@id\":\"https:\/\/www.combiworks.com\/et\/ettevote\/jatkusuutlikkus\/\",\"url\":\"https:\/\/www.combiworks.com\/et\/ettevote\/jatkusuutlikkus\/\",\"name\":\"J\u00e4tkusuutlikkus - Combi Works\",\"isPartOf\":{\"@id\":\"https:\/\/www.combiworks.com\/et\/#website\"},\"primaryImageOfPage\":{\"@id\":\"https:\/\/www.combiworks.com\/et\/ettevote\/jatkusuutlikkus\/#primaryimage\"},\"image\":{\"@id\":\"https:\/\/www.combiworks.com\/et\/ettevote\/jatkusuutlikkus\/#primaryimage\"},\"thumbnailUrl\":\"https:\/\/www.combiworks.com\/wp-content\/uploads\/2023\/08\/sustainability_01.jpg\",\"datePublished\":\"2023-08-25T06:48:00+00:00\",\"dateModified\":\"2023-10-25T09:50:55+00:00\",\"breadcrumb\":{\"@id\":\"https:\/\/www.combiworks.com\/et\/ettevote\/jatkusuutlikkus\/#breadcrumb\"},\"inLanguage\":\"et\",\"potentialAction\":[{\"@type\":\"ReadAction\",\"target\":[\"https:\/\/www.combiworks.com\/et\/ettevote\/jatkusuutlikkus\/\"]}]},{\"@type\":\"ImageObject\",\"inLanguage\":\"et\",\"@id\":\"https:\/\/www.combiworks.com\/et\/ettevote\/jatkusuutlikkus\/#primaryimage\",\"url\":\"https:\/\/www.combiworks.com\/wp-content\/uploads\/2023\/08\/sustainability_01.jpg\",\"contentUrl\":\"https:\/\/www.combiworks.com\/wp-content\/uploads\/2023\/08\/sustainability_01.jpg\",\"width\":1601,\"height\":1068},{\"@type\":\"BreadcrumbList\",\"@id\":\"https:\/\/www.combiworks.com\/et\/ettevote\/jatkusuutlikkus\/#breadcrumb\",\"itemListElement\":[{\"@type\":\"ListItem\",\"position\":1,\"name\":\"Home\",\"item\":\"https:\/\/www.combiworks.com\/et\/\"},{\"@type\":\"ListItem\",\"position\":2,\"name\":\"Ettev\u00f5te\",\"item\":\"https:\/\/www.combiworks.com\/et\/ettevote\/\"},{\"@type\":\"ListItem\",\"position\":3,\"name\":\"J\u00e4tkusuutlikkus\"}]},{\"@type\":\"WebSite\",\"@id\":\"https:\/\/www.combiworks.com\/et\/#website\",\"url\":\"https:\/\/www.combiworks.com\/et\/\",\"name\":\"Combi Works\",\"description\":\"The industrial manufacturing company - working in machine building and infra sectors\",\"publisher\":{\"@id\":\"https:\/\/www.combiworks.com\/et\/#organization\"},\"potentialAction\":[{\"@type\":\"SearchAction\",\"target\":{\"@type\":\"EntryPoint\",\"urlTemplate\":\"https:\/\/www.combiworks.com\/et\/?s={search_term_string}\"},\"query-input\":{\"@type\":\"PropertyValueSpecification\",\"valueRequired\":true,\"valueName\":\"search_term_string\"}}],\"inLanguage\":\"et\"},{\"@type\":\"Organization\",\"@id\":\"https:\/\/www.combiworks.com\/et\/#organization\",\"name\":\"Combi Works\",\"url\":\"https:\/\/www.combiworks.com\/et\/\",\"logo\":{\"@type\":\"ImageObject\",\"inLanguage\":\"et\",\"@id\":\"https:\/\/www.combiworks.com\/et\/#\/schema\/logo\/image\/\",\"url\":\"https:\/\/www.combiworks.com\/wp-content\/uploads\/2023\/09\/combi_works_logo_color-1.png\",\"contentUrl\":\"https:\/\/www.combiworks.com\/wp-content\/uploads\/2023\/09\/combi_works_logo_color-1.png\",\"width\":500,\"height\":500,\"caption\":\"Combi Works\"},\"image\":{\"@id\":\"https:\/\/www.combiworks.com\/et\/#\/schema\/logo\/image\/\"},\"sameAs\":[\"https:\/\/www.facebook.com\/people\/Combi-Works\/100057440740208\/\",\"https:\/\/www.linkedin.com\/company\/nordic-cast-sourcing-ltd\"]}]}<\/script>\n<!-- \/ Yoast SEO plugin. -->","yoast_head_json":{"title":"J\u00e4tkusuutlikkus - Combi Works","robots":{"index":"index","follow":"follow","max-snippet":"max-snippet:-1","max-image-preview":"max-image-preview:large","max-video-preview":"max-video-preview:-1"},"canonical":"https:\/\/www.combiworks.com\/et\/ettevote\/jatkusuutlikkus\/","og_locale":"et_EE","og_type":"article","og_title":"J\u00e4tkusuutlikkus - Combi Works","og_description":"Combi Works J\u00e4tkusuutlikkuse strateegia \u00dcheskoos rohelisele teekonnale asumine Combi Works on p\u00fchendunud j\u00e4tkusuutliku tuleviku loomisele oma Factory-as-a-Service kontseptsiooni kaudu. Kuigi me tunnistame, et oleme oma j\u00e4tkusuutlikkuse teekonna alguses, oleme p\u00fchendunud sellele, et astuda olulisi samme keskkonnaalase vastutuse suunas. Meie strateegia h\u00f5lmab nii l\u00fchiajalisi kui ka pikaajalisi algatusi, arvestades meie rolli pigem tootmisprotsesside h\u00f5lbustajana kui tehaste ... Read more","og_url":"https:\/\/www.combiworks.com\/et\/ettevote\/jatkusuutlikkus\/","og_site_name":"Combi Works","article_publisher":"https:\/\/www.facebook.com\/people\/Combi-Works\/100057440740208\/","article_modified_time":"2023-10-25T09:50:55+00:00","og_image":[{"width":1601,"height":1068,"url":"https:\/\/www.combiworks.com\/wp-content\/uploads\/2023\/08\/sustainability_01.jpg","type":"image\/jpeg"}],"twitter_card":"summary_large_image","twitter_misc":{"Est. reading time":"2 minutit"},"schema":{"@context":"https:\/\/schema.org","@graph":[{"@type":"WebPage","@id":"https:\/\/www.combiworks.com\/et\/ettevote\/jatkusuutlikkus\/","url":"https:\/\/www.combiworks.com\/et\/ettevote\/jatkusuutlikkus\/","name":"J\u00e4tkusuutlikkus - Combi Works","isPartOf":{"@id":"https:\/\/www.combiworks.com\/et\/#website"},"primaryImageOfPage":{"@id":"https:\/\/www.combiworks.com\/et\/ettevote\/jatkusuutlikkus\/#primaryimage"},"image":{"@id":"https:\/\/www.combiworks.com\/et\/ettevote\/jatkusuutlikkus\/#primaryimage"},"thumbnailUrl":"https:\/\/www.combiworks.com\/wp-content\/uploads\/2023\/08\/sustainability_01.jpg","datePublished":"2023-08-25T06:48:00+00:00","dateModified":"2023-10-25T09:50:55+00:00","breadcrumb":{"@id":"https:\/\/www.combiworks.com\/et\/ettevote\/jatkusuutlikkus\/#breadcrumb"},"inLanguage":"et","potentialAction":[{"@type":"ReadAction","target":["https:\/\/www.combiworks.com\/et\/ettevote\/jatkusuutlikkus\/"]}]},{"@type":"ImageObject","inLanguage":"et","@id":"https:\/\/www.combiworks.com\/et\/ettevote\/jatkusuutlikkus\/#primaryimage","url":"https:\/\/www.combiworks.com\/wp-content\/uploads\/2023\/08\/sustainability_01.jpg","contentUrl":"https:\/\/www.combiworks.com\/wp-content\/uploads\/2023\/08\/sustainability_01.jpg","width":1601,"height":1068},{"@type":"BreadcrumbList","@id":"https:\/\/www.combiworks.com\/et\/ettevote\/jatkusuutlikkus\/#breadcrumb","itemListElement":[{"@type":"ListItem","position":1,"name":"Home","item":"https:\/\/www.combiworks.com\/et\/"},{"@type":"ListItem","position":2,"name":"Ettev\u00f5te","item":"https:\/\/www.combiworks.com\/et\/ettevote\/"},{"@type":"ListItem","position":3,"name":"J\u00e4tkusuutlikkus"}]},{"@type":"WebSite","@id":"https:\/\/www.combiworks.com\/et\/#website","url":"https:\/\/www.combiworks.com\/et\/","name":"Combi Works","description":"The industrial manufacturing company - working in machine building and infra sectors","publisher":{"@id":"https:\/\/www.combiworks.com\/et\/#organization"},"potentialAction":[{"@type":"SearchAction","target":{"@type":"EntryPoint","urlTemplate":"https:\/\/www.combiworks.com\/et\/?s={search_term_string}"},"query-input":{"@type":"PropertyValueSpecification","valueRequired":true,"valueName":"search_term_string"}}],"inLanguage":"et"},{"@type":"Organization","@id":"https:\/\/www.combiworks.com\/et\/#organization","name":"Combi Works","url":"https:\/\/www.combiworks.com\/et\/","logo":{"@type":"ImageObject","inLanguage":"et","@id":"https:\/\/www.combiworks.com\/et\/#\/schema\/logo\/image\/","url":"https:\/\/www.combiworks.com\/wp-content\/uploads\/2023\/09\/combi_works_logo_color-1.png","contentUrl":"https:\/\/www.combiworks.com\/wp-content\/uploads\/2023\/09\/combi_works_logo_color-1.png","width":500,"height":500,"caption":"Combi Works"},"image":{"@id":"https:\/\/www.combiworks.com\/et\/#\/schema\/logo\/image\/"},"sameAs":["https:\/\/www.facebook.com\/people\/Combi-Works\/100057440740208\/","https:\/\/www.linkedin.com\/company\/nordic-cast-sourcing-ltd"]}]}},"taxonomy_info":[],"featured_image_src_large":["https:\/\/www.combiworks.com\/wp-content\/uploads\/2023\/08\/sustainability_01-1024x683.jpg",1024,683,true],"author_info":{"display_name":"Kim T","author_link":"https:\/\/www.combiworks.com\/et\/author\/kim-editor\/"},"comment_info":"","_links":{"self":[{"href":"https:\/\/www.combiworks.com\/et\/wp-json\/wp\/v2\/pages\/6318","targetHints":{"allow":["GET"]}}],"collection":[{"href":"https:\/\/www.combiworks.com\/et\/wp-json\/wp\/v2\/pages"}],"about":[{"href":"https:\/\/www.combiworks.com\/et\/wp-json\/wp\/v2\/types\/page"}],"author":[{"embeddable":true,"href":"https:\/\/www.combiworks.com\/et\/wp-json\/wp\/v2\/users\/2"}],"replies":[{"embeddable":true,"href":"https:\/\/www.combiworks.com\/et\/wp-json\/wp\/v2\/comments?post=6318"}],"version-history":[{"count":0,"href":"https:\/\/www.combiworks.com\/et\/wp-json\/wp\/v2\/pages\/6318\/revisions"}],"up":[{"embeddable":true,"href":"https:\/\/www.combiworks.com\/et\/wp-json\/wp\/v2\/pages\/6315"}],"wp:featuredmedia":[{"embeddable":true,"href":"https:\/\/www.combiworks.com\/et\/wp-json\/wp\/v2\/media\/5379"}],"wp:attachment":[{"href":"https:\/\/www.combiworks.com\/et\/wp-json\/wp\/v2\/media?parent=6318"}],"wp:term":[{"taxonomy":"category","embeddable":true,"href":"https:\/\/www.combiworks.com\/et\/wp-json\/wp\/v2\/categories?post=6318"}],"curies":[{"name":"wp","href":"https:\/\/api.w.org\/{rel}","templated":true}]}}