{"id":6313,"date":"2023-09-19T17:36:19","date_gmt":"2023-09-19T14:36:19","guid":{"rendered":"https:\/\/www.combiworks.com\/kampaania\/"},"modified":"2023-09-20T14:04:24","modified_gmt":"2023-09-20T11:04:24","slug":"kampaania","status":"publish","type":"page","link":"https:\/\/www.combiworks.com\/et\/kampaania\/","title":{"rendered":"Kampaania"},"content":{"rendered":"<div class=\"gb-container gb-container-48ead17c alignfull\">\n<div class=\"gb-container gb-container-4b1b4f3c\">\n<div class=\"gb-container gb-container-95d52b80\">\n\n<figure class=\"gb-block-image gb-block-image-05191cc4\"><img loading=\"lazy\" decoding=\"async\" width=\"1400\" height=\"933\" class=\"gb-image gb-image-05191cc4 aspect-1-1\" src=\"https:\/\/www.combiworks.com\/wp-content\/uploads\/2023\/04\/welding_01.jpg\" alt=\"\" title=\"weld_01\" srcset=\"https:\/\/www.combiworks.com\/wp-content\/uploads\/2023\/04\/welding_01.jpg 1400w, https:\/\/www.combiworks.com\/wp-content\/uploads\/2023\/04\/welding_01-300x200.jpg 300w, https:\/\/www.combiworks.com\/wp-content\/uploads\/2023\/04\/welding_01-1024x682.jpg 1024w, https:\/\/www.combiworks.com\/wp-content\/uploads\/2023\/04\/welding_01-768x512.jpg 768w\" sizes=\"auto, (max-width: 1400px) 100vw, 1400px\" \/><\/figure>\n\n<\/div>\n\n<div class=\"gb-container gb-container-8c7185c8\">\n<div class=\"gb-container gb-container-8ce0a0d3\">\n<div class=\"gb-container gb-container-f8dcf956\"><\/div>\n\n\n<h1 class=\"gb-headline gb-headline-ff8245ee gb-headline-text\">Factory as a Service<\/h1>\n\n<\/div>\n\n\n<p class=\"gb-headline gb-headline-83682c83 gb-headline-text\">Tootmisteenuste \u00e4ri\u00fcksus pakub Factory as a Service (FaaS) lahendust, kus tagame teile paindliku ja skaleeritava tootmise. Meie missioon on v\u00f5imaldada teil kasvada skaleeritaval viisil ja muuta tootmine teie tugevuseks, v\u00e4hendades teie kogukulu. Me haldame oma tootmis- ja tarneahelat t\u00e4ielikult digitaalselt, kasutades AirFaas tarkvara &#8211; oleme 24\/7 v\u00f5rgus, tagades t\u00e4ieliku n\u00e4htavuse teie tootmisele &#8211; alates pakkumiskutsetest kuni projektide, saadetiste ja kvaliteedini. Leidke kogu oma tellimusteave veebist v\u00f5i helistage oma kliendihaldurile, et saada lisateavet.<\/p>\n\n\n\n<h2 class=\"gb-headline gb-headline-cd755f05 gb-headline-text\">Piiratud aja n\u00e4itusepakkumine<\/h2>\n\n\n\n<p class=\"gb-headline gb-headline-2d33236a gb-headline-text\">Pakume k\u00fclastajatele tarneahela konsultatsiooni (1h) koos meie ekspertidega, et aidata teil anal\u00fc\u00fcsida oma tarneahelat ja tootmist.<\/p>\n\n\n\n<a class=\"gb-button gb-button-e6830397 gb-button-text smooth-scroll\" href=\"#campaign\">Hangi piiratud aja pakkumine<\/a>\n\n<\/div>\n<\/div>\n<\/div><div class=\"gb-container gb-container-1288fe03 alignfull\">\n<div class=\"gb-container gb-container-334a0209\" id=\"campaign\">\n<div class=\"gb-container gb-container-7848a2f9\">\n<div class=\"gb-container gb-container-39e853c4\"><\/div>\n\n\n<h2 class=\"gb-headline gb-headline-af2843ea gb-headline-text\">Hangi meie piiratud aja pakkumine<\/h2>\n\n<\/div>\n\n<div class=\"gb-container gb-container-851041e2\">\n<div class='fluentform ff-default fluentform_wrapper_6  ff_guten_block ffs_default_wrap'><form data-form_id=\"6\" id=\"fluentform_6\" class=\"frm-fluent-form fluent_form_6 ff-el-form-top ff_form_instance_6_1 ff-form-loading ffs_default\" data-form_instance=\"ff_form_instance_6_1\" method=\"POST\" ><fieldset  style=\"border: none!important;margin: 0!important;padding: 0!important;background-color: transparent!important;box-shadow: none!important;outline: none!important; min-inline-size: 100%;\">\n                    <legend class=\"ff_screen_reader_title\" style=\"display: block; margin: 0!important;padding: 0!important;height: 0!important;text-indent: -999999px;width: 0!important;overflow:hidden;\">Campaign contact form EN<\/legend><input type='hidden' name='__fluent_form_embded_post_id' value='6313' \/><input type=\"hidden\" id=\"_fluentform_6_fluentformnonce\" name=\"_fluentform_6_fluentformnonce\" value=\"1ad110a42f\" \/><input type=\"hidden\" name=\"_wp_http_referer\" value=\"\/et\/wp-json\/wp\/v2\/pages\/6313\" \/><div data-name=\"ff_cn_id_1\"  class='ff-t-container ff-column-container ff_columns_total_2  '><div class='ff-t-cell ff-t-column-1' style='flex-basis: 50%;'><div class='ff-el-group ff-el-form-hide_label'><div class=\"ff-el-input--label ff-el-is-required asterisk-right\"><label for='ff_6_input_text' aria-label=\"Your Name\">Your Name<\/label><\/div><div class='ff-el-input--content'><input type=\"text\" name=\"input_text\" class=\"ff-el-form-control\" placeholder=\"Your Name *\" data-name=\"input_text\" id=\"ff_6_input_text\"  aria-invalid=\"false\" aria-required=true><\/div><\/div><\/div><div class='ff-t-cell ff-t-column-2' style='flex-basis: 50%;'><div class='ff-el-group ff-el-form-hide_label'><div class=\"ff-el-input--label asterisk-right\"><label for='ff_6_input_text_1' aria-label=\"Company\">Company<\/label><\/div><div class='ff-el-input--content'><input type=\"text\" name=\"input_text_1\" class=\"ff-el-form-control\" placeholder=\"Company\" data-name=\"input_text_1\" id=\"ff_6_input_text_1\"  aria-invalid=\"false\" aria-required=false><\/div><\/div><\/div><\/div><div data-name=\"ff_cn_id_2\"  class='ff-t-container ff-column-container ff_columns_total_2  '><div class='ff-t-cell ff-t-column-1' style='flex-basis: 50%;'><div class='ff-el-group ff-el-form-hide_label'><div class=\"ff-el-input--label ff-el-is-required asterisk-right\"><label for='ff_6_email' aria-label=\"Email\">Email<\/label><\/div><div class='ff-el-input--content'><input type=\"email\" name=\"email\" id=\"ff_6_email\" class=\"ff-el-form-control\" placeholder=\"Email Address *\" data-name=\"email\"  aria-invalid=\"false\" aria-required=true><\/div><\/div><\/div><div class='ff-t-cell ff-t-column-2' style='flex-basis: 50%;'><div class='ff-el-group ff-el-form-hide_label'><div class=\"ff-el-input--label ff-el-is-required asterisk-right\"><label for='ff_6_numeric-field' aria-label=\"Phone number\">Phone number<\/label><\/div><div class='ff-el-input--content'><input type=\"number\" name=\"numeric-field\" id=\"ff_6_numeric-field\" class=\"ff-el-form-control\" placeholder=\"Phone number *\" data-name=\"numeric-field\" inputmode=\"numeric\" step=\"any\"  aria-invalid=\"false\" aria-required=true><\/div><\/div><\/div><\/div><div data-name=\"ff_cn_id_3\"  class='ff-t-container ff-column-container ff_columns_total_1  '><div class='ff-t-cell ff-t-column-1' style='flex-basis: 100%;'><div class='ff-el-group ff-el-form-hide_label'><div class=\"ff-el-input--label ff-el-is-required asterisk-right\"><label for='ff_6_description' aria-label=\"Your message\">Your message<\/label><\/div><div class='ff-el-input--content'><textarea aria-invalid=\"false\" aria-required=true name=\"description\" id=\"ff_6_description\" class=\"ff-el-form-control\" placeholder=\"Your message*\" rows=\"3\" cols=\"2\" data-name=\"description\" ><\/textarea><\/div><\/div><\/div><\/div><div class='ff-el-group ff-text-left ff_submit_btn_wrapper'><button type=\"submit\" class=\"ff-btn ff-btn-submit ff-btn-md ff_btn_style\" >Submit Form<\/button><\/div><\/fieldset><\/form><div id='fluentform_6_errors' class='ff-errors-in-stack ff_form_instance_6_1 ff-form-loading_errors ff_form_instance_6_1_errors'><\/div><\/div>        <script type=\"text\/javascript\">\n            window.fluent_form_ff_form_instance_6_1 = {\"id\":\"6\",\"settings\":{\"layout\":{\"labelPlacement\":\"top\",\"helpMessagePlacement\":\"with_label\",\"errorMessagePlacement\":\"inline\",\"asteriskPlacement\":\"asterisk-right\"},\"restrictions\":{\"denyEmptySubmission\":{\"enabled\":false}}},\"form_instance\":\"ff_form_instance_6_1\",\"form_id_selector\":\"fluentform_6\",\"rules\":{\"input_text\":{\"required\":{\"value\":true,\"message\":\"This field is required\"}},\"input_text_1\":{\"required\":{\"value\":false,\"message\":\"This field is required\"}},\"email\":{\"required\":{\"value\":true,\"message\":\"This field is required\"},\"email\":{\"value\":true,\"message\":\"This field must contain a valid email\"}},\"numeric-field\":{\"required\":{\"value\":true,\"message\":\"This field is required\"},\"numeric\":{\"value\":true,\"message\":\"This field must contain numeric value\"},\"min\":{\"value\":\"\",\"message\":\"Minimum value is \"},\"max\":{\"value\":\"\",\"message\":\"Maximum value is \"},\"digits\":{\"value\":\"\",\"message\":\"The number of digits has to be \"}},\"description\":{\"required\":{\"value\":true,\"message\":\"This field is required\"}}},\"debounce_time\":300};\n                    <\/script>\n        \n<\/div>\n<\/div>\n<\/div>","protected":false},"excerpt":{"rendered":"<p>Factory as a Service Tootmisteenuste \u00e4ri\u00fcksus pakub Factory as a Service (FaaS) lahendust, kus tagame teile paindliku ja skaleeritava tootmise. Meie missioon on v\u00f5imaldada teil kasvada skaleeritaval viisil ja muuta tootmine teie tugevuseks, v\u00e4hendades teie kogukulu. Me haldame oma tootmis- ja tarneahelat t\u00e4ielikult digitaalselt, kasutades AirFaas tarkvara &#8211; oleme 24\/7 v\u00f5rgus, tagades t\u00e4ieliku n\u00e4htavuse teie &#8230; <a title=\"Kampaania\" class=\"read-more\" href=\"https:\/\/www.combiworks.com\/et\/kampaania\/\" aria-label=\"Read more about Kampaania\">Read more<\/a><\/p>\n","protected":false},"author":1,"featured_media":0,"parent":0,"menu_order":71,"comment_status":"closed","ping_status":"closed","template":"","meta":{"_acf_changed":false,"inline_featured_image":false,"_kad_blocks_custom_css":"","_kad_blocks_head_custom_js":"","_kad_blocks_body_custom_js":"","_kad_blocks_footer_custom_js":"","footnotes":""},"categories":[],"class_list":["post-6313","page","type-page","status-publish","format-standard"],"acf":[],"yoast_head":"<!-- This site is optimized with the Yoast SEO plugin v25.5 - https:\/\/yoast.com\/wordpress\/plugins\/seo\/ -->\n<title>Kampaania - Combi Works<\/title>\n<meta name=\"robots\" content=\"index, follow, max-snippet:-1, max-image-preview:large, max-video-preview:-1\" \/>\n<link rel=\"canonical\" href=\"https:\/\/www.combiworks.com\/et\/kampaania\/\" \/>\n<meta property=\"og:locale\" content=\"et_EE\" \/>\n<meta property=\"og:type\" content=\"article\" \/>\n<meta property=\"og:title\" content=\"Kampaania - Combi Works\" \/>\n<meta property=\"og:description\" content=\"Factory as a Service Tootmisteenuste \u00e4ri\u00fcksus pakub Factory as a Service (FaaS) lahendust, kus tagame teile paindliku ja skaleeritava tootmise. Meie missioon on v\u00f5imaldada teil kasvada skaleeritaval viisil ja muuta tootmine teie tugevuseks, v\u00e4hendades teie kogukulu. Me haldame oma tootmis- ja tarneahelat t\u00e4ielikult digitaalselt, kasutades AirFaas tarkvara &#8211; oleme 24\/7 v\u00f5rgus, tagades t\u00e4ieliku n\u00e4htavuse teie ... Read more\" \/>\n<meta property=\"og:url\" content=\"https:\/\/www.combiworks.com\/et\/kampaania\/\" \/>\n<meta property=\"og:site_name\" content=\"Combi Works\" \/>\n<meta property=\"article:publisher\" content=\"https:\/\/www.facebook.com\/people\/Combi-Works\/100057440740208\/\" \/>\n<meta property=\"article:modified_time\" content=\"2023-09-20T11:04:24+00:00\" \/>\n<meta property=\"og:image\" content=\"https:\/\/www.combiworks.com\/wp-content\/uploads\/2023\/04\/welding_01.jpg\" \/>\n<meta name=\"twitter:card\" content=\"summary_large_image\" \/>\n<meta name=\"twitter:label1\" content=\"Est. reading time\" \/>\n\t<meta name=\"twitter:data1\" content=\"1 minut\" \/>\n<script type=\"application\/ld+json\" class=\"yoast-schema-graph\">{\"@context\":\"https:\/\/schema.org\",\"@graph\":[{\"@type\":\"WebPage\",\"@id\":\"https:\/\/www.combiworks.com\/et\/kampaania\/\",\"url\":\"https:\/\/www.combiworks.com\/et\/kampaania\/\",\"name\":\"Kampaania - Combi Works\",\"isPartOf\":{\"@id\":\"https:\/\/www.combiworks.com\/et\/#website\"},\"primaryImageOfPage\":{\"@id\":\"https:\/\/www.combiworks.com\/et\/kampaania\/#primaryimage\"},\"image\":{\"@id\":\"https:\/\/www.combiworks.com\/et\/kampaania\/#primaryimage\"},\"thumbnailUrl\":\"https:\/\/www.combiworks.com\/wp-content\/uploads\/2023\/04\/welding_01.jpg\",\"datePublished\":\"2023-09-19T14:36:19+00:00\",\"dateModified\":\"2023-09-20T11:04:24+00:00\",\"breadcrumb\":{\"@id\":\"https:\/\/www.combiworks.com\/et\/kampaania\/#breadcrumb\"},\"inLanguage\":\"et\",\"potentialAction\":[{\"@type\":\"ReadAction\",\"target\":[\"https:\/\/www.combiworks.com\/et\/kampaania\/\"]}]},{\"@type\":\"ImageObject\",\"inLanguage\":\"et\",\"@id\":\"https:\/\/www.combiworks.com\/et\/kampaania\/#primaryimage\",\"url\":\"https:\/\/www.combiworks.com\/wp-content\/uploads\/2023\/04\/welding_01.jpg\",\"contentUrl\":\"https:\/\/www.combiworks.com\/wp-content\/uploads\/2023\/04\/welding_01.jpg\"},{\"@type\":\"BreadcrumbList\",\"@id\":\"https:\/\/www.combiworks.com\/et\/kampaania\/#breadcrumb\",\"itemListElement\":[{\"@type\":\"ListItem\",\"position\":1,\"name\":\"Home\",\"item\":\"https:\/\/www.combiworks.com\/et\/\"},{\"@type\":\"ListItem\",\"position\":2,\"name\":\"Kampaania\"}]},{\"@type\":\"WebSite\",\"@id\":\"https:\/\/www.combiworks.com\/et\/#website\",\"url\":\"https:\/\/www.combiworks.com\/et\/\",\"name\":\"Combi Works\",\"description\":\"The industrial manufacturing company - working in machine building and infra sectors\",\"publisher\":{\"@id\":\"https:\/\/www.combiworks.com\/et\/#organization\"},\"potentialAction\":[{\"@type\":\"SearchAction\",\"target\":{\"@type\":\"EntryPoint\",\"urlTemplate\":\"https:\/\/www.combiworks.com\/et\/?s={search_term_string}\"},\"query-input\":{\"@type\":\"PropertyValueSpecification\",\"valueRequired\":true,\"valueName\":\"search_term_string\"}}],\"inLanguage\":\"et\"},{\"@type\":\"Organization\",\"@id\":\"https:\/\/www.combiworks.com\/et\/#organization\",\"name\":\"Combi Works\",\"url\":\"https:\/\/www.combiworks.com\/et\/\",\"logo\":{\"@type\":\"ImageObject\",\"inLanguage\":\"et\",\"@id\":\"https:\/\/www.combiworks.com\/et\/#\/schema\/logo\/image\/\",\"url\":\"https:\/\/www.combiworks.com\/wp-content\/uploads\/2023\/09\/combi_works_logo_color-1.png\",\"contentUrl\":\"https:\/\/www.combiworks.com\/wp-content\/uploads\/2023\/09\/combi_works_logo_color-1.png\",\"width\":500,\"height\":500,\"caption\":\"Combi Works\"},\"image\":{\"@id\":\"https:\/\/www.combiworks.com\/et\/#\/schema\/logo\/image\/\"},\"sameAs\":[\"https:\/\/www.facebook.com\/people\/Combi-Works\/100057440740208\/\",\"https:\/\/www.linkedin.com\/company\/nordic-cast-sourcing-ltd\"]}]}<\/script>\n<!-- \/ Yoast SEO plugin. -->","yoast_head_json":{"title":"Kampaania - Combi Works","robots":{"index":"index","follow":"follow","max-snippet":"max-snippet:-1","max-image-preview":"max-image-preview:large","max-video-preview":"max-video-preview:-1"},"canonical":"https:\/\/www.combiworks.com\/et\/kampaania\/","og_locale":"et_EE","og_type":"article","og_title":"Kampaania - Combi Works","og_description":"Factory as a Service Tootmisteenuste \u00e4ri\u00fcksus pakub Factory as a Service (FaaS) lahendust, kus tagame teile paindliku ja skaleeritava tootmise. Meie missioon on v\u00f5imaldada teil kasvada skaleeritaval viisil ja muuta tootmine teie tugevuseks, v\u00e4hendades teie kogukulu. Me haldame oma tootmis- ja tarneahelat t\u00e4ielikult digitaalselt, kasutades AirFaas tarkvara &#8211; oleme 24\/7 v\u00f5rgus, tagades t\u00e4ieliku n\u00e4htavuse teie ... Read more","og_url":"https:\/\/www.combiworks.com\/et\/kampaania\/","og_site_name":"Combi Works","article_publisher":"https:\/\/www.facebook.com\/people\/Combi-Works\/100057440740208\/","article_modified_time":"2023-09-20T11:04:24+00:00","og_image":[{"url":"https:\/\/www.combiworks.com\/wp-content\/uploads\/2023\/04\/welding_01.jpg","type":"","width":"","height":""}],"twitter_card":"summary_large_image","twitter_misc":{"Est. reading time":"1 minut"},"schema":{"@context":"https:\/\/schema.org","@graph":[{"@type":"WebPage","@id":"https:\/\/www.combiworks.com\/et\/kampaania\/","url":"https:\/\/www.combiworks.com\/et\/kampaania\/","name":"Kampaania - Combi Works","isPartOf":{"@id":"https:\/\/www.combiworks.com\/et\/#website"},"primaryImageOfPage":{"@id":"https:\/\/www.combiworks.com\/et\/kampaania\/#primaryimage"},"image":{"@id":"https:\/\/www.combiworks.com\/et\/kampaania\/#primaryimage"},"thumbnailUrl":"https:\/\/www.combiworks.com\/wp-content\/uploads\/2023\/04\/welding_01.jpg","datePublished":"2023-09-19T14:36:19+00:00","dateModified":"2023-09-20T11:04:24+00:00","breadcrumb":{"@id":"https:\/\/www.combiworks.com\/et\/kampaania\/#breadcrumb"},"inLanguage":"et","potentialAction":[{"@type":"ReadAction","target":["https:\/\/www.combiworks.com\/et\/kampaania\/"]}]},{"@type":"ImageObject","inLanguage":"et","@id":"https:\/\/www.combiworks.com\/et\/kampaania\/#primaryimage","url":"https:\/\/www.combiworks.com\/wp-content\/uploads\/2023\/04\/welding_01.jpg","contentUrl":"https:\/\/www.combiworks.com\/wp-content\/uploads\/2023\/04\/welding_01.jpg"},{"@type":"BreadcrumbList","@id":"https:\/\/www.combiworks.com\/et\/kampaania\/#breadcrumb","itemListElement":[{"@type":"ListItem","position":1,"name":"Home","item":"https:\/\/www.combiworks.com\/et\/"},{"@type":"ListItem","position":2,"name":"Kampaania"}]},{"@type":"WebSite","@id":"https:\/\/www.combiworks.com\/et\/#website","url":"https:\/\/www.combiworks.com\/et\/","name":"Combi Works","description":"The industrial manufacturing company - working in machine building and infra sectors","publisher":{"@id":"https:\/\/www.combiworks.com\/et\/#organization"},"potentialAction":[{"@type":"SearchAction","target":{"@type":"EntryPoint","urlTemplate":"https:\/\/www.combiworks.com\/et\/?s={search_term_string}"},"query-input":{"@type":"PropertyValueSpecification","valueRequired":true,"valueName":"search_term_string"}}],"inLanguage":"et"},{"@type":"Organization","@id":"https:\/\/www.combiworks.com\/et\/#organization","name":"Combi Works","url":"https:\/\/www.combiworks.com\/et\/","logo":{"@type":"ImageObject","inLanguage":"et","@id":"https:\/\/www.combiworks.com\/et\/#\/schema\/logo\/image\/","url":"https:\/\/www.combiworks.com\/wp-content\/uploads\/2023\/09\/combi_works_logo_color-1.png","contentUrl":"https:\/\/www.combiworks.com\/wp-content\/uploads\/2023\/09\/combi_works_logo_color-1.png","width":500,"height":500,"caption":"Combi Works"},"image":{"@id":"https:\/\/www.combiworks.com\/et\/#\/schema\/logo\/image\/"},"sameAs":["https:\/\/www.facebook.com\/people\/Combi-Works\/100057440740208\/","https:\/\/www.linkedin.com\/company\/nordic-cast-sourcing-ltd"]}]}},"taxonomy_info":[],"featured_image_src_large":false,"author_info":{"display_name":"KimTakala","author_link":"https:\/\/www.combiworks.com\/et\/author\/kimtakala\/"},"comment_info":"","_links":{"self":[{"href":"https:\/\/www.combiworks.com\/et\/wp-json\/wp\/v2\/pages\/6313","targetHints":{"allow":["GET"]}}],"collection":[{"href":"https:\/\/www.combiworks.com\/et\/wp-json\/wp\/v2\/pages"}],"about":[{"href":"https:\/\/www.combiworks.com\/et\/wp-json\/wp\/v2\/types\/page"}],"author":[{"embeddable":true,"href":"https:\/\/www.combiworks.com\/et\/wp-json\/wp\/v2\/users\/1"}],"replies":[{"embeddable":true,"href":"https:\/\/www.combiworks.com\/et\/wp-json\/wp\/v2\/comments?post=6313"}],"version-history":[{"count":0,"href":"https:\/\/www.combiworks.com\/et\/wp-json\/wp\/v2\/pages\/6313\/revisions"}],"wp:attachment":[{"href":"https:\/\/www.combiworks.com\/et\/wp-json\/wp\/v2\/media?parent=6313"}],"wp:term":[{"taxonomy":"category","embeddable":true,"href":"https:\/\/www.combiworks.com\/et\/wp-json\/wp\/v2\/categories?post=6313"}],"curies":[{"name":"wp","href":"https:\/\/api.w.org\/{rel}","templated":true}]}}