{"id":6290,"date":"2023-06-12T11:58:21","date_gmt":"2023-06-12T08:58:21","guid":{"rendered":"https:\/\/www.combiworks.com\/juhtkond\/"},"modified":"2023-09-27T13:55:53","modified_gmt":"2023-09-27T10:55:53","slug":"juhtkond","status":"publish","type":"page","link":"https:\/\/www.combiworks.com\/et\/ettevote\/juhtkond\/","title":{"rendered":"Juhtkond"},"content":{"rendered":"<div class=\"gb-container gb-container-d6474ef4\">\n<div class=\"gb-container gb-container-2fa58fe5\">\n<div class=\"gb-container gb-container-a2c369cb\">\n\n<div class=\"gb-headline gb-headline-a978a0b7 gb-headline-text\">Combi Works<\/div>\n\n\n\n<h1 class=\"gb-headline gb-headline-d4eaef4e gb-headline-text\">Juhtkond<\/h1>\n\n<\/div>\n<\/div>\n<\/div>\n\n<div class=\"gb-container gb-container-e67c6fcb\">\n<div class=\"gb-container gb-container-0fca720e\"><\/div>\n\n<div class=\"gb-container gb-container-9b4ebb97\"><\/div>\n\n<div class=\"gb-container gb-container-d250e16d\"><\/div>\n<\/div>\n\n<div class=\"gb-container gb-container-aaf28159 alignfull\">\n<div class=\"gb-container gb-container-8004ae77\">\n\n<p class=\"gb-headline gb-headline-a05c920e gb-headline-text\">Meie juhatus on valitud Combi Works&#8217;i laienemise ja arendamise oluliseks osaks.  <\/p>\n\n<\/div>\n<\/div>\n\n<div class=\"gb-container gb-container-b8046a44 alignfull\">\n<div class=\"gb-container gb-container-587ea9b7\">\n\n<div class=\"gb-grid-wrapper gb-grid-wrapper-b9c15c07 gb-query-loop-wrapper\">\n<div class=\"gb-grid-column gb-grid-column-bbaf1c78 gb-query-loop-item post-6281 cw-board-of-director type-cw-board-of-director status-publish format-standard has-post-thumbnail hentry\"><div class=\"gb-container gb-container-bbaf1c78\">\n<div class=\"gb-container gb-container-8bcfa15f\">\n<h3 class=\"gb-headline gb-headline-4fced65d gb-headline-text\">Kalle Reponen<\/h3>\n\n<p class=\"gb-headline gb-headline-d3b3cd3f gb-headline-text\"><p>on aktiivne juhatuse liige paljudes \u00e4rioganisatsioonides ning varem on ta olnud Metso Corporationi asepresident ja juhatuse liige, MCF Corporate Finance&#8217;i partner, Nordea Corporate Finance&#8217;i direktor ja Metra (W\u00e4rtsil\u00e4) korporatsiooni asepresident.<\/p>\n<\/p>\n<\/div>\n\n<div class=\"gb-container gb-container-bbeaf6a2\" style=\"background-image: url(https:\/\/www.combiworks.com\/wp-content\/uploads\/2023\/06\/Combi-Works-Kalle-Reponen_02.jpg);\"><\/div>\n<\/div><\/div>\n\n<div class=\"gb-grid-column gb-grid-column-bbaf1c78 gb-query-loop-item post-6285 cw-board-of-director type-cw-board-of-director status-publish format-standard has-post-thumbnail hentry\"><div class=\"gb-container gb-container-bbaf1c78\">\n<div class=\"gb-container gb-container-8bcfa15f\">\n<h3 class=\"gb-headline gb-headline-4fced65d gb-headline-text\">Edward Blomstedt<\/h3>\n\n<p class=\"gb-headline gb-headline-d3b3cd3f gb-headline-text\"><p>Edward on Combi Works\u00b4i tegevjuht ja oli ka AirFaasi looja. Ta on ka digitaalseerimise rahvusvaheliselt tuntud eestk\u00f5neleja. Edwardil on magistrikraad t\u00f6\u00f6stusjuhtimises ja masinaehituses Helsingi Tehnika\u00fclikoolist (praegu Aalto \u00dclikool). Tema kirg on v\u00f5imaldada targemat revolutsiooni tootmises rohelisema tuleviku nimel. Ta valiti aasta nooreks ettev\u00f5tjaks Soomes aastal 2010.     <\/p>\n<\/p>\n<\/div>\n\n<div class=\"gb-container gb-container-bbeaf6a2\" style=\"background-image: url(https:\/\/www.combiworks.com\/wp-content\/uploads\/2023\/06\/edward_blomstedt-1.jpg);\"><\/div>\n<\/div><\/div>\n\n<div class=\"gb-grid-column gb-grid-column-bbaf1c78 gb-query-loop-item post-6287 cw-board-of-director type-cw-board-of-director status-publish format-standard has-post-thumbnail hentry\"><div class=\"gb-container gb-container-bbaf1c78\">\n<div class=\"gb-container gb-container-8bcfa15f\">\n<h3 class=\"gb-headline gb-headline-4fced65d gb-headline-text\">Robert Blomstedt<\/h3>\n\n<p class=\"gb-headline gb-headline-d3b3cd3f gb-headline-text\"><p>Robert on Combi Works\u00b4i asutajate perekonna liige ning tehniline j\u00f5ud Combi Works ja AirFaas ainulaadsete s\u00fcsteemide v\u00e4ljat\u00f6\u00f6tamisel. Robert on \u00f5ppinud rahvusvahelist logistikat ja \u00e4rijuhtimist Helsingi Arcada pol\u00fctehnilises koolis. Roberti valdkonnaks on logistika ja SCM (Supply Chain Management) lahendused ja t\u00e4nasel hetkel t\u00f6\u00f6tab ta t\u00e4iskohaga AirFaasi tegevjuhuna.  <\/p>\n<\/p>\n<\/div>\n\n<div class=\"gb-container gb-container-bbeaf6a2\" style=\"background-image: url(https:\/\/www.combiworks.com\/wp-content\/uploads\/2023\/06\/Robert_Blomstedt-1.jpg);\"><\/div>\n<\/div><\/div>\n\n<div class=\"gb-grid-column gb-grid-column-bbaf1c78 gb-query-loop-item post-8978 cw-board-of-director type-cw-board-of-director status-publish format-standard has-post-thumbnail hentry\"><div class=\"gb-container gb-container-bbaf1c78\">\n<div class=\"gb-container gb-container-8bcfa15f\">\n<h3 class=\"gb-headline gb-headline-4fced65d gb-headline-text\">Kimmo Kedonp\u00e4\u00e4<\/h3>\n\n<p class=\"gb-headline gb-headline-d3b3cd3f gb-headline-text\"><p><span data-olk-copy-source=\"MessageBody\">Kimmo Kedonp\u00e4\u00e4 on pika infrastruktuuri\u00e4ri kogemusega professionaal. Ta oli Pipelife Groupi tegevjuht Soomes aastatel 2001-2023 ja vastutas Pipelife&#8217;i Baltikumi tegevuse eest aastatel 2016-2024. See periood oli h\u00e4mmastav. V\u00e4ljakutse oli ehitada Pipelife juhtivale positsioonile auhinnatud ettev\u00f5ttekultuuri, erakordse t\u00f6\u00f6kultuuri ja t\u00f6\u00f6tajate rahuloluga ettev\u00f5tteks. Ta on tuntud kui motiveeriv \u00e4rijuht, kellel on k\u00f5rge oskusteave taristu- ja ehitus\u00e4ridest.     <\/span><\/p>\n<\/p>\n<\/div>\n\n<div class=\"gb-container gb-container-bbeaf6a2\" style=\"background-image: url(https:\/\/www.combiworks.com\/wp-content\/uploads\/2025\/05\/Combi-Works-Kimmo-Kedonpaa-scaled-e1746711009482.jpg);\"><\/div>\n<\/div><\/div>\n<\/div>\n\n<\/div>\n<\/div>","protected":false},"excerpt":{"rendered":"<p>Combi Works Juhtkond Meie juhatus on valitud Combi Works&#8217;i laienemise ja arendamise oluliseks osaks.<\/p>\n","protected":false},"author":1,"featured_media":0,"parent":6315,"menu_order":90,"comment_status":"closed","ping_status":"closed","template":"","meta":{"_acf_changed":false,"inline_featured_image":false,"_kad_blocks_custom_css":"","_kad_blocks_head_custom_js":"","_kad_blocks_body_custom_js":"","_kad_blocks_footer_custom_js":"","footnotes":""},"categories":[],"class_list":["post-6290","page","type-page","status-publish","format-standard"],"acf":[],"yoast_head":"<!-- This site is optimized with the Yoast SEO plugin v25.5 - https:\/\/yoast.com\/wordpress\/plugins\/seo\/ -->\n<title>Juhtkond - Combi Works<\/title>\n<meta name=\"robots\" content=\"index, follow, max-snippet:-1, max-image-preview:large, max-video-preview:-1\" \/>\n<link rel=\"canonical\" href=\"https:\/\/www.combiworks.com\/et\/ettevote\/juhtkond\/\" \/>\n<meta property=\"og:locale\" content=\"et_EE\" \/>\n<meta property=\"og:type\" content=\"article\" \/>\n<meta property=\"og:title\" content=\"Juhtkond - Combi Works\" \/>\n<meta property=\"og:description\" content=\"Combi Works Juhtkond Meie juhatus on valitud Combi Works&#8217;i laienemise ja arendamise oluliseks osaks.\" \/>\n<meta property=\"og:url\" content=\"https:\/\/www.combiworks.com\/et\/ettevote\/juhtkond\/\" \/>\n<meta property=\"og:site_name\" content=\"Combi Works\" \/>\n<meta property=\"article:publisher\" content=\"https:\/\/www.facebook.com\/people\/Combi-Works\/100057440740208\/\" \/>\n<meta property=\"article:modified_time\" content=\"2023-09-27T10:55:53+00:00\" \/>\n<meta property=\"og:image\" content=\"https:\/\/www.combiworks.com\/wp-content\/uploads\/2023\/06\/shutterstock_1473734858.jpg\" \/>\n\t<meta property=\"og:image:width\" content=\"1400\" \/>\n\t<meta property=\"og:image:height\" content=\"957\" \/>\n\t<meta property=\"og:image:type\" content=\"image\/jpeg\" \/>\n<meta name=\"twitter:card\" content=\"summary_large_image\" \/>\n<meta name=\"twitter:label1\" content=\"Est. reading time\" \/>\n\t<meta name=\"twitter:data1\" content=\"1 minut\" \/>\n<script type=\"application\/ld+json\" class=\"yoast-schema-graph\">{\"@context\":\"https:\/\/schema.org\",\"@graph\":[{\"@type\":\"WebPage\",\"@id\":\"https:\/\/www.combiworks.com\/et\/ettevote\/juhtkond\/\",\"url\":\"https:\/\/www.combiworks.com\/et\/ettevote\/juhtkond\/\",\"name\":\"Juhtkond - Combi Works\",\"isPartOf\":{\"@id\":\"https:\/\/www.combiworks.com\/et\/#website\"},\"datePublished\":\"2023-06-12T08:58:21+00:00\",\"dateModified\":\"2023-09-27T10:55:53+00:00\",\"breadcrumb\":{\"@id\":\"https:\/\/www.combiworks.com\/et\/ettevote\/juhtkond\/#breadcrumb\"},\"inLanguage\":\"et\",\"potentialAction\":[{\"@type\":\"ReadAction\",\"target\":[\"https:\/\/www.combiworks.com\/et\/ettevote\/juhtkond\/\"]}]},{\"@type\":\"BreadcrumbList\",\"@id\":\"https:\/\/www.combiworks.com\/et\/ettevote\/juhtkond\/#breadcrumb\",\"itemListElement\":[{\"@type\":\"ListItem\",\"position\":1,\"name\":\"Home\",\"item\":\"https:\/\/www.combiworks.com\/et\/\"},{\"@type\":\"ListItem\",\"position\":2,\"name\":\"Ettev\u00f5te\",\"item\":\"https:\/\/www.combiworks.com\/et\/ettevote\/\"},{\"@type\":\"ListItem\",\"position\":3,\"name\":\"Juhtkond\"}]},{\"@type\":\"WebSite\",\"@id\":\"https:\/\/www.combiworks.com\/et\/#website\",\"url\":\"https:\/\/www.combiworks.com\/et\/\",\"name\":\"Combi Works\",\"description\":\"The industrial manufacturing company - working in machine building and infra sectors\",\"publisher\":{\"@id\":\"https:\/\/www.combiworks.com\/et\/#organization\"},\"potentialAction\":[{\"@type\":\"SearchAction\",\"target\":{\"@type\":\"EntryPoint\",\"urlTemplate\":\"https:\/\/www.combiworks.com\/et\/?s={search_term_string}\"},\"query-input\":{\"@type\":\"PropertyValueSpecification\",\"valueRequired\":true,\"valueName\":\"search_term_string\"}}],\"inLanguage\":\"et\"},{\"@type\":\"Organization\",\"@id\":\"https:\/\/www.combiworks.com\/et\/#organization\",\"name\":\"Combi Works\",\"url\":\"https:\/\/www.combiworks.com\/et\/\",\"logo\":{\"@type\":\"ImageObject\",\"inLanguage\":\"et\",\"@id\":\"https:\/\/www.combiworks.com\/et\/#\/schema\/logo\/image\/\",\"url\":\"https:\/\/www.combiworks.com\/wp-content\/uploads\/2023\/09\/combi_works_logo_color-1.png\",\"contentUrl\":\"https:\/\/www.combiworks.com\/wp-content\/uploads\/2023\/09\/combi_works_logo_color-1.png\",\"width\":500,\"height\":500,\"caption\":\"Combi Works\"},\"image\":{\"@id\":\"https:\/\/www.combiworks.com\/et\/#\/schema\/logo\/image\/\"},\"sameAs\":[\"https:\/\/www.facebook.com\/people\/Combi-Works\/100057440740208\/\",\"https:\/\/www.linkedin.com\/company\/nordic-cast-sourcing-ltd\"]}]}<\/script>\n<!-- \/ Yoast SEO plugin. -->","yoast_head_json":{"title":"Juhtkond - Combi Works","robots":{"index":"index","follow":"follow","max-snippet":"max-snippet:-1","max-image-preview":"max-image-preview:large","max-video-preview":"max-video-preview:-1"},"canonical":"https:\/\/www.combiworks.com\/et\/ettevote\/juhtkond\/","og_locale":"et_EE","og_type":"article","og_title":"Juhtkond - Combi Works","og_description":"Combi Works Juhtkond Meie juhatus on valitud Combi Works&#8217;i laienemise ja arendamise oluliseks osaks.","og_url":"https:\/\/www.combiworks.com\/et\/ettevote\/juhtkond\/","og_site_name":"Combi Works","article_publisher":"https:\/\/www.facebook.com\/people\/Combi-Works\/100057440740208\/","article_modified_time":"2023-09-27T10:55:53+00:00","og_image":[{"width":1400,"height":957,"url":"https:\/\/www.combiworks.com\/wp-content\/uploads\/2023\/06\/shutterstock_1473734858.jpg","type":"image\/jpeg"}],"twitter_card":"summary_large_image","twitter_misc":{"Est. reading time":"1 minut"},"schema":{"@context":"https:\/\/schema.org","@graph":[{"@type":"WebPage","@id":"https:\/\/www.combiworks.com\/et\/ettevote\/juhtkond\/","url":"https:\/\/www.combiworks.com\/et\/ettevote\/juhtkond\/","name":"Juhtkond - Combi Works","isPartOf":{"@id":"https:\/\/www.combiworks.com\/et\/#website"},"datePublished":"2023-06-12T08:58:21+00:00","dateModified":"2023-09-27T10:55:53+00:00","breadcrumb":{"@id":"https:\/\/www.combiworks.com\/et\/ettevote\/juhtkond\/#breadcrumb"},"inLanguage":"et","potentialAction":[{"@type":"ReadAction","target":["https:\/\/www.combiworks.com\/et\/ettevote\/juhtkond\/"]}]},{"@type":"BreadcrumbList","@id":"https:\/\/www.combiworks.com\/et\/ettevote\/juhtkond\/#breadcrumb","itemListElement":[{"@type":"ListItem","position":1,"name":"Home","item":"https:\/\/www.combiworks.com\/et\/"},{"@type":"ListItem","position":2,"name":"Ettev\u00f5te","item":"https:\/\/www.combiworks.com\/et\/ettevote\/"},{"@type":"ListItem","position":3,"name":"Juhtkond"}]},{"@type":"WebSite","@id":"https:\/\/www.combiworks.com\/et\/#website","url":"https:\/\/www.combiworks.com\/et\/","name":"Combi Works","description":"The industrial manufacturing company - working in machine building and infra sectors","publisher":{"@id":"https:\/\/www.combiworks.com\/et\/#organization"},"potentialAction":[{"@type":"SearchAction","target":{"@type":"EntryPoint","urlTemplate":"https:\/\/www.combiworks.com\/et\/?s={search_term_string}"},"query-input":{"@type":"PropertyValueSpecification","valueRequired":true,"valueName":"search_term_string"}}],"inLanguage":"et"},{"@type":"Organization","@id":"https:\/\/www.combiworks.com\/et\/#organization","name":"Combi Works","url":"https:\/\/www.combiworks.com\/et\/","logo":{"@type":"ImageObject","inLanguage":"et","@id":"https:\/\/www.combiworks.com\/et\/#\/schema\/logo\/image\/","url":"https:\/\/www.combiworks.com\/wp-content\/uploads\/2023\/09\/combi_works_logo_color-1.png","contentUrl":"https:\/\/www.combiworks.com\/wp-content\/uploads\/2023\/09\/combi_works_logo_color-1.png","width":500,"height":500,"caption":"Combi Works"},"image":{"@id":"https:\/\/www.combiworks.com\/et\/#\/schema\/logo\/image\/"},"sameAs":["https:\/\/www.facebook.com\/people\/Combi-Works\/100057440740208\/","https:\/\/www.linkedin.com\/company\/nordic-cast-sourcing-ltd"]}]}},"taxonomy_info":[],"featured_image_src_large":false,"author_info":{"display_name":"KimTakala","author_link":"https:\/\/www.combiworks.com\/et\/author\/kimtakala\/"},"comment_info":"","_links":{"self":[{"href":"https:\/\/www.combiworks.com\/et\/wp-json\/wp\/v2\/pages\/6290","targetHints":{"allow":["GET"]}}],"collection":[{"href":"https:\/\/www.combiworks.com\/et\/wp-json\/wp\/v2\/pages"}],"about":[{"href":"https:\/\/www.combiworks.com\/et\/wp-json\/wp\/v2\/types\/page"}],"author":[{"embeddable":true,"href":"https:\/\/www.combiworks.com\/et\/wp-json\/wp\/v2\/users\/1"}],"replies":[{"embeddable":true,"href":"https:\/\/www.combiworks.com\/et\/wp-json\/wp\/v2\/comments?post=6290"}],"version-history":[{"count":0,"href":"https:\/\/www.combiworks.com\/et\/wp-json\/wp\/v2\/pages\/6290\/revisions"}],"up":[{"embeddable":true,"href":"https:\/\/www.combiworks.com\/et\/wp-json\/wp\/v2\/pages\/6315"}],"wp:attachment":[{"href":"https:\/\/www.combiworks.com\/et\/wp-json\/wp\/v2\/media?parent=6290"}],"wp:term":[{"taxonomy":"category","embeddable":true,"href":"https:\/\/www.combiworks.com\/et\/wp-json\/wp\/v2\/categories?post=6290"}],"curies":[{"name":"wp","href":"https:\/\/api.w.org\/{rel}","templated":true}]}}