{"id":6276,"date":"2023-07-04T20:34:35","date_gmt":"2023-07-04T17:34:35","guid":{"rendered":"https:\/\/www.combiworks.com\/infra\/infratoodete-referentsid\/"},"modified":"2023-09-27T13:50:26","modified_gmt":"2023-09-27T10:50:26","slug":"infratoodete-referentsid","status":"publish","type":"page","link":"https:\/\/www.combiworks.com\/et\/infra\/infratoodete-referentsid\/","title":{"rendered":"Infratoodete referentsid"},"content":{"rendered":"<div class=\"gb-container gb-container-d6474ef4\" style=\"background-image: url(https:\/\/www.combiworks.com\/wp-content\/uploads\/2023\/06\/DSC_0168-Enhanced-SR.jpg);\">\n<div class=\"gb-container gb-container-2fa58fe5\">\n<div class=\"gb-container gb-container-a2c369cb\">\n\n<div class=\"gb-headline gb-headline-a978a0b7 gb-headline-text\">Combi Works Infra<\/div>\n\n\n\n<h1 class=\"gb-headline gb-headline-d4eaef4e gb-headline-text\">Referentsid<\/h1>\n\n<\/div>\n<\/div>\n<\/div><div class=\"gb-container gb-container-aaf28159 alignfull\">\n<div class=\"gb-container gb-container-8004ae77\">\n\n<div class=\"gb-grid-wrapper gb-grid-wrapper-f6499f25 gb-query-loop-wrapper\">\n<div class=\"gb-grid-column gb-grid-column-a23375dc gb-query-loop-item post-7192 infra-reference type-infra-reference status-publish format-standard has-post-thumbnail hentry\"><div class=\"gb-container gb-container-a23375dc\">\n<div class=\"gb-grid-wrapper gb-grid-wrapper-00400c9b reference-grid\">\n<div class=\"gb-grid-column gb-grid-column-2f3e0b0b\"><div class=\"gb-container gb-container-2f3e0b0b\" style=\"background-image: url(https:\/\/www.combiworks.com\/wp-content\/uploads\/2023\/10\/Combi-Works-manhole-cover-E600-Rauma-port-scaled.jpg);\"><\/div><\/div>\n\n<div class=\"gb-grid-column gb-grid-column-d685647f\"><div class=\"gb-container gb-container-d685647f\">\n<div class=\"gb-container gb-container-223c7db4\">\n\n<h2 class=\"gb-headline gb-headline-7422fe86 gb-headline-text\">Objekt:<\/h2>\n\n\n<h2 class=\"gb-headline gb-headline-d2a86e92 gb-headline-text\">Rauma sadama HD E600 kaevuluugid<\/h2>\n<\/div>\n\n<div class=\"gb-container gb-container-768d50b0\">\n<div class=\"gb-container gb-container-4c41ccde\">\n<p class=\"gb-headline gb-headline-5d897c7b gb-headline-text\"><p>Combi Worksi kaevuluuke kasutatakse k\u00f5ige n\u00f5udlikumates keskkondades, kus on raskes\u00f5idukite koormused ja \u00e4\u00e4rmuslikud ilmastikutingimused. Talvel -35 kraadist kuni suvel +30 kraadini peab ohutus ja t\u00f6\u00f6kindlus olema kontrolli all.<\/p>\n<p>Meie E600 kaevuluugid on valmistatud sellisteks tingimusteks.<\/p>\n<\/p>\n\n\n<p class=\"gb-headline gb-headline-766bb20c gb-headline-text\">Lahendus:<\/p>\n\n\n<p class=\"gb-headline gb-headline-09162375 gb-headline-text\"><p>Rauma sadamas on palju meie tooteid aladel, kus toimub peale- ja mahalaadimine ning konteinerite ja muude raskete veoste teisaldamine. Meie E600 kaevuluugid on valmistatud sellisteks tingimusteks.<\/p>\n<\/p>\n<\/div>\n<\/div>\n\n<div class=\"gb-container gb-container-ca89e503\">\n<div class=\"gb-container gb-container-848e50ad\">\n<p class=\"gb-headline gb-headline-23eacbef gb-headline-text\">Ville Vuorisaari<\/p>\n\n\n<p class=\"gb-headline gb-headline-289be9a4 gb-headline-text\">&#8211;<\/p>\n\n\n\n<\/div>\n<\/div>\n<\/div><\/div>\n<\/div>\n<\/div><\/div>\n\n<div class=\"gb-grid-column gb-grid-column-a23375dc gb-query-loop-item post-6273 infra-reference type-infra-reference status-publish format-standard has-post-thumbnail hentry\"><div class=\"gb-container gb-container-a23375dc\">\n<div class=\"gb-grid-wrapper gb-grid-wrapper-00400c9b reference-grid\">\n<div class=\"gb-grid-column gb-grid-column-2f3e0b0b\"><div class=\"gb-container gb-container-2f3e0b0b\" style=\"background-image: url(https:\/\/www.combiworks.com\/wp-content\/uploads\/2023\/09\/IMG_1007-scaled.jpg);\"><\/div><\/div>\n\n<div class=\"gb-grid-column gb-grid-column-d685647f\"><div class=\"gb-container gb-container-d685647f\">\n<div class=\"gb-container gb-container-223c7db4\">\n\n<h2 class=\"gb-headline gb-headline-7422fe86 gb-headline-text\">Objekt:<\/h2>\n\n\n<h2 class=\"gb-headline gb-headline-d2a86e92 gb-headline-text\">Helsingi J\u00e4tk\u00e4saari<\/h2>\n<\/div>\n\n<div class=\"gb-container gb-container-768d50b0\">\n<div class=\"gb-container gb-container-4c41ccde\">\n<p class=\"gb-headline gb-headline-5d897c7b gb-headline-text\"><p>Helsingi on viimastel aastatel kasvanud ja laienenud. Mitmed uued linnaosad on kiiresti kasvanud, laiendades linna.<br \/>\n\u00dcks neist inspireerivatest ja elavatest uutest piirkondadest on J\u00e4tk\u00e4saari, endisest konteinersadamast saanud trendikas elamurajoon.<\/p>\n<\/p>\n\n\n<p class=\"gb-headline gb-headline-766bb20c gb-headline-text\">Lahendus:<\/p>\n\n\n<p class=\"gb-headline gb-headline-09162375 gb-headline-text\"><p>Kui olete kunagi jalutanud J\u00e4tk\u00e4saare t\u00e4navatel, siis olete t\u00f5en\u00e4oliselt n\u00e4inud palju meie tooteid, mis katavad kaevusid. Meie tooted on tervet piirkonda l\u00e4bivas pikas pargis, mille iseloomulikust oran\u017eist sillast on saanud piirkonna maam\u00e4rk.<\/p>\n<\/p>\n<\/div>\n<\/div>\n\n<div class=\"gb-container gb-container-ca89e503\">\n<div class=\"gb-container gb-container-848e50ad\">\n<p class=\"gb-headline gb-headline-23eacbef gb-headline-text\">Foto: Combi Works<\/p>\n\n\n<p class=\"gb-headline gb-headline-289be9a4 gb-headline-text\">&#8211;<\/p>\n\n\n\n<\/div>\n<\/div>\n<\/div><\/div>\n<\/div>\n<\/div><\/div>\n\n<div class=\"gb-grid-column gb-grid-column-a23375dc gb-query-loop-item post-6275 infra-reference type-infra-reference status-publish format-standard has-post-thumbnail hentry\"><div class=\"gb-container gb-container-a23375dc\">\n<div class=\"gb-grid-wrapper gb-grid-wrapper-00400c9b reference-grid\">\n<div class=\"gb-grid-column gb-grid-column-2f3e0b0b\"><div class=\"gb-container gb-container-2f3e0b0b\" style=\"background-image: url(https:\/\/www.combiworks.com\/wp-content\/uploads\/2023\/09\/Vana-Kalamaja-4-Author-Taavi-Sepp.jpg);\"><\/div><\/div>\n\n<div class=\"gb-grid-column gb-grid-column-d685647f\"><div class=\"gb-container gb-container-d685647f\">\n<div class=\"gb-container gb-container-223c7db4\">\n\n<h2 class=\"gb-headline gb-headline-7422fe86 gb-headline-text\">Objekt:<\/h2>\n\n\n<h2 class=\"gb-headline gb-headline-d2a86e92 gb-headline-text\">Vana-Kalamaja t\u00e4nav<\/h2>\n<\/div>\n\n<div class=\"gb-container gb-container-768d50b0\">\n<div class=\"gb-container gb-container-4c41ccde\">\n<p class=\"gb-headline gb-headline-5d897c7b gb-headline-text\"><p>Ajaloolise Vana-Kalamaja t\u00e4nava rekonstrueerimine on mitmes m\u00f5ttes ainulaadne, sest see on renoveeritud Tallinnas uudse kontseptsiooni j\u00e4rgi, r\u00f5hutades ilma autota liiklejate mugavust ja t\u00e4nava esteetilist v\u00e4ljan\u00e4gemist.<\/p>\n<\/p>\n\n\n<p class=\"gb-headline gb-headline-766bb20c gb-headline-text\">Lahendus:<\/p>\n\n\n<p class=\"gb-headline gb-headline-09162375 gb-headline-text\"><p>Kasutatud on mitut mudelit Combi Worksi tootevalikust, nii neljakandilise- kui ka \u00fcmmarguse kujuga.<\/p>\n<\/p>\n<\/div>\n<\/div>\n\n<div class=\"gb-container gb-container-ca89e503\">\n<div class=\"gb-container gb-container-848e50ad\">\n<p class=\"gb-headline gb-headline-23eacbef gb-headline-text\">Foto: Taavi Sepp<\/p>\n\n\n<p class=\"gb-headline gb-headline-289be9a4 gb-headline-text\">&#8211;<\/p>\n\n\n\n<\/div>\n<\/div>\n<\/div><\/div>\n<\/div>\n<\/div><\/div>\n\n<div class=\"gb-grid-column gb-grid-column-a23375dc gb-query-loop-item post-6274 infra-reference type-infra-reference status-publish format-standard has-post-thumbnail hentry\"><div class=\"gb-container gb-container-a23375dc\">\n<div class=\"gb-grid-wrapper gb-grid-wrapper-00400c9b reference-grid\">\n<div class=\"gb-grid-column gb-grid-column-2f3e0b0b\"><div class=\"gb-container gb-container-2f3e0b0b\" style=\"background-image: url(https:\/\/www.combiworks.com\/wp-content\/uploads\/2023\/09\/Tallinn-Old-town-prof-photo-Author-Andres-Tarto.jpg);\"><\/div><\/div>\n\n<div class=\"gb-grid-column gb-grid-column-d685647f\"><div class=\"gb-container gb-container-d685647f\">\n<div class=\"gb-container gb-container-223c7db4\">\n\n<h2 class=\"gb-headline gb-headline-7422fe86 gb-headline-text\">Objekt:<\/h2>\n\n\n<h2 class=\"gb-headline gb-headline-d2a86e92 gb-headline-text\">Tallinna vanalinn<\/h2>\n<\/div>\n\n<div class=\"gb-container gb-container-768d50b0\">\n<div class=\"gb-container gb-container-4c41ccde\">\n<p class=\"gb-headline gb-headline-5d897c7b gb-headline-text\"><p>Tallinna vanalinn on Tallinna vanim linnaosa. Tallinna vanalinn on suutnud s\u00e4ilitada oma keskaegse ja hansaliku p\u00e4ritolu. Vanalinn kujutab endast erakordselt puutumatut 13. sajandi linnaplaani. Alates 1997. aastast on piirkond kantud UNESCO maailmap\u00e4randi nimekirja.<\/p>\n<p>Vanalinn vajab samuti moderniseerimist, eriti infrastruktuur, sh. kaevuluugid.<\/p>\n<\/p>\n\n\n<p class=\"gb-headline gb-headline-766bb20c gb-headline-text\">Lahendus:<\/p>\n\n\n<p class=\"gb-headline gb-headline-09162375 gb-headline-text\"><p>Combi Worksi tootevalik on lai ja me leiame sobivad tooted igasse keskkonda. Paljud meie tooted on kasutusel Tallinna vanalinnas.<\/p>\n<\/p>\n<\/div>\n<\/div>\n\n<div class=\"gb-container gb-container-ca89e503\">\n<div class=\"gb-container gb-container-848e50ad\">\n<p class=\"gb-headline gb-headline-23eacbef gb-headline-text\">Foto: Andres Tarto<\/p>\n\n\n<p class=\"gb-headline gb-headline-289be9a4 gb-headline-text\">&#8211;<\/p>\n\n\n\n<\/div>\n<\/div>\n<\/div><\/div>\n<\/div>\n<\/div><\/div>\n\n<div class=\"gb-grid-column gb-grid-column-a23375dc gb-query-loop-item post-6153 infra-reference type-infra-reference status-publish format-standard has-post-thumbnail hentry\"><div class=\"gb-container gb-container-a23375dc\">\n<div class=\"gb-grid-wrapper gb-grid-wrapper-00400c9b reference-grid\">\n<div class=\"gb-grid-column gb-grid-column-2f3e0b0b\"><div class=\"gb-container gb-container-2f3e0b0b\" style=\"background-image: url(https:\/\/www.combiworks.com\/wp-content\/uploads\/2023\/09\/Noblessner-prof-photo-Author-Martin-Dremljuga-16-scaled.jpg);\"><\/div><\/div>\n\n<div class=\"gb-grid-column gb-grid-column-d685647f\"><div class=\"gb-container gb-container-d685647f\">\n<div class=\"gb-container gb-container-223c7db4\">\n\n<h2 class=\"gb-headline gb-headline-7422fe86 gb-headline-text\">Objekt:<\/h2>\n\n\n<h2 class=\"gb-headline gb-headline-d2a86e92 gb-headline-text\">Noblessneri eridisainiga kaevuluugid<\/h2>\n<\/div>\n\n<div class=\"gb-container gb-container-768d50b0\">\n<div class=\"gb-container gb-container-4c41ccde\">\n<p class=\"gb-headline gb-headline-5d897c7b gb-headline-text\"><p>Noblessner, endine allveelaevade tehas, on n\u00fc\u00fcd eluj\u00f5uline keskkond, kus on kortereid, k\u00f5rgetasemelisi restorane ja kultuuripaiku. Noblessneris on mere kohalolu alati tunda, sest see asub kaunil ja hubasel mere\u00e4\u00e4rel.<\/p>\n<p>Piirkonna ainulaadsust s\u00fcmboliseerivad nende l\u00e4bim\u00f5eldud lahendused, muu hulgas soov kujundada oma logoga kaevuluugid, mida meie Combi Worksis aitasime realiseerida.<\/p>\n<\/p>\n\n\n<p class=\"gb-headline gb-headline-766bb20c gb-headline-text\">Lahendus:<\/p>\n\n\n<p class=\"gb-headline gb-headline-09162375 gb-headline-text\"><p>Combi Works t\u00e4itis Noblessneri soovid, projekteeris ja valas malmist unikaalsed kaevuluugid.<\/p>\n<\/p>\n<\/div>\n<\/div>\n\n<div class=\"gb-container gb-container-ca89e503\">\n<div class=\"gb-container gb-container-848e50ad\">\n<p class=\"gb-headline gb-headline-23eacbef gb-headline-text\">Foto: Martin Dremljuga<\/p>\n\n\n<p class=\"gb-headline gb-headline-289be9a4 gb-headline-text\">&#8211;<\/p>\n\n\n\n<\/div>\n<\/div>\n<\/div><\/div>\n<\/div>\n<\/div><\/div>\n<\/div>\n\n<\/div>\n<\/div>","protected":false},"excerpt":{"rendered":"<p>Combi Works Infra Referentsid<\/p>\n","protected":false},"author":1,"featured_media":4631,"parent":5592,"menu_order":56,"comment_status":"closed","ping_status":"closed","template":"","meta":{"_acf_changed":false,"inline_featured_image":false,"_kad_blocks_custom_css":"","_kad_blocks_head_custom_js":"","_kad_blocks_body_custom_js":"","_kad_blocks_footer_custom_js":"","footnotes":""},"categories":[],"class_list":["post-6276","page","type-page","status-publish","format-standard","has-post-thumbnail"],"acf":[],"yoast_head":"<!-- This site is optimized with the Yoast SEO plugin v25.5 - https:\/\/yoast.com\/wordpress\/plugins\/seo\/ -->\n<title>Infratoodete referentsid - Combi Works<\/title>\n<meta name=\"robots\" content=\"index, follow, max-snippet:-1, max-image-preview:large, max-video-preview:-1\" \/>\n<link rel=\"canonical\" href=\"https:\/\/www.combiworks.com\/et\/infra\/infratoodete-referentsid\/\" \/>\n<meta property=\"og:locale\" content=\"et_EE\" \/>\n<meta property=\"og:type\" content=\"article\" \/>\n<meta property=\"og:title\" content=\"Infratoodete referentsid - Combi Works\" \/>\n<meta property=\"og:description\" content=\"Combi Works Infra Referentsid\" \/>\n<meta property=\"og:url\" content=\"https:\/\/www.combiworks.com\/et\/infra\/infratoodete-referentsid\/\" \/>\n<meta property=\"og:site_name\" content=\"Combi Works\" \/>\n<meta property=\"article:publisher\" content=\"https:\/\/www.facebook.com\/people\/Combi-Works\/100057440740208\/\" \/>\n<meta property=\"article:modified_time\" content=\"2023-09-27T10:50:26+00:00\" \/>\n<meta property=\"og:image\" content=\"https:\/\/www.combiworks.com\/wp-content\/uploads\/2023\/06\/DSC_0168-Enhanced-SR.jpg\" \/>\n\t<meta property=\"og:image:width\" content=\"2100\" \/>\n\t<meta property=\"og:image:height\" content=\"1046\" \/>\n\t<meta property=\"og:image:type\" content=\"image\/jpeg\" \/>\n<meta name=\"twitter:card\" content=\"summary_large_image\" \/>\n<script type=\"application\/ld+json\" class=\"yoast-schema-graph\">{\"@context\":\"https:\/\/schema.org\",\"@graph\":[{\"@type\":\"WebPage\",\"@id\":\"https:\/\/www.combiworks.com\/et\/infra\/infratoodete-referentsid\/\",\"url\":\"https:\/\/www.combiworks.com\/et\/infra\/infratoodete-referentsid\/\",\"name\":\"Infratoodete referentsid - Combi Works\",\"isPartOf\":{\"@id\":\"https:\/\/www.combiworks.com\/et\/#website\"},\"primaryImageOfPage\":{\"@id\":\"https:\/\/www.combiworks.com\/et\/infra\/infratoodete-referentsid\/#primaryimage\"},\"image\":{\"@id\":\"https:\/\/www.combiworks.com\/et\/infra\/infratoodete-referentsid\/#primaryimage\"},\"thumbnailUrl\":\"https:\/\/www.combiworks.com\/wp-content\/uploads\/2023\/06\/DSC_0168-Enhanced-SR.jpg\",\"datePublished\":\"2023-07-04T17:34:35+00:00\",\"dateModified\":\"2023-09-27T10:50:26+00:00\",\"breadcrumb\":{\"@id\":\"https:\/\/www.combiworks.com\/et\/infra\/infratoodete-referentsid\/#breadcrumb\"},\"inLanguage\":\"et\",\"potentialAction\":[{\"@type\":\"ReadAction\",\"target\":[\"https:\/\/www.combiworks.com\/et\/infra\/infratoodete-referentsid\/\"]}]},{\"@type\":\"ImageObject\",\"inLanguage\":\"et\",\"@id\":\"https:\/\/www.combiworks.com\/et\/infra\/infratoodete-referentsid\/#primaryimage\",\"url\":\"https:\/\/www.combiworks.com\/wp-content\/uploads\/2023\/06\/DSC_0168-Enhanced-SR.jpg\",\"contentUrl\":\"https:\/\/www.combiworks.com\/wp-content\/uploads\/2023\/06\/DSC_0168-Enhanced-SR.jpg\",\"width\":2100,\"height\":1046},{\"@type\":\"BreadcrumbList\",\"@id\":\"https:\/\/www.combiworks.com\/et\/infra\/infratoodete-referentsid\/#breadcrumb\",\"itemListElement\":[{\"@type\":\"ListItem\",\"position\":1,\"name\":\"Home\",\"item\":\"https:\/\/www.combiworks.com\/et\/\"},{\"@type\":\"ListItem\",\"position\":2,\"name\":\"Infra\",\"item\":\"https:\/\/www.combiworks.com\/et\/infra\/\"},{\"@type\":\"ListItem\",\"position\":3,\"name\":\"Infratoodete referentsid\"}]},{\"@type\":\"WebSite\",\"@id\":\"https:\/\/www.combiworks.com\/et\/#website\",\"url\":\"https:\/\/www.combiworks.com\/et\/\",\"name\":\"Combi Works\",\"description\":\"The industrial manufacturing company - working in machine building and infra sectors\",\"publisher\":{\"@id\":\"https:\/\/www.combiworks.com\/et\/#organization\"},\"potentialAction\":[{\"@type\":\"SearchAction\",\"target\":{\"@type\":\"EntryPoint\",\"urlTemplate\":\"https:\/\/www.combiworks.com\/et\/?s={search_term_string}\"},\"query-input\":{\"@type\":\"PropertyValueSpecification\",\"valueRequired\":true,\"valueName\":\"search_term_string\"}}],\"inLanguage\":\"et\"},{\"@type\":\"Organization\",\"@id\":\"https:\/\/www.combiworks.com\/et\/#organization\",\"name\":\"Combi Works\",\"url\":\"https:\/\/www.combiworks.com\/et\/\",\"logo\":{\"@type\":\"ImageObject\",\"inLanguage\":\"et\",\"@id\":\"https:\/\/www.combiworks.com\/et\/#\/schema\/logo\/image\/\",\"url\":\"https:\/\/www.combiworks.com\/wp-content\/uploads\/2023\/09\/combi_works_logo_color-1.png\",\"contentUrl\":\"https:\/\/www.combiworks.com\/wp-content\/uploads\/2023\/09\/combi_works_logo_color-1.png\",\"width\":500,\"height\":500,\"caption\":\"Combi Works\"},\"image\":{\"@id\":\"https:\/\/www.combiworks.com\/et\/#\/schema\/logo\/image\/\"},\"sameAs\":[\"https:\/\/www.facebook.com\/people\/Combi-Works\/100057440740208\/\",\"https:\/\/www.linkedin.com\/company\/nordic-cast-sourcing-ltd\"]}]}<\/script>\n<!-- \/ Yoast SEO plugin. -->","yoast_head_json":{"title":"Infratoodete referentsid - Combi Works","robots":{"index":"index","follow":"follow","max-snippet":"max-snippet:-1","max-image-preview":"max-image-preview:large","max-video-preview":"max-video-preview:-1"},"canonical":"https:\/\/www.combiworks.com\/et\/infra\/infratoodete-referentsid\/","og_locale":"et_EE","og_type":"article","og_title":"Infratoodete referentsid - Combi Works","og_description":"Combi Works Infra Referentsid","og_url":"https:\/\/www.combiworks.com\/et\/infra\/infratoodete-referentsid\/","og_site_name":"Combi Works","article_publisher":"https:\/\/www.facebook.com\/people\/Combi-Works\/100057440740208\/","article_modified_time":"2023-09-27T10:50:26+00:00","og_image":[{"width":2100,"height":1046,"url":"https:\/\/www.combiworks.com\/wp-content\/uploads\/2023\/06\/DSC_0168-Enhanced-SR.jpg","type":"image\/jpeg"}],"twitter_card":"summary_large_image","schema":{"@context":"https:\/\/schema.org","@graph":[{"@type":"WebPage","@id":"https:\/\/www.combiworks.com\/et\/infra\/infratoodete-referentsid\/","url":"https:\/\/www.combiworks.com\/et\/infra\/infratoodete-referentsid\/","name":"Infratoodete referentsid - Combi Works","isPartOf":{"@id":"https:\/\/www.combiworks.com\/et\/#website"},"primaryImageOfPage":{"@id":"https:\/\/www.combiworks.com\/et\/infra\/infratoodete-referentsid\/#primaryimage"},"image":{"@id":"https:\/\/www.combiworks.com\/et\/infra\/infratoodete-referentsid\/#primaryimage"},"thumbnailUrl":"https:\/\/www.combiworks.com\/wp-content\/uploads\/2023\/06\/DSC_0168-Enhanced-SR.jpg","datePublished":"2023-07-04T17:34:35+00:00","dateModified":"2023-09-27T10:50:26+00:00","breadcrumb":{"@id":"https:\/\/www.combiworks.com\/et\/infra\/infratoodete-referentsid\/#breadcrumb"},"inLanguage":"et","potentialAction":[{"@type":"ReadAction","target":["https:\/\/www.combiworks.com\/et\/infra\/infratoodete-referentsid\/"]}]},{"@type":"ImageObject","inLanguage":"et","@id":"https:\/\/www.combiworks.com\/et\/infra\/infratoodete-referentsid\/#primaryimage","url":"https:\/\/www.combiworks.com\/wp-content\/uploads\/2023\/06\/DSC_0168-Enhanced-SR.jpg","contentUrl":"https:\/\/www.combiworks.com\/wp-content\/uploads\/2023\/06\/DSC_0168-Enhanced-SR.jpg","width":2100,"height":1046},{"@type":"BreadcrumbList","@id":"https:\/\/www.combiworks.com\/et\/infra\/infratoodete-referentsid\/#breadcrumb","itemListElement":[{"@type":"ListItem","position":1,"name":"Home","item":"https:\/\/www.combiworks.com\/et\/"},{"@type":"ListItem","position":2,"name":"Infra","item":"https:\/\/www.combiworks.com\/et\/infra\/"},{"@type":"ListItem","position":3,"name":"Infratoodete referentsid"}]},{"@type":"WebSite","@id":"https:\/\/www.combiworks.com\/et\/#website","url":"https:\/\/www.combiworks.com\/et\/","name":"Combi Works","description":"The industrial manufacturing company - working in machine building and infra sectors","publisher":{"@id":"https:\/\/www.combiworks.com\/et\/#organization"},"potentialAction":[{"@type":"SearchAction","target":{"@type":"EntryPoint","urlTemplate":"https:\/\/www.combiworks.com\/et\/?s={search_term_string}"},"query-input":{"@type":"PropertyValueSpecification","valueRequired":true,"valueName":"search_term_string"}}],"inLanguage":"et"},{"@type":"Organization","@id":"https:\/\/www.combiworks.com\/et\/#organization","name":"Combi Works","url":"https:\/\/www.combiworks.com\/et\/","logo":{"@type":"ImageObject","inLanguage":"et","@id":"https:\/\/www.combiworks.com\/et\/#\/schema\/logo\/image\/","url":"https:\/\/www.combiworks.com\/wp-content\/uploads\/2023\/09\/combi_works_logo_color-1.png","contentUrl":"https:\/\/www.combiworks.com\/wp-content\/uploads\/2023\/09\/combi_works_logo_color-1.png","width":500,"height":500,"caption":"Combi Works"},"image":{"@id":"https:\/\/www.combiworks.com\/et\/#\/schema\/logo\/image\/"},"sameAs":["https:\/\/www.facebook.com\/people\/Combi-Works\/100057440740208\/","https:\/\/www.linkedin.com\/company\/nordic-cast-sourcing-ltd"]}]}},"taxonomy_info":[],"featured_image_src_large":["https:\/\/www.combiworks.com\/wp-content\/uploads\/2023\/06\/DSC_0168-Enhanced-SR-1024x510.jpg",1024,510,true],"author_info":{"display_name":"KimTakala","author_link":"https:\/\/www.combiworks.com\/et\/author\/kimtakala\/"},"comment_info":"","_links":{"self":[{"href":"https:\/\/www.combiworks.com\/et\/wp-json\/wp\/v2\/pages\/6276","targetHints":{"allow":["GET"]}}],"collection":[{"href":"https:\/\/www.combiworks.com\/et\/wp-json\/wp\/v2\/pages"}],"about":[{"href":"https:\/\/www.combiworks.com\/et\/wp-json\/wp\/v2\/types\/page"}],"author":[{"embeddable":true,"href":"https:\/\/www.combiworks.com\/et\/wp-json\/wp\/v2\/users\/1"}],"replies":[{"embeddable":true,"href":"https:\/\/www.combiworks.com\/et\/wp-json\/wp\/v2\/comments?post=6276"}],"version-history":[{"count":0,"href":"https:\/\/www.combiworks.com\/et\/wp-json\/wp\/v2\/pages\/6276\/revisions"}],"up":[{"embeddable":true,"href":"https:\/\/www.combiworks.com\/et\/wp-json\/wp\/v2\/pages\/5592"}],"wp:featuredmedia":[{"embeddable":true,"href":"https:\/\/www.combiworks.com\/et\/wp-json\/wp\/v2\/media\/4631"}],"wp:attachment":[{"href":"https:\/\/www.combiworks.com\/et\/wp-json\/wp\/v2\/media?parent=6276"}],"wp:term":[{"taxonomy":"category","embeddable":true,"href":"https:\/\/www.combiworks.com\/et\/wp-json\/wp\/v2\/categories?post=6276"}],"curies":[{"name":"wp","href":"https:\/\/api.w.org\/{rel}","templated":true}]}}