{"id":6127,"date":"2023-08-21T14:23:58","date_gmt":"2023-08-21T11:23:58","guid":{"rendered":"https:\/\/www.combiworks.com\/infra\/omavalitsused\/"},"modified":"2023-09-19T17:04:06","modified_gmt":"2023-09-19T14:04:06","slug":"omavalitsused","status":"publish","type":"page","link":"https:\/\/www.combiworks.com\/et\/infra\/omavalitsused\/","title":{"rendered":"Omavalitsused"},"content":{"rendered":"<div class=\"gb-container gb-container-d6474ef4\" style=\"background-image: url(https:\/\/www.combiworks.com\/wp-content\/uploads\/2023\/06\/shutterstock_1139682737.jpg);\">\n<div class=\"gb-container gb-container-2fa58fe5\">\n<div class=\"gb-container gb-container-a2c369cb\">\n\n<div class=\"gb-headline gb-headline-a978a0b7 gb-headline-text\">Teave<\/div>\n\n\n\n<h1 class=\"gb-headline gb-headline-d4eaef4e gb-headline-text\">linnadele ja omavalitsustele infratoodete kohta<\/h1>\n\n<\/div>\n<\/div>\n<\/div><div class=\"gb-container gb-container-e67c6fcb\">\n<div class=\"gb-container gb-container-0fca720e\"><\/div>\n\n<div class=\"gb-container gb-container-d250e16d\"><\/div>\n<\/div><div class=\"gb-container gb-container-aaf28159 alignfull\">\n<div class=\"gb-container gb-container-8004ae77\">\n\n<h2 class=\"gb-headline gb-headline-edcf5c2c gb-headline-text\">Tere tulemast Combi Worksi:<br>Teie partner munitsipaalinfrastruktuuri jaoks!<\/h2>\n\n\n\n<p class=\"gb-headline gb-headline-a05c920e gb-headline-text\">Me m\u00f5istame, kui oluline on valida teie omavalitsuse jaoks kaevuluukide lahendused. Combi Works, turuliider Soomes ja Eestis, on p\u00fchendunud tervikliku lahenduse pakkumisele, mis \u00fchendab endas tipptasemel insenerioskuse ja lihtsa protsessi.<\/p>\n\n\n\n<h3 class=\"gb-headline gb-headline-59ab859e gb-headline-text\">Kohalikele omavalitsustele eksperditeadmiste tagamine:<\/h3>\n\n\n\n<p class=\"gb-headline gb-headline-662b3916 gb-headline-text\">Omavalitsuste jaoks on oluline teha teadlikke ja pikaajalisi otsuseid. Combi Works on loonud meeskonna, mis koosneb t\u00f6\u00f6stusharus kogenud ekspertidest, tagades, et teie valikuid toetavad v\u00e4\u00e4rtuslikud teadmised. Meie p\u00fchendumine innovatsioonile tagab teile juurdep\u00e4\u00e4su toodetele ja t\u00f6\u00f6stuse parimatele tavadele, tagades, et teie infrastruktuuri kaasaegsuse.<\/p>\n\n\n\n<h3 class=\"gb-headline gb-headline-865b0a12 gb-headline-text\">Loodud vastupidavaks:<\/h3>\n\n\n\n<p>Combi Works pakub vastupidavuse n\u00f5udeid m\u00f5istes tootesarju ja mudeleid, mis on koosk\u00f5las munitsipaalprojektide n\u00f5uetega. Paljudele toodetele on v\u00f5imalik lisada omavalitsuse s\u00fcmboolika. Meil on koost\u00f6\u00f6s kohalike omavalitsuste ja vee-ettev\u00f5tete ekspertidega v\u00e4lja t\u00f6\u00f6tatud lahendused, mis vastavad teie projektide rangetele n\u00f5uetele, tagades teie infrastruktuuri pikaealisuse.<\/p>\n\n\n\n<h3 class=\"gb-headline gb-headline-b66d74ee gb-headline-text\">V\u00f5imaluste spekter:<\/h3>\n\n\n\n<p>Meie ulatuslik tootevalik alates kaevuluukidest kuni puu\u00fcmbrisrestide ja sadevee rennkanaliteni katab k\u00f5ik teie munitsipaalvajadused. Olenemata sellest, kas otsite tavap\u00e4raseid disainilahendusi v\u00f5i vajate kohandatud lahendusi, Combi Works pakub neid. Meie kasutajas\u00f5bralik kataloog lihtsustab ideaalse sobivuse otsimist.<\/p>\n\n\n\n<h3 class=\"gb-headline gb-headline-0cafebde gb-headline-text\">Kvaliteedikontrolli usaldusv\u00e4\u00e4rsus:<\/h3>\n\n\n\n<p>Meie kvaliteediosakond t\u00f6\u00f6tab toodete kvaliteedi tagamiseks. Meie tootmisprotsessid ja testimisprotokollid tagavad, et meie tooted \u00fcletavad t\u00f6\u00f6stusstandardeid. Combi Worksi toodetega kaasneb kindlustunne pikaealisuse ja vastupidavuse kohta.<\/p>\n\n\n\n<h3 class=\"gb-headline gb-headline-24ff0f56 gb-headline-text\">Laovarud teie vajaduste toetamiseks:<\/h3>\n\n\n\n<p>Omavalitsuslike tegevuste juhtimine v\u00f5ib olla keeruline; seet\u00f5ttu toetavad meie laovarud tellimuste kiiret t\u00e4itmist. Teie kaevuluugid j\u00f5uavad kohale \u00f5igeaegselt ja parandavad teie tegevuse t\u00f5husust.<\/p>\n\n\n\n<h3 class=\"gb-headline gb-headline-bd7d80c2 gb-headline-text\">Heakskiidetud t\u00f6\u00f6stuse juhtide poolt:<\/h3>\n\n\n\n<p>Meie p\u00fchendumust tipptasemele kinnitavad ka P\u00f5hjamaade linnade ja vee-ettev\u00f5tete tugevad referentsid. Koost\u00f6\u00f6 nende \u00fcksustega on rikastanud meie pakkumisi ja kinnitanud meie positsiooni usaldusv\u00e4\u00e4rse partnerina munitsipaalprojektides.<\/p>\n\n\n\n<h3 class=\"gb-headline gb-headline-8757b964 gb-headline-text\">\u00dcheskoos teedrajav edasiminek:<\/h3>\n\n\n\n<p>Combi Worksiga koost\u00f6\u00f6d tehes liitute \u00fcksusega, mis kujundab aktiivselt kaevuluukide arengut Euroopas. Meie osalemine Euroopa standardi EN124 v\u00e4ljat\u00f6\u00f6tamises n\u00e4itab meie p\u00fchendumust tooteohutuse suurendamisele ja t\u00f6\u00f6stuse edendamisele.<\/p>\n\n\n\n<p><strong>Kokkuv\u00f5tteks:<\/strong><\/p>\n\n\n\n<ul class=\"wp-block-list\">\n<li>Kohalike omavalitsuste teenindamine ekspertteadmistega <\/li>\n\n\n\n<li> Toodete projekteerimine vastupidavusn\u00f5uete t\u00e4itmiseks<\/li>\n\n\n\n<li> Kvaliteedikontroll, mis tagab vastupidavuse <\/li>\n\n\n\n<li>Kiire tellimuste t\u00e4itmine sujuvate toimingute jaoks <\/li>\n\n\n\n<li>P\u00f5hjamaade linnade vee-ettev\u00f5tete poolt heaks kiidetud<\/li>\n\n\n\n<li>Esirinnas t\u00f6\u00f6stusstandardite kujundamisel<\/li>\n<\/ul>\n\n\n\n<p>V\u00f5tke <a href=\"https:\/\/www.combiworks.com\/en\/contact\/\" data-type=\"page\" data-id=\"1215\">meiega \u00fchendust juba t\u00e4na<\/a> ja alustage teekonda kestvate kaevuluukide suunas<\/p>\n\n<\/div>\n<\/div>","protected":false},"excerpt":{"rendered":"<p>Teave linnadele ja omavalitsustele infratoodete kohta Tere tulemast Combi Worksi:Teie partner munitsipaalinfrastruktuuri jaoks! Me m\u00f5istame, kui oluline on valida teie omavalitsuse jaoks kaevuluukide lahendused. Combi Works, turuliider Soomes ja Eestis, on p\u00fchendunud tervikliku lahenduse pakkumisele, mis \u00fchendab endas tipptasemel insenerioskuse ja lihtsa protsessi. Kohalikele omavalitsustele eksperditeadmiste tagamine: Omavalitsuste jaoks on oluline teha teadlikke ja pikaajalisi &#8230; <a title=\"Omavalitsused\" class=\"read-more\" href=\"https:\/\/www.combiworks.com\/et\/infra\/omavalitsused\/\" aria-label=\"Read more about Omavalitsused\">Read more<\/a><\/p>\n","protected":false},"author":1,"featured_media":4625,"parent":5592,"menu_order":12,"comment_status":"closed","ping_status":"closed","template":"","meta":{"_acf_changed":false,"inline_featured_image":false,"_kad_blocks_custom_css":"","_kad_blocks_head_custom_js":"","_kad_blocks_body_custom_js":"","_kad_blocks_footer_custom_js":"","footnotes":""},"categories":[],"class_list":["post-6127","page","type-page","status-publish","format-standard","has-post-thumbnail"],"acf":[],"yoast_head":"<!-- This site is optimized with the Yoast SEO plugin v25.5 - https:\/\/yoast.com\/wordpress\/plugins\/seo\/ -->\n<title>Omavalitsused - Combi Works<\/title>\n<meta name=\"robots\" content=\"index, follow, max-snippet:-1, max-image-preview:large, max-video-preview:-1\" \/>\n<link rel=\"canonical\" href=\"https:\/\/www.combiworks.com\/et\/infra\/omavalitsused\/\" \/>\n<meta property=\"og:locale\" content=\"et_EE\" \/>\n<meta property=\"og:type\" content=\"article\" \/>\n<meta property=\"og:title\" content=\"Omavalitsused - Combi Works\" \/>\n<meta property=\"og:description\" content=\"Teave linnadele ja omavalitsustele infratoodete kohta Tere tulemast Combi Worksi:Teie partner munitsipaalinfrastruktuuri jaoks! Me m\u00f5istame, kui oluline on valida teie omavalitsuse jaoks kaevuluukide lahendused. Combi Works, turuliider Soomes ja Eestis, on p\u00fchendunud tervikliku lahenduse pakkumisele, mis \u00fchendab endas tipptasemel insenerioskuse ja lihtsa protsessi. Kohalikele omavalitsustele eksperditeadmiste tagamine: Omavalitsuste jaoks on oluline teha teadlikke ja pikaajalisi ... Read more\" \/>\n<meta property=\"og:url\" content=\"https:\/\/www.combiworks.com\/et\/infra\/omavalitsused\/\" \/>\n<meta property=\"og:site_name\" content=\"Combi Works\" \/>\n<meta property=\"article:publisher\" content=\"https:\/\/www.facebook.com\/people\/Combi-Works\/100057440740208\/\" \/>\n<meta property=\"article:modified_time\" content=\"2023-09-19T14:04:06+00:00\" \/>\n<meta property=\"og:image\" content=\"https:\/\/www.combiworks.com\/wp-content\/uploads\/2023\/06\/shutterstock_1139682737.jpg\" \/>\n\t<meta property=\"og:image:width\" content=\"1400\" \/>\n\t<meta property=\"og:image:height\" content=\"1050\" \/>\n\t<meta property=\"og:image:type\" content=\"image\/jpeg\" \/>\n<meta name=\"twitter:card\" content=\"summary_large_image\" \/>\n<meta name=\"twitter:label1\" content=\"Est. reading time\" \/>\n\t<meta name=\"twitter:data1\" content=\"2 minutit\" \/>\n<script type=\"application\/ld+json\" class=\"yoast-schema-graph\">{\"@context\":\"https:\/\/schema.org\",\"@graph\":[{\"@type\":\"WebPage\",\"@id\":\"https:\/\/www.combiworks.com\/et\/infra\/omavalitsused\/\",\"url\":\"https:\/\/www.combiworks.com\/et\/infra\/omavalitsused\/\",\"name\":\"Omavalitsused - Combi Works\",\"isPartOf\":{\"@id\":\"https:\/\/www.combiworks.com\/et\/#website\"},\"primaryImageOfPage\":{\"@id\":\"https:\/\/www.combiworks.com\/et\/infra\/omavalitsused\/#primaryimage\"},\"image\":{\"@id\":\"https:\/\/www.combiworks.com\/et\/infra\/omavalitsused\/#primaryimage\"},\"thumbnailUrl\":\"https:\/\/www.combiworks.com\/wp-content\/uploads\/2023\/06\/shutterstock_1139682737.jpg\",\"datePublished\":\"2023-08-21T11:23:58+00:00\",\"dateModified\":\"2023-09-19T14:04:06+00:00\",\"breadcrumb\":{\"@id\":\"https:\/\/www.combiworks.com\/et\/infra\/omavalitsused\/#breadcrumb\"},\"inLanguage\":\"et\",\"potentialAction\":[{\"@type\":\"ReadAction\",\"target\":[\"https:\/\/www.combiworks.com\/et\/infra\/omavalitsused\/\"]}]},{\"@type\":\"ImageObject\",\"inLanguage\":\"et\",\"@id\":\"https:\/\/www.combiworks.com\/et\/infra\/omavalitsused\/#primaryimage\",\"url\":\"https:\/\/www.combiworks.com\/wp-content\/uploads\/2023\/06\/shutterstock_1139682737.jpg\",\"contentUrl\":\"https:\/\/www.combiworks.com\/wp-content\/uploads\/2023\/06\/shutterstock_1139682737.jpg\",\"width\":1400,\"height\":1050,\"caption\":\"Worker in uniform stand over the open sewer hatch. Repair of sewage or underground utilities, nightman cleans drains, cable laying\"},{\"@type\":\"BreadcrumbList\",\"@id\":\"https:\/\/www.combiworks.com\/et\/infra\/omavalitsused\/#breadcrumb\",\"itemListElement\":[{\"@type\":\"ListItem\",\"position\":1,\"name\":\"Home\",\"item\":\"https:\/\/www.combiworks.com\/et\/\"},{\"@type\":\"ListItem\",\"position\":2,\"name\":\"Infra\",\"item\":\"https:\/\/www.combiworks.com\/et\/infra\/\"},{\"@type\":\"ListItem\",\"position\":3,\"name\":\"Omavalitsused\"}]},{\"@type\":\"WebSite\",\"@id\":\"https:\/\/www.combiworks.com\/et\/#website\",\"url\":\"https:\/\/www.combiworks.com\/et\/\",\"name\":\"Combi Works\",\"description\":\"The industrial manufacturing company - working in machine building and infra sectors\",\"publisher\":{\"@id\":\"https:\/\/www.combiworks.com\/et\/#organization\"},\"potentialAction\":[{\"@type\":\"SearchAction\",\"target\":{\"@type\":\"EntryPoint\",\"urlTemplate\":\"https:\/\/www.combiworks.com\/et\/?s={search_term_string}\"},\"query-input\":{\"@type\":\"PropertyValueSpecification\",\"valueRequired\":true,\"valueName\":\"search_term_string\"}}],\"inLanguage\":\"et\"},{\"@type\":\"Organization\",\"@id\":\"https:\/\/www.combiworks.com\/et\/#organization\",\"name\":\"Combi Works\",\"url\":\"https:\/\/www.combiworks.com\/et\/\",\"logo\":{\"@type\":\"ImageObject\",\"inLanguage\":\"et\",\"@id\":\"https:\/\/www.combiworks.com\/et\/#\/schema\/logo\/image\/\",\"url\":\"https:\/\/www.combiworks.com\/wp-content\/uploads\/2023\/09\/combi_works_logo_color-1.png\",\"contentUrl\":\"https:\/\/www.combiworks.com\/wp-content\/uploads\/2023\/09\/combi_works_logo_color-1.png\",\"width\":500,\"height\":500,\"caption\":\"Combi Works\"},\"image\":{\"@id\":\"https:\/\/www.combiworks.com\/et\/#\/schema\/logo\/image\/\"},\"sameAs\":[\"https:\/\/www.facebook.com\/people\/Combi-Works\/100057440740208\/\",\"https:\/\/www.linkedin.com\/company\/nordic-cast-sourcing-ltd\"]}]}<\/script>\n<!-- \/ Yoast SEO plugin. -->","yoast_head_json":{"title":"Omavalitsused - Combi Works","robots":{"index":"index","follow":"follow","max-snippet":"max-snippet:-1","max-image-preview":"max-image-preview:large","max-video-preview":"max-video-preview:-1"},"canonical":"https:\/\/www.combiworks.com\/et\/infra\/omavalitsused\/","og_locale":"et_EE","og_type":"article","og_title":"Omavalitsused - Combi Works","og_description":"Teave linnadele ja omavalitsustele infratoodete kohta Tere tulemast Combi Worksi:Teie partner munitsipaalinfrastruktuuri jaoks! Me m\u00f5istame, kui oluline on valida teie omavalitsuse jaoks kaevuluukide lahendused. Combi Works, turuliider Soomes ja Eestis, on p\u00fchendunud tervikliku lahenduse pakkumisele, mis \u00fchendab endas tipptasemel insenerioskuse ja lihtsa protsessi. Kohalikele omavalitsustele eksperditeadmiste tagamine: Omavalitsuste jaoks on oluline teha teadlikke ja pikaajalisi ... Read more","og_url":"https:\/\/www.combiworks.com\/et\/infra\/omavalitsused\/","og_site_name":"Combi Works","article_publisher":"https:\/\/www.facebook.com\/people\/Combi-Works\/100057440740208\/","article_modified_time":"2023-09-19T14:04:06+00:00","og_image":[{"width":1400,"height":1050,"url":"https:\/\/www.combiworks.com\/wp-content\/uploads\/2023\/06\/shutterstock_1139682737.jpg","type":"image\/jpeg"}],"twitter_card":"summary_large_image","twitter_misc":{"Est. reading time":"2 minutit"},"schema":{"@context":"https:\/\/schema.org","@graph":[{"@type":"WebPage","@id":"https:\/\/www.combiworks.com\/et\/infra\/omavalitsused\/","url":"https:\/\/www.combiworks.com\/et\/infra\/omavalitsused\/","name":"Omavalitsused - Combi Works","isPartOf":{"@id":"https:\/\/www.combiworks.com\/et\/#website"},"primaryImageOfPage":{"@id":"https:\/\/www.combiworks.com\/et\/infra\/omavalitsused\/#primaryimage"},"image":{"@id":"https:\/\/www.combiworks.com\/et\/infra\/omavalitsused\/#primaryimage"},"thumbnailUrl":"https:\/\/www.combiworks.com\/wp-content\/uploads\/2023\/06\/shutterstock_1139682737.jpg","datePublished":"2023-08-21T11:23:58+00:00","dateModified":"2023-09-19T14:04:06+00:00","breadcrumb":{"@id":"https:\/\/www.combiworks.com\/et\/infra\/omavalitsused\/#breadcrumb"},"inLanguage":"et","potentialAction":[{"@type":"ReadAction","target":["https:\/\/www.combiworks.com\/et\/infra\/omavalitsused\/"]}]},{"@type":"ImageObject","inLanguage":"et","@id":"https:\/\/www.combiworks.com\/et\/infra\/omavalitsused\/#primaryimage","url":"https:\/\/www.combiworks.com\/wp-content\/uploads\/2023\/06\/shutterstock_1139682737.jpg","contentUrl":"https:\/\/www.combiworks.com\/wp-content\/uploads\/2023\/06\/shutterstock_1139682737.jpg","width":1400,"height":1050,"caption":"Worker in uniform stand over the open sewer hatch. Repair of sewage or underground utilities, nightman cleans drains, cable laying"},{"@type":"BreadcrumbList","@id":"https:\/\/www.combiworks.com\/et\/infra\/omavalitsused\/#breadcrumb","itemListElement":[{"@type":"ListItem","position":1,"name":"Home","item":"https:\/\/www.combiworks.com\/et\/"},{"@type":"ListItem","position":2,"name":"Infra","item":"https:\/\/www.combiworks.com\/et\/infra\/"},{"@type":"ListItem","position":3,"name":"Omavalitsused"}]},{"@type":"WebSite","@id":"https:\/\/www.combiworks.com\/et\/#website","url":"https:\/\/www.combiworks.com\/et\/","name":"Combi Works","description":"The industrial manufacturing company - working in machine building and infra sectors","publisher":{"@id":"https:\/\/www.combiworks.com\/et\/#organization"},"potentialAction":[{"@type":"SearchAction","target":{"@type":"EntryPoint","urlTemplate":"https:\/\/www.combiworks.com\/et\/?s={search_term_string}"},"query-input":{"@type":"PropertyValueSpecification","valueRequired":true,"valueName":"search_term_string"}}],"inLanguage":"et"},{"@type":"Organization","@id":"https:\/\/www.combiworks.com\/et\/#organization","name":"Combi Works","url":"https:\/\/www.combiworks.com\/et\/","logo":{"@type":"ImageObject","inLanguage":"et","@id":"https:\/\/www.combiworks.com\/et\/#\/schema\/logo\/image\/","url":"https:\/\/www.combiworks.com\/wp-content\/uploads\/2023\/09\/combi_works_logo_color-1.png","contentUrl":"https:\/\/www.combiworks.com\/wp-content\/uploads\/2023\/09\/combi_works_logo_color-1.png","width":500,"height":500,"caption":"Combi Works"},"image":{"@id":"https:\/\/www.combiworks.com\/et\/#\/schema\/logo\/image\/"},"sameAs":["https:\/\/www.facebook.com\/people\/Combi-Works\/100057440740208\/","https:\/\/www.linkedin.com\/company\/nordic-cast-sourcing-ltd"]}]}},"taxonomy_info":[],"featured_image_src_large":["https:\/\/www.combiworks.com\/wp-content\/uploads\/2023\/06\/shutterstock_1139682737-1024x768.jpg",1024,768,true],"author_info":{"display_name":"KimTakala","author_link":"https:\/\/www.combiworks.com\/et\/author\/kimtakala\/"},"comment_info":"","_links":{"self":[{"href":"https:\/\/www.combiworks.com\/et\/wp-json\/wp\/v2\/pages\/6127","targetHints":{"allow":["GET"]}}],"collection":[{"href":"https:\/\/www.combiworks.com\/et\/wp-json\/wp\/v2\/pages"}],"about":[{"href":"https:\/\/www.combiworks.com\/et\/wp-json\/wp\/v2\/types\/page"}],"author":[{"embeddable":true,"href":"https:\/\/www.combiworks.com\/et\/wp-json\/wp\/v2\/users\/1"}],"replies":[{"embeddable":true,"href":"https:\/\/www.combiworks.com\/et\/wp-json\/wp\/v2\/comments?post=6127"}],"version-history":[{"count":0,"href":"https:\/\/www.combiworks.com\/et\/wp-json\/wp\/v2\/pages\/6127\/revisions"}],"up":[{"embeddable":true,"href":"https:\/\/www.combiworks.com\/et\/wp-json\/wp\/v2\/pages\/5592"}],"wp:featuredmedia":[{"embeddable":true,"href":"https:\/\/www.combiworks.com\/et\/wp-json\/wp\/v2\/media\/4625"}],"wp:attachment":[{"href":"https:\/\/www.combiworks.com\/et\/wp-json\/wp\/v2\/media?parent=6127"}],"wp:term":[{"taxonomy":"category","embeddable":true,"href":"https:\/\/www.combiworks.com\/et\/wp-json\/wp\/v2\/categories?post=6127"}],"curies":[{"name":"wp","href":"https:\/\/api.w.org\/{rel}","templated":true}]}}