{"id":6063,"date":"2023-08-21T14:22:54","date_gmt":"2023-08-21T11:22:54","guid":{"rendered":"https:\/\/www.combiworks.com\/infra\/hulgimuujad\/"},"modified":"2023-09-19T14:35:53","modified_gmt":"2023-09-19T11:35:53","slug":"hulgimuujad","status":"publish","type":"page","link":"https:\/\/www.combiworks.com\/et\/infra\/hulgimuujad\/","title":{"rendered":"Hulgim\u00fc\u00fcjad"},"content":{"rendered":"<div class=\"gb-container gb-container-d6474ef4\" style=\"background-image: url(https:\/\/www.combiworks.com\/wp-content\/uploads\/2023\/06\/DSC_0168-Enhanced-SR.jpg);\">\n<div class=\"gb-container gb-container-2fa58fe5\">\n<div class=\"gb-container gb-container-a2c369cb\">\n\n<div class=\"gb-headline gb-headline-a978a0b7 gb-headline-text\">Teave<\/div>\n\n\n\n<h1 class=\"gb-headline gb-headline-d4eaef4e gb-headline-text\">hulgim\u00fc\u00fcjatele infratoodete kohta<\/h1>\n\n<\/div>\n<\/div>\n<\/div><div class=\"gb-container gb-container-e67c6fcb\">\n<div class=\"gb-container gb-container-0fca720e\"><\/div>\n\n<div class=\"gb-container gb-container-9b4ebb97\"><\/div>\n\n<div class=\"gb-container gb-container-d250e16d\"><\/div>\n<\/div><div class=\"gb-container gb-container-aaf28159 alignfull\">\n<div class=\"gb-container gb-container-8004ae77\">\n\n<h2 class=\"gb-headline gb-headline-93081b9b gb-headline-text\">Tere tulemast Combi Worksi: <br>Kuidas meie ja meie tooted toetavad hulgim\u00fc\u00fcjate kliente<\/h2>\n\n\n\n<p class=\"gb-headline gb-headline-a05c920e gb-headline-text\">Me m\u00f5istame, et kaevuluukide \u00f5ige tarnija valimine on teie ettev\u00f5tte jaoks kriitiline otsus. Combi Works, turuliider Soomes ja Eestis, pakub teile lahendust, mis h\u00f5lmab nii inseneriteadmisi kui ka probleemivaba kogemust.<\/p>\n\n\n\n<h2 class=\"wp-block-heading\">Toote oskusteave<\/h2>\n\n\n\n<p class=\"gb-headline gb-headline-e0a29fd9 gb-headline-text\">Mis puutub toote oskusteabesse, siis v\u00f5ite olla kindel, et Combi Worksil on tugev meeskond eksperte, kellel on teadmised ja kogemused selles valdkonnas, mis tagavad, et olete v\u00f5imekates k\u00e4tes. Meie p\u00fchendumine innovatsioonile tagab teile juurdep\u00e4\u00e4su uusimatele toodetele ja parimatele lahendustele, mis hoiab teid turu esirinnas.<br><\/p>\n\n\n\n<h2 class=\"wp-block-heading\">Laiaulatuslik tootevalik<\/h2>\n\n\n\n<p>Meie ulatuslik tootevalik on m\u00f5eldud k\u00f5ikidele n\u00f5uetele. Meil on laialdane valik kaevuluuke, puu\u00fcmbrisreste ja sadevee rennkanaleid, mis sobivad enamuste projektide vajadustele. Kas otsite traditsioonilisi disainilahendusi v\u00f5i kohandatud lahendusi, Combi Works pakub teile sobivaid lahendusi. Meie kataloogis on lihtne navigeerida ja see aitab teil leida sobivaimad tooted.<br\/><\/p>\n\n\n\n<h2 class=\"wp-block-heading\">Kvaliteetsed tooted teie n\u00f5uetele<\/h2>\n\n\n\n<p>Kvaliteedikontroll on meie jaoks oluline. Meie tootmis\u00fcksused ja testimisprotsessid tagavad, et meie tooted \u00fcletavad t\u00f6\u00f6stusstandardeid. V\u00f5ite olla rahulik, teades, et meie tooted on loodud kestma.<br\/><\/p>\n\n\n\n<h2 class=\"wp-block-heading\">Tagavara sujuvamaks t\u00f6\u00f6ks<\/h2>\n\n\n\n<p>Meie ulatuslik laovaru v\u00f5imaldab tagada vajaliku laoseisu, et t\u00e4ita teie tellimusi. See tagab, et saate oma kaevuluugid \u00f5igeaegselt k\u00e4tte, v\u00e4hendades seisakuid ja t\u00f5hustades oma tegevust.<br\/><\/p>\n\n\n\n<h2 class=\"wp-block-heading\">Klientide soovitused r\u00e4\u00e4givad enda eest<\/h2>\n\n\n\n<p>Kuid \u00e4rge uskuge ainult meie s\u00f5na &#8211; meie tugevad referentsid r\u00e4\u00e4givad meie p\u00fchendumusest tipptasemele. Lugematud rahulolevad kliendid on usaldanud meile oma kaevuluukide tellimused ja nende positiivsed kogemused peegeldavad meie teenuste usaldusv\u00e4\u00e4rsust ja t\u00f5husust.<br\/><\/p>\n\n\n\n<h2 class=\"wp-block-heading\">Me v\u00f5tame oma turgu t\u00f5siselt<\/h2>\n\n\n\n<p>Lisaks, valides Combi Worksi oma tarnijaks, saate osaks kogukonnast, mis kujundab kaevuluukide tulevikku Euroopas. Panustame aktiivselt Euroopa standardite v\u00e4ljat\u00f6\u00f6tamisse, propageerides ohutumaid ja t\u00e4iustatud tooteid, mis toovad kasu kogu t\u00f6\u00f6stusharule.<br\/><br\/>Kutsume teid liituma meie rahulolevate klientide perega ja kogema Combi Worksi erinevust. T\u00f6\u00f6tame koos, et t\u00f5sta teie ettev\u00f5tte taset meie toodete, erakordse oskusteabe ja v\u00f5rratu teeninduse abil.<\/p>\n\n\n\n<ul class=\"wp-block-list\">\n<li>Ekspertiis teadmiste hankimiseks <\/li>\n\n\n\n<li>Lai tootevalik erinevate vajaduste rahuldamiseks <\/li>\n\n\n\n<li>Kvaliteedikontrollid, mis tagavad usaldusv\u00e4\u00e4rsuse<\/li>\n\n\n\n<li>Varud sujuvamaks tarneahela t\u00f5rgete \u00fcletamiseks <\/li>\n\n\n\n<li>Tugevad kliendireferentsid<\/li>\n\n\n\n<li>Aktiivne roll t\u00f6\u00f6stusstandardite kujundamisel<\/li>\n<\/ul>\n\n\n\n<p>V\u00f5tke <a href=\"https:\/\/www.combiworks.com\/en\/contact\/\" data-type=\"page\" data-id=\"1215\">meiega juba t\u00e4na<\/a> \u00fchendust, et tegutseda koos professionaalsete lahenduste suunas.<\/p>\n\n<\/div>\n<\/div>","protected":false},"excerpt":{"rendered":"<p>Teave hulgim\u00fc\u00fcjatele infratoodete kohta Tere tulemast Combi Worksi: Kuidas meie ja meie tooted toetavad hulgim\u00fc\u00fcjate kliente Me m\u00f5istame, et kaevuluukide \u00f5ige tarnija valimine on teie ettev\u00f5tte jaoks kriitiline otsus. Combi Works, turuliider Soomes ja Eestis, pakub teile lahendust, mis h\u00f5lmab nii inseneriteadmisi kui ka probleemivaba kogemust. Toote oskusteave Mis puutub toote oskusteabesse, siis v\u00f5ite olla &#8230; <a title=\"Hulgim\u00fc\u00fcjad\" class=\"read-more\" href=\"https:\/\/www.combiworks.com\/et\/infra\/hulgimuujad\/\" aria-label=\"Read more about Hulgim\u00fc\u00fcjad\">Read more<\/a><\/p>\n","protected":false},"author":1,"featured_media":4631,"parent":5592,"menu_order":9,"comment_status":"closed","ping_status":"closed","template":"","meta":{"_acf_changed":false,"inline_featured_image":false,"_kad_blocks_custom_css":"","_kad_blocks_head_custom_js":"","_kad_blocks_body_custom_js":"","_kad_blocks_footer_custom_js":"","footnotes":""},"categories":[],"class_list":["post-6063","page","type-page","status-publish","format-standard","has-post-thumbnail"],"acf":[],"yoast_head":"<!-- This site is optimized with the Yoast SEO plugin v25.5 - https:\/\/yoast.com\/wordpress\/plugins\/seo\/ -->\n<title>Hulgim\u00fc\u00fcjad - Combi Works<\/title>\n<meta name=\"robots\" content=\"index, follow, max-snippet:-1, max-image-preview:large, max-video-preview:-1\" \/>\n<link rel=\"canonical\" href=\"https:\/\/www.combiworks.com\/et\/infra\/hulgimuujad\/\" \/>\n<meta property=\"og:locale\" content=\"et_EE\" \/>\n<meta property=\"og:type\" content=\"article\" \/>\n<meta property=\"og:title\" content=\"Hulgim\u00fc\u00fcjad - Combi Works\" \/>\n<meta property=\"og:description\" content=\"Teave hulgim\u00fc\u00fcjatele infratoodete kohta Tere tulemast Combi Worksi: Kuidas meie ja meie tooted toetavad hulgim\u00fc\u00fcjate kliente Me m\u00f5istame, et kaevuluukide \u00f5ige tarnija valimine on teie ettev\u00f5tte jaoks kriitiline otsus. Combi Works, turuliider Soomes ja Eestis, pakub teile lahendust, mis h\u00f5lmab nii inseneriteadmisi kui ka probleemivaba kogemust. Toote oskusteave Mis puutub toote oskusteabesse, siis v\u00f5ite olla ... Read more\" \/>\n<meta property=\"og:url\" content=\"https:\/\/www.combiworks.com\/et\/infra\/hulgimuujad\/\" \/>\n<meta property=\"og:site_name\" content=\"Combi Works\" \/>\n<meta property=\"article:publisher\" content=\"https:\/\/www.facebook.com\/people\/Combi-Works\/100057440740208\/\" \/>\n<meta property=\"article:modified_time\" content=\"2023-09-19T11:35:53+00:00\" \/>\n<meta property=\"og:image\" content=\"https:\/\/www.combiworks.com\/wp-content\/uploads\/2023\/06\/DSC_0168-Enhanced-SR.jpg\" \/>\n\t<meta property=\"og:image:width\" content=\"2100\" \/>\n\t<meta property=\"og:image:height\" content=\"1046\" \/>\n\t<meta property=\"og:image:type\" content=\"image\/jpeg\" \/>\n<meta name=\"twitter:card\" content=\"summary_large_image\" \/>\n<meta name=\"twitter:label1\" content=\"Est. reading time\" \/>\n\t<meta name=\"twitter:data1\" content=\"2 minutit\" \/>\n<script type=\"application\/ld+json\" class=\"yoast-schema-graph\">{\"@context\":\"https:\/\/schema.org\",\"@graph\":[{\"@type\":\"WebPage\",\"@id\":\"https:\/\/www.combiworks.com\/et\/infra\/hulgimuujad\/\",\"url\":\"https:\/\/www.combiworks.com\/et\/infra\/hulgimuujad\/\",\"name\":\"Hulgim\u00fc\u00fcjad - Combi Works\",\"isPartOf\":{\"@id\":\"https:\/\/www.combiworks.com\/et\/#website\"},\"primaryImageOfPage\":{\"@id\":\"https:\/\/www.combiworks.com\/et\/infra\/hulgimuujad\/#primaryimage\"},\"image\":{\"@id\":\"https:\/\/www.combiworks.com\/et\/infra\/hulgimuujad\/#primaryimage\"},\"thumbnailUrl\":\"https:\/\/www.combiworks.com\/wp-content\/uploads\/2023\/06\/DSC_0168-Enhanced-SR.jpg\",\"datePublished\":\"2023-08-21T11:22:54+00:00\",\"dateModified\":\"2023-09-19T11:35:53+00:00\",\"breadcrumb\":{\"@id\":\"https:\/\/www.combiworks.com\/et\/infra\/hulgimuujad\/#breadcrumb\"},\"inLanguage\":\"et\",\"potentialAction\":[{\"@type\":\"ReadAction\",\"target\":[\"https:\/\/www.combiworks.com\/et\/infra\/hulgimuujad\/\"]}]},{\"@type\":\"ImageObject\",\"inLanguage\":\"et\",\"@id\":\"https:\/\/www.combiworks.com\/et\/infra\/hulgimuujad\/#primaryimage\",\"url\":\"https:\/\/www.combiworks.com\/wp-content\/uploads\/2023\/06\/DSC_0168-Enhanced-SR.jpg\",\"contentUrl\":\"https:\/\/www.combiworks.com\/wp-content\/uploads\/2023\/06\/DSC_0168-Enhanced-SR.jpg\",\"width\":2100,\"height\":1046},{\"@type\":\"BreadcrumbList\",\"@id\":\"https:\/\/www.combiworks.com\/et\/infra\/hulgimuujad\/#breadcrumb\",\"itemListElement\":[{\"@type\":\"ListItem\",\"position\":1,\"name\":\"Home\",\"item\":\"https:\/\/www.combiworks.com\/et\/\"},{\"@type\":\"ListItem\",\"position\":2,\"name\":\"Infra\",\"item\":\"https:\/\/www.combiworks.com\/et\/infra\/\"},{\"@type\":\"ListItem\",\"position\":3,\"name\":\"Hulgim\u00fc\u00fcjad\"}]},{\"@type\":\"WebSite\",\"@id\":\"https:\/\/www.combiworks.com\/et\/#website\",\"url\":\"https:\/\/www.combiworks.com\/et\/\",\"name\":\"Combi Works\",\"description\":\"The industrial manufacturing company - working in machine building and infra sectors\",\"publisher\":{\"@id\":\"https:\/\/www.combiworks.com\/et\/#organization\"},\"potentialAction\":[{\"@type\":\"SearchAction\",\"target\":{\"@type\":\"EntryPoint\",\"urlTemplate\":\"https:\/\/www.combiworks.com\/et\/?s={search_term_string}\"},\"query-input\":{\"@type\":\"PropertyValueSpecification\",\"valueRequired\":true,\"valueName\":\"search_term_string\"}}],\"inLanguage\":\"et\"},{\"@type\":\"Organization\",\"@id\":\"https:\/\/www.combiworks.com\/et\/#organization\",\"name\":\"Combi Works\",\"url\":\"https:\/\/www.combiworks.com\/et\/\",\"logo\":{\"@type\":\"ImageObject\",\"inLanguage\":\"et\",\"@id\":\"https:\/\/www.combiworks.com\/et\/#\/schema\/logo\/image\/\",\"url\":\"https:\/\/www.combiworks.com\/wp-content\/uploads\/2023\/09\/combi_works_logo_color-1.png\",\"contentUrl\":\"https:\/\/www.combiworks.com\/wp-content\/uploads\/2023\/09\/combi_works_logo_color-1.png\",\"width\":500,\"height\":500,\"caption\":\"Combi Works\"},\"image\":{\"@id\":\"https:\/\/www.combiworks.com\/et\/#\/schema\/logo\/image\/\"},\"sameAs\":[\"https:\/\/www.facebook.com\/people\/Combi-Works\/100057440740208\/\",\"https:\/\/www.linkedin.com\/company\/nordic-cast-sourcing-ltd\"]}]}<\/script>\n<!-- \/ Yoast SEO plugin. -->","yoast_head_json":{"title":"Hulgim\u00fc\u00fcjad - Combi Works","robots":{"index":"index","follow":"follow","max-snippet":"max-snippet:-1","max-image-preview":"max-image-preview:large","max-video-preview":"max-video-preview:-1"},"canonical":"https:\/\/www.combiworks.com\/et\/infra\/hulgimuujad\/","og_locale":"et_EE","og_type":"article","og_title":"Hulgim\u00fc\u00fcjad - Combi Works","og_description":"Teave hulgim\u00fc\u00fcjatele infratoodete kohta Tere tulemast Combi Worksi: Kuidas meie ja meie tooted toetavad hulgim\u00fc\u00fcjate kliente Me m\u00f5istame, et kaevuluukide \u00f5ige tarnija valimine on teie ettev\u00f5tte jaoks kriitiline otsus. Combi Works, turuliider Soomes ja Eestis, pakub teile lahendust, mis h\u00f5lmab nii inseneriteadmisi kui ka probleemivaba kogemust. Toote oskusteave Mis puutub toote oskusteabesse, siis v\u00f5ite olla ... Read more","og_url":"https:\/\/www.combiworks.com\/et\/infra\/hulgimuujad\/","og_site_name":"Combi Works","article_publisher":"https:\/\/www.facebook.com\/people\/Combi-Works\/100057440740208\/","article_modified_time":"2023-09-19T11:35:53+00:00","og_image":[{"width":2100,"height":1046,"url":"https:\/\/www.combiworks.com\/wp-content\/uploads\/2023\/06\/DSC_0168-Enhanced-SR.jpg","type":"image\/jpeg"}],"twitter_card":"summary_large_image","twitter_misc":{"Est. reading time":"2 minutit"},"schema":{"@context":"https:\/\/schema.org","@graph":[{"@type":"WebPage","@id":"https:\/\/www.combiworks.com\/et\/infra\/hulgimuujad\/","url":"https:\/\/www.combiworks.com\/et\/infra\/hulgimuujad\/","name":"Hulgim\u00fc\u00fcjad - Combi Works","isPartOf":{"@id":"https:\/\/www.combiworks.com\/et\/#website"},"primaryImageOfPage":{"@id":"https:\/\/www.combiworks.com\/et\/infra\/hulgimuujad\/#primaryimage"},"image":{"@id":"https:\/\/www.combiworks.com\/et\/infra\/hulgimuujad\/#primaryimage"},"thumbnailUrl":"https:\/\/www.combiworks.com\/wp-content\/uploads\/2023\/06\/DSC_0168-Enhanced-SR.jpg","datePublished":"2023-08-21T11:22:54+00:00","dateModified":"2023-09-19T11:35:53+00:00","breadcrumb":{"@id":"https:\/\/www.combiworks.com\/et\/infra\/hulgimuujad\/#breadcrumb"},"inLanguage":"et","potentialAction":[{"@type":"ReadAction","target":["https:\/\/www.combiworks.com\/et\/infra\/hulgimuujad\/"]}]},{"@type":"ImageObject","inLanguage":"et","@id":"https:\/\/www.combiworks.com\/et\/infra\/hulgimuujad\/#primaryimage","url":"https:\/\/www.combiworks.com\/wp-content\/uploads\/2023\/06\/DSC_0168-Enhanced-SR.jpg","contentUrl":"https:\/\/www.combiworks.com\/wp-content\/uploads\/2023\/06\/DSC_0168-Enhanced-SR.jpg","width":2100,"height":1046},{"@type":"BreadcrumbList","@id":"https:\/\/www.combiworks.com\/et\/infra\/hulgimuujad\/#breadcrumb","itemListElement":[{"@type":"ListItem","position":1,"name":"Home","item":"https:\/\/www.combiworks.com\/et\/"},{"@type":"ListItem","position":2,"name":"Infra","item":"https:\/\/www.combiworks.com\/et\/infra\/"},{"@type":"ListItem","position":3,"name":"Hulgim\u00fc\u00fcjad"}]},{"@type":"WebSite","@id":"https:\/\/www.combiworks.com\/et\/#website","url":"https:\/\/www.combiworks.com\/et\/","name":"Combi Works","description":"The industrial manufacturing company - working in machine building and infra sectors","publisher":{"@id":"https:\/\/www.combiworks.com\/et\/#organization"},"potentialAction":[{"@type":"SearchAction","target":{"@type":"EntryPoint","urlTemplate":"https:\/\/www.combiworks.com\/et\/?s={search_term_string}"},"query-input":{"@type":"PropertyValueSpecification","valueRequired":true,"valueName":"search_term_string"}}],"inLanguage":"et"},{"@type":"Organization","@id":"https:\/\/www.combiworks.com\/et\/#organization","name":"Combi Works","url":"https:\/\/www.combiworks.com\/et\/","logo":{"@type":"ImageObject","inLanguage":"et","@id":"https:\/\/www.combiworks.com\/et\/#\/schema\/logo\/image\/","url":"https:\/\/www.combiworks.com\/wp-content\/uploads\/2023\/09\/combi_works_logo_color-1.png","contentUrl":"https:\/\/www.combiworks.com\/wp-content\/uploads\/2023\/09\/combi_works_logo_color-1.png","width":500,"height":500,"caption":"Combi Works"},"image":{"@id":"https:\/\/www.combiworks.com\/et\/#\/schema\/logo\/image\/"},"sameAs":["https:\/\/www.facebook.com\/people\/Combi-Works\/100057440740208\/","https:\/\/www.linkedin.com\/company\/nordic-cast-sourcing-ltd"]}]}},"taxonomy_info":[],"featured_image_src_large":["https:\/\/www.combiworks.com\/wp-content\/uploads\/2023\/06\/DSC_0168-Enhanced-SR-1024x510.jpg",1024,510,true],"author_info":{"display_name":"KimTakala","author_link":"https:\/\/www.combiworks.com\/et\/author\/kimtakala\/"},"comment_info":"","_links":{"self":[{"href":"https:\/\/www.combiworks.com\/et\/wp-json\/wp\/v2\/pages\/6063","targetHints":{"allow":["GET"]}}],"collection":[{"href":"https:\/\/www.combiworks.com\/et\/wp-json\/wp\/v2\/pages"}],"about":[{"href":"https:\/\/www.combiworks.com\/et\/wp-json\/wp\/v2\/types\/page"}],"author":[{"embeddable":true,"href":"https:\/\/www.combiworks.com\/et\/wp-json\/wp\/v2\/users\/1"}],"replies":[{"embeddable":true,"href":"https:\/\/www.combiworks.com\/et\/wp-json\/wp\/v2\/comments?post=6063"}],"version-history":[{"count":0,"href":"https:\/\/www.combiworks.com\/et\/wp-json\/wp\/v2\/pages\/6063\/revisions"}],"up":[{"embeddable":true,"href":"https:\/\/www.combiworks.com\/et\/wp-json\/wp\/v2\/pages\/5592"}],"wp:featuredmedia":[{"embeddable":true,"href":"https:\/\/www.combiworks.com\/et\/wp-json\/wp\/v2\/media\/4631"}],"wp:attachment":[{"href":"https:\/\/www.combiworks.com\/et\/wp-json\/wp\/v2\/media?parent=6063"}],"wp:term":[{"taxonomy":"category","embeddable":true,"href":"https:\/\/www.combiworks.com\/et\/wp-json\/wp\/v2\/categories?post=6063"}],"curies":[{"name":"wp","href":"https:\/\/api.w.org\/{rel}","templated":true}]}}