{"id":6015,"date":"2023-08-21T13:47:48","date_gmt":"2023-08-21T10:47:48","guid":{"rendered":"https:\/\/www.combiworks.com\/infra\/projekteerijad\/"},"modified":"2023-09-19T11:49:43","modified_gmt":"2023-09-19T08:49:43","slug":"projekteerijad","status":"publish","type":"page","link":"https:\/\/www.combiworks.com\/et\/infra\/projekteerijad\/","title":{"rendered":"Projekteerijad"},"content":{"rendered":"<div class=\"gb-container gb-container-d6474ef4\" style=\"background-image: url(https:\/\/www.combiworks.com\/wp-content\/uploads\/2023\/08\/combi-works-infra-for-designers_2.jpg);\">\n<div class=\"gb-container gb-container-2fa58fe5\">\n<div class=\"gb-container gb-container-a2c369cb\">\n\n<div class=\"gb-headline gb-headline-a978a0b7 gb-headline-text\">Teave<\/div>\n\n\n\n<h1 class=\"gb-headline gb-headline-d4eaef4e gb-headline-text\">projekteerijatele infratoodete kohta<\/h1>\n\n<\/div>\n<\/div>\n<\/div><div class=\"gb-container gb-container-e67c6fcb\">\n<div class=\"gb-container gb-container-0fca720e\"><\/div>\n\n<div class=\"gb-container gb-container-9b4ebb97\"><\/div>\n\n<div class=\"gb-container gb-container-d250e16d\"><\/div>\n<\/div><div class=\"gb-container gb-container-aaf28159 alignfull\">\n<div class=\"gb-container gb-container-8004ae77\">\n\n<h2 class=\"gb-headline gb-headline-93081b9b gb-headline-text\">Tere tulemast Combi Worksi: <br>Teie partner infrastruktuuri projekteerimisel!<\/h2>\n\n\n\n<p class=\"gb-headline gb-headline-a05c920e gb-headline-text\">Me oleme valumalmist kaevuluukide spetsialistidena teie usaldusv\u00e4\u00e4rsed n\u00f5ustajad. Combi Works, liider Soomes ja Eestis, n\u00f5ustab teid vastavalt projekteerimis\u00fclesandele sobivaimate lahenduste leidmisel. Meie teadmised ulatuvad ka koolituste pakkumiseni, tagades, et te olete valmis tegema teadlikke otsuseid, mis vastavad teie projekti n\u00f5uetele.<\/p>\n\n\n\n<h3 class=\"gb-headline gb-headline-807f8458 gb-headline-text\">Asjatundlikkus:<\/h3>\n\n\n\n<p>Meie kogenud meeskond toob oma teadmised laua taha. Me m\u00f5istame, et teie projekteerimine n\u00f5uab t\u00e4psust, ja me oleme siin, et pakkuda teadmisi, mis lihtsustavad teil tootevalikuid.<\/p>\n\n\n\n<h3 class=\"gb-headline gb-headline-6a4215be gb-headline-text\"><strong>Suunata teie otsuseid:<\/strong><\/h3>\n\n\n\n<p>Olgu tegemist kaevuluukide, puu\u00fcmbrisrestide v\u00f5i sadevee rennidega valimisega, oleme teie partnerid \u00f5igete valikute tegemisel. Meie n\u00f5uandev l\u00e4henemisviis tagab, et teie projekte t\u00e4iustatakse eesm\u00e4rkidele vastavate toodetega.<\/p>\n\n\n\n<h3 class=\"gb-headline gb-headline-b57a4623 gb-headline-text\"><strong>Koolitus teadmiste suurendamiseks:<\/strong><\/h3>\n\n\n\n<p>Kanalisatsioonikaevude luukide ja infrastruktuuritoodete n\u00fcansside tundma\u00f5ppimine v\u00f5ib olla keeruline. Seep\u00e4rast pakume koolitusi, et anda teile vajalikud teadmised, et valida oma projektide jaoks parimad lahendused.<\/p>\n\n\n\n<h3 class=\"gb-headline gb-headline-55f125d1 gb-headline-text\"><strong>Kokkuv\u00f5tteks:<\/strong><\/h3>\n\n\n\n<ul class=\"wp-block-list\">\n<li>Konsultatsioonid tootevalikute tegemiseks<\/li>\n\n\n\n<li>Ekspertide juhised infrastruktuuri projekteerimiseks<\/li>\n\n\n\n<li>Koolitus teadlike otsuste tegemiseks<\/li>\n<\/ul>\n\n\n\n<p><strong>T\u00f5stke oma disainilahendusi Combi Worksiga esile. V\u00f5tke \u00fchendust juba t\u00e4na, et alustada partnerluse teekonda.<\/strong><\/p>\n\n<\/div>\n<\/div>","protected":false},"excerpt":{"rendered":"<p>Teave projekteerijatele infratoodete kohta Tere tulemast Combi Worksi: Teie partner infrastruktuuri projekteerimisel! Me oleme valumalmist kaevuluukide spetsialistidena teie usaldusv\u00e4\u00e4rsed n\u00f5ustajad. Combi Works, liider Soomes ja Eestis, n\u00f5ustab teid vastavalt projekteerimis\u00fclesandele sobivaimate lahenduste leidmisel. Meie teadmised ulatuvad ka koolituste pakkumiseni, tagades, et te olete valmis tegema teadlikke otsuseid, mis vastavad teie projekti n\u00f5uetele. Asjatundlikkus: Meie kogenud &#8230; <a title=\"Projekteerijad\" class=\"read-more\" href=\"https:\/\/www.combiworks.com\/et\/infra\/projekteerijad\/\" aria-label=\"Read more about Projekteerijad\">Read more<\/a><\/p>\n","protected":false},"author":1,"featured_media":5271,"parent":5592,"menu_order":54,"comment_status":"closed","ping_status":"closed","template":"","meta":{"_acf_changed":false,"inline_featured_image":false,"_kad_blocks_custom_css":"","_kad_blocks_head_custom_js":"","_kad_blocks_body_custom_js":"","_kad_blocks_footer_custom_js":"","footnotes":""},"categories":[],"class_list":["post-6015","page","type-page","status-publish","format-standard","has-post-thumbnail"],"acf":[],"yoast_head":"<!-- This site is optimized with the Yoast SEO plugin v25.5 - https:\/\/yoast.com\/wordpress\/plugins\/seo\/ -->\n<title>Projekteerijad - Combi Works<\/title>\n<meta name=\"robots\" content=\"index, follow, max-snippet:-1, max-image-preview:large, max-video-preview:-1\" \/>\n<link rel=\"canonical\" href=\"https:\/\/www.combiworks.com\/et\/infra\/projekteerijad\/\" \/>\n<meta property=\"og:locale\" content=\"et_EE\" \/>\n<meta property=\"og:type\" content=\"article\" \/>\n<meta property=\"og:title\" content=\"Projekteerijad - Combi Works\" \/>\n<meta property=\"og:description\" content=\"Teave projekteerijatele infratoodete kohta Tere tulemast Combi Worksi: Teie partner infrastruktuuri projekteerimisel! Me oleme valumalmist kaevuluukide spetsialistidena teie usaldusv\u00e4\u00e4rsed n\u00f5ustajad. Combi Works, liider Soomes ja Eestis, n\u00f5ustab teid vastavalt projekteerimis\u00fclesandele sobivaimate lahenduste leidmisel. Meie teadmised ulatuvad ka koolituste pakkumiseni, tagades, et te olete valmis tegema teadlikke otsuseid, mis vastavad teie projekti n\u00f5uetele. Asjatundlikkus: Meie kogenud ... Read more\" \/>\n<meta property=\"og:url\" content=\"https:\/\/www.combiworks.com\/et\/infra\/projekteerijad\/\" \/>\n<meta property=\"og:site_name\" content=\"Combi Works\" \/>\n<meta property=\"article:publisher\" content=\"https:\/\/www.facebook.com\/people\/Combi-Works\/100057440740208\/\" \/>\n<meta property=\"article:modified_time\" content=\"2023-09-19T08:49:43+00:00\" \/>\n<meta property=\"og:image\" content=\"https:\/\/www.combiworks.com\/wp-content\/uploads\/2023\/08\/combi-works-infra-for-designers_2.jpg\" \/>\n\t<meta property=\"og:image:width\" content=\"2000\" \/>\n\t<meta property=\"og:image:height\" content=\"1335\" \/>\n\t<meta property=\"og:image:type\" content=\"image\/jpeg\" \/>\n<meta name=\"twitter:card\" content=\"summary_large_image\" \/>\n<meta name=\"twitter:label1\" content=\"Est. reading time\" \/>\n\t<meta name=\"twitter:data1\" content=\"1 minut\" \/>\n<script type=\"application\/ld+json\" class=\"yoast-schema-graph\">{\"@context\":\"https:\/\/schema.org\",\"@graph\":[{\"@type\":\"WebPage\",\"@id\":\"https:\/\/www.combiworks.com\/et\/infra\/projekteerijad\/\",\"url\":\"https:\/\/www.combiworks.com\/et\/infra\/projekteerijad\/\",\"name\":\"Projekteerijad - Combi Works\",\"isPartOf\":{\"@id\":\"https:\/\/www.combiworks.com\/et\/#website\"},\"primaryImageOfPage\":{\"@id\":\"https:\/\/www.combiworks.com\/et\/infra\/projekteerijad\/#primaryimage\"},\"image\":{\"@id\":\"https:\/\/www.combiworks.com\/et\/infra\/projekteerijad\/#primaryimage\"},\"thumbnailUrl\":\"https:\/\/www.combiworks.com\/wp-content\/uploads\/2023\/08\/combi-works-infra-for-designers_2.jpg\",\"datePublished\":\"2023-08-21T10:47:48+00:00\",\"dateModified\":\"2023-09-19T08:49:43+00:00\",\"breadcrumb\":{\"@id\":\"https:\/\/www.combiworks.com\/et\/infra\/projekteerijad\/#breadcrumb\"},\"inLanguage\":\"et\",\"potentialAction\":[{\"@type\":\"ReadAction\",\"target\":[\"https:\/\/www.combiworks.com\/et\/infra\/projekteerijad\/\"]}]},{\"@type\":\"ImageObject\",\"inLanguage\":\"et\",\"@id\":\"https:\/\/www.combiworks.com\/et\/infra\/projekteerijad\/#primaryimage\",\"url\":\"https:\/\/www.combiworks.com\/wp-content\/uploads\/2023\/08\/combi-works-infra-for-designers_2.jpg\",\"contentUrl\":\"https:\/\/www.combiworks.com\/wp-content\/uploads\/2023\/08\/combi-works-infra-for-designers_2.jpg\",\"width\":2000,\"height\":1335},{\"@type\":\"BreadcrumbList\",\"@id\":\"https:\/\/www.combiworks.com\/et\/infra\/projekteerijad\/#breadcrumb\",\"itemListElement\":[{\"@type\":\"ListItem\",\"position\":1,\"name\":\"Home\",\"item\":\"https:\/\/www.combiworks.com\/et\/\"},{\"@type\":\"ListItem\",\"position\":2,\"name\":\"Infra\",\"item\":\"https:\/\/www.combiworks.com\/et\/infra\/\"},{\"@type\":\"ListItem\",\"position\":3,\"name\":\"Projekteerijad\"}]},{\"@type\":\"WebSite\",\"@id\":\"https:\/\/www.combiworks.com\/et\/#website\",\"url\":\"https:\/\/www.combiworks.com\/et\/\",\"name\":\"Combi Works\",\"description\":\"The industrial manufacturing company - working in machine building and infra sectors\",\"publisher\":{\"@id\":\"https:\/\/www.combiworks.com\/et\/#organization\"},\"potentialAction\":[{\"@type\":\"SearchAction\",\"target\":{\"@type\":\"EntryPoint\",\"urlTemplate\":\"https:\/\/www.combiworks.com\/et\/?s={search_term_string}\"},\"query-input\":{\"@type\":\"PropertyValueSpecification\",\"valueRequired\":true,\"valueName\":\"search_term_string\"}}],\"inLanguage\":\"et\"},{\"@type\":\"Organization\",\"@id\":\"https:\/\/www.combiworks.com\/et\/#organization\",\"name\":\"Combi Works\",\"url\":\"https:\/\/www.combiworks.com\/et\/\",\"logo\":{\"@type\":\"ImageObject\",\"inLanguage\":\"et\",\"@id\":\"https:\/\/www.combiworks.com\/et\/#\/schema\/logo\/image\/\",\"url\":\"https:\/\/www.combiworks.com\/wp-content\/uploads\/2023\/09\/combi_works_logo_color-1.png\",\"contentUrl\":\"https:\/\/www.combiworks.com\/wp-content\/uploads\/2023\/09\/combi_works_logo_color-1.png\",\"width\":500,\"height\":500,\"caption\":\"Combi Works\"},\"image\":{\"@id\":\"https:\/\/www.combiworks.com\/et\/#\/schema\/logo\/image\/\"},\"sameAs\":[\"https:\/\/www.facebook.com\/people\/Combi-Works\/100057440740208\/\",\"https:\/\/www.linkedin.com\/company\/nordic-cast-sourcing-ltd\"]}]}<\/script>\n<!-- \/ Yoast SEO plugin. -->","yoast_head_json":{"title":"Projekteerijad - Combi Works","robots":{"index":"index","follow":"follow","max-snippet":"max-snippet:-1","max-image-preview":"max-image-preview:large","max-video-preview":"max-video-preview:-1"},"canonical":"https:\/\/www.combiworks.com\/et\/infra\/projekteerijad\/","og_locale":"et_EE","og_type":"article","og_title":"Projekteerijad - Combi Works","og_description":"Teave projekteerijatele infratoodete kohta Tere tulemast Combi Worksi: Teie partner infrastruktuuri projekteerimisel! Me oleme valumalmist kaevuluukide spetsialistidena teie usaldusv\u00e4\u00e4rsed n\u00f5ustajad. Combi Works, liider Soomes ja Eestis, n\u00f5ustab teid vastavalt projekteerimis\u00fclesandele sobivaimate lahenduste leidmisel. Meie teadmised ulatuvad ka koolituste pakkumiseni, tagades, et te olete valmis tegema teadlikke otsuseid, mis vastavad teie projekti n\u00f5uetele. Asjatundlikkus: Meie kogenud ... Read more","og_url":"https:\/\/www.combiworks.com\/et\/infra\/projekteerijad\/","og_site_name":"Combi Works","article_publisher":"https:\/\/www.facebook.com\/people\/Combi-Works\/100057440740208\/","article_modified_time":"2023-09-19T08:49:43+00:00","og_image":[{"width":2000,"height":1335,"url":"https:\/\/www.combiworks.com\/wp-content\/uploads\/2023\/08\/combi-works-infra-for-designers_2.jpg","type":"image\/jpeg"}],"twitter_card":"summary_large_image","twitter_misc":{"Est. reading time":"1 minut"},"schema":{"@context":"https:\/\/schema.org","@graph":[{"@type":"WebPage","@id":"https:\/\/www.combiworks.com\/et\/infra\/projekteerijad\/","url":"https:\/\/www.combiworks.com\/et\/infra\/projekteerijad\/","name":"Projekteerijad - Combi Works","isPartOf":{"@id":"https:\/\/www.combiworks.com\/et\/#website"},"primaryImageOfPage":{"@id":"https:\/\/www.combiworks.com\/et\/infra\/projekteerijad\/#primaryimage"},"image":{"@id":"https:\/\/www.combiworks.com\/et\/infra\/projekteerijad\/#primaryimage"},"thumbnailUrl":"https:\/\/www.combiworks.com\/wp-content\/uploads\/2023\/08\/combi-works-infra-for-designers_2.jpg","datePublished":"2023-08-21T10:47:48+00:00","dateModified":"2023-09-19T08:49:43+00:00","breadcrumb":{"@id":"https:\/\/www.combiworks.com\/et\/infra\/projekteerijad\/#breadcrumb"},"inLanguage":"et","potentialAction":[{"@type":"ReadAction","target":["https:\/\/www.combiworks.com\/et\/infra\/projekteerijad\/"]}]},{"@type":"ImageObject","inLanguage":"et","@id":"https:\/\/www.combiworks.com\/et\/infra\/projekteerijad\/#primaryimage","url":"https:\/\/www.combiworks.com\/wp-content\/uploads\/2023\/08\/combi-works-infra-for-designers_2.jpg","contentUrl":"https:\/\/www.combiworks.com\/wp-content\/uploads\/2023\/08\/combi-works-infra-for-designers_2.jpg","width":2000,"height":1335},{"@type":"BreadcrumbList","@id":"https:\/\/www.combiworks.com\/et\/infra\/projekteerijad\/#breadcrumb","itemListElement":[{"@type":"ListItem","position":1,"name":"Home","item":"https:\/\/www.combiworks.com\/et\/"},{"@type":"ListItem","position":2,"name":"Infra","item":"https:\/\/www.combiworks.com\/et\/infra\/"},{"@type":"ListItem","position":3,"name":"Projekteerijad"}]},{"@type":"WebSite","@id":"https:\/\/www.combiworks.com\/et\/#website","url":"https:\/\/www.combiworks.com\/et\/","name":"Combi Works","description":"The industrial manufacturing company - working in machine building and infra sectors","publisher":{"@id":"https:\/\/www.combiworks.com\/et\/#organization"},"potentialAction":[{"@type":"SearchAction","target":{"@type":"EntryPoint","urlTemplate":"https:\/\/www.combiworks.com\/et\/?s={search_term_string}"},"query-input":{"@type":"PropertyValueSpecification","valueRequired":true,"valueName":"search_term_string"}}],"inLanguage":"et"},{"@type":"Organization","@id":"https:\/\/www.combiworks.com\/et\/#organization","name":"Combi Works","url":"https:\/\/www.combiworks.com\/et\/","logo":{"@type":"ImageObject","inLanguage":"et","@id":"https:\/\/www.combiworks.com\/et\/#\/schema\/logo\/image\/","url":"https:\/\/www.combiworks.com\/wp-content\/uploads\/2023\/09\/combi_works_logo_color-1.png","contentUrl":"https:\/\/www.combiworks.com\/wp-content\/uploads\/2023\/09\/combi_works_logo_color-1.png","width":500,"height":500,"caption":"Combi Works"},"image":{"@id":"https:\/\/www.combiworks.com\/et\/#\/schema\/logo\/image\/"},"sameAs":["https:\/\/www.facebook.com\/people\/Combi-Works\/100057440740208\/","https:\/\/www.linkedin.com\/company\/nordic-cast-sourcing-ltd"]}]}},"taxonomy_info":[],"featured_image_src_large":["https:\/\/www.combiworks.com\/wp-content\/uploads\/2023\/08\/combi-works-infra-for-designers_2-1024x684.jpg",1024,684,true],"author_info":{"display_name":"KimTakala","author_link":"https:\/\/www.combiworks.com\/et\/author\/kimtakala\/"},"comment_info":"","_links":{"self":[{"href":"https:\/\/www.combiworks.com\/et\/wp-json\/wp\/v2\/pages\/6015","targetHints":{"allow":["GET"]}}],"collection":[{"href":"https:\/\/www.combiworks.com\/et\/wp-json\/wp\/v2\/pages"}],"about":[{"href":"https:\/\/www.combiworks.com\/et\/wp-json\/wp\/v2\/types\/page"}],"author":[{"embeddable":true,"href":"https:\/\/www.combiworks.com\/et\/wp-json\/wp\/v2\/users\/1"}],"replies":[{"embeddable":true,"href":"https:\/\/www.combiworks.com\/et\/wp-json\/wp\/v2\/comments?post=6015"}],"version-history":[{"count":0,"href":"https:\/\/www.combiworks.com\/et\/wp-json\/wp\/v2\/pages\/6015\/revisions"}],"up":[{"embeddable":true,"href":"https:\/\/www.combiworks.com\/et\/wp-json\/wp\/v2\/pages\/5592"}],"wp:featuredmedia":[{"embeddable":true,"href":"https:\/\/www.combiworks.com\/et\/wp-json\/wp\/v2\/media\/5271"}],"wp:attachment":[{"href":"https:\/\/www.combiworks.com\/et\/wp-json\/wp\/v2\/media?parent=6015"}],"wp:term":[{"taxonomy":"category","embeddable":true,"href":"https:\/\/www.combiworks.com\/et\/wp-json\/wp\/v2\/categories?post=6015"}],"curies":[{"name":"wp","href":"https:\/\/api.w.org\/{rel}","templated":true}]}}