{"id":5933,"date":"2023-07-02T21:58:43","date_gmt":"2023-07-02T18:58:43","guid":{"rendered":"https:\/\/www.combiworks.com\/infra\/en1433-standard\/"},"modified":"2023-09-20T21:02:55","modified_gmt":"2023-09-20T18:02:55","slug":"en1433-standard","status":"publish","type":"page","link":"https:\/\/www.combiworks.com\/et\/infra\/en1433-standard\/","title":{"rendered":"EN1433 standard"},"content":{"rendered":"<div class=\"gb-container gb-container-d6474ef4\">\n<div class=\"gb-container gb-container-2fa58fe5\">\n<div class=\"gb-container gb-container-a2c369cb\">\n\n<h1 class=\"gb-headline gb-headline-d4eaef4e gb-headline-text\">EN 1433 standard<\/h1>\n\n\n\n<div class=\"gb-headline gb-headline-a978a0b7 gb-headline-text\">Selgitatud<\/div>\n\n<\/div>\n<\/div>\n<\/div><div class=\"gb-container gb-container-e67c6fcb\">\n<div class=\"gb-container gb-container-0fca720e\"><\/div>\n\n<div class=\"gb-container gb-container-9b4ebb97\"><\/div>\n\n<div class=\"gb-container gb-container-d250e16d\"><\/div>\n<\/div><div class=\"gb-container gb-container-aaf28159 alignfull\">\n<div class=\"gb-container gb-container-8004ae77\">\n\n<h2 class=\"gb-headline gb-headline-93081b9b gb-headline-text\">EN 1433 kirjeldus<\/h2>\n\n\n\n<p class=\"gb-headline gb-headline-a05c920e gb-headline-text\">EN 1433 on standard, mis m\u00e4\u00e4ratleb lineaarsete drenaa\u017eis\u00fcsteemide klassifikatsiooni ja toimivusn\u00f5uded, mida tavaliselt kasutatakse infrastruktuuriprojektides, n\u00e4iteks teede, parklate ja jalak\u00e4ijate alade puhul. See tagab, et need s\u00fcsteemid suudavad t\u00f5husalt juhtida pinnavee voolu ja v\u00e4ltida \u00fcleujutusi. <br><br>Koormus- v\u00f5i kaaluklassid on selle standardi kategooriad, mis n\u00e4itavad, millisele maksimaalsele koormusele konkreetne kuivenduss\u00fcsteem peab vastu. Need klassid ulatuvad A15, B125, C250, D400, E600 kuni F900, kusjuures A on madalaim ja F k\u00f5rgeim kandev\u00f5ime. Klassifitseerimisel v\u00f5etakse arvesse kuivenduss\u00fcsteemi l\u00e4bivate s\u00f5idukite v\u00f5i jalak\u00e4ijate eeldatavat kaalu.<br><br>N\u00e4iteks klass A15 sobib ainult jalak\u00e4ijate liiklusega aladele, nagu k\u00f5nniteed v\u00f5i v\u00e4ljakud. Teisest k\u00fcljest on klass F900 ette n\u00e4htud raskeveokite kasutamiseks, n\u00e4iteks lennujaamades v\u00f5i t\u00f6\u00f6stuspiirkondades, kus liiguvad sageli suured s\u00f5idukid ja raskeveokid.<br><br>J\u00e4rgides EN 1433-s m\u00e4\u00e4ratletud koormusklasse, saavad insenerid ja projekteerijad tagada, et valitud drenaa\u017eis\u00fcsteem on piisavalt tugev ja suudab vastu pidada oodatavatele koormustele, tagades ohutu ja t\u00f5husa drenaa\u017ei erinevates tingimustes.<\/p>\n\n<\/div>\n<\/div><div class=\"gb-container gb-container-680a2cd2\">\n<div class=\"gb-container gb-container-315808f5\">\n<div class=\"gb-container gb-container-a4d39796\">\n\n<h4 class=\"gb-headline gb-headline-99e5910d gb-headline-text\">EN 1433 klassifikatsioon<\/h4>\n\n<\/div>\n\n<div class=\"gb-grid-wrapper gb-grid-wrapper-3ddbcfb4\">\n<div class=\"gb-grid-column gb-grid-column-89a62f84\"><div class=\"gb-container gb-container-89a62f84\">\n<div class=\"gb-container gb-container-9431819c\">\n\n<figure class=\"gb-block-image gb-block-image-f4af9e58\"><img loading=\"lazy\" decoding=\"async\" width=\"500\" height=\"325\" class=\"gb-image gb-image-f4af9e58\" src=\"https:\/\/www.combiworks.com\/wp-content\/uploads\/2023\/09\/new_class_a15_icon.png\" alt=\"\" title=\"new_class_a15_icon\" srcset=\"https:\/\/www.combiworks.com\/wp-content\/uploads\/2023\/09\/new_class_a15_icon.png 500w, https:\/\/www.combiworks.com\/wp-content\/uploads\/2023\/09\/new_class_a15_icon-300x195.png 300w\" sizes=\"auto, (max-width: 500px) 100vw, 500px\" \/><\/figure>\n\n<\/div>\n\n<div class=\"gb-container gb-container-c5a57b85\">\n\n<h5 class=\"gb-headline gb-headline-2f008431 gb-headline-text\">Klass A15<\/h5>\n\n\n\n<p class=\"gb-headline gb-headline-44324966 gb-headline-text\">Mootors\u00f5idukitega ligip\u00e4\u00e4smatute piirkondade kohta<\/p>\n\n<\/div>\n<\/div><\/div>\n\n<div class=\"gb-grid-column gb-grid-column-d1da57a0\"><div class=\"gb-container gb-container-d1da57a0\">\n<div class=\"gb-container gb-container-01113a39\">\n\n<figure class=\"gb-block-image gb-block-image-bd7c0fa7\"><img loading=\"lazy\" decoding=\"async\" width=\"486\" height=\"196\" class=\"gb-image gb-image-bd7c0fa7\" src=\"https:\/\/www.combiworks.com\/wp-content\/uploads\/2023\/09\/B125.png\" alt=\"\" title=\"B125\" srcset=\"https:\/\/www.combiworks.com\/wp-content\/uploads\/2023\/09\/B125.png 486w, https:\/\/www.combiworks.com\/wp-content\/uploads\/2023\/09\/B125-300x121.png 300w\" sizes=\"auto, (max-width: 486px) 100vw, 486px\" \/><\/figure>\n\n<\/div>\n\n<div class=\"gb-container gb-container-3372303c\">\n\n<h5 class=\"gb-headline gb-headline-eba5f5fd gb-headline-text\">Klass&nbsp;B125<\/h5>\n\n\n\n<p class=\"gb-headline gb-headline-77afcf56 gb-headline-text\">K\u00f5nniteed, jalak\u00e4ijate alad jne.<\/p>\n\n<\/div>\n<\/div><\/div>\n\n<div class=\"gb-grid-column gb-grid-column-4119dd67\"><div class=\"gb-container gb-container-4119dd67\">\n<div class=\"gb-container gb-container-c560f4da\">\n\n<figure class=\"gb-block-image gb-block-image-473e8e41\"><img loading=\"lazy\" decoding=\"async\" width=\"500\" height=\"325\" class=\"gb-image gb-image-473e8e41\" src=\"https:\/\/www.combiworks.com\/wp-content\/uploads\/2023\/09\/new_class_c250_icon.png\" alt=\"\" title=\"new_class_c250_icon\" srcset=\"https:\/\/www.combiworks.com\/wp-content\/uploads\/2023\/09\/new_class_c250_icon.png 500w, https:\/\/www.combiworks.com\/wp-content\/uploads\/2023\/09\/new_class_c250_icon-300x195.png 300w\" sizes=\"auto, (max-width: 500px) 100vw, 500px\" \/><\/figure>\n\n<\/div>\n\n<div class=\"gb-container gb-container-da97013d\">\n\n<h5 class=\"gb-headline gb-headline-5d8d6349 gb-headline-text\">KlassC250&nbsp;<\/h5>\n\n\n\n<p class=\"gb-headline gb-headline-1ecdac03 gb-headline-text\">Rennid tee\u00e4\u00e4re kraavidesse<\/p>\n\n<\/div>\n<\/div><\/div>\n\n<div class=\"gb-grid-column gb-grid-column-e9edfe0d\"><div class=\"gb-container gb-container-e9edfe0d\">\n<div class=\"gb-container gb-container-5d4783fa\">\n\n<figure class=\"gb-block-image gb-block-image-d44f99ff\"><img loading=\"lazy\" decoding=\"async\" width=\"500\" height=\"221\" class=\"gb-image gb-image-d44f99ff\" src=\"https:\/\/www.combiworks.com\/wp-content\/uploads\/2023\/09\/d400.png\" alt=\"\" title=\"d400\" srcset=\"https:\/\/www.combiworks.com\/wp-content\/uploads\/2023\/09\/d400.png 500w, https:\/\/www.combiworks.com\/wp-content\/uploads\/2023\/09\/d400-300x133.png 300w\" sizes=\"auto, (max-width: 500px) 100vw, 500px\" \/><\/figure>\n\n<\/div>\n\n<div class=\"gb-container gb-container-5cc16ca8\">\n\n<h5 class=\"gb-headline gb-headline-22ed74e3 gb-headline-text\">Klass&nbsp;D400<\/h5>\n\n\n\n<p class=\"gb-headline gb-headline-9a07c123 gb-headline-text\">Maanteede s\u00f5iduteed (raskeveokite)<\/p>\n\n<\/div>\n<\/div><\/div>\n\n<div class=\"gb-grid-column gb-grid-column-a842c5d2\"><div class=\"gb-container gb-container-a842c5d2\">\n<div class=\"gb-container gb-container-c06be04e\">\n\n<figure class=\"gb-block-image gb-block-image-8b2f9bec\"><img loading=\"lazy\" decoding=\"async\" width=\"500\" height=\"325\" class=\"gb-image gb-image-8b2f9bec\" src=\"https:\/\/www.combiworks.com\/wp-content\/uploads\/2023\/09\/new_class_E600_icon.png\" alt=\"\" title=\"new_class_E600_icon\" srcset=\"https:\/\/www.combiworks.com\/wp-content\/uploads\/2023\/09\/new_class_E600_icon.png 500w, https:\/\/www.combiworks.com\/wp-content\/uploads\/2023\/09\/new_class_E600_icon-300x195.png 300w\" sizes=\"auto, (max-width: 500px) 100vw, 500px\" \/><\/figure>\n\n<\/div>\n\n<div class=\"gb-container gb-container-4803006d\">\n\n<h5 class=\"gb-headline gb-headline-4c85a655 gb-headline-text\">Klass&nbsp;E600<\/h5>\n\n\n\n<p class=\"gb-headline gb-headline-d9d97f81 gb-headline-text\">Suure rattakoormusega aladele<\/p>\n\n<\/div>\n<\/div><\/div>\n\n<div class=\"gb-grid-column gb-grid-column-c71193c7\"><div class=\"gb-container gb-container-c71193c7\">\n<div class=\"gb-container gb-container-d46530e0\">\n\n<figure class=\"gb-block-image gb-block-image-edc22cf8\"><img loading=\"lazy\" decoding=\"async\" width=\"500\" height=\"325\" class=\"gb-image gb-image-edc22cf8\" src=\"https:\/\/www.combiworks.com\/wp-content\/uploads\/2023\/09\/New_class_f900_icon.png\" alt=\"\" title=\"New_class_f900_icon\" srcset=\"https:\/\/www.combiworks.com\/wp-content\/uploads\/2023\/09\/New_class_f900_icon.png 500w, https:\/\/www.combiworks.com\/wp-content\/uploads\/2023\/09\/New_class_f900_icon-300x195.png 300w\" sizes=\"auto, (max-width: 500px) 100vw, 500px\" \/><\/figure>\n\n<\/div>\n\n<div class=\"gb-container gb-container-59bb9cb4\">\n\n<h5 class=\"gb-headline gb-headline-1b5cc967 gb-headline-text\">Klass&nbsp;F900<\/h5>\n\n\n\n<p class=\"gb-headline gb-headline-a3ad0896 gb-headline-text\">Alad, kus rataste koormus on eriti suur<\/p>\n\n<\/div>\n<\/div><\/div>\n<\/div>\n\n\n<p class=\"gb-headline gb-headline-5bd4f1fc gb-headline-text\"><\/p>\n\n<\/div>\n<\/div>","protected":false},"excerpt":{"rendered":"<p>EN 1433 standard Selgitatud EN 1433 kirjeldus EN 1433 on standard, mis m\u00e4\u00e4ratleb lineaarsete drenaa\u017eis\u00fcsteemide klassifikatsiooni ja toimivusn\u00f5uded, mida tavaliselt kasutatakse infrastruktuuriprojektides, n\u00e4iteks teede, parklate ja jalak\u00e4ijate alade puhul. See tagab, et need s\u00fcsteemid suudavad t\u00f5husalt juhtida pinnavee voolu ja v\u00e4ltida \u00fcleujutusi. Koormus- v\u00f5i kaaluklassid on selle standardi kategooriad, mis n\u00e4itavad, millisele maksimaalsele koormusele konkreetne &#8230; <a title=\"EN1433 standard\" class=\"read-more\" href=\"https:\/\/www.combiworks.com\/et\/infra\/en1433-standard\/\" aria-label=\"Read more about EN1433 standard\">Read more<\/a><\/p>\n","protected":false},"author":1,"featured_media":0,"parent":5592,"menu_order":51,"comment_status":"closed","ping_status":"closed","template":"","meta":{"_acf_changed":false,"inline_featured_image":false,"_kad_blocks_custom_css":"","_kad_blocks_head_custom_js":"","_kad_blocks_body_custom_js":"","_kad_blocks_footer_custom_js":"","footnotes":""},"categories":[],"class_list":["post-5933","page","type-page","status-publish","format-standard"],"acf":[],"yoast_head":"<!-- This site is optimized with the Yoast SEO plugin v25.5 - https:\/\/yoast.com\/wordpress\/plugins\/seo\/ -->\n<title>EN1433 standard - Combi Works<\/title>\n<meta name=\"robots\" content=\"index, follow, max-snippet:-1, max-image-preview:large, max-video-preview:-1\" \/>\n<link rel=\"canonical\" href=\"https:\/\/www.combiworks.com\/et\/infra\/en1433-standard\/\" \/>\n<meta property=\"og:locale\" content=\"et_EE\" \/>\n<meta property=\"og:type\" content=\"article\" \/>\n<meta property=\"og:title\" content=\"EN1433 standard - Combi Works\" \/>\n<meta property=\"og:description\" content=\"EN 1433 standard Selgitatud EN 1433 kirjeldus EN 1433 on standard, mis m\u00e4\u00e4ratleb lineaarsete drenaa\u017eis\u00fcsteemide klassifikatsiooni ja toimivusn\u00f5uded, mida tavaliselt kasutatakse infrastruktuuriprojektides, n\u00e4iteks teede, parklate ja jalak\u00e4ijate alade puhul. See tagab, et need s\u00fcsteemid suudavad t\u00f5husalt juhtida pinnavee voolu ja v\u00e4ltida \u00fcleujutusi. Koormus- v\u00f5i kaaluklassid on selle standardi kategooriad, mis n\u00e4itavad, millisele maksimaalsele koormusele konkreetne ... Read more\" \/>\n<meta property=\"og:url\" content=\"https:\/\/www.combiworks.com\/et\/infra\/en1433-standard\/\" \/>\n<meta property=\"og:site_name\" content=\"Combi Works\" \/>\n<meta property=\"article:publisher\" content=\"https:\/\/www.facebook.com\/people\/Combi-Works\/100057440740208\/\" \/>\n<meta property=\"article:modified_time\" content=\"2023-09-20T18:02:55+00:00\" \/>\n<meta property=\"og:image\" content=\"https:\/\/www.combiworks.com\/wp-content\/uploads\/2023\/09\/new_class_a15_icon.png\" \/>\n<meta name=\"twitter:card\" content=\"summary_large_image\" \/>\n<meta name=\"twitter:label1\" content=\"Est. reading time\" \/>\n\t<meta name=\"twitter:data1\" content=\"1 minut\" \/>\n<script type=\"application\/ld+json\" class=\"yoast-schema-graph\">{\"@context\":\"https:\/\/schema.org\",\"@graph\":[{\"@type\":\"WebPage\",\"@id\":\"https:\/\/www.combiworks.com\/et\/infra\/en1433-standard\/\",\"url\":\"https:\/\/www.combiworks.com\/et\/infra\/en1433-standard\/\",\"name\":\"EN1433 standard - Combi Works\",\"isPartOf\":{\"@id\":\"https:\/\/www.combiworks.com\/et\/#website\"},\"primaryImageOfPage\":{\"@id\":\"https:\/\/www.combiworks.com\/et\/infra\/en1433-standard\/#primaryimage\"},\"image\":{\"@id\":\"https:\/\/www.combiworks.com\/et\/infra\/en1433-standard\/#primaryimage\"},\"thumbnailUrl\":\"https:\/\/www.combiworks.com\/wp-content\/uploads\/2023\/09\/new_class_a15_icon.png\",\"datePublished\":\"2023-07-02T18:58:43+00:00\",\"dateModified\":\"2023-09-20T18:02:55+00:00\",\"breadcrumb\":{\"@id\":\"https:\/\/www.combiworks.com\/et\/infra\/en1433-standard\/#breadcrumb\"},\"inLanguage\":\"et\",\"potentialAction\":[{\"@type\":\"ReadAction\",\"target\":[\"https:\/\/www.combiworks.com\/et\/infra\/en1433-standard\/\"]}]},{\"@type\":\"ImageObject\",\"inLanguage\":\"et\",\"@id\":\"https:\/\/www.combiworks.com\/et\/infra\/en1433-standard\/#primaryimage\",\"url\":\"https:\/\/www.combiworks.com\/wp-content\/uploads\/2023\/09\/new_class_a15_icon.png\",\"contentUrl\":\"https:\/\/www.combiworks.com\/wp-content\/uploads\/2023\/09\/new_class_a15_icon.png\"},{\"@type\":\"BreadcrumbList\",\"@id\":\"https:\/\/www.combiworks.com\/et\/infra\/en1433-standard\/#breadcrumb\",\"itemListElement\":[{\"@type\":\"ListItem\",\"position\":1,\"name\":\"Home\",\"item\":\"https:\/\/www.combiworks.com\/et\/\"},{\"@type\":\"ListItem\",\"position\":2,\"name\":\"Infra\",\"item\":\"https:\/\/www.combiworks.com\/et\/infra\/\"},{\"@type\":\"ListItem\",\"position\":3,\"name\":\"EN1433 standard\"}]},{\"@type\":\"WebSite\",\"@id\":\"https:\/\/www.combiworks.com\/et\/#website\",\"url\":\"https:\/\/www.combiworks.com\/et\/\",\"name\":\"Combi Works\",\"description\":\"The industrial manufacturing company - working in machine building and infra sectors\",\"publisher\":{\"@id\":\"https:\/\/www.combiworks.com\/et\/#organization\"},\"potentialAction\":[{\"@type\":\"SearchAction\",\"target\":{\"@type\":\"EntryPoint\",\"urlTemplate\":\"https:\/\/www.combiworks.com\/et\/?s={search_term_string}\"},\"query-input\":{\"@type\":\"PropertyValueSpecification\",\"valueRequired\":true,\"valueName\":\"search_term_string\"}}],\"inLanguage\":\"et\"},{\"@type\":\"Organization\",\"@id\":\"https:\/\/www.combiworks.com\/et\/#organization\",\"name\":\"Combi Works\",\"url\":\"https:\/\/www.combiworks.com\/et\/\",\"logo\":{\"@type\":\"ImageObject\",\"inLanguage\":\"et\",\"@id\":\"https:\/\/www.combiworks.com\/et\/#\/schema\/logo\/image\/\",\"url\":\"https:\/\/www.combiworks.com\/wp-content\/uploads\/2023\/09\/combi_works_logo_color-1.png\",\"contentUrl\":\"https:\/\/www.combiworks.com\/wp-content\/uploads\/2023\/09\/combi_works_logo_color-1.png\",\"width\":500,\"height\":500,\"caption\":\"Combi Works\"},\"image\":{\"@id\":\"https:\/\/www.combiworks.com\/et\/#\/schema\/logo\/image\/\"},\"sameAs\":[\"https:\/\/www.facebook.com\/people\/Combi-Works\/100057440740208\/\",\"https:\/\/www.linkedin.com\/company\/nordic-cast-sourcing-ltd\"]}]}<\/script>\n<!-- \/ Yoast SEO plugin. -->","yoast_head_json":{"title":"EN1433 standard - Combi Works","robots":{"index":"index","follow":"follow","max-snippet":"max-snippet:-1","max-image-preview":"max-image-preview:large","max-video-preview":"max-video-preview:-1"},"canonical":"https:\/\/www.combiworks.com\/et\/infra\/en1433-standard\/","og_locale":"et_EE","og_type":"article","og_title":"EN1433 standard - Combi Works","og_description":"EN 1433 standard Selgitatud EN 1433 kirjeldus EN 1433 on standard, mis m\u00e4\u00e4ratleb lineaarsete drenaa\u017eis\u00fcsteemide klassifikatsiooni ja toimivusn\u00f5uded, mida tavaliselt kasutatakse infrastruktuuriprojektides, n\u00e4iteks teede, parklate ja jalak\u00e4ijate alade puhul. See tagab, et need s\u00fcsteemid suudavad t\u00f5husalt juhtida pinnavee voolu ja v\u00e4ltida \u00fcleujutusi. Koormus- v\u00f5i kaaluklassid on selle standardi kategooriad, mis n\u00e4itavad, millisele maksimaalsele koormusele konkreetne ... Read more","og_url":"https:\/\/www.combiworks.com\/et\/infra\/en1433-standard\/","og_site_name":"Combi Works","article_publisher":"https:\/\/www.facebook.com\/people\/Combi-Works\/100057440740208\/","article_modified_time":"2023-09-20T18:02:55+00:00","og_image":[{"url":"https:\/\/www.combiworks.com\/wp-content\/uploads\/2023\/09\/new_class_a15_icon.png","type":"","width":"","height":""}],"twitter_card":"summary_large_image","twitter_misc":{"Est. reading time":"1 minut"},"schema":{"@context":"https:\/\/schema.org","@graph":[{"@type":"WebPage","@id":"https:\/\/www.combiworks.com\/et\/infra\/en1433-standard\/","url":"https:\/\/www.combiworks.com\/et\/infra\/en1433-standard\/","name":"EN1433 standard - Combi Works","isPartOf":{"@id":"https:\/\/www.combiworks.com\/et\/#website"},"primaryImageOfPage":{"@id":"https:\/\/www.combiworks.com\/et\/infra\/en1433-standard\/#primaryimage"},"image":{"@id":"https:\/\/www.combiworks.com\/et\/infra\/en1433-standard\/#primaryimage"},"thumbnailUrl":"https:\/\/www.combiworks.com\/wp-content\/uploads\/2023\/09\/new_class_a15_icon.png","datePublished":"2023-07-02T18:58:43+00:00","dateModified":"2023-09-20T18:02:55+00:00","breadcrumb":{"@id":"https:\/\/www.combiworks.com\/et\/infra\/en1433-standard\/#breadcrumb"},"inLanguage":"et","potentialAction":[{"@type":"ReadAction","target":["https:\/\/www.combiworks.com\/et\/infra\/en1433-standard\/"]}]},{"@type":"ImageObject","inLanguage":"et","@id":"https:\/\/www.combiworks.com\/et\/infra\/en1433-standard\/#primaryimage","url":"https:\/\/www.combiworks.com\/wp-content\/uploads\/2023\/09\/new_class_a15_icon.png","contentUrl":"https:\/\/www.combiworks.com\/wp-content\/uploads\/2023\/09\/new_class_a15_icon.png"},{"@type":"BreadcrumbList","@id":"https:\/\/www.combiworks.com\/et\/infra\/en1433-standard\/#breadcrumb","itemListElement":[{"@type":"ListItem","position":1,"name":"Home","item":"https:\/\/www.combiworks.com\/et\/"},{"@type":"ListItem","position":2,"name":"Infra","item":"https:\/\/www.combiworks.com\/et\/infra\/"},{"@type":"ListItem","position":3,"name":"EN1433 standard"}]},{"@type":"WebSite","@id":"https:\/\/www.combiworks.com\/et\/#website","url":"https:\/\/www.combiworks.com\/et\/","name":"Combi Works","description":"The industrial manufacturing company - working in machine building and infra sectors","publisher":{"@id":"https:\/\/www.combiworks.com\/et\/#organization"},"potentialAction":[{"@type":"SearchAction","target":{"@type":"EntryPoint","urlTemplate":"https:\/\/www.combiworks.com\/et\/?s={search_term_string}"},"query-input":{"@type":"PropertyValueSpecification","valueRequired":true,"valueName":"search_term_string"}}],"inLanguage":"et"},{"@type":"Organization","@id":"https:\/\/www.combiworks.com\/et\/#organization","name":"Combi Works","url":"https:\/\/www.combiworks.com\/et\/","logo":{"@type":"ImageObject","inLanguage":"et","@id":"https:\/\/www.combiworks.com\/et\/#\/schema\/logo\/image\/","url":"https:\/\/www.combiworks.com\/wp-content\/uploads\/2023\/09\/combi_works_logo_color-1.png","contentUrl":"https:\/\/www.combiworks.com\/wp-content\/uploads\/2023\/09\/combi_works_logo_color-1.png","width":500,"height":500,"caption":"Combi Works"},"image":{"@id":"https:\/\/www.combiworks.com\/et\/#\/schema\/logo\/image\/"},"sameAs":["https:\/\/www.facebook.com\/people\/Combi-Works\/100057440740208\/","https:\/\/www.linkedin.com\/company\/nordic-cast-sourcing-ltd"]}]}},"taxonomy_info":[],"featured_image_src_large":false,"author_info":{"display_name":"KimTakala","author_link":"https:\/\/www.combiworks.com\/et\/author\/kimtakala\/"},"comment_info":"","_links":{"self":[{"href":"https:\/\/www.combiworks.com\/et\/wp-json\/wp\/v2\/pages\/5933","targetHints":{"allow":["GET"]}}],"collection":[{"href":"https:\/\/www.combiworks.com\/et\/wp-json\/wp\/v2\/pages"}],"about":[{"href":"https:\/\/www.combiworks.com\/et\/wp-json\/wp\/v2\/types\/page"}],"author":[{"embeddable":true,"href":"https:\/\/www.combiworks.com\/et\/wp-json\/wp\/v2\/users\/1"}],"replies":[{"embeddable":true,"href":"https:\/\/www.combiworks.com\/et\/wp-json\/wp\/v2\/comments?post=5933"}],"version-history":[{"count":0,"href":"https:\/\/www.combiworks.com\/et\/wp-json\/wp\/v2\/pages\/5933\/revisions"}],"up":[{"embeddable":true,"href":"https:\/\/www.combiworks.com\/et\/wp-json\/wp\/v2\/pages\/5592"}],"wp:attachment":[{"href":"https:\/\/www.combiworks.com\/et\/wp-json\/wp\/v2\/media?parent=5933"}],"wp:term":[{"taxonomy":"category","embeddable":true,"href":"https:\/\/www.combiworks.com\/et\/wp-json\/wp\/v2\/categories?post=5933"}],"curies":[{"name":"wp","href":"https:\/\/api.w.org\/{rel}","templated":true}]}}