{"id":5931,"date":"2023-07-02T21:57:12","date_gmt":"2023-07-02T18:57:12","guid":{"rendered":"https:\/\/www.combiworks.com\/infra\/en124-standard\/"},"modified":"2026-03-11T15:31:52","modified_gmt":"2026-03-11T13:31:52","slug":"en124-standard","status":"publish","type":"page","link":"https:\/\/www.combiworks.com\/et\/infra\/en124-standard\/","title":{"rendered":"EN124 standard"},"content":{"rendered":"<div class=\"gb-container gb-container-d6474ef4\">\n<div class=\"gb-container gb-container-2fa58fe5\">\n<div class=\"gb-container gb-container-a2c369cb\">\n\n<h1 class=\"gb-headline gb-headline-d4eaef4e gb-headline-text\">EN124 standard<\/h1>\n\n\n\n<div class=\"gb-headline gb-headline-a978a0b7 gb-headline-text\">\u00dcLEVAADE<\/div>\n\n<\/div>\n<\/div>\n<\/div>\n\n<div class=\"gb-container gb-container-e67c6fcb\">\n<div class=\"gb-container gb-container-0fca720e\"><\/div>\n\n<div class=\"gb-container gb-container-9b4ebb97\"><\/div>\n\n<div class=\"gb-container gb-container-d250e16d\"><\/div>\n<\/div>\n\n<div class=\"gb-container gb-container-aaf28159 alignfull\">\n<div class=\"gb-container gb-container-8004ae77\">\n\n<h2 class=\"gb-headline gb-headline-93081b9b gb-headline-text\">Euroopa norm<\/h2>\n\n\n\n<p class=\"gb-headline gb-headline-a05c920e gb-headline-text\">EN124 on Euroopa standard, mis m\u00e4\u00e4rab tehnilised n\u00f5uded ja koormusklassid kanalisatsiooni- ja sadevees\u00fcsteemide malm- ja komposiitp\u00e4istele ning restidele. Standard tagab, et kaevup\u00e4ised on ohutud, vastupidavad ning sobivad kasutamiseks erinevates liikluse koormusklassides.<\/p>\n\n<\/div>\n\n<div class=\"gb-container gb-container-680a2cd2\">\n<div class=\"gb-container gb-container-315808f5\">\n<div class=\"gb-container gb-container-a4d39796\">\n\n<h4 class=\"gb-headline gb-headline-99e5910d gb-headline-text\">EN124, EVS ja CEN<\/h4>\n\n<\/div>\n\n\n<p class=\"gb-headline gb-headline-4eda89bb gb-headline-text\"><strong>EN 124\u20111:2015<\/strong><br>Sisaldab standardisarja \u00fcldosa: m\u00f5isted, klassifikatsioon, projekteerimise p\u00f5him\u00f5tted, toimivusn\u00f5uded ja katsemeetodid. Kehtib k\u00f5igile materjalidele, andes raamistikku, mille j\u00e4rgi teised osad (2\u20136) toimivad<\/p>\n\n\n\n<p><strong>EN 124\u20112:2015<\/strong><br>K\u00e4sitleb malmist hooldus- ja restkaevude p\u00e4isete n\u00f5udeid. <\/p>\n\n\n\n<p><strong>EVS<\/strong><br>EVS on l\u00fchend Eesti Vabariigi Standard ja t\u00e4hendab Eesti standardit. Kui EVS on koos EN l\u00fchendiga, siis see t\u00e4hendab, et Euroopa standard on v\u00f5etud \u00fcle, t\u00f5lgitud ja kehtib ametlikult Eestis. Seega EVS-EN 124-1:2015 ja EVS-EN 124-2:2015 on samav\u00e4\u00e4rsed EN 124-1:2015 ja EN 124-2:2015ga.<\/p>\n\n\n\n<p><\/p>\n\n\n<div class=\"gb-grid-wrapper gb-grid-wrapper-3ddbcfb4\">\n<div class=\"gb-grid-column gb-grid-column-89a62f84\"><div class=\"gb-container gb-container-89a62f84\">\n<div class=\"gb-container gb-container-9431819c\">\n\n<figure class=\"gb-block-image gb-block-image-f4af9e58\"><img loading=\"lazy\" decoding=\"async\" width=\"500\" height=\"325\" class=\"gb-image gb-image-f4af9e58\" src=\"https:\/\/www.combiworks.com\/wp-content\/uploads\/2023\/09\/new_class_a15_icon.png\" alt=\"\" title=\"new_class_a15_icon\" srcset=\"https:\/\/www.combiworks.com\/wp-content\/uploads\/2023\/09\/new_class_a15_icon.png 500w, https:\/\/www.combiworks.com\/wp-content\/uploads\/2023\/09\/new_class_a15_icon-300x195.png 300w\" sizes=\"auto, (max-width: 500px) 100vw, 500px\" \/><\/figure>\n\n<\/div>\n\n<div class=\"gb-container gb-container-c5a57b85\">\n\n<h5 class=\"gb-headline gb-headline-2f008431 gb-headline-text\">Klass A15<\/h5>\n\n\n\n<p class=\"gb-headline gb-headline-44324966 gb-headline-text\">Mootors\u00f5idukitega ligip\u00e4\u00e4smatutele aladele<\/p>\n\n<\/div>\n<\/div><\/div>\n\n<div class=\"gb-grid-column gb-grid-column-d1da57a0\"><div class=\"gb-container gb-container-d1da57a0\">\n<div class=\"gb-container gb-container-01113a39\">\n\n<figure class=\"gb-block-image gb-block-image-bd7c0fa7\"><img loading=\"lazy\" decoding=\"async\" width=\"486\" height=\"196\" class=\"gb-image gb-image-bd7c0fa7\" src=\"https:\/\/www.combiworks.com\/wp-content\/uploads\/2023\/09\/B125.png\" alt=\"\" title=\"B125\" srcset=\"https:\/\/www.combiworks.com\/wp-content\/uploads\/2023\/09\/B125.png 486w, https:\/\/www.combiworks.com\/wp-content\/uploads\/2023\/09\/B125-300x121.png 300w\" sizes=\"auto, (max-width: 486px) 100vw, 486px\" \/><\/figure>\n\n<\/div>\n\n<div class=\"gb-container gb-container-3372303c\">\n\n<h5 class=\"gb-headline gb-headline-eba5f5fd gb-headline-text\">Klass&nbsp;B125<\/h5>\n\n\n\n<p class=\"gb-headline gb-headline-77afcf56 gb-headline-text\">K\u00f5nniteedele ja muudele jalak\u00e4ijate aladele<\/p>\n\n<\/div>\n<\/div><\/div>\n\n<div class=\"gb-grid-column gb-grid-column-4119dd67\"><div class=\"gb-container gb-container-4119dd67\">\n<div class=\"gb-container gb-container-c560f4da\">\n\n<figure class=\"gb-block-image gb-block-image-473e8e41\"><img loading=\"lazy\" decoding=\"async\" width=\"500\" height=\"325\" class=\"gb-image gb-image-473e8e41\" src=\"https:\/\/www.combiworks.com\/wp-content\/uploads\/2023\/09\/new_class_c250_icon.png\" alt=\"\" title=\"new_class_c250_icon\" srcset=\"https:\/\/www.combiworks.com\/wp-content\/uploads\/2023\/09\/new_class_c250_icon.png 500w, https:\/\/www.combiworks.com\/wp-content\/uploads\/2023\/09\/new_class_c250_icon-300x195.png 300w\" sizes=\"auto, (max-width: 500px) 100vw, 500px\" \/><\/figure>\n\n<\/div>\n\n<div class=\"gb-container gb-container-da97013d\">\n\n<h5 class=\"gb-headline gb-headline-5d8d6349 gb-headline-text\">Klass C250\u00a0<\/h5>\n\n\n\n<p class=\"gb-headline gb-headline-1ecdac03 gb-headline-text\">K\u00f5nniteedele ja s\u00f5idutee serva j\u00e4\u00e4vatele aladele<\/p>\n\n<\/div>\n<\/div><\/div>\n\n<div class=\"gb-grid-column gb-grid-column-e9edfe0d\"><div class=\"gb-container gb-container-e9edfe0d\">\n<div class=\"gb-container gb-container-5d4783fa\">\n\n<figure class=\"gb-block-image gb-block-image-d44f99ff\"><img loading=\"lazy\" decoding=\"async\" width=\"500\" height=\"221\" class=\"gb-image gb-image-d44f99ff\" src=\"https:\/\/www.combiworks.com\/wp-content\/uploads\/2023\/09\/d400.png\" alt=\"\" title=\"d400\" srcset=\"https:\/\/www.combiworks.com\/wp-content\/uploads\/2023\/09\/d400.png 500w, https:\/\/www.combiworks.com\/wp-content\/uploads\/2023\/09\/d400-300x133.png 300w\" sizes=\"auto, (max-width: 500px) 100vw, 500px\" \/><\/figure>\n\n<\/div>\n\n<div class=\"gb-container gb-container-5cc16ca8\">\n\n<h5 class=\"gb-headline gb-headline-22ed74e3 gb-headline-text\">Klass&nbsp;D400<\/h5>\n\n\n\n<p class=\"gb-headline gb-headline-9a07c123 gb-headline-text\">Maanteede ja t\u00e4navate s\u00f5idualadele, parkimisaladele<\/p>\n\n<\/div>\n<\/div><\/div>\n\n<div class=\"gb-grid-column gb-grid-column-a842c5d2\"><div class=\"gb-container gb-container-a842c5d2\">\n<div class=\"gb-container gb-container-c06be04e\">\n\n<figure class=\"gb-block-image gb-block-image-8b2f9bec\"><img loading=\"lazy\" decoding=\"async\" width=\"500\" height=\"325\" class=\"gb-image gb-image-8b2f9bec\" src=\"https:\/\/www.combiworks.com\/wp-content\/uploads\/2023\/09\/new_class_E600_icon.png\" alt=\"\" title=\"new_class_E600_icon\" srcset=\"https:\/\/www.combiworks.com\/wp-content\/uploads\/2023\/09\/new_class_E600_icon.png 500w, https:\/\/www.combiworks.com\/wp-content\/uploads\/2023\/09\/new_class_E600_icon-300x195.png 300w\" sizes=\"auto, (max-width: 500px) 100vw, 500px\" \/><\/figure>\n\n<\/div>\n\n<div class=\"gb-container gb-container-4803006d\">\n\n<h5 class=\"gb-headline gb-headline-4c85a655 gb-headline-text\">Klass&nbsp;E600<\/h5>\n\n\n\n<p class=\"gb-headline gb-headline-d9d97f81 gb-headline-text\">K\u00f5rge rattakoormusega aladele<\/p>\n\n<\/div>\n<\/div><\/div>\n\n<div class=\"gb-grid-column gb-grid-column-c71193c7\"><div class=\"gb-container gb-container-c71193c7\">\n<div class=\"gb-container gb-container-d46530e0\">\n\n<figure class=\"gb-block-image gb-block-image-edc22cf8\"><img loading=\"lazy\" decoding=\"async\" width=\"500\" height=\"325\" class=\"gb-image gb-image-edc22cf8\" src=\"https:\/\/www.combiworks.com\/wp-content\/uploads\/2023\/09\/New_class_f900_icon.png\" alt=\"\" title=\"New_class_f900_icon\" srcset=\"https:\/\/www.combiworks.com\/wp-content\/uploads\/2023\/09\/New_class_f900_icon.png 500w, https:\/\/www.combiworks.com\/wp-content\/uploads\/2023\/09\/New_class_f900_icon-300x195.png 300w\" sizes=\"auto, (max-width: 500px) 100vw, 500px\" \/><\/figure>\n\n<\/div>\n\n<div class=\"gb-container gb-container-59bb9cb4\">\n\n<h5 class=\"gb-headline gb-headline-1b5cc967 gb-headline-text\">Klass&nbsp;F900<\/h5>\n\n\n\n<p class=\"gb-headline gb-headline-a3ad0896 gb-headline-text\">Eriti k\u00f5rge rattakoormusega aladele<\/p>\n\n<\/div>\n<\/div><\/div>\n<\/div>\n\n\n<p class=\"gb-headline gb-headline-5bd4f1fc gb-headline-text\">Euroopa Standardikomitee (CEN) on avalik-\u00f5iguslik standardiorganisatsioon, mille \u00fclesanne on edendada Euroopa \u00fchtse turu majandust ja Euroopa kontinendi majandust globaalses kaubanduses, Euroopa kodanike heaolu ja keskkonda, pakkudes huvitatud osapooltele t\u00f5husat infrastruktuuri \u00fchtsete standardite ja spetsifikaatide v\u00e4ljat\u00f6\u00f6tamiseks, hooldamiseks ja levitamiseks.<br><br><strong>Combi Works on CENi t\u00f6\u00f6r\u00fchma WG4 liige.<\/strong><\/p>\n\n<\/div>\n<\/div>\n<\/div>","protected":false},"excerpt":{"rendered":"<p>EN124 standard \u00dcLEVAADE Euroopa norm EN124 on Euroopa standard, mis m\u00e4\u00e4rab tehnilised n\u00f5uded ja koormusklassid kanalisatsiooni- ja sadevees\u00fcsteemide malm- ja komposiitp\u00e4istele ning restidele. Standard tagab, et kaevup\u00e4ised on ohutud, vastupidavad ning sobivad kasutamiseks erinevates liikluse koormusklassides. EN124, EVS ja CEN EN 124\u20111:2015Sisaldab standardisarja \u00fcldosa: m\u00f5isted, klassifikatsioon, projekteerimise p\u00f5him\u00f5tted, toimivusn\u00f5uded ja katsemeetodid. Kehtib k\u00f5igile materjalidele, andes &#8230; <a title=\"EN124 standard\" class=\"read-more\" href=\"https:\/\/www.combiworks.com\/et\/infra\/en124-standard\/\" aria-label=\"Read more about EN124 standard\">Read more<\/a><\/p>\n","protected":false},"author":1,"featured_media":0,"parent":5592,"menu_order":62,"comment_status":"closed","ping_status":"closed","template":"","meta":{"_acf_changed":false,"inline_featured_image":false,"_kad_blocks_custom_css":"","_kad_blocks_head_custom_js":"","_kad_blocks_body_custom_js":"","_kad_blocks_footer_custom_js":"","footnotes":""},"categories":[],"class_list":["post-5931","page","type-page","status-publish","format-standard"],"acf":[],"yoast_head":"<!-- This site is optimized with the Yoast SEO plugin v25.5 - https:\/\/yoast.com\/wordpress\/plugins\/seo\/ -->\n<title>EN124 standard - Combi Works<\/title>\n<meta name=\"robots\" content=\"index, follow, max-snippet:-1, max-image-preview:large, max-video-preview:-1\" \/>\n<link rel=\"canonical\" href=\"https:\/\/www.combiworks.com\/et\/infra\/en124-standard\/\" \/>\n<meta property=\"og:locale\" content=\"et_EE\" \/>\n<meta property=\"og:type\" content=\"article\" \/>\n<meta property=\"og:title\" content=\"EN124 standard - Combi Works\" \/>\n<meta property=\"og:description\" content=\"EN124 standard \u00dcLEVAADE Euroopa norm EN124 on Euroopa standard, mis m\u00e4\u00e4rab tehnilised n\u00f5uded ja koormusklassid kanalisatsiooni- ja sadevees\u00fcsteemide malm- ja komposiitp\u00e4istele ning restidele. Standard tagab, et kaevup\u00e4ised on ohutud, vastupidavad ning sobivad kasutamiseks erinevates liikluse koormusklassides. EN124, EVS ja CEN EN 124\u20111:2015Sisaldab standardisarja \u00fcldosa: m\u00f5isted, klassifikatsioon, projekteerimise p\u00f5him\u00f5tted, toimivusn\u00f5uded ja katsemeetodid. Kehtib k\u00f5igile materjalidele, andes ... Read more\" \/>\n<meta property=\"og:url\" content=\"https:\/\/www.combiworks.com\/et\/infra\/en124-standard\/\" \/>\n<meta property=\"og:site_name\" content=\"Combi Works\" \/>\n<meta property=\"article:publisher\" content=\"https:\/\/www.facebook.com\/people\/Combi-Works\/100057440740208\/\" \/>\n<meta property=\"article:modified_time\" content=\"2026-03-11T13:31:52+00:00\" \/>\n<meta property=\"og:image\" content=\"https:\/\/www.combiworks.com\/wp-content\/uploads\/2023\/09\/new_class_a15_icon.png\" \/>\n<meta name=\"twitter:card\" content=\"summary_large_image\" \/>\n<meta name=\"twitter:label1\" content=\"Est. reading time\" \/>\n\t<meta name=\"twitter:data1\" content=\"1 minut\" \/>\n<script type=\"application\/ld+json\" class=\"yoast-schema-graph\">{\"@context\":\"https:\/\/schema.org\",\"@graph\":[{\"@type\":\"WebPage\",\"@id\":\"https:\/\/www.combiworks.com\/et\/infra\/en124-standard\/\",\"url\":\"https:\/\/www.combiworks.com\/et\/infra\/en124-standard\/\",\"name\":\"EN124 standard - Combi Works\",\"isPartOf\":{\"@id\":\"https:\/\/www.combiworks.com\/et\/#website\"},\"primaryImageOfPage\":{\"@id\":\"https:\/\/www.combiworks.com\/et\/infra\/en124-standard\/#primaryimage\"},\"image\":{\"@id\":\"https:\/\/www.combiworks.com\/et\/infra\/en124-standard\/#primaryimage\"},\"thumbnailUrl\":\"https:\/\/www.combiworks.com\/wp-content\/uploads\/2023\/09\/new_class_a15_icon.png\",\"datePublished\":\"2023-07-02T18:57:12+00:00\",\"dateModified\":\"2026-03-11T13:31:52+00:00\",\"breadcrumb\":{\"@id\":\"https:\/\/www.combiworks.com\/et\/infra\/en124-standard\/#breadcrumb\"},\"inLanguage\":\"et\",\"potentialAction\":[{\"@type\":\"ReadAction\",\"target\":[\"https:\/\/www.combiworks.com\/et\/infra\/en124-standard\/\"]}]},{\"@type\":\"ImageObject\",\"inLanguage\":\"et\",\"@id\":\"https:\/\/www.combiworks.com\/et\/infra\/en124-standard\/#primaryimage\",\"url\":\"https:\/\/www.combiworks.com\/wp-content\/uploads\/2023\/09\/new_class_a15_icon.png\",\"contentUrl\":\"https:\/\/www.combiworks.com\/wp-content\/uploads\/2023\/09\/new_class_a15_icon.png\"},{\"@type\":\"BreadcrumbList\",\"@id\":\"https:\/\/www.combiworks.com\/et\/infra\/en124-standard\/#breadcrumb\",\"itemListElement\":[{\"@type\":\"ListItem\",\"position\":1,\"name\":\"Home\",\"item\":\"https:\/\/www.combiworks.com\/et\/\"},{\"@type\":\"ListItem\",\"position\":2,\"name\":\"Infra\",\"item\":\"https:\/\/www.combiworks.com\/et\/infra\/\"},{\"@type\":\"ListItem\",\"position\":3,\"name\":\"EN124 standard\"}]},{\"@type\":\"WebSite\",\"@id\":\"https:\/\/www.combiworks.com\/et\/#website\",\"url\":\"https:\/\/www.combiworks.com\/et\/\",\"name\":\"Combi Works\",\"description\":\"The industrial manufacturing company - working in machine building and infra sectors\",\"publisher\":{\"@id\":\"https:\/\/www.combiworks.com\/et\/#organization\"},\"potentialAction\":[{\"@type\":\"SearchAction\",\"target\":{\"@type\":\"EntryPoint\",\"urlTemplate\":\"https:\/\/www.combiworks.com\/et\/?s={search_term_string}\"},\"query-input\":{\"@type\":\"PropertyValueSpecification\",\"valueRequired\":true,\"valueName\":\"search_term_string\"}}],\"inLanguage\":\"et\"},{\"@type\":\"Organization\",\"@id\":\"https:\/\/www.combiworks.com\/et\/#organization\",\"name\":\"Combi Works\",\"url\":\"https:\/\/www.combiworks.com\/et\/\",\"logo\":{\"@type\":\"ImageObject\",\"inLanguage\":\"et\",\"@id\":\"https:\/\/www.combiworks.com\/et\/#\/schema\/logo\/image\/\",\"url\":\"https:\/\/www.combiworks.com\/wp-content\/uploads\/2023\/09\/combi_works_logo_color-1.png\",\"contentUrl\":\"https:\/\/www.combiworks.com\/wp-content\/uploads\/2023\/09\/combi_works_logo_color-1.png\",\"width\":500,\"height\":500,\"caption\":\"Combi Works\"},\"image\":{\"@id\":\"https:\/\/www.combiworks.com\/et\/#\/schema\/logo\/image\/\"},\"sameAs\":[\"https:\/\/www.facebook.com\/people\/Combi-Works\/100057440740208\/\",\"https:\/\/www.linkedin.com\/company\/nordic-cast-sourcing-ltd\"]}]}<\/script>\n<!-- \/ Yoast SEO plugin. -->","yoast_head_json":{"title":"EN124 standard - Combi Works","robots":{"index":"index","follow":"follow","max-snippet":"max-snippet:-1","max-image-preview":"max-image-preview:large","max-video-preview":"max-video-preview:-1"},"canonical":"https:\/\/www.combiworks.com\/et\/infra\/en124-standard\/","og_locale":"et_EE","og_type":"article","og_title":"EN124 standard - Combi Works","og_description":"EN124 standard \u00dcLEVAADE Euroopa norm EN124 on Euroopa standard, mis m\u00e4\u00e4rab tehnilised n\u00f5uded ja koormusklassid kanalisatsiooni- ja sadevees\u00fcsteemide malm- ja komposiitp\u00e4istele ning restidele. Standard tagab, et kaevup\u00e4ised on ohutud, vastupidavad ning sobivad kasutamiseks erinevates liikluse koormusklassides. EN124, EVS ja CEN EN 124\u20111:2015Sisaldab standardisarja \u00fcldosa: m\u00f5isted, klassifikatsioon, projekteerimise p\u00f5him\u00f5tted, toimivusn\u00f5uded ja katsemeetodid. Kehtib k\u00f5igile materjalidele, andes ... Read more","og_url":"https:\/\/www.combiworks.com\/et\/infra\/en124-standard\/","og_site_name":"Combi Works","article_publisher":"https:\/\/www.facebook.com\/people\/Combi-Works\/100057440740208\/","article_modified_time":"2026-03-11T13:31:52+00:00","og_image":[{"url":"https:\/\/www.combiworks.com\/wp-content\/uploads\/2023\/09\/new_class_a15_icon.png","type":"","width":"","height":""}],"twitter_card":"summary_large_image","twitter_misc":{"Est. reading time":"1 minut"},"schema":{"@context":"https:\/\/schema.org","@graph":[{"@type":"WebPage","@id":"https:\/\/www.combiworks.com\/et\/infra\/en124-standard\/","url":"https:\/\/www.combiworks.com\/et\/infra\/en124-standard\/","name":"EN124 standard - Combi Works","isPartOf":{"@id":"https:\/\/www.combiworks.com\/et\/#website"},"primaryImageOfPage":{"@id":"https:\/\/www.combiworks.com\/et\/infra\/en124-standard\/#primaryimage"},"image":{"@id":"https:\/\/www.combiworks.com\/et\/infra\/en124-standard\/#primaryimage"},"thumbnailUrl":"https:\/\/www.combiworks.com\/wp-content\/uploads\/2023\/09\/new_class_a15_icon.png","datePublished":"2023-07-02T18:57:12+00:00","dateModified":"2026-03-11T13:31:52+00:00","breadcrumb":{"@id":"https:\/\/www.combiworks.com\/et\/infra\/en124-standard\/#breadcrumb"},"inLanguage":"et","potentialAction":[{"@type":"ReadAction","target":["https:\/\/www.combiworks.com\/et\/infra\/en124-standard\/"]}]},{"@type":"ImageObject","inLanguage":"et","@id":"https:\/\/www.combiworks.com\/et\/infra\/en124-standard\/#primaryimage","url":"https:\/\/www.combiworks.com\/wp-content\/uploads\/2023\/09\/new_class_a15_icon.png","contentUrl":"https:\/\/www.combiworks.com\/wp-content\/uploads\/2023\/09\/new_class_a15_icon.png"},{"@type":"BreadcrumbList","@id":"https:\/\/www.combiworks.com\/et\/infra\/en124-standard\/#breadcrumb","itemListElement":[{"@type":"ListItem","position":1,"name":"Home","item":"https:\/\/www.combiworks.com\/et\/"},{"@type":"ListItem","position":2,"name":"Infra","item":"https:\/\/www.combiworks.com\/et\/infra\/"},{"@type":"ListItem","position":3,"name":"EN124 standard"}]},{"@type":"WebSite","@id":"https:\/\/www.combiworks.com\/et\/#website","url":"https:\/\/www.combiworks.com\/et\/","name":"Combi Works","description":"The industrial manufacturing company - working in machine building and infra sectors","publisher":{"@id":"https:\/\/www.combiworks.com\/et\/#organization"},"potentialAction":[{"@type":"SearchAction","target":{"@type":"EntryPoint","urlTemplate":"https:\/\/www.combiworks.com\/et\/?s={search_term_string}"},"query-input":{"@type":"PropertyValueSpecification","valueRequired":true,"valueName":"search_term_string"}}],"inLanguage":"et"},{"@type":"Organization","@id":"https:\/\/www.combiworks.com\/et\/#organization","name":"Combi Works","url":"https:\/\/www.combiworks.com\/et\/","logo":{"@type":"ImageObject","inLanguage":"et","@id":"https:\/\/www.combiworks.com\/et\/#\/schema\/logo\/image\/","url":"https:\/\/www.combiworks.com\/wp-content\/uploads\/2023\/09\/combi_works_logo_color-1.png","contentUrl":"https:\/\/www.combiworks.com\/wp-content\/uploads\/2023\/09\/combi_works_logo_color-1.png","width":500,"height":500,"caption":"Combi Works"},"image":{"@id":"https:\/\/www.combiworks.com\/et\/#\/schema\/logo\/image\/"},"sameAs":["https:\/\/www.facebook.com\/people\/Combi-Works\/100057440740208\/","https:\/\/www.linkedin.com\/company\/nordic-cast-sourcing-ltd"]}]}},"taxonomy_info":[],"featured_image_src_large":false,"author_info":{"display_name":"KimTakala","author_link":"https:\/\/www.combiworks.com\/et\/author\/kimtakala\/"},"comment_info":"","_links":{"self":[{"href":"https:\/\/www.combiworks.com\/et\/wp-json\/wp\/v2\/pages\/5931","targetHints":{"allow":["GET"]}}],"collection":[{"href":"https:\/\/www.combiworks.com\/et\/wp-json\/wp\/v2\/pages"}],"about":[{"href":"https:\/\/www.combiworks.com\/et\/wp-json\/wp\/v2\/types\/page"}],"author":[{"embeddable":true,"href":"https:\/\/www.combiworks.com\/et\/wp-json\/wp\/v2\/users\/1"}],"replies":[{"embeddable":true,"href":"https:\/\/www.combiworks.com\/et\/wp-json\/wp\/v2\/comments?post=5931"}],"version-history":[{"count":5,"href":"https:\/\/www.combiworks.com\/et\/wp-json\/wp\/v2\/pages\/5931\/revisions"}],"predecessor-version":[{"id":13101,"href":"https:\/\/www.combiworks.com\/et\/wp-json\/wp\/v2\/pages\/5931\/revisions\/13101"}],"up":[{"embeddable":true,"href":"https:\/\/www.combiworks.com\/et\/wp-json\/wp\/v2\/pages\/5592"}],"wp:attachment":[{"href":"https:\/\/www.combiworks.com\/et\/wp-json\/wp\/v2\/media?parent=5931"}],"wp:term":[{"taxonomy":"category","embeddable":true,"href":"https:\/\/www.combiworks.com\/et\/wp-json\/wp\/v2\/categories?post=5931"}],"curies":[{"name":"wp","href":"https:\/\/api.w.org\/{rel}","templated":true}]}}