{"id":5592,"date":"2023-05-04T10:58:20","date_gmt":"2023-05-04T07:58:20","guid":{"rendered":"https:\/\/www.combiworks.com\/infra\/"},"modified":"2026-03-24T15:05:32","modified_gmt":"2026-03-24T13:05:32","slug":"infra","status":"publish","type":"page","link":"https:\/\/www.combiworks.com\/et\/infra\/","title":{"rendered":"Infra"},"content":{"rendered":"\n<div class=\"gb-element-4d0ee02e\">\n<div class=\"gb-element-bbe2b575\">\n<div class=\"gb-element-6a00923a\">\n<div class=\"gb-element-bb1a2d6e\">\n<h5 class=\"gb-text gb-text-beb9c00c\">COMBI WORKS<\/h5>\n\n\n\n<h1 class=\"gb-text gb-text-78d7581c\">Infratooted<\/h1>\n<\/div>\n<\/div>\n\n\n\n<div class=\"gb-element-2906b0da\">\n<div class=\"gb-element-729ffe9b\">\n<p>Combi Works Infra pakub vastupidavaid infrastruktuuritooteid t\u00e4navate, avalike ruumide ja ehitusprojektide jaoks. Meie lahendused on loodud P\u00f5hjamaade n\u00f5udlikeks tingimusteks ning toetavad taristu haldajate, t\u00f6\u00f6v\u00f5tjate ja ehitusspetsialistide jaoks ohutut ja kauakestvat infrastruktuuri.<\/p>\n\n\n\n<p>Meie tootevalikusse kuuluvad kaevup\u00e4ised ja &#8211; teleskoobid, sadeveerennid, puujuure kaitserestid ja AluFix\u00ae kaitsepiirded, mis on projekteeritud usaldusv\u00e4\u00e4rsuse, lihtsa paigalduse ja pika eluea tagamiseks kaasaegsetesse keskkondades.<\/p>\n<\/div>\n<\/div>\n<\/div>\n\n\n\n<div>\n<div class=\"gb-element-370c462a\">\n<a class=\"gb-element-69c1ffff\" href=\"https:\/\/www.combiworks.com\/et\/infra\/kaevuluugid\/\">\n<div class=\"gb-element-63a01798\">\n<p class=\"gb-text-3ed81c62\"><span class=\"gb-text\"><strong>Kaevuluugid<\/strong><\/span><span class=\"gb-shape\"><svg xmlns=\"http:\/\/www.w3.org\/2000\/svg\" id=\"uuid-b3e85615-3222-44c2-a41c-b71bc563f9a0\" viewBox=\"0 0 171.73 120.65\"><path d=\"M170.36,63.6l-55.69,55.69c-1.8,1.81-4.75,1.81-6.55,0-1.81-1.8-1.81-4.75,0-6.56l47.76-47.76H4.64c-2.56,0-4.64-2.08-4.64-4.64s2.08-4.64,4.64-4.64h151.23L108.11,7.92c-1.81-1.81-1.81-4.76,0-6.56.91-.92,2.09-1.36,3.28-1.36s2.38.45,3.29,1.36l55.69,55.69c1.8,1.8,1.8,4.75,0,6.56l-.02-.02Z\" style=\"fill:current color\"><\/path><\/svg><\/span><\/p>\n<\/div>\n\n\n\n<div class=\"gb-element-a6a4e346\">\n<span class=\"gb-shape gb-shape-7ac34800\"><svg viewBox=\"0 0 256 512\" width=\"1em\" height=\"1em\" aria-hidden=\"true\" xmlns=\"http:\/\/www.w3.org\/2000\/svg\"><path d=\"M224.3 273l-136 136c-9.4 9.4-24.6 9.4-33.9 0l-22.6-22.6c-9.4-9.4-9.4-24.6 0-33.9l96.4-96.4-96.4-96.4c-9.4-9.4-9.4-24.6 0-33.9L54.3 103c9.4-9.4 24.6-9.4 33.9 0l136 136c9.5 9.4 9.5 24.6.1 34z\" fill=\"currentColor\"><\/path><\/svg><\/span>\n<\/div>\n<\/a>\n\n\n\n<a class=\"gb-element-73db263d\" href=\"https:\/\/www.combiworks.com\/et\/infra\/alufix-kaitsepiirded\/\">\n<div class=\"gb-element-4dd86385\">\n<p class=\"gb-text-817aedac\"><span class=\"gb-text\"><strong>AluFix\u00ae kaitsepiirded<\/strong><\/span><span class=\"gb-shape\"><svg xmlns=\"http:\/\/www.w3.org\/2000\/svg\" id=\"uuid-b3e85615-3222-44c2-a41c-b71bc563f9a0\" viewBox=\"0 0 171.73 120.65\"><path d=\"M170.36,63.6l-55.69,55.69c-1.8,1.81-4.75,1.81-6.55,0-1.81-1.8-1.81-4.75,0-6.56l47.76-47.76H4.64c-2.56,0-4.64-2.08-4.64-4.64s2.08-4.64,4.64-4.64h151.23L108.11,7.92c-1.81-1.81-1.81-4.76,0-6.56.91-.92,2.09-1.36,3.28-1.36s2.38.45,3.29,1.36l55.69,55.69c1.8,1.8,1.8,4.75,0,6.56l-.02-.02Z\" style=\"fill:current color\"><\/path><\/svg><\/span><\/p>\n<\/div>\n\n\n\n<div class=\"gb-element-ce15a671\">\n<span class=\"gb-shape gb-shape-1972bba1\"><svg viewBox=\"0 0 256 512\" width=\"1em\" height=\"1em\" aria-hidden=\"true\" xmlns=\"http:\/\/www.w3.org\/2000\/svg\"><path d=\"M224.3 273l-136 136c-9.4 9.4-24.6 9.4-33.9 0l-22.6-22.6c-9.4-9.4-9.4-24.6 0-33.9l96.4-96.4-96.4-96.4c-9.4-9.4-9.4-24.6 0-33.9L54.3 103c9.4-9.4 24.6-9.4 33.9 0l136 136c9.5 9.4 9.5 24.6.1 34z\" fill=\"currentColor\"><\/path><\/svg><\/span>\n<\/div>\n<\/a>\n\n\n\n<a class=\"gb-element-28b2ba18\" href=\"https:\/\/www.combiworks.com\/et\/infra\/sadeveerennid\/\">\n<div class=\"gb-element-1922d66d\">\n<p class=\"gb-text-775531f7\"><span class=\"gb-text\"><strong>Sadeveerennid<\/strong><\/span><span class=\"gb-shape\"><svg xmlns=\"http:\/\/www.w3.org\/2000\/svg\" id=\"uuid-b3e85615-3222-44c2-a41c-b71bc563f9a0\" viewBox=\"0 0 171.73 120.65\"><path d=\"M170.36,63.6l-55.69,55.69c-1.8,1.81-4.75,1.81-6.55,0-1.81-1.8-1.81-4.75,0-6.56l47.76-47.76H4.64c-2.56,0-4.64-2.08-4.64-4.64s2.08-4.64,4.64-4.64h151.23L108.11,7.92c-1.81-1.81-1.81-4.76,0-6.56.91-.92,2.09-1.36,3.28-1.36s2.38.45,3.29,1.36l55.69,55.69c1.8,1.8,1.8,4.75,0,6.56l-.02-.02Z\" style=\"fill:current color\"><\/path><\/svg><\/span><\/p>\n<\/div>\n\n\n\n<div class=\"gb-element-ab41d8fd\">\n<span class=\"gb-shape gb-shape-7a2f5191\"><svg viewBox=\"0 0 256 512\" width=\"1em\" height=\"1em\" aria-hidden=\"true\" xmlns=\"http:\/\/www.w3.org\/2000\/svg\"><path d=\"M224.3 273l-136 136c-9.4 9.4-24.6 9.4-33.9 0l-22.6-22.6c-9.4-9.4-9.4-24.6 0-33.9l96.4-96.4-96.4-96.4c-9.4-9.4-9.4-24.6 0-33.9L54.3 103c9.4-9.4 24.6-9.4 33.9 0l136 136c9.5 9.4 9.5 24.6.1 34z\" fill=\"currentColor\"><\/path><\/svg><\/span>\n<\/div>\n<\/a>\n\n\n\n<a class=\"gb-element-99a4e24e\" href=\"https:\/\/www.combiworks.com\/et\/infra\/puukaitserestid\/\">\n<div class=\"gb-element-6d04ee4d\">\n<p class=\"gb-text-1044cd18\"><span class=\"gb-text\"><strong>Puukaitserestid<\/strong><\/span><span class=\"gb-shape\"><svg xmlns=\"http:\/\/www.w3.org\/2000\/svg\" id=\"uuid-b3e85615-3222-44c2-a41c-b71bc563f9a0\" viewBox=\"0 0 171.73 120.65\"><path d=\"M170.36,63.6l-55.69,55.69c-1.8,1.81-4.75,1.81-6.55,0-1.81-1.8-1.81-4.75,0-6.56l47.76-47.76H4.64c-2.56,0-4.64-2.08-4.64-4.64s2.08-4.64,4.64-4.64h151.23L108.11,7.92c-1.81-1.81-1.81-4.76,0-6.56.91-.92,2.09-1.36,3.28-1.36s2.38.45,3.29,1.36l55.69,55.69c1.8,1.8,1.8,4.75,0,6.56l-.02-.02Z\" style=\"fill:current color;\"><\/path><\/svg><\/span><\/p>\n<\/div>\n\n\n\n<div class=\"gb-element-85126a12\">\n<span class=\"gb-shape gb-shape-48874652\"><svg viewBox=\"0 0 256 512\" width=\"1em\" height=\"1em\" aria-hidden=\"true\" xmlns=\"http:\/\/www.w3.org\/2000\/svg\"><path d=\"M224.3 273l-136 136c-9.4 9.4-24.6 9.4-33.9 0l-22.6-22.6c-9.4-9.4-9.4-24.6 0-33.9l96.4-96.4-96.4-96.4c-9.4-9.4-9.4-24.6 0-33.9L54.3 103c9.4-9.4 24.6-9.4 33.9 0l136 136c9.5 9.4 9.5 24.6.1 34z\" fill=\"currentColor\"><\/path><\/svg><\/span>\n<\/div>\n<\/a>\n<\/div>\n<\/div>\n<\/div>\n","protected":false},"excerpt":{"rendered":"<p>COMBI WORKS Infratooted Combi Works Infra pakub vastupidavaid infrastruktuuritooteid t\u00e4navate, avalike ruumide ja ehitusprojektide jaoks. Meie lahendused on loodud P\u00f5hjamaade n\u00f5udlikeks tingimusteks ning toetavad taristu haldajate, t\u00f6\u00f6v\u00f5tjate ja ehitusspetsialistide jaoks ohutut ja kauakestvat infrastruktuuri. Meie tootevalikusse kuuluvad kaevup\u00e4ised ja &#8211; teleskoobid, sadeveerennid, puujuure kaitserestid ja AluFix\u00ae kaitsepiirded, mis on projekteeritud usaldusv\u00e4\u00e4rsuse, lihtsa paigalduse ja pika &#8230; <a title=\"Infra\" class=\"read-more\" href=\"https:\/\/www.combiworks.com\/et\/infra\/\" aria-label=\"Read more about Infra\">Read more<\/a><\/p>\n","protected":false},"author":1,"featured_media":0,"parent":0,"menu_order":1,"comment_status":"closed","ping_status":"closed","template":"","meta":{"_acf_changed":false,"inline_featured_image":false,"_kad_blocks_custom_css":"","_kad_blocks_head_custom_js":"","_kad_blocks_body_custom_js":"","_kad_blocks_footer_custom_js":"","footnotes":""},"categories":[],"class_list":["post-5592","page","type-page","status-publish","format-standard"],"acf":[],"yoast_head":"<!-- This site is optimized with the Yoast SEO plugin v25.5 - https:\/\/yoast.com\/wordpress\/plugins\/seo\/ -->\n<title>Infra - Combi Works<\/title>\n<meta name=\"robots\" content=\"index, follow, max-snippet:-1, max-image-preview:large, max-video-preview:-1\" \/>\n<link rel=\"canonical\" href=\"https:\/\/www.combiworks.com\/et\/infra\/\" \/>\n<meta property=\"og:locale\" content=\"et_EE\" \/>\n<meta property=\"og:type\" content=\"article\" \/>\n<meta property=\"og:title\" content=\"Infra - Combi Works\" \/>\n<meta property=\"og:description\" content=\"COMBI WORKS Infratooted Combi Works Infra pakub vastupidavaid infrastruktuuritooteid t\u00e4navate, avalike ruumide ja ehitusprojektide jaoks. Meie lahendused on loodud P\u00f5hjamaade n\u00f5udlikeks tingimusteks ning toetavad taristu haldajate, t\u00f6\u00f6v\u00f5tjate ja ehitusspetsialistide jaoks ohutut ja kauakestvat infrastruktuuri. Meie tootevalikusse kuuluvad kaevup\u00e4ised ja &#8211; teleskoobid, sadeveerennid, puujuure kaitserestid ja AluFix\u00ae kaitsepiirded, mis on projekteeritud usaldusv\u00e4\u00e4rsuse, lihtsa paigalduse ja pika ... Read more\" \/>\n<meta property=\"og:url\" content=\"https:\/\/www.combiworks.com\/et\/infra\/\" \/>\n<meta property=\"og:site_name\" content=\"Combi Works\" \/>\n<meta property=\"article:publisher\" content=\"https:\/\/www.facebook.com\/people\/Combi-Works\/100057440740208\/\" \/>\n<meta property=\"article:modified_time\" content=\"2026-03-24T13:05:32+00:00\" \/>\n<meta property=\"og:image\" content=\"https:\/\/www.combiworks.com\/wp-content\/uploads\/2023\/06\/shutterstock_1473734858.jpg\" \/>\n\t<meta property=\"og:image:width\" content=\"1400\" \/>\n\t<meta property=\"og:image:height\" content=\"957\" \/>\n\t<meta property=\"og:image:type\" content=\"image\/jpeg\" \/>\n<meta name=\"twitter:card\" content=\"summary_large_image\" \/>\n<meta name=\"twitter:label1\" content=\"Est. reading time\" \/>\n\t<meta name=\"twitter:data1\" content=\"1 minut\" \/>\n<script type=\"application\/ld+json\" class=\"yoast-schema-graph\">{\"@context\":\"https:\/\/schema.org\",\"@graph\":[{\"@type\":\"WebPage\",\"@id\":\"https:\/\/www.combiworks.com\/et\/infra\/\",\"url\":\"https:\/\/www.combiworks.com\/et\/infra\/\",\"name\":\"Infra - Combi Works\",\"isPartOf\":{\"@id\":\"https:\/\/www.combiworks.com\/et\/#website\"},\"datePublished\":\"2023-05-04T07:58:20+00:00\",\"dateModified\":\"2026-03-24T13:05:32+00:00\",\"breadcrumb\":{\"@id\":\"https:\/\/www.combiworks.com\/et\/infra\/#breadcrumb\"},\"inLanguage\":\"et\",\"potentialAction\":[{\"@type\":\"ReadAction\",\"target\":[\"https:\/\/www.combiworks.com\/et\/infra\/\"]}]},{\"@type\":\"BreadcrumbList\",\"@id\":\"https:\/\/www.combiworks.com\/et\/infra\/#breadcrumb\",\"itemListElement\":[{\"@type\":\"ListItem\",\"position\":1,\"name\":\"Home\",\"item\":\"https:\/\/www.combiworks.com\/et\/\"},{\"@type\":\"ListItem\",\"position\":2,\"name\":\"Infra\"}]},{\"@type\":\"WebSite\",\"@id\":\"https:\/\/www.combiworks.com\/et\/#website\",\"url\":\"https:\/\/www.combiworks.com\/et\/\",\"name\":\"Combi Works\",\"description\":\"The industrial manufacturing company - working in machine building and infra sectors\",\"publisher\":{\"@id\":\"https:\/\/www.combiworks.com\/et\/#organization\"},\"potentialAction\":[{\"@type\":\"SearchAction\",\"target\":{\"@type\":\"EntryPoint\",\"urlTemplate\":\"https:\/\/www.combiworks.com\/et\/?s={search_term_string}\"},\"query-input\":{\"@type\":\"PropertyValueSpecification\",\"valueRequired\":true,\"valueName\":\"search_term_string\"}}],\"inLanguage\":\"et\"},{\"@type\":\"Organization\",\"@id\":\"https:\/\/www.combiworks.com\/et\/#organization\",\"name\":\"Combi Works\",\"url\":\"https:\/\/www.combiworks.com\/et\/\",\"logo\":{\"@type\":\"ImageObject\",\"inLanguage\":\"et\",\"@id\":\"https:\/\/www.combiworks.com\/et\/#\/schema\/logo\/image\/\",\"url\":\"https:\/\/www.combiworks.com\/wp-content\/uploads\/2023\/09\/combi_works_logo_color-1.png\",\"contentUrl\":\"https:\/\/www.combiworks.com\/wp-content\/uploads\/2023\/09\/combi_works_logo_color-1.png\",\"width\":500,\"height\":500,\"caption\":\"Combi Works\"},\"image\":{\"@id\":\"https:\/\/www.combiworks.com\/et\/#\/schema\/logo\/image\/\"},\"sameAs\":[\"https:\/\/www.facebook.com\/people\/Combi-Works\/100057440740208\/\",\"https:\/\/www.linkedin.com\/company\/nordic-cast-sourcing-ltd\"]}]}<\/script>\n<!-- \/ Yoast SEO plugin. -->","yoast_head_json":{"title":"Infra - Combi Works","robots":{"index":"index","follow":"follow","max-snippet":"max-snippet:-1","max-image-preview":"max-image-preview:large","max-video-preview":"max-video-preview:-1"},"canonical":"https:\/\/www.combiworks.com\/et\/infra\/","og_locale":"et_EE","og_type":"article","og_title":"Infra - Combi Works","og_description":"COMBI WORKS Infratooted Combi Works Infra pakub vastupidavaid infrastruktuuritooteid t\u00e4navate, avalike ruumide ja ehitusprojektide jaoks. Meie lahendused on loodud P\u00f5hjamaade n\u00f5udlikeks tingimusteks ning toetavad taristu haldajate, t\u00f6\u00f6v\u00f5tjate ja ehitusspetsialistide jaoks ohutut ja kauakestvat infrastruktuuri. Meie tootevalikusse kuuluvad kaevup\u00e4ised ja &#8211; teleskoobid, sadeveerennid, puujuure kaitserestid ja AluFix\u00ae kaitsepiirded, mis on projekteeritud usaldusv\u00e4\u00e4rsuse, lihtsa paigalduse ja pika ... Read more","og_url":"https:\/\/www.combiworks.com\/et\/infra\/","og_site_name":"Combi Works","article_publisher":"https:\/\/www.facebook.com\/people\/Combi-Works\/100057440740208\/","article_modified_time":"2026-03-24T13:05:32+00:00","og_image":[{"width":1400,"height":957,"url":"https:\/\/www.combiworks.com\/wp-content\/uploads\/2023\/06\/shutterstock_1473734858.jpg","type":"image\/jpeg"}],"twitter_card":"summary_large_image","twitter_misc":{"Est. reading time":"1 minut"},"schema":{"@context":"https:\/\/schema.org","@graph":[{"@type":"WebPage","@id":"https:\/\/www.combiworks.com\/et\/infra\/","url":"https:\/\/www.combiworks.com\/et\/infra\/","name":"Infra - Combi Works","isPartOf":{"@id":"https:\/\/www.combiworks.com\/et\/#website"},"datePublished":"2023-05-04T07:58:20+00:00","dateModified":"2026-03-24T13:05:32+00:00","breadcrumb":{"@id":"https:\/\/www.combiworks.com\/et\/infra\/#breadcrumb"},"inLanguage":"et","potentialAction":[{"@type":"ReadAction","target":["https:\/\/www.combiworks.com\/et\/infra\/"]}]},{"@type":"BreadcrumbList","@id":"https:\/\/www.combiworks.com\/et\/infra\/#breadcrumb","itemListElement":[{"@type":"ListItem","position":1,"name":"Home","item":"https:\/\/www.combiworks.com\/et\/"},{"@type":"ListItem","position":2,"name":"Infra"}]},{"@type":"WebSite","@id":"https:\/\/www.combiworks.com\/et\/#website","url":"https:\/\/www.combiworks.com\/et\/","name":"Combi Works","description":"The industrial manufacturing company - working in machine building and infra sectors","publisher":{"@id":"https:\/\/www.combiworks.com\/et\/#organization"},"potentialAction":[{"@type":"SearchAction","target":{"@type":"EntryPoint","urlTemplate":"https:\/\/www.combiworks.com\/et\/?s={search_term_string}"},"query-input":{"@type":"PropertyValueSpecification","valueRequired":true,"valueName":"search_term_string"}}],"inLanguage":"et"},{"@type":"Organization","@id":"https:\/\/www.combiworks.com\/et\/#organization","name":"Combi Works","url":"https:\/\/www.combiworks.com\/et\/","logo":{"@type":"ImageObject","inLanguage":"et","@id":"https:\/\/www.combiworks.com\/et\/#\/schema\/logo\/image\/","url":"https:\/\/www.combiworks.com\/wp-content\/uploads\/2023\/09\/combi_works_logo_color-1.png","contentUrl":"https:\/\/www.combiworks.com\/wp-content\/uploads\/2023\/09\/combi_works_logo_color-1.png","width":500,"height":500,"caption":"Combi Works"},"image":{"@id":"https:\/\/www.combiworks.com\/et\/#\/schema\/logo\/image\/"},"sameAs":["https:\/\/www.facebook.com\/people\/Combi-Works\/100057440740208\/","https:\/\/www.linkedin.com\/company\/nordic-cast-sourcing-ltd"]}]}},"taxonomy_info":[],"featured_image_src_large":false,"author_info":{"display_name":"KimTakala","author_link":"https:\/\/www.combiworks.com\/et\/author\/kimtakala\/"},"comment_info":"","_links":{"self":[{"href":"https:\/\/www.combiworks.com\/et\/wp-json\/wp\/v2\/pages\/5592","targetHints":{"allow":["GET"]}}],"collection":[{"href":"https:\/\/www.combiworks.com\/et\/wp-json\/wp\/v2\/pages"}],"about":[{"href":"https:\/\/www.combiworks.com\/et\/wp-json\/wp\/v2\/types\/page"}],"author":[{"embeddable":true,"href":"https:\/\/www.combiworks.com\/et\/wp-json\/wp\/v2\/users\/1"}],"replies":[{"embeddable":true,"href":"https:\/\/www.combiworks.com\/et\/wp-json\/wp\/v2\/comments?post=5592"}],"version-history":[{"count":3,"href":"https:\/\/www.combiworks.com\/et\/wp-json\/wp\/v2\/pages\/5592\/revisions"}],"predecessor-version":[{"id":13190,"href":"https:\/\/www.combiworks.com\/et\/wp-json\/wp\/v2\/pages\/5592\/revisions\/13190"}],"wp:attachment":[{"href":"https:\/\/www.combiworks.com\/et\/wp-json\/wp\/v2\/media?parent=5592"}],"wp:term":[{"taxonomy":"category","embeddable":true,"href":"https:\/\/www.combiworks.com\/et\/wp-json\/wp\/v2\/categories?post=5592"}],"curies":[{"name":"wp","href":"https:\/\/api.w.org\/{rel}","templated":true}]}}