{"id":5455,"date":"2023-06-07T21:27:41","date_gmt":"2023-06-07T18:27:41","guid":{"rendered":"https:\/\/www.combiworks.com\/esilehekulg\/"},"modified":"2026-04-06T11:54:32","modified_gmt":"2026-04-06T08:54:32","slug":"esilehekulg","status":"publish","type":"page","link":"https:\/\/www.combiworks.com\/et\/","title":{"rendered":"Avaleht"},"content":{"rendered":"<div class=\"gb-container gb-container-d6474ef4\" style=\"background-image: url(https:\/\/www.combiworks.com\/wp-content\/uploads\/2025\/05\/new-hero_03-1.jpg);\">\n\n<img loading=\"lazy\" decoding=\"async\" width=\"1350\" height=\"1350\" class=\"gb-media-a3482da7\" src=\"https:\/\/www.combiworks.com\/wp-content\/uploads\/2024\/04\/240402_Sitra_Circular_solutions_for_nature_Selected_to_the_list-2.png\" title=\"240402_Sitra_Circular_solutions_for_nature_Selected_to_the_list-2\" srcset=\"https:\/\/www.combiworks.com\/wp-content\/uploads\/2024\/04\/240402_Sitra_Circular_solutions_for_nature_Selected_to_the_list-2.png 1350w, https:\/\/www.combiworks.com\/wp-content\/uploads\/2024\/04\/240402_Sitra_Circular_solutions_for_nature_Selected_to_the_list-2-300x300.png 300w, https:\/\/www.combiworks.com\/wp-content\/uploads\/2024\/04\/240402_Sitra_Circular_solutions_for_nature_Selected_to_the_list-2-1024x1024.png 1024w, https:\/\/www.combiworks.com\/wp-content\/uploads\/2024\/04\/240402_Sitra_Circular_solutions_for_nature_Selected_to_the_list-2-150x150.png 150w, https:\/\/www.combiworks.com\/wp-content\/uploads\/2024\/04\/240402_Sitra_Circular_solutions_for_nature_Selected_to_the_list-2-768x768.png 768w\" sizes=\"auto, (max-width: 1350px) 100vw, 1350px\" \/>\n\n<\/div>\n\n<div class=\"gb-container gb-container-845d348c\">\n<div class=\"gb-container gb-container-4ca68aa6\"><\/div>\n\n<div class=\"gb-container gb-container-8fdf5c75\"><\/div>\n\n<div class=\"gb-container gb-container-c773d3dc\">\n<div class=\"gb-container gb-container-6276404c\"><\/div>\n<\/div>\n<\/div>\n\n\n<div class=\"gb-element-fde3b0ab\"><div class=\"gb-container gb-container-3276fa11\">\n\n<figure class=\"gb-block-image gb-block-image-ec48670d\"><img decoding=\"async\" class=\"gb-image gb-image-ec48670d\" src=\"https:\/\/www.combiworks.com\/wp-content\/uploads\/2023\/04\/combi_logo_grey_02.svg\" alt=\"\" title=\"combi_logo_grey_02\"\/><\/figure>\n\n\n\n\n\n<h1 class=\"gb-headline gb-headline-15872fcf gb-headline-text\"><strong>T\u00f6\u00f6stusettev\u00f5te<\/strong> &#8211; tegutseme infratoodete ja masinaehituse sektoris<\/h1>\n\n\n\n<h2 class=\"gb-headline gb-headline-5ee6fc60 gb-headline-text\">Palun valige \u00e4rivaldkond<\/h2>\n\n<\/div>\n\n<div class=\"gb-container gb-container-0ed1c9ba alignfull\">\n<div class=\"gb-container gb-container-7a7aaa31\">\n<div class=\"gb-container gb-container-a13498e5\">\n<div class=\"gb-grid-wrapper gb-grid-wrapper-053fc701\">\n<div class=\"gb-grid-column gb-grid-column-3fe0f734\"><div class=\"gb-container gb-container-3fe0f734\">\n\n<figure class=\"gb-block-image gb-block-image-9083749f\"><img loading=\"lazy\" decoding=\"async\" width=\"2000\" height=\"1733\" class=\"gb-image gb-image-9083749f\" src=\"https:\/\/www.combiworks.com\/wp-content\/uploads\/2025\/05\/frontpage-manhole-01.jpg\" alt=\"\" title=\"frontpage-manhole-01\" srcset=\"https:\/\/www.combiworks.com\/wp-content\/uploads\/2025\/05\/frontpage-manhole-01.jpg 2000w, https:\/\/www.combiworks.com\/wp-content\/uploads\/2025\/05\/frontpage-manhole-01-300x260.jpg 300w, https:\/\/www.combiworks.com\/wp-content\/uploads\/2025\/05\/frontpage-manhole-01-1024x887.jpg 1024w, https:\/\/www.combiworks.com\/wp-content\/uploads\/2025\/05\/frontpage-manhole-01-768x665.jpg 768w, https:\/\/www.combiworks.com\/wp-content\/uploads\/2025\/05\/frontpage-manhole-01-1536x1331.jpg 1536w\" sizes=\"auto, (max-width: 2000px) 100vw, 2000px\" \/><\/figure>\n\n<\/div><\/div>\n\n<div class=\"gb-grid-column gb-grid-column-813b67af\"><div class=\"gb-container gb-container-813b67af\">\n\n<figure class=\"gb-block-image gb-block-image-22c9ecf1\"><img loading=\"lazy\" decoding=\"async\" width=\"2200\" height=\"1467\" class=\"gb-image gb-image-22c9ecf1\" src=\"https:\/\/www.combiworks.com\/wp-content\/uploads\/2025\/05\/frontpage-quadrales-01-scaled-1.jpg\" alt=\"\" title=\"frontpage-quadrales-01-scaled\" srcset=\"https:\/\/www.combiworks.com\/wp-content\/uploads\/2025\/05\/frontpage-quadrales-01-scaled-1.jpg 2200w, https:\/\/www.combiworks.com\/wp-content\/uploads\/2025\/05\/frontpage-quadrales-01-scaled-1-300x200.jpg 300w, https:\/\/www.combiworks.com\/wp-content\/uploads\/2025\/05\/frontpage-quadrales-01-scaled-1-1024x683.jpg 1024w, https:\/\/www.combiworks.com\/wp-content\/uploads\/2025\/05\/frontpage-quadrales-01-scaled-1-768x512.jpg 768w, https:\/\/www.combiworks.com\/wp-content\/uploads\/2025\/05\/frontpage-quadrales-01-scaled-1-1536x1024.jpg 1536w, https:\/\/www.combiworks.com\/wp-content\/uploads\/2025\/05\/frontpage-quadrales-01-scaled-1-2048x1366.jpg 2048w\" sizes=\"auto, (max-width: 2200px) 100vw, 2200px\" \/><\/figure>\n\n<\/div><\/div>\n<\/div>\n\n\n<a class=\"gb-button gb-button-9d0ec69f gb-button-Secondary-button\" href=\"https:\/\/www.combiworks.com\/et\/infra\/tooted\/\"><span class=\"gb-button-text\">Infratooted<\/span><span class=\"gb-icon\"><svg xmlns=\"https:\/\/www.w3.org\/2000\/svg\" aria-hidden=\"true\" role=\"img\" height=\"1em\" width=\"1em\" viewBox=\"0 0 256 512\"><path fill=\"currentColor\" d=\"M224.3 273l-136 136c-9.4 9.4-24.6 9.4-33.9 0l-22.6-22.6c-9.4-9.4-9.4-24.6 0-33.9l96.4-96.4-96.4-96.4c-9.4-9.4-9.4-24.6 0-33.9L54.3 103c9.4-9.4 24.6-9.4 33.9 0l136 136c9.5 9.4 9.5 24.6.1 34z\"><\/path><\/svg><\/span><\/a>\n\n\n\n<p class=\"gb-headline gb-headline-21a091b4 gb-headline-text\">Juhtivad lahendused meie t\u00e4navatel ja k\u00f5rgustes. Nr.1 kaevuluukide ja -teleskoopide tarnija Eestis ja Soomes. Kasvav Rootsis ja L\u00e4tis.<\/p>\n\n<\/div>\n\n<div class=\"gb-container gb-container-4cd43a59\">\n<div class=\"gb-grid-wrapper gb-grid-wrapper-765e0f16\">\n<div class=\"gb-grid-column gb-grid-column-f6be9cb1\"><div class=\"gb-container gb-container-f6be9cb1\">\n\n<figure class=\"gb-block-image gb-block-image-a9a2232b\"><img loading=\"lazy\" decoding=\"async\" width=\"1400\" height=\"933\" class=\"gb-image gb-image-a9a2232b\" src=\"https:\/\/www.combiworks.com\/wp-content\/uploads\/2023\/06\/front_page_01.jpg\" alt=\"\" title=\"Metallit\u00f6\u00f6tlus,T\u00f6\u00f6stus:,Viimistlemine,Metall,T\u00f6\u00f6,Sisemine,Teras,Pind,Pinnal,Treipingil,Treipingil\" srcset=\"https:\/\/www.combiworks.com\/wp-content\/uploads\/2023\/06\/front_page_01.jpg 1400w, https:\/\/www.combiworks.com\/wp-content\/uploads\/2023\/06\/front_page_01-300x200.jpg 300w, https:\/\/www.combiworks.com\/wp-content\/uploads\/2023\/06\/front_page_01-1024x682.jpg 1024w, https:\/\/www.combiworks.com\/wp-content\/uploads\/2023\/06\/front_page_01-768x512.jpg 768w\" sizes=\"auto, (max-width: 1400px) 100vw, 1400px\" \/><\/figure>\n\n<\/div><\/div>\n\n<div class=\"gb-grid-column gb-grid-column-52dd3caa\"><div class=\"gb-container gb-container-52dd3caa\">\n\n<figure class=\"gb-block-image gb-block-image-91fc426c\"><img loading=\"lazy\" decoding=\"async\" width=\"1400\" height=\"788\" class=\"gb-image gb-image-91fc426c\" src=\"https:\/\/www.combiworks.com\/wp-content\/uploads\/2023\/06\/factory_tour_01.jpg\" alt=\"\" title=\"P\u00e4rast,kaadrit,kolme,inseneri,k\u00f5ndimist,l\u00e4bi,raske,t\u00f6\u00f6stuse,tootmise\" srcset=\"https:\/\/www.combiworks.com\/wp-content\/uploads\/2023\/06\/factory_tour_01.jpg 1400w, https:\/\/www.combiworks.com\/wp-content\/uploads\/2023\/06\/factory_tour_01-300x169.jpg 300w, https:\/\/www.combiworks.com\/wp-content\/uploads\/2023\/06\/factory_tour_01-1024x576.jpg 1024w, https:\/\/www.combiworks.com\/wp-content\/uploads\/2023\/06\/factory_tour_01-768x432.jpg 768w\" sizes=\"auto, (max-width: 1400px) 100vw, 1400px\" \/><\/figure>\n\n<\/div><\/div>\n<\/div>\n\n\n<a class=\"gb-button gb-button-b0a87877 gb-button-primary-button\" href=\"https:\/\/www.combiworks.com\/et\/tootmine\/\"><span class=\"gb-button-text\">Tootmisteenused<\/span><span class=\"gb-icon\"><svg xmlns=\"https:\/\/www.w3.org\/2000\/svg\" aria-hidden=\"true\" role=\"img\" height=\"1em\" width=\"1em\" viewBox=\"0 0 256 512\"><path fill=\"currentColor\" d=\"M224.3 273l-136 136c-9.4 9.4-24.6 9.4-33.9 0l-22.6-22.6c-9.4-9.4-9.4-24.6 0-33.9l96.4-96.4-96.4-96.4c-9.4-9.4-9.4-24.6 0-33.9L54.3 103c9.4-9.4 24.6-9.4 33.9 0l136 136c9.5 9.4 9.5 24.6.1 34z\"><\/path><\/svg><\/span><\/a>\n\n\n\n<p class=\"gb-headline gb-headline-7efa9dec gb-headline-text\">Factory as a Service v\u00f5imaldab teil kasvada ilma p\u00fcsikuludeta, skaleeritava tootmise abil. Muudke tootmine ja turumuutused oma konkurentsieeliseks.<\/p>\n\n<\/div>\n<\/div>\n<\/div><\/div>\n","protected":false},"excerpt":{"rendered":"<p>T\u00f6\u00f6stusettev\u00f5te &#8211; tegutseme infratoodete ja masinaehituse sektoris Palun valige \u00e4rivaldkond Juhtivad lahendused meie t\u00e4navatel ja k\u00f5rgustes. Nr.1 kaevuluukide ja -teleskoopide tarnija Eestis ja Soomes. Kasvav Rootsis ja L\u00e4tis. Factory as a Service v\u00f5imaldab teil kasvada ilma p\u00fcsikuludeta, skaleeritava tootmise abil. Muudke tootmine ja turumuutused oma konkurentsieeliseks.<\/p>\n","protected":false},"author":1,"featured_media":0,"parent":0,"menu_order":0,"comment_status":"closed","ping_status":"closed","template":"","meta":{"_acf_changed":false,"inline_featured_image":false,"_kad_blocks_custom_css":"","_kad_blocks_head_custom_js":"","_kad_blocks_body_custom_js":"","_kad_blocks_footer_custom_js":"","footnotes":""},"categories":[],"class_list":["post-5455","page","type-page","status-publish","format-standard"],"acf":[],"yoast_head":"<!-- This site is optimized with the Yoast SEO plugin v25.5 - https:\/\/yoast.com\/wordpress\/plugins\/seo\/ -->\n<title>Me oleme masinatehase ja infrastruktuuri sektoris tegutsev -.<\/title>\n<meta name=\"description\" content=\"Combi Works on kaevukaante ja teleskoopide nr 1 tarnija Soomes ja Eestis. Kasvav Rootsis ja L\u00e4tis.\" \/>\n<meta name=\"robots\" content=\"index, follow, max-snippet:-1, max-image-preview:large, max-video-preview:-1\" \/>\n<link rel=\"canonical\" href=\"https:\/\/www.combiworks.com\/et\/\" \/>\n<meta property=\"og:locale\" content=\"et_EE\" \/>\n<meta property=\"og:type\" content=\"article\" \/>\n<meta property=\"og:title\" content=\"Me oleme masinatehase ja infrastruktuuri sektoris tegutsev -.\" \/>\n<meta property=\"og:description\" content=\"Combi Works on kaevukaante ja teleskoopide nr 1 tarnija Soomes ja Eestis. Kasvav Rootsis ja L\u00e4tis.\" \/>\n<meta property=\"og:url\" content=\"https:\/\/www.combiworks.com\/et\/\" \/>\n<meta property=\"og:site_name\" content=\"Combi Works\" \/>\n<meta property=\"article:publisher\" content=\"https:\/\/www.facebook.com\/people\/Combi-Works\/100057440740208\/\" \/>\n<meta property=\"article:modified_time\" content=\"2026-04-06T08:54:32+00:00\" \/>\n<meta property=\"og:image\" content=\"https:\/\/www.combiworks.com\/wp-content\/uploads\/2024\/04\/240402_Sitra_Circular_solutions_for_nature_Selected_to_the_list-2.png\" \/>\n<meta name=\"twitter:card\" content=\"summary_large_image\" \/>\n<meta name=\"twitter:label1\" content=\"Est. reading time\" \/>\n\t<meta name=\"twitter:data1\" content=\"2 minutit\" \/>\n<script type=\"application\/ld+json\" class=\"yoast-schema-graph\">{\"@context\":\"https:\/\/schema.org\",\"@graph\":[{\"@type\":\"WebPage\",\"@id\":\"https:\/\/www.combiworks.com\/et\/\",\"url\":\"https:\/\/www.combiworks.com\/et\/\",\"name\":\"Me oleme masinatehase ja infrastruktuuri sektoris tegutsev -.\",\"isPartOf\":{\"@id\":\"https:\/\/www.combiworks.com\/et\/#website\"},\"primaryImageOfPage\":{\"@id\":\"https:\/\/www.combiworks.com\/et\/#primaryimage\"},\"image\":{\"@id\":\"https:\/\/www.combiworks.com\/et\/#primaryimage\"},\"thumbnailUrl\":\"https:\/\/www.combiworks.com\/wp-content\/uploads\/2024\/04\/240402_Sitra_Circular_solutions_for_nature_Selected_to_the_list-2.png\",\"datePublished\":\"2023-06-07T18:27:41+00:00\",\"dateModified\":\"2026-04-06T08:54:32+00:00\",\"description\":\"Combi Works on kaevukaante ja teleskoopide nr 1 tarnija Soomes ja Eestis. Kasvav Rootsis ja L\u00e4tis.\",\"breadcrumb\":{\"@id\":\"https:\/\/www.combiworks.com\/et\/#breadcrumb\"},\"inLanguage\":\"et\",\"potentialAction\":[{\"@type\":\"ReadAction\",\"target\":[\"https:\/\/www.combiworks.com\/et\/\"]}]},{\"@type\":\"ImageObject\",\"inLanguage\":\"et\",\"@id\":\"https:\/\/www.combiworks.com\/et\/#primaryimage\",\"url\":\"https:\/\/www.combiworks.com\/wp-content\/uploads\/2024\/04\/240402_Sitra_Circular_solutions_for_nature_Selected_to_the_list-2.png\",\"contentUrl\":\"https:\/\/www.combiworks.com\/wp-content\/uploads\/2024\/04\/240402_Sitra_Circular_solutions_for_nature_Selected_to_the_list-2.png\"},{\"@type\":\"BreadcrumbList\",\"@id\":\"https:\/\/www.combiworks.com\/et\/#breadcrumb\",\"itemListElement\":[{\"@type\":\"ListItem\",\"position\":1,\"name\":\"Home\",\"item\":\"https:\/\/www.combiworks.com\/et\/\"},{\"@type\":\"ListItem\",\"position\":2,\"name\":\"Avaleht\"}]},{\"@type\":\"WebSite\",\"@id\":\"https:\/\/www.combiworks.com\/et\/#website\",\"url\":\"https:\/\/www.combiworks.com\/et\/\",\"name\":\"Combi Works\",\"description\":\"The industrial manufacturing company - working in machine building and infra sectors\",\"publisher\":{\"@id\":\"https:\/\/www.combiworks.com\/et\/#organization\"},\"potentialAction\":[{\"@type\":\"SearchAction\",\"target\":{\"@type\":\"EntryPoint\",\"urlTemplate\":\"https:\/\/www.combiworks.com\/et\/?s={search_term_string}\"},\"query-input\":{\"@type\":\"PropertyValueSpecification\",\"valueRequired\":true,\"valueName\":\"search_term_string\"}}],\"inLanguage\":\"et\"},{\"@type\":\"Organization\",\"@id\":\"https:\/\/www.combiworks.com\/et\/#organization\",\"name\":\"Combi Works\",\"url\":\"https:\/\/www.combiworks.com\/et\/\",\"logo\":{\"@type\":\"ImageObject\",\"inLanguage\":\"et\",\"@id\":\"https:\/\/www.combiworks.com\/et\/#\/schema\/logo\/image\/\",\"url\":\"https:\/\/www.combiworks.com\/wp-content\/uploads\/2023\/09\/combi_works_logo_color-1.png\",\"contentUrl\":\"https:\/\/www.combiworks.com\/wp-content\/uploads\/2023\/09\/combi_works_logo_color-1.png\",\"width\":500,\"height\":500,\"caption\":\"Combi Works\"},\"image\":{\"@id\":\"https:\/\/www.combiworks.com\/et\/#\/schema\/logo\/image\/\"},\"sameAs\":[\"https:\/\/www.facebook.com\/people\/Combi-Works\/100057440740208\/\",\"https:\/\/www.linkedin.com\/company\/nordic-cast-sourcing-ltd\"]}]}<\/script>\n<!-- \/ Yoast SEO plugin. -->","yoast_head_json":{"title":"Me oleme masinatehase ja infrastruktuuri sektoris tegutsev -.","description":"Combi Works on kaevukaante ja teleskoopide nr 1 tarnija Soomes ja Eestis. Kasvav Rootsis ja L\u00e4tis.","robots":{"index":"index","follow":"follow","max-snippet":"max-snippet:-1","max-image-preview":"max-image-preview:large","max-video-preview":"max-video-preview:-1"},"canonical":"https:\/\/www.combiworks.com\/et\/","og_locale":"et_EE","og_type":"article","og_title":"Me oleme masinatehase ja infrastruktuuri sektoris tegutsev -.","og_description":"Combi Works on kaevukaante ja teleskoopide nr 1 tarnija Soomes ja Eestis. Kasvav Rootsis ja L\u00e4tis.","og_url":"https:\/\/www.combiworks.com\/et\/","og_site_name":"Combi Works","article_publisher":"https:\/\/www.facebook.com\/people\/Combi-Works\/100057440740208\/","article_modified_time":"2026-04-06T08:54:32+00:00","og_image":[{"url":"https:\/\/www.combiworks.com\/wp-content\/uploads\/2024\/04\/240402_Sitra_Circular_solutions_for_nature_Selected_to_the_list-2.png","type":"","width":"","height":""}],"twitter_card":"summary_large_image","twitter_misc":{"Est. reading time":"2 minutit"},"schema":{"@context":"https:\/\/schema.org","@graph":[{"@type":"WebPage","@id":"https:\/\/www.combiworks.com\/et\/","url":"https:\/\/www.combiworks.com\/et\/","name":"Me oleme masinatehase ja infrastruktuuri sektoris tegutsev -.","isPartOf":{"@id":"https:\/\/www.combiworks.com\/et\/#website"},"primaryImageOfPage":{"@id":"https:\/\/www.combiworks.com\/et\/#primaryimage"},"image":{"@id":"https:\/\/www.combiworks.com\/et\/#primaryimage"},"thumbnailUrl":"https:\/\/www.combiworks.com\/wp-content\/uploads\/2024\/04\/240402_Sitra_Circular_solutions_for_nature_Selected_to_the_list-2.png","datePublished":"2023-06-07T18:27:41+00:00","dateModified":"2026-04-06T08:54:32+00:00","description":"Combi Works on kaevukaante ja teleskoopide nr 1 tarnija Soomes ja Eestis. Kasvav Rootsis ja L\u00e4tis.","breadcrumb":{"@id":"https:\/\/www.combiworks.com\/et\/#breadcrumb"},"inLanguage":"et","potentialAction":[{"@type":"ReadAction","target":["https:\/\/www.combiworks.com\/et\/"]}]},{"@type":"ImageObject","inLanguage":"et","@id":"https:\/\/www.combiworks.com\/et\/#primaryimage","url":"https:\/\/www.combiworks.com\/wp-content\/uploads\/2024\/04\/240402_Sitra_Circular_solutions_for_nature_Selected_to_the_list-2.png","contentUrl":"https:\/\/www.combiworks.com\/wp-content\/uploads\/2024\/04\/240402_Sitra_Circular_solutions_for_nature_Selected_to_the_list-2.png"},{"@type":"BreadcrumbList","@id":"https:\/\/www.combiworks.com\/et\/#breadcrumb","itemListElement":[{"@type":"ListItem","position":1,"name":"Home","item":"https:\/\/www.combiworks.com\/et\/"},{"@type":"ListItem","position":2,"name":"Avaleht"}]},{"@type":"WebSite","@id":"https:\/\/www.combiworks.com\/et\/#website","url":"https:\/\/www.combiworks.com\/et\/","name":"Combi Works","description":"The industrial manufacturing company - working in machine building and infra sectors","publisher":{"@id":"https:\/\/www.combiworks.com\/et\/#organization"},"potentialAction":[{"@type":"SearchAction","target":{"@type":"EntryPoint","urlTemplate":"https:\/\/www.combiworks.com\/et\/?s={search_term_string}"},"query-input":{"@type":"PropertyValueSpecification","valueRequired":true,"valueName":"search_term_string"}}],"inLanguage":"et"},{"@type":"Organization","@id":"https:\/\/www.combiworks.com\/et\/#organization","name":"Combi Works","url":"https:\/\/www.combiworks.com\/et\/","logo":{"@type":"ImageObject","inLanguage":"et","@id":"https:\/\/www.combiworks.com\/et\/#\/schema\/logo\/image\/","url":"https:\/\/www.combiworks.com\/wp-content\/uploads\/2023\/09\/combi_works_logo_color-1.png","contentUrl":"https:\/\/www.combiworks.com\/wp-content\/uploads\/2023\/09\/combi_works_logo_color-1.png","width":500,"height":500,"caption":"Combi Works"},"image":{"@id":"https:\/\/www.combiworks.com\/et\/#\/schema\/logo\/image\/"},"sameAs":["https:\/\/www.facebook.com\/people\/Combi-Works\/100057440740208\/","https:\/\/www.linkedin.com\/company\/nordic-cast-sourcing-ltd"]}]}},"taxonomy_info":[],"featured_image_src_large":false,"author_info":{"display_name":"KimTakala","author_link":"https:\/\/www.combiworks.com\/et\/author\/kimtakala\/"},"comment_info":"","_links":{"self":[{"href":"https:\/\/www.combiworks.com\/et\/wp-json\/wp\/v2\/pages\/5455","targetHints":{"allow":["GET"]}}],"collection":[{"href":"https:\/\/www.combiworks.com\/et\/wp-json\/wp\/v2\/pages"}],"about":[{"href":"https:\/\/www.combiworks.com\/et\/wp-json\/wp\/v2\/types\/page"}],"author":[{"embeddable":true,"href":"https:\/\/www.combiworks.com\/et\/wp-json\/wp\/v2\/users\/1"}],"replies":[{"embeddable":true,"href":"https:\/\/www.combiworks.com\/et\/wp-json\/wp\/v2\/comments?post=5455"}],"version-history":[{"count":2,"href":"https:\/\/www.combiworks.com\/et\/wp-json\/wp\/v2\/pages\/5455\/revisions"}],"predecessor-version":[{"id":13444,"href":"https:\/\/www.combiworks.com\/et\/wp-json\/wp\/v2\/pages\/5455\/revisions\/13444"}],"wp:attachment":[{"href":"https:\/\/www.combiworks.com\/et\/wp-json\/wp\/v2\/media?parent=5455"}],"wp:term":[{"taxonomy":"category","embeddable":true,"href":"https:\/\/www.combiworks.com\/et\/wp-json\/wp\/v2\/categories?post=5455"}],"curies":[{"name":"wp","href":"https:\/\/api.w.org\/{rel}","templated":true}]}}