{"id":12729,"date":"2026-02-01T16:31:03","date_gmt":"2026-02-01T14:31:03","guid":{"rendered":"https:\/\/www.combiworks.com\/videod\/"},"modified":"2026-03-04T10:00:43","modified_gmt":"2026-03-04T08:00:43","slug":"videod","status":"publish","type":"page","link":"https:\/\/www.combiworks.com\/et\/videod\/","title":{"rendered":"Videod"},"content":{"rendered":"<div class=\"gb-container gb-container-5c5df740\">\n<div class=\"gb-container gb-container-ce7e3052\">\n\n<h1 class=\"gb-headline gb-headline-769aa696 gb-headline-text\"><mark style=\"background-color:rgba(0, 0, 0, 0)\" class=\"has-inline-color has-accent-2-color\">Combi Works <\/mark>videod<\/h1>\n\n\n\n<div class=\"gb-grid-wrapper gb-grid-wrapper-dd61e0d8 gb-query-loop-wrapper\">\n<div class=\"gb-grid-column gb-grid-column-4b8aa61e gb-query-loop-item post-13285 video type-video status-publish format-standard hentry\"><div class=\"gb-container gb-container-4b8aa61e\">\n\n<div class=\"gb-element-1c0d4301 cw-video-frame\">\t\t\t\t<video \r\n\t\t\t\t\tcontrols \r\n\t\t\t\t\tpreload=\"metadata\" \r\n\t\t\t\t\twidth=\"100%\" \r\n\t\t\t\t\tdisablepictureinpicture \r\n\t\t\t\t\tcontrolsList=\"nodownload noplaybackrate\"\r\n\t\t\t\t\tposter=\"https:\/\/www.combiworks.com\/wp-content\/uploads\/2026\/03\/Pilt-videole.jpg\"\t\t\t\t>\r\n\t\t\t\t\t<source src=\"https:\/\/www.combiworks.com\/wp-content\/uploads\/2026\/03\/Infra_demo_EST.mp4\" type=\"video\/mp4\">\r\n\t\t\t\t\tYour browser does not support the video tag.\r\n\t\t\t\t<\/video>\r\n\t\t\t\t<\/div>\n\n\n\n<div class=\"gb-element-aefb843d\"><h2 class=\"gb-headline gb-headline-2d6c3575 gb-headline-text\">Combi Works Infra tooteid tutvustav video<\/h2>\n\n\n<p class=\"gb-text\">Combi Worksi lai valik kaevup\u00e4iseid Eesti turule, lisaks sadeveerennid ja puujuure- ning t\u00fcvekaitsed<\/p>\n<\/div>\n\n<\/div><\/div>\n\n<div class=\"gb-grid-column gb-grid-column-4b8aa61e gb-query-loop-item post-12935 video type-video status-publish format-standard hentry\"><div class=\"gb-container gb-container-4b8aa61e\">\n\n<div class=\"gb-element-1c0d4301 cw-video-frame\">\t\t\t\t<video \r\n\t\t\t\t\tcontrols \r\n\t\t\t\t\tpreload=\"metadata\" \r\n\t\t\t\t\twidth=\"100%\" \r\n\t\t\t\t\tdisablepictureinpicture \r\n\t\t\t\t\tcontrolsList=\"nodownload noplaybackrate\"\r\n\t\t\t\t\tposter=\"https:\/\/www.combiworks.com\/wp-content\/uploads\/2026\/03\/Screenshot-2026-03-02-at-13.25.12-scaled.png\"\t\t\t\t>\r\n\t\t\t\t\t<source src=\"https:\/\/www.combiworks.com\/wp-content\/uploads\/2026\/03\/Combi-Works-AluFix-EVO-installation-video-light-version.mp4\" type=\"video\/mp4\">\r\n\t\t\t\t\tYour browser does not support the video tag.\r\n\t\t\t\t<\/video>\r\n\t\t\t\t<\/div>\n\n\n\n<div class=\"gb-element-aefb843d\"><h2 class=\"gb-headline gb-headline-2d6c3575 gb-headline-text\">AluFix\u00ae EVO paigaldamine<\/h2>\n\n\n<p class=\"gb-text\">Selles videos n\u00e4idatakse Alufix\u00ae EVO kukkumiskaitses\u00fcsteemi t\u00fc\u00fcpilisi paigaldusetappe lamekatusel. Sellel sertifitseeritud ja auhinnatud konstruktsioonil on lahendused lamekatuset\u00fc\u00fcpidele, millel on erineva k\u00f5rgusega parapetid v\u00f5i mis on \u00fcldse ilma parapetita.<\/p>\n<\/div>\n\n<\/div><\/div>\n\n<div class=\"gb-grid-column gb-grid-column-4b8aa61e gb-query-loop-item post-12934 video type-video status-publish format-standard hentry\"><div class=\"gb-container gb-container-4b8aa61e\">\n\n<div class=\"gb-element-1c0d4301 cw-video-frame\">\t\t\t\t<video \r\n\t\t\t\t\tcontrols \r\n\t\t\t\t\tpreload=\"metadata\" \r\n\t\t\t\t\twidth=\"100%\" \r\n\t\t\t\t\tdisablepictureinpicture \r\n\t\t\t\t\tcontrolsList=\"nodownload noplaybackrate\"\r\n\t\t\t\t\tposter=\"https:\/\/www.combiworks.com\/wp-content\/uploads\/2026\/03\/Screenshot-2026-03-02-at-13.26.32-scaled.png\"\t\t\t\t>\r\n\t\t\t\t\t<source src=\"https:\/\/www.combiworks.com\/wp-content\/uploads\/2026\/03\/Combi-Works-AluFix-Classic-installation-video-light-version.mp4\" type=\"video\/mp4\">\r\n\t\t\t\t\tYour browser does not support the video tag.\r\n\t\t\t\t<\/video>\r\n\t\t\t\t<\/div>\n\n\n\n<div class=\"gb-element-aefb843d\"><h2 class=\"gb-headline gb-headline-2d6c3575 gb-headline-text\">AluFix\u00ae Classic paigaldamine<\/h2>\n\n\n<p class=\"gb-text\">Selles videos tutvustatakse Alufix\u00ae Classic kukkumiskaitse t\u00fc\u00fcpilisi paigaldusetappe lamekatusel. See 2-minutiline paigaldusvideo n\u00e4itab suurep\u00e4raselt, kui lihtne on paigaldamine ilma t\u00f6\u00f6riistadeta. See on kerge, kuid vastupidav kaitsepiirdes\u00fcsteem, mida saab korduvalt kasutada.    <\/p>\n<\/div>\n\n<\/div><\/div>\n\n<div class=\"gb-grid-column gb-grid-column-4b8aa61e gb-query-loop-item post-12933 video type-video status-publish format-standard hentry\"><div class=\"gb-container gb-container-4b8aa61e\">\n\n<div class=\"gb-element-1c0d4301 cw-video-frame\">\t\t\t\t<video \r\n\t\t\t\t\tcontrols \r\n\t\t\t\t\tpreload=\"metadata\" \r\n\t\t\t\t\twidth=\"100%\" \r\n\t\t\t\t\tdisablepictureinpicture \r\n\t\t\t\t\tcontrolsList=\"nodownload noplaybackrate\"\r\n\t\t\t\t\t\t\t\t\t>\r\n\t\t\t\t\t<source src=\"https:\/\/www.combiworks.com\/wp-content\/uploads\/2026\/03\/AluFix-Safety-Guardrails-Introduction.mp4\" type=\"video\/mp4\">\r\n\t\t\t\t\tYour browser does not support the video tag.\r\n\t\t\t\t<\/video>\r\n\t\t\t\t<\/div>\n\n\n\n<div class=\"gb-element-aefb843d\"><h2 class=\"gb-headline gb-headline-2d6c3575 gb-headline-text\">AluFix\u00ae kaitsepiirete tutvustus<\/h2>\n\n\n<p class=\"gb-text\">See video n\u00e4itab AluFix\u00ae kaitsepiirete funktsionaalsust ja funktsioone. Samuti n\u00e4idatakse, kuidas seda saab h\u00f5lpsasti ja ilma t\u00f6\u00f6riistadeta katusel paigaldada. <\/p>\n<\/div>\n\n<\/div><\/div>\n\n<div class=\"gb-grid-column gb-grid-column-4b8aa61e gb-query-loop-item post-12745 video type-video status-publish format-standard hentry\"><div class=\"gb-container gb-container-4b8aa61e\">\n\n<div class=\"gb-element-1c0d4301 cw-video-frame\">\t\t\t\t<video \r\n\t\t\t\t\tcontrols \r\n\t\t\t\t\tpreload=\"metadata\" \r\n\t\t\t\t\twidth=\"100%\" \r\n\t\t\t\t\tdisablepictureinpicture \r\n\t\t\t\t\tcontrolsList=\"nodownload noplaybackrate\"\r\n\t\t\t\t\t\t\t\t\t>\r\n\t\t\t\t\t<source src=\"https:\/\/www.combiworks.com\/wp-content\/uploads\/2026\/02\/Mannerheimintie-Manhole-Cover-Combi-Works.mp4\" type=\"video\/mp4\">\r\n\t\t\t\t\tYour browser does not support the video tag.\r\n\t\t\t\t<\/video>\r\n\t\t\t\t<\/div>\n\n\n\n<div class=\"gb-element-aefb843d\"><h2 class=\"gb-headline gb-headline-2d6c3575 gb-headline-text\">Combi Works kaevuluugid Helsingis, Mannerheimintie<\/h2>\n\n\n<p class=\"gb-text\">Selles videos on Combi Worksi kaevuluugid Helsingi ajaloolisel Mannerheimintie t\u00e4naval. N\u00e4ete meie 315-seeria tootevalikut ja neeluluuke jalak\u00e4ijate t\u00e4naval.  <\/p>\n<\/div>\n\n<\/div><\/div>\n\n<div class=\"gb-grid-column gb-grid-column-4b8aa61e gb-query-loop-item post-12744 video type-video status-publish format-standard hentry\"><div class=\"gb-container gb-container-4b8aa61e\">\n\n<div class=\"gb-element-1c0d4301 cw-video-frame\">\t\t\t\t<video \r\n\t\t\t\t\tcontrols \r\n\t\t\t\t\tpreload=\"metadata\" \r\n\t\t\t\t\twidth=\"100%\" \r\n\t\t\t\t\tdisablepictureinpicture \r\n\t\t\t\t\tcontrolsList=\"nodownload noplaybackrate\"\r\n\t\t\t\t\tposter=\"https:\/\/www.combiworks.com\/wp-content\/uploads\/2025\/11\/Video-cover-image-630-and-800-opening.jpg\"\t\t\t\t>\r\n\t\t\t\t\t<source src=\"https:\/\/www.combiworks.com\/wp-content\/uploads\/2025\/11\/Combi-Works-Tutorial_optimized.mp4\" type=\"video\/mp4\">\r\n\t\t\t\t\tYour browser does not support the video tag.\r\n\t\t\t\t<\/video>\r\n\t\t\t\t<\/div>\n\n\n\n<div class=\"gb-element-aefb843d\"><h2 class=\"gb-headline gb-headline-2d6c3575 gb-headline-text\">Kuidas avada 630 ja 800-seeria umbluuke?<\/h2>\n\n\n<p class=\"gb-text\">Selles videos n\u00e4idatakse, kuidas avada 630 ja 800-seeria lukustitega umbluuke, kasutades selleks kas avamist\u00f6\u00f6riista v\u00f5i kangi. Samuti n\u00e4idatakse, kuidas kontaktpindu puhastada ja luuki uuesti sulgeda.   <\/p>\n<\/div>\n\n<\/div><\/div>\n\n<div class=\"gb-grid-column gb-grid-column-4b8aa61e gb-query-loop-item post-12743 video type-video status-publish format-standard hentry\"><div class=\"gb-container gb-container-4b8aa61e\">\n\n<div class=\"gb-element-1c0d4301 cw-video-frame\">\t\t\t\t<video \r\n\t\t\t\t\tcontrols \r\n\t\t\t\t\tpreload=\"metadata\" \r\n\t\t\t\t\twidth=\"100%\" \r\n\t\t\t\t\tdisablepictureinpicture \r\n\t\t\t\t\tcontrolsList=\"nodownload noplaybackrate\"\r\n\t\t\t\t\t\t\t\t\t>\r\n\t\t\t\t\t<source src=\"https:\/\/www.combiworks.com\/wp-content\/uploads\/2025\/09\/Combi-Works-Lockable-Manhole-Cover.mp4\" type=\"video\/mp4\">\r\n\t\t\t\t\tYour browser does not support the video tag.\r\n\t\t\t\t<\/video>\r\n\t\t\t\t<\/div>\n\n\n\n<div class=\"gb-element-aefb843d\"><h2 class=\"gb-headline gb-headline-2d6c3575 gb-headline-text\">Kuidas avada kangiga lukustitega luuki<\/h2>\n\n\n<p class=\"gb-text\">Selles videos n\u00e4idatakse, kuidas avada kangiga lukustitega kaevuluuki. N\u00e4idistooteks on 315-seeria kaevuluuk, kuid sama meetod kehtib ka k\u00f5igi teiste 315- ja 500- seeria lukustatavate kaevuluukide kohta. <\/p>\n<\/div>\n\n<\/div><\/div>\n<\/div>\n\n<\/div>\n<\/div>","protected":false},"excerpt":{"rendered":"<p>Combi Works videod<\/p>\n","protected":false},"author":1,"featured_media":0,"parent":0,"menu_order":19,"comment_status":"closed","ping_status":"closed","template":"","meta":{"_acf_changed":false,"inline_featured_image":false,"_kad_blocks_custom_css":"","_kad_blocks_head_custom_js":"","_kad_blocks_body_custom_js":"","_kad_blocks_footer_custom_js":"","footnotes":""},"categories":[],"class_list":["post-12729","page","type-page","status-publish","format-standard"],"acf":[],"yoast_head":"<!-- This site is optimized with the Yoast SEO plugin v25.5 - https:\/\/yoast.com\/wordpress\/plugins\/seo\/ -->\n<title>Videod - Combi Works<\/title>\n<meta name=\"robots\" content=\"index, follow, max-snippet:-1, max-image-preview:large, max-video-preview:-1\" \/>\n<link rel=\"canonical\" href=\"https:\/\/www.combiworks.com\/et\/videod\/\" \/>\n<meta property=\"og:locale\" content=\"et_EE\" \/>\n<meta property=\"og:type\" content=\"article\" \/>\n<meta property=\"og:title\" content=\"Videod - Combi Works\" \/>\n<meta property=\"og:description\" content=\"Combi Works videod\" \/>\n<meta property=\"og:url\" content=\"https:\/\/www.combiworks.com\/et\/videod\/\" \/>\n<meta property=\"og:site_name\" content=\"Combi Works\" \/>\n<meta property=\"article:publisher\" content=\"https:\/\/www.facebook.com\/people\/Combi-Works\/100057440740208\/\" \/>\n<meta property=\"article:modified_time\" content=\"2026-03-04T08:00:43+00:00\" \/>\n<meta property=\"og:image\" content=\"https:\/\/www.combiworks.com\/wp-content\/uploads\/2023\/06\/shutterstock_1473734858.jpg\" \/>\n\t<meta property=\"og:image:width\" content=\"1400\" \/>\n\t<meta property=\"og:image:height\" content=\"957\" \/>\n\t<meta property=\"og:image:type\" content=\"image\/jpeg\" \/>\n<meta name=\"twitter:card\" content=\"summary_large_image\" \/>\n<meta name=\"twitter:label1\" content=\"Est. reading time\" \/>\n\t<meta name=\"twitter:data1\" content=\"1 minut\" \/>\n<script type=\"application\/ld+json\" class=\"yoast-schema-graph\">{\"@context\":\"https:\/\/schema.org\",\"@graph\":[{\"@type\":\"WebPage\",\"@id\":\"https:\/\/www.combiworks.com\/et\/videod\/\",\"url\":\"https:\/\/www.combiworks.com\/et\/videod\/\",\"name\":\"Videod - Combi Works\",\"isPartOf\":{\"@id\":\"https:\/\/www.combiworks.com\/et\/#website\"},\"datePublished\":\"2026-02-01T14:31:03+00:00\",\"dateModified\":\"2026-03-04T08:00:43+00:00\",\"breadcrumb\":{\"@id\":\"https:\/\/www.combiworks.com\/et\/videod\/#breadcrumb\"},\"inLanguage\":\"et\",\"potentialAction\":[{\"@type\":\"ReadAction\",\"target\":[\"https:\/\/www.combiworks.com\/et\/videod\/\"]}]},{\"@type\":\"BreadcrumbList\",\"@id\":\"https:\/\/www.combiworks.com\/et\/videod\/#breadcrumb\",\"itemListElement\":[{\"@type\":\"ListItem\",\"position\":1,\"name\":\"Home\",\"item\":\"https:\/\/www.combiworks.com\/et\/\"},{\"@type\":\"ListItem\",\"position\":2,\"name\":\"Videod\"}]},{\"@type\":\"WebSite\",\"@id\":\"https:\/\/www.combiworks.com\/et\/#website\",\"url\":\"https:\/\/www.combiworks.com\/et\/\",\"name\":\"Combi Works\",\"description\":\"The industrial manufacturing company - working in machine building and infra sectors\",\"publisher\":{\"@id\":\"https:\/\/www.combiworks.com\/et\/#organization\"},\"potentialAction\":[{\"@type\":\"SearchAction\",\"target\":{\"@type\":\"EntryPoint\",\"urlTemplate\":\"https:\/\/www.combiworks.com\/et\/?s={search_term_string}\"},\"query-input\":{\"@type\":\"PropertyValueSpecification\",\"valueRequired\":true,\"valueName\":\"search_term_string\"}}],\"inLanguage\":\"et\"},{\"@type\":\"Organization\",\"@id\":\"https:\/\/www.combiworks.com\/et\/#organization\",\"name\":\"Combi Works\",\"url\":\"https:\/\/www.combiworks.com\/et\/\",\"logo\":{\"@type\":\"ImageObject\",\"inLanguage\":\"et\",\"@id\":\"https:\/\/www.combiworks.com\/et\/#\/schema\/logo\/image\/\",\"url\":\"https:\/\/www.combiworks.com\/wp-content\/uploads\/2023\/09\/combi_works_logo_color-1.png\",\"contentUrl\":\"https:\/\/www.combiworks.com\/wp-content\/uploads\/2023\/09\/combi_works_logo_color-1.png\",\"width\":500,\"height\":500,\"caption\":\"Combi Works\"},\"image\":{\"@id\":\"https:\/\/www.combiworks.com\/et\/#\/schema\/logo\/image\/\"},\"sameAs\":[\"https:\/\/www.facebook.com\/people\/Combi-Works\/100057440740208\/\",\"https:\/\/www.linkedin.com\/company\/nordic-cast-sourcing-ltd\"]}]}<\/script>\n<!-- \/ Yoast SEO plugin. -->","yoast_head_json":{"title":"Videod - Combi Works","robots":{"index":"index","follow":"follow","max-snippet":"max-snippet:-1","max-image-preview":"max-image-preview:large","max-video-preview":"max-video-preview:-1"},"canonical":"https:\/\/www.combiworks.com\/et\/videod\/","og_locale":"et_EE","og_type":"article","og_title":"Videod - Combi Works","og_description":"Combi Works videod","og_url":"https:\/\/www.combiworks.com\/et\/videod\/","og_site_name":"Combi Works","article_publisher":"https:\/\/www.facebook.com\/people\/Combi-Works\/100057440740208\/","article_modified_time":"2026-03-04T08:00:43+00:00","og_image":[{"width":1400,"height":957,"url":"https:\/\/www.combiworks.com\/wp-content\/uploads\/2023\/06\/shutterstock_1473734858.jpg","type":"image\/jpeg"}],"twitter_card":"summary_large_image","twitter_misc":{"Est. reading time":"1 minut"},"schema":{"@context":"https:\/\/schema.org","@graph":[{"@type":"WebPage","@id":"https:\/\/www.combiworks.com\/et\/videod\/","url":"https:\/\/www.combiworks.com\/et\/videod\/","name":"Videod - Combi Works","isPartOf":{"@id":"https:\/\/www.combiworks.com\/et\/#website"},"datePublished":"2026-02-01T14:31:03+00:00","dateModified":"2026-03-04T08:00:43+00:00","breadcrumb":{"@id":"https:\/\/www.combiworks.com\/et\/videod\/#breadcrumb"},"inLanguage":"et","potentialAction":[{"@type":"ReadAction","target":["https:\/\/www.combiworks.com\/et\/videod\/"]}]},{"@type":"BreadcrumbList","@id":"https:\/\/www.combiworks.com\/et\/videod\/#breadcrumb","itemListElement":[{"@type":"ListItem","position":1,"name":"Home","item":"https:\/\/www.combiworks.com\/et\/"},{"@type":"ListItem","position":2,"name":"Videod"}]},{"@type":"WebSite","@id":"https:\/\/www.combiworks.com\/et\/#website","url":"https:\/\/www.combiworks.com\/et\/","name":"Combi Works","description":"The industrial manufacturing company - working in machine building and infra sectors","publisher":{"@id":"https:\/\/www.combiworks.com\/et\/#organization"},"potentialAction":[{"@type":"SearchAction","target":{"@type":"EntryPoint","urlTemplate":"https:\/\/www.combiworks.com\/et\/?s={search_term_string}"},"query-input":{"@type":"PropertyValueSpecification","valueRequired":true,"valueName":"search_term_string"}}],"inLanguage":"et"},{"@type":"Organization","@id":"https:\/\/www.combiworks.com\/et\/#organization","name":"Combi Works","url":"https:\/\/www.combiworks.com\/et\/","logo":{"@type":"ImageObject","inLanguage":"et","@id":"https:\/\/www.combiworks.com\/et\/#\/schema\/logo\/image\/","url":"https:\/\/www.combiworks.com\/wp-content\/uploads\/2023\/09\/combi_works_logo_color-1.png","contentUrl":"https:\/\/www.combiworks.com\/wp-content\/uploads\/2023\/09\/combi_works_logo_color-1.png","width":500,"height":500,"caption":"Combi Works"},"image":{"@id":"https:\/\/www.combiworks.com\/et\/#\/schema\/logo\/image\/"},"sameAs":["https:\/\/www.facebook.com\/people\/Combi-Works\/100057440740208\/","https:\/\/www.linkedin.com\/company\/nordic-cast-sourcing-ltd"]}]}},"taxonomy_info":[],"featured_image_src_large":false,"author_info":{"display_name":"KimTakala","author_link":"https:\/\/www.combiworks.com\/et\/author\/kimtakala\/"},"comment_info":"","_links":{"self":[{"href":"https:\/\/www.combiworks.com\/et\/wp-json\/wp\/v2\/pages\/12729","targetHints":{"allow":["GET"]}}],"collection":[{"href":"https:\/\/www.combiworks.com\/et\/wp-json\/wp\/v2\/pages"}],"about":[{"href":"https:\/\/www.combiworks.com\/et\/wp-json\/wp\/v2\/types\/page"}],"author":[{"embeddable":true,"href":"https:\/\/www.combiworks.com\/et\/wp-json\/wp\/v2\/users\/1"}],"replies":[{"embeddable":true,"href":"https:\/\/www.combiworks.com\/et\/wp-json\/wp\/v2\/comments?post=12729"}],"version-history":[{"count":3,"href":"https:\/\/www.combiworks.com\/et\/wp-json\/wp\/v2\/pages\/12729\/revisions"}],"predecessor-version":[{"id":12734,"href":"https:\/\/www.combiworks.com\/et\/wp-json\/wp\/v2\/pages\/12729\/revisions\/12734"}],"wp:attachment":[{"href":"https:\/\/www.combiworks.com\/et\/wp-json\/wp\/v2\/media?parent=12729"}],"wp:term":[{"taxonomy":"category","embeddable":true,"href":"https:\/\/www.combiworks.com\/et\/wp-json\/wp\/v2\/categories?post=12729"}],"curies":[{"name":"wp","href":"https:\/\/api.w.org\/{rel}","templated":true}]}}